{"id":14197,"date":"2022-10-17T14:46:28","date_gmt":"2022-10-17T12:46:28","guid":{"rendered":"https:\/\/grupsa.com\/?page_id=14197"},"modified":"2023-08-02T09:07:25","modified_gmt":"2023-08-02T07:07:25","slug":"politique-de-confidentialite-2","status":"publish","type":"page","link":"https:\/\/grupsa.com\/fr\/politique-de-confidentialite-2\/","title":{"rendered":"POLITIQUE DE CONFIDENTIALIT\u00c9"},"content":{"rendered":"<p>Conform\u00e9ment aux principes de l\u00e9galit\u00e9, de loyaut\u00e9 et de transparence, nous mettons \u00e0 votre disposition cette politique de confidentialit\u00e9.<\/p>\n<p><\/p>\n<p><strong>Qui est le responsable du traitement de vos donn\u00e9es ?<\/strong><\/p>\n<p>Les donn\u00e9es seront trait\u00e9es par les soci\u00e9t\u00e9s qui composent GRUPSA. Afin de se conformer aux articles 5, 12 et 13 du R\u00e8glement (UE) 2016\/679 du Parlement europ\u00e9en et du Conseil du 27 avril 2016 relatif \u00e0 la protection des personnes physiques \u00e0 l&rsquo;\u00e9gard du traitement des donn\u00e9es \u00e0 caract\u00e8re personnel et de la libre circulation de ces donn\u00e9es (ci-apr\u00e8s, \u00ab\u00a0RGPD\u00a0\u00bb) ainsi que l&rsquo;article 11 de la loi organique 3\/2018, du 5 d\u00e9cembre, sur la protection des donn\u00e9es personnelles et la garantie des droits num\u00e9riques (ci-apr\u00e8s, \u00ab\u00a0LOPDGDD\u00a0\u00bb), les responsables de le traitement en fonction du traitement effectu\u00e9 sont les soci\u00e9t\u00e9s suivantes, qui seront en commun appel\u00e9es \u00ab\u00a0GRUPSA\u00a0\u00bb:<\/p>\n<ul>\n<li>Raison sociale : GRUPSA GLOBAL, S.L.<\/li>\n<li>CIF : B82635905<\/li>\n<li>Inscription dans un Registre du Commerce\n<ul>\n<li>Tome: 15.235<\/li>\n<li>Livre: 0<\/li>\n<li>Folio: 61<\/li>\n<li>Page: M-255101<\/li>\n<\/ul>\n<\/li>\n<\/ul>\n<ul>\n<li>Raison sociale : GRUPO METAL SYSTEM, S.A.<\/li>\n<li>CIF : A78558897<\/li>\n<li>Inscription dans un Registre du Commerce\n<ul>\n<li>Tome: 8.490<\/li>\n<li>Livre: 3<\/li>\n<li>Folio: 56<\/li>\n<li>Page: 70.526-3<\/li>\n<\/ul>\n<\/li>\n<\/ul>\n<ul>\n<li>Raison sociale : SERVIGROUP KIRA, S.L<\/li>\n<li>CAF : B83551200<\/li>\n<li>Inscription dans un Registre du Commerce\n<ul>\n<li>Tome: 18.504<\/li>\n<li>Livre: 0<\/li>\n<li>Folio: 86<\/li>\n<li>Page: M-321530<\/li>\n<\/ul>\n<\/li>\n<\/ul>\n<ul>\n<li>Raison sociale : ROMAYO, S.A.<\/li>\n<li>CAF : A81585382<\/li>\n<li>Inscription dans un Registre du Commerce\n<ul>\n<li>Tome: 12.409<\/li>\n<li>Livre: 0<\/li>\n<li>Folio: 126<\/li>\n<li>Page: M-197326<\/li>\n<\/ul>\n<\/li>\n<\/ul>\n<p>Si\u00e8ge social commun \u00e0 toutes les soci\u00e9t\u00e9s:&nbsp;Ctra. M \u2013 404, Km. 20 &#8211; 28971 Gri\u00f1\u00f3n (Madrid)<\/p>\n<p>Contact:<\/p>\n<ul>\n<li>T\u00e9l\u00e9phone: +34 918 140 502<\/li>\n<li>E-mail: <a href=\"mailto:lopd@grupsa.com\">lopd@grupsa.com<\/a><\/li>\n<\/ul>\n<p><strong>Dans quel but traitons-nous vos donn\u00e9es personnelles ?<\/strong><\/p>\n<p>Chez GRUPSA, selon la cat\u00e9gorie d&rsquo;int\u00e9ress\u00e9s en question, nous traiterons les informations que vous nous fournissez sur ce site Web aux fins suivantes :<\/p>\n<p style=\"padding-left: 40px;\">INT\u00c9RESS\u00c9<\/p>\n<p style=\"padding-left: 40px;\"><strong>CLIENTS POTENTIELS<\/strong><\/p>\n<p style=\"padding-left: 40px;\">OBJECTIFS DU TRAITEMENT<\/p>\n<p style=\"padding-left: 40px;\">G\u00e9rer la relation commerciale et\/ou professionnelle potentielle&nbsp;; g\u00e9rer l&rsquo;envoi des informations demand\u00e9es et\/ou r\u00e9soudre les questions soulev\u00e9es&nbsp;; faciliter les offres de nos services et\/ou produits qui vous int\u00e9ressent.<\/p>\n<p style=\"padding-left: 40px;\">INT\u00c9RESS\u00c9<\/p>\n<p style=\"padding-left: 40px;\"><strong>CLIENTS<\/strong><\/p>\n<p style=\"padding-left: 40px;\">OBJECTIFS DU TRAITEMENT<\/p>\n<p style=\"padding-left: 40px;\">G\u00e9rer la relation commerciale et\/ou professionnelle ; faciliter les offres de nos services et\/ou produits qui vous int\u00e9ressent.<\/p>\n<p style=\"padding-left: 40px;\">INT\u00c9RESS\u00c9<\/p>\n<p style=\"padding-left: 40px;\"><strong>FOURNISSEURS<\/strong><\/p>\n<p style=\"padding-left: 40px;\">OBJECTIFS DU TRAITEMENT<\/p>\n<p style=\"padding-left: 40px;\">G\u00e9rer la relation commerciale et\/ou professionnelle.<\/p>\n<p style=\"padding-left: 40px;\">INT\u00c9RESS\u00c9<\/p>\n<p style=\"padding-left: 40px;\"><strong>CANDIDATS<\/strong><\/p>\n<p style=\"padding-left: 40px;\">OBJECTIFS DU TRAITEMENT<\/p>\n<p style=\"padding-left: 40px;\">G\u00e9rer le processus de s\u00e9lection du personnel<\/p>\n<p><strong>Quelle est la l\u00e9gitimit\u00e9 du traitement de vos donn\u00e9es ?<\/strong><\/p>\n<p>La base l\u00e9gale pour le traitement de vos donn\u00e9es personnelles, selon la cat\u00e9gorie d&rsquo;int\u00e9ress\u00e9 en question, peut \u00eatre :<\/p>\n<p style=\"padding-left: 40px;\">INT\u00c9RESS\u00c9<\/p>\n<p style=\"padding-left: 40px;\"><strong>CLIENTS POTENTIELS<\/strong><\/p>\n<p style=\"padding-left: 40px;\">BASE JURIDIQUE<\/p>\n<p style=\"padding-left: 40px;\">Art. 6.1.b) RGPD : application, \u00e0 la demande de l&rsquo;int\u00e9ress\u00e9, de mesures pr\u00e9contractuelles (devis, bons de commande, offres de services, etc.)<\/p>\n<p style=\"padding-left: 40px;\">Art. 6.1.f) RGPD : Int\u00e9r\u00eat l\u00e9gitime (envoyer les informations demand\u00e9es, r\u00e9pondre aux questions soulev\u00e9es, etc.)<\/p>\n<p style=\"padding-left: 40px;\">Art. 6.1.a) RGPD : consentement de l&rsquo;int\u00e9ress\u00e9 (faciliter les offres de nos services et\/ou produits).<\/p>\n<p style=\"padding-left: 40px;\">INT\u00c9RESS\u00c9<\/p>\n<p style=\"padding-left: 40px;\"><strong>CLIENTS<\/strong><\/p>\n<p style=\"padding-left: 40px;\">BASE JURIDIQUE<\/p>\n<p style=\"padding-left: 40px;\">Art. 6.1.b) RGPD : ex\u00e9cution d&rsquo;un contrat auquel l&rsquo;int\u00e9ress\u00e9 est partie<\/p>\n<p style=\"padding-left: 40px;\">INT\u00c9RESS\u00c9<\/p>\n<p style=\"padding-left: 40px;\"><strong>FOURNISSEURS<\/strong><\/p>\n<p style=\"padding-left: 40px;\">BASE JURIDIQUE<\/p>\n<p style=\"padding-left: 40px;\">Art. 6.1.b) RGPD : ex\u00e9cution d&rsquo;un contrat auquel l&rsquo;int\u00e9ress\u00e9 est partie<\/p>\n<p style=\"padding-left: 40px;\">INT\u00c9RESS\u00c9<\/p>\n<p style=\"padding-left: 40px;\"><strong>CANDIDATS<\/strong><\/p>\n<p style=\"padding-left: 40px;\">BASE JURIDIQUE<\/p>\n<p style=\"padding-left: 40px;\">Art. 6.1.a) RGPD : consentement de l&rsquo;int\u00e9ress\u00e9.<\/p>\n<p>Les donn\u00e9es que nous vous demandons sont ad\u00e9quates, pertinentes et strictement n\u00e9cessaires et en aucun cas vous n&rsquo;\u00eates oblig\u00e9 de nous les fournir, mais leur non-communication peut affecter la finalit\u00e9 du service ou l&rsquo;impossibilit\u00e9 de les fournir.<\/p>\n<p><strong>Combien de temps conserverons-nous vos donn\u00e9es personnelles ?<\/strong><\/p>\n<p>Vos donn\u00e9es seront conserv\u00e9es pendant le temps minimum n\u00e9cessaire \u00e0 la bonne fourniture du service propos\u00e9, ainsi que pour r\u00e9pondre aux responsabilit\u00e9s qui peuvent en d\u00e9couler et \u00e0 toute autre exigence l\u00e9gale.<\/p>\n<p><strong>A quels destinataires vos donn\u00e9es seront-elles communiqu\u00e9es ?<\/strong><\/p>\n<p>GRUPSA ne communiquera vos donn\u00e9es \u00e0 aucun tiers, \u00e0 moins d&rsquo;en avoir \u00e9t\u00e9 express\u00e9ment inform\u00e9.<\/p>\n<p>Par ailleurs, nous vous informons que certaines donn\u00e9es, en vertu de la r\u00e9glementation en vigueur ou de la relation contractuelle que vous entretenez avec nous, pourront \u00eatre communiqu\u00e9es \u00e0:<\/p>\n<ul>\n<li>Banques et entit\u00e9s financi\u00e8res pour la collecte des services contractuels.<\/li>\n<li>Les administrations publiques comp\u00e9tentes dans les secteurs d&rsquo;activit\u00e9 de GRUPSA, lorsqu&rsquo;elles sont \u00e9tablies par la r\u00e9glementation en vigueur.<\/li>\n<\/ul>\n<p><strong>&nbsp;<\/strong><strong>Quels sont vos droits lorsque vous nous fournissez vos donn\u00e9es ?<\/strong><\/p>\n<p>Les droits de protection des donn\u00e9es des parties int\u00e9ress\u00e9es sont&nbsp;:<\/p>\n<ul>\n<li>Droit de demander l&rsquo;acc\u00e8s aux donn\u00e9es personnelles relatives \u00e0 l&rsquo;int\u00e9ress\u00e9.<\/li>\n<li>Droit de rectification ou de suppression.<\/li>\n<li>Droit d&rsquo;opposition.<\/li>\n<li>Droit de demander la limitation de votre traitement.<\/li>\n<li>Droit \u00e0 la portabilit\u00e9 des donn\u00e9es.<\/li>\n<\/ul>\n<p>Les titulaires des donn\u00e9es personnelles obtenues peuvent exercer leurs droits de protection des donn\u00e9es personnelles en envoyant une communication \u00e9crite au si\u00e8ge social de GRUPSA ou \u00e0 l&rsquo;e-mail pr\u00e9vu \u00e0 cet effet (<a href=\"mailto:lopd@grupsa.com\">lopd@grupsa.com<\/a>), y compris dans les deux cas une photocopie de leur National Document Carte d&rsquo;identit\u00e9 (DNI) ou autre document d&rsquo;identification \u00e9quivalent.<\/p>\n<p>Mod\u00e8les, formulaires et autres informations disponibles sur vos droits sur le site de l&rsquo;autorit\u00e9 nationale de contr\u00f4le, l&rsquo;Agence espagnole de protection des donn\u00e9es (ci-apr\u00e8s, \u00ab AEPD \u00bb). Plus d&rsquo;informations sur leur site web : <a href=\"http:\/\/www.aepd.es\">www.aepd.es<\/a><\/p>\n<p><strong>Puis-je retirer mon consentement&nbsp;?<\/strong><\/p>\n<p>Vous avez la possibilit\u00e9 et le droit de retirer le consentement pour toute fin sp\u00e9cifique accord\u00e9e \u00e0 l&rsquo;\u00e9poque, sans affecter la l\u00e9galit\u00e9 du traitement bas\u00e9 sur le consentement avant son retrait.<\/p>\n<p><strong>O\u00f9 puis-je me plaindre si je consid\u00e8re que mes donn\u00e9es ne sont pas trait\u00e9es correctement?<\/strong><\/p>\n<p>Si une partie int\u00e9ress\u00e9e consid\u00e8re que ses donn\u00e9es ne sont pas trait\u00e9es correctement, GRUPSA peut adresser ses r\u00e9clamations \u00e0 l&rsquo;e-mail <a href=\"mailto:lopd@grupsa.com\">lopd@grupsa.com<\/a> ou \u00e0 l&rsquo;autorit\u00e9 de protection des donn\u00e9es correspondante, l&rsquo;AEPD \u00e9tant celle indiqu\u00e9e sur le territoire national. Plus d&rsquo;informations sur l&rsquo;AEPD sur: <a href=\"http:\/\/www.aepd.es\">www.aepd.es<\/a><\/p>\n<p><strong>S\u00e9curit\u00e9 et mise \u00e0 jour de vos donn\u00e9es personnelles<\/strong><\/p>\n<p>Afin de garantir la s\u00e9curit\u00e9 de vos donn\u00e9es personnelles, nous vous informons que GRUPSA a adopt\u00e9 toutes les mesures techniques et organisationnelles n\u00e9cessaires pour garantir la s\u00e9curit\u00e9 des donn\u00e9es personnelles fournies. Tout cela pour emp\u00eacher leur alt\u00e9ration, perte et\/ou traitement ou acc\u00e8s non autoris\u00e9, comme l&rsquo;exige la loi, bien qu&rsquo;une s\u00e9curit\u00e9 absolue n&rsquo;existe pas.<\/p>\n<p>Il est important que, pour que nous puissions tenir \u00e0 jour vos donn\u00e9es personnelles, vous nous informiez chaque fois qu&rsquo;il y a un changement dans celles-ci.<\/p>\n<p><strong>Confidentialit\u00e9<\/strong><\/p>\n<p>GRUPSA vous informe que vos donn\u00e9es seront trait\u00e9es avec le plus grand soin et confidentialit\u00e9 par tout le personnel impliqu\u00e9 dans l&rsquo;une des phases de traitement. Nous ne transf\u00e9rerons ni ne communiquerons vos donn\u00e9es \u00e0 aucun tiers, sauf dans les cas pr\u00e9vus par la loi, ou \u00e0 moins que l&rsquo;int\u00e9ress\u00e9 ne nous y ait express\u00e9ment autoris\u00e9s.<\/p>\n\n\n<p><\/p>\n","protected":false},"excerpt":{"rendered":"<p>Conform\u00e9ment aux principes de l\u00e9galit\u00e9, de loyaut\u00e9 et de transparence, nous mettons \u00e0 votre disposition [&hellip;]<\/p>\n","protected":false},"author":1,"featured_media":0,"parent":0,"menu_order":0,"comment_status":"closed","ping_status":"open","template":"","meta":{"footnotes":""},"yoast_head":"<!-- This site is optimized with the Yoast SEO plugin v18.8 - https:\/\/yoast.com\/wordpress\/plugins\/seo\/ -->\n<title>POLITIQUE DE CONFIDENTIALIT\u00c9 - Grupsa<\/title>\n<meta name=\"robots\" content=\"noindex, follow\" \/>\n<meta property=\"og:locale\" content=\"fr_FR\" \/>\n<meta property=\"og:type\" content=\"article\" \/>\n<meta property=\"og:title\" content=\"POLITIQUE DE CONFIDENTIALIT\u00c9 - Grupsa\" \/>\n<meta property=\"og:description\" content=\"Conform\u00e9ment aux principes de l\u00e9galit\u00e9, de loyaut\u00e9 et de transparence, nous mettons \u00e0 votre disposition [&hellip;]\" \/>\n<meta property=\"og:url\" content=\"https:\/\/grupsa.com\/fr\/politique-de-confidentialite-2\/\" \/>\n<meta property=\"og:site_name\" content=\"Grupsa\" \/>\n<meta property=\"article:modified_time\" content=\"2023-08-02T07:07:25+00:00\" \/>\n<meta name=\"twitter:card\" content=\"summary_large_image\" \/>\n<meta name=\"twitter:label1\" content=\"Dur\u00e9e de lecture estim\u00e9e\" \/>\n\t<meta name=\"twitter:data1\" content=\"5 minutes\" \/>\n<script type=\"application\/ld+json\" class=\"yoast-schema-graph\">{\"@context\":\"https:\/\/schema.org\",\"@graph\":[{\"@type\":\"WebSite\",\"@id\":\"https:\/\/grupsa.com\/fr\/#website\",\"url\":\"https:\/\/grupsa.com\/fr\/\",\"name\":\"Grupsa\",\"description\":\"Accesos que conectan personas\",\"potentialAction\":[{\"@type\":\"SearchAction\",\"target\":{\"@type\":\"EntryPoint\",\"urlTemplate\":\"https:\/\/grupsa.com\/fr\/?s={search_term_string}\"},\"query-input\":\"required name=search_term_string\"}],\"inLanguage\":\"fr-FR\"},{\"@type\":\"WebPage\",\"@id\":\"https:\/\/grupsa.com\/fr\/politique-de-confidentialite-2\/#webpage\",\"url\":\"https:\/\/grupsa.com\/fr\/politique-de-confidentialite-2\/\",\"name\":\"POLITIQUE DE CONFIDENTIALIT\u00c9 - Grupsa\",\"isPartOf\":{\"@id\":\"https:\/\/grupsa.com\/fr\/#website\"},\"datePublished\":\"2022-10-17T12:46:28+00:00\",\"dateModified\":\"2023-08-02T07:07:25+00:00\",\"breadcrumb\":{\"@id\":\"https:\/\/grupsa.com\/fr\/politique-de-confidentialite-2\/#breadcrumb\"},\"inLanguage\":\"fr-FR\",\"potentialAction\":[{\"@type\":\"ReadAction\",\"target\":[\"https:\/\/grupsa.com\/fr\/politique-de-confidentialite-2\/\"]}]},{\"@type\":\"BreadcrumbList\",\"@id\":\"https:\/\/grupsa.com\/fr\/politique-de-confidentialite-2\/#breadcrumb\",\"itemListElement\":[{\"@type\":\"ListItem\",\"position\":1,\"name\":\"Portada\",\"item\":\"https:\/\/grupsa.com\/fr\/\"},{\"@type\":\"ListItem\",\"position\":2,\"name\":\"POLITIQUE DE CONFIDENTIALIT\u00c9\"}]}]}<\/script>\n<!-- \/ Yoast SEO plugin. -->","yoast_head_json":{"title":"POLITIQUE DE CONFIDENTIALIT\u00c9 - Grupsa","robots":{"index":"noindex","follow":"follow"},"og_locale":"fr_FR","og_type":"article","og_title":"POLITIQUE DE CONFIDENTIALIT\u00c9 - Grupsa","og_description":"Conform\u00e9ment aux principes de l\u00e9galit\u00e9, de loyaut\u00e9 et de transparence, nous mettons \u00e0 votre disposition [&hellip;]","og_url":"https:\/\/grupsa.com\/fr\/politique-de-confidentialite-2\/","og_site_name":"Grupsa","article_modified_time":"2023-08-02T07:07:25+00:00","twitter_card":"summary_large_image","twitter_misc":{"Dur\u00e9e de lecture estim\u00e9e":"5 minutes"},"schema":{"@context":"https:\/\/schema.org","@graph":[{"@type":"WebSite","@id":"https:\/\/grupsa.com\/fr\/#website","url":"https:\/\/grupsa.com\/fr\/","name":"Grupsa","description":"Accesos que conectan personas","potentialAction":[{"@type":"SearchAction","target":{"@type":"EntryPoint","urlTemplate":"https:\/\/grupsa.com\/fr\/?s={search_term_string}"},"query-input":"required name=search_term_string"}],"inLanguage":"fr-FR"},{"@type":"WebPage","@id":"https:\/\/grupsa.com\/fr\/politique-de-confidentialite-2\/#webpage","url":"https:\/\/grupsa.com\/fr\/politique-de-confidentialite-2\/","name":"POLITIQUE DE CONFIDENTIALIT\u00c9 - Grupsa","isPartOf":{"@id":"https:\/\/grupsa.com\/fr\/#website"},"datePublished":"2022-10-17T12:46:28+00:00","dateModified":"2023-08-02T07:07:25+00:00","breadcrumb":{"@id":"https:\/\/grupsa.com\/fr\/politique-de-confidentialite-2\/#breadcrumb"},"inLanguage":"fr-FR","potentialAction":[{"@type":"ReadAction","target":["https:\/\/grupsa.com\/fr\/politique-de-confidentialite-2\/"]}]},{"@type":"BreadcrumbList","@id":"https:\/\/grupsa.com\/fr\/politique-de-confidentialite-2\/#breadcrumb","itemListElement":[{"@type":"ListItem","position":1,"name":"Portada","item":"https:\/\/grupsa.com\/fr\/"},{"@type":"ListItem","position":2,"name":"POLITIQUE DE CONFIDENTIALIT\u00c9"}]}]}},"_links":{"self":[{"href":"https:\/\/grupsa.com\/fr\/wp-json\/wp\/v2\/pages\/14197"}],"collection":[{"href":"https:\/\/grupsa.com\/fr\/wp-json\/wp\/v2\/pages"}],"about":[{"href":"https:\/\/grupsa.com\/fr\/wp-json\/wp\/v2\/types\/page"}],"author":[{"embeddable":true,"href":"https:\/\/grupsa.com\/fr\/wp-json\/wp\/v2\/users\/1"}],"replies":[{"embeddable":true,"href":"https:\/\/grupsa.com\/fr\/wp-json\/wp\/v2\/comments?post=14197"}],"version-history":[{"count":3,"href":"https:\/\/grupsa.com\/fr\/wp-json\/wp\/v2\/pages\/14197\/revisions"}],"predecessor-version":[{"id":14516,"href":"https:\/\/grupsa.com\/fr\/wp-json\/wp\/v2\/pages\/14197\/revisions\/14516"}],"wp:attachment":[{"href":"https:\/\/grupsa.com\/fr\/wp-json\/wp\/v2\/media?parent=14197"}],"curies":[{"name":"wp","href":"https:\/\/api.w.org\/{rel}","templated":true}]}}