{"id":14170,"date":"2022-10-17T13:52:03","date_gmt":"2022-10-17T11:52:03","guid":{"rendered":"https:\/\/grupsa.com\/?page_id=14170"},"modified":"2023-08-02T09:04:25","modified_gmt":"2023-08-02T07:04:25","slug":"politique-de-cookies","status":"publish","type":"page","link":"https:\/\/grupsa.com\/fr\/politique-de-cookies\/","title":{"rendered":"Politique de Cookies"},"content":{"rendered":"<p><strong>1. Que sont les cookies ?<\/strong><\/p>\n<p><strong>&nbsp;<\/strong><\/p>\n<p>Le site Web de <strong>GRUPSA<\/strong> (ci-apr\u00e8s le site Web) utilise des cookies. Les cookies sont des fichiers envoy\u00e9s \u00e0 un navigateur via un serveur Web pour enregistrer les activit\u00e9s de l&rsquo;utilisateur sur un site Web donn\u00e9. Le but premier des cookies est de fournir \u00e0 l&rsquo;utilisateur un acc\u00e8s plus rapide aux services s\u00e9lectionn\u00e9s. De plus, les cookies personnalisent les services offerts par le Web, facilitant et offrant \u00e0 chaque utilisateur des informations qui l&rsquo;int\u00e9ressent ou qui pourraient l&rsquo;int\u00e9resser, en fonction de son utilisation des Services.<\/p>\n<p>Le Web utilise des cookies pour personnaliser et faciliter au maximum la navigation de l&rsquo;utilisateur. Les cookies sont uniquement associ\u00e9s \u00e0 un utilisateur anonyme et \u00e0 son ordinateur et ne fournissent pas de r\u00e9f\u00e9rences permettant de d\u00e9duire les donn\u00e9es personnelles de l&rsquo;utilisateur. L&rsquo;utilisateur peut configurer son navigateur pour notifier et refuser l&rsquo;installation des cookies envoy\u00e9s par le Web, sans que cela n&rsquo;affecte la capacit\u00e9 de l&rsquo;utilisateur \u00e0 acc\u00e9der au contenu dudit site Web. Cependant, nous attirons votre attention sur le fait que, dans tous les cas, la qualit\u00e9 de fonctionnement du site Web peut diminuer.<\/p>\n<p>Les utilisateurs enregistr\u00e9s, qui s&rsquo;inscrivent ou qui se sont connect\u00e9s, pourront b\u00e9n\u00e9ficier de services plus personnalis\u00e9s et orient\u00e9s profil, gr\u00e2ce \u00e0 la combinaison des donn\u00e9es stock\u00e9es dans les cookies avec les donn\u00e9es personnelles utilis\u00e9es au moment de l&rsquo;inscription. Ces utilisateurs autorisent express\u00e9ment l&rsquo;utilisation de ces informations aux fins indiqu\u00e9es, sans pr\u00e9judice de leur droit de refuser ou de d\u00e9sactiver l&rsquo;utilisation de cookies.<\/p>\n<p>De m\u00eame, le Web pourra conna\u00eetre tous les services demand\u00e9s par les utilisateurs, afin qu&rsquo;ils puissent faciliter ou offrir des informations adapt\u00e9es aux go\u00fbts et pr\u00e9f\u00e9rences de chaque utilisateur.<\/p>\n<p><strong>2. Quels types de cookies existent ?<\/strong><\/p>\n<p><strong>&nbsp;<\/strong><\/p>\n<p>Les cookies, selon leur Permanence, peuvent \u00eatre divis\u00e9s en :<\/p>\n<p><strong>Cookies de session<\/strong><\/p>\n<p>Ils expirent lorsque l&rsquo;utilisateur ferme le navigateur.<\/p>\n<p><strong>Cookies persistants<\/strong><\/p>\n<p>Ils expirent en fonction du moment o\u00f9 l&rsquo;objectif pour lequel ils servent est atteint (par exemple, pour que l&rsquo;utilisateur reste identifi\u00e9 dans les Services) ou lorsqu&rsquo;ils sont supprim\u00e9s manuellement.<\/p>\n<p>Selon leur Propri\u00e9taire, ils peuvent \u00eatre divis\u00e9s en :<\/p>\n<p><strong>Cookies propres<\/strong><\/p>\n<p>Ce sont ceux qui sont envoy\u00e9s \u00e0 l&rsquo;\u00e9quipement terminal de l&rsquo;utilisateur \u00e0 partir d&rsquo;un ordinateur ou d&rsquo;un domaine g\u00e9r\u00e9 par l&rsquo;\u00e9diteur lui-m\u00eame et \u00e0 partir duquel le service demand\u00e9 par l&rsquo;utilisateur est fourni.<\/p>\n<p><strong>Cookies tiers<\/strong><\/p>\n<p>Ce sont ceux qui sont envoy\u00e9s \u00e0 l&rsquo;\u00e9quipement terminal de l&rsquo;utilisateur \u00e0 partir d&rsquo;un ordinateur ou d&rsquo;un domaine qui n&rsquo;est pas g\u00e9r\u00e9 par l&rsquo;\u00e9diteur, mais par une autre entit\u00e9 qui traite les donn\u00e9es obtenues gr\u00e2ce aux cookies.<\/p>\n<p>De plus, selon leur Finalit\u00e9, les Cookies peuvent \u00eatre class\u00e9s comme suit :<\/p>\n<p><strong>Cookies de performance<\/strong><\/p>\n<p>Ce type de cookie m\u00e9morise vos pr\u00e9f\u00e9rences pour les outils trouv\u00e9s dans les services, vous n&rsquo;avez donc pas \u00e0 reconfigurer le service \u00e0 chaque visite. Par exemple, cette typologie comprend:<\/p>\n<ul>\n<li>R\u00e9glages du volume des lecteurs vid\u00e9o ou audio.<\/li>\n<li>Les vitesses de transmission vid\u00e9o compatibles avec votre navigateur.<\/li>\n<\/ul>\n<p><strong>Cookies <\/strong><strong>de <\/strong><strong>Geo-localisation<\/strong><\/p>\n<p>Ces cookies sont utilis\u00e9s pour savoir dans quel pays vous bous trouvez lorsqu&rsquo;un service est demand\u00e9. Ce cookie est totalement anonyme et n&rsquo;est utilis\u00e9 que pour aider \u00e0 cibler le contenu sur votre emplacement.<\/p>\n<p><strong>Cookies d&rsquo;enregistrement<\/strong><\/p>\n<p>Les Cookies d&rsquo;inscription sont g\u00e9n\u00e9r\u00e9s une fois que l&rsquo;utilisateur s&rsquo;est enregistr\u00e9 ou a ensuite ouvert sa session, et sont utilis\u00e9s pour l&rsquo;identifier dans les services avec les objectifs suivants :<\/p>\n<ul>\n<li>Maintenir l&rsquo;utilisateur identifi\u00e9 de mani\u00e8re \u00e0 ce que, s&rsquo;il ferme un service, le navigateur ou l&rsquo;ordinateur et \u00e0 un autre moment ou un autre jour entre \u00e0 nouveau dans ledit service, il continuera \u00e0 \u00eatre identifi\u00e9, facilitant ainsi sa navigation sans avoir \u00e0 s&rsquo;identifier encore. Cette fonctionnalit\u00e9 peut \u00eatre supprim\u00e9e si l&rsquo;utilisateur appuie sur la fonctionnalit\u00e9 \u00abfermer la session\u00bb, de sorte que ce cookie est \u00e9limin\u00e9 et la prochaine fois que l&rsquo;utilisateur entrera dans le service, il devra se connecter pour \u00eatre identifi\u00e9.<\/li>\n<li>V\u00e9rifiez si l&rsquo;utilisateur est autoris\u00e9 \u00e0 acc\u00e9der \u00e0 certains services, par exemple pour participer \u00e0 un concours.<\/li>\n<\/ul>\n<p><strong>Cookies analytiques<\/strong><\/p>\n<p>Chaque fois qu&rsquo;un Utilisateur visite un service, un outil d&rsquo;un prestataire externe g\u00e9n\u00e8re un Cookie analytique sur l&rsquo;ordinateur de l&rsquo;utilisateur. Ce cookie, qui n&rsquo;est g\u00e9n\u00e9r\u00e9 que lors de la visite, servira lors de futures visites aux services Web pour identifier de mani\u00e8re anonyme le visiteur. Les principaux objectifs poursuivis sont :<\/p>\n<ul>\n<li>Permettre l&rsquo;identification anonyme des utilisateurs naviguant via le \u00ab\u00a0Cookie\u00a0\u00bb (identifie les navigateurs et les appareils, pas les personnes) et donc la comptabilisation approximative du nombre de visiteurs et de leur \u00e9volution dans le temps.<\/li>\n<li>Identifiez anonymement les contenus les plus visit\u00e9s et donc les plus attractifs pour les utilisateurs.<\/li>\n<li>Savoir si l&rsquo;utilisateur qui acc\u00e8de est une nouvelle visite ou une visite r\u00e9p\u00e9t\u00e9e.<\/li>\n<li><u>Important:<\/u> Sauf si l&rsquo;utilisateur d\u00e9cide de s&rsquo;inscrire \u00e0 un service Web, le \u00ab\u00a0Cookie\u00a0\u00bb ne sera jamais associ\u00e9 \u00e0 des donn\u00e9es personnelles permettant de l&rsquo;identifier. Ces Cookies ne seront utilis\u00e9s qu&rsquo;\u00e0 des fins statistiques permettant d&rsquo;optimiser l&rsquo;exp\u00e9rience de l&rsquo;Utilisateur sur le site.<\/li>\n<\/ul>\n<p><strong>Cookies <\/strong><strong>de <\/strong><strong>publicit\u00e9 comportementale<\/strong><\/p>\n<p>Ce type de \u00ab\u00a0Cookies\u00a0\u00bb permet d&rsquo;\u00e9tendre les informations des publicit\u00e9s pr\u00e9sent\u00e9es \u00e0 chaque utilisateur anonyme dans les Services Web. Entre autres, la dur\u00e9e ou la fr\u00e9quence d&rsquo;affichage des positions publicitaires, l&rsquo;interaction avec celles-ci, ou les habitudes de navigation et\/ou les partages de l&rsquo;utilisateur sont stock\u00e9s, car ils aident \u00e0 former un profil d&rsquo;int\u00e9r\u00eat publicitaire. De cette mani\u00e8re, ils nous permettent de proposer des publicit\u00e9s li\u00e9es aux centres d&rsquo;int\u00e9r\u00eat de l&rsquo;utilisateur.<\/p>\n<p><strong>Cookies publicitaires tiers<\/strong><\/p>\n<p>En plus de la publicit\u00e9 g\u00e9r\u00e9e par le Web dans ses Services, le Web offre \u00e0 ses annonceurs la possibilit\u00e9 de diffuser des annonces par l&rsquo;interm\u00e9diaire de tiers (\u00ab\u00a0AdServers\u00a0\u00bb). De cette mani\u00e8re, ces tiers peuvent stocker les cookies envoy\u00e9s par les services Web \u00e0 partir des navigateurs des utilisateurs, ainsi qu&rsquo;acc\u00e9der aux donn\u00e9es qui y sont stock\u00e9es.<\/p>\n<p><strong>Quels cookies utilisons-nous ?<\/strong><\/p>\n<p>Les cookies que nous utilisons sur notre site Web sont :<\/p>\n<table width=\"536\">\n<tbody>\n<tr>\n<td style=\"text-align: center;\" width=\"96\"><strong>NOM<\/strong><\/td>\n<td style=\"text-align: center;\" width=\"96\"><strong>TYPE<\/strong><\/td>\n<td style=\"text-align: center;\" width=\"96\"><strong>DOMAINE<\/strong><\/td>\n<td style=\"text-align: center;\" width=\"96\"><strong>EXPIRATION<\/strong><\/td>\n<td style=\"text-align: center;\" width=\"152\"><strong>BUT<\/strong><\/td>\n<\/tr>\n<tr>\n<td width=\"96\">_gid<\/td>\n<td width=\"96\">Analitique<\/td>\n<td width=\"96\">google.com<\/td>\n<td width=\"96\">1 an<\/td>\n<td width=\"152\">Distinguer les utilisateurs<\/td>\n<\/tr>\n<tr>\n<td width=\"96\">_ga<\/td>\n<td width=\"96\">Analitique<\/td>\n<td width=\"96\">google.com<\/td>\n<td width=\"96\">2 ann\u00e9es<\/td>\n<td width=\"152\">Distinguer les utilisateurs<\/td>\n<\/tr>\n<\/tbody>\n<\/table>\n<p><strong>3. Y a-t-il des virements internationaux ?<\/strong><\/p>\n<p>Vous pouvez prendre connaissance des transferts vers des pays tiers qui, le cas \u00e9ch\u00e9ant, sont effectu\u00e9s par les tiers identifi\u00e9s dans cette politique de cookies dans leurs politiques correspondantes (voir les liens fournis dans la section \u00ab Cookies tiers \u00bb). Les diff\u00e9rents m\u00e9canismes de r\u00e9gularisation du virement international, le cas \u00e9ch\u00e9ant, seront renseign\u00e9s par lesdits tiers.<\/p>\n<p><strong>4. Comment d\u00e9sactiver les Cookies ?<\/strong><\/p>\n<p>Il est g\u00e9n\u00e9ralement possible d&rsquo;arr\u00eater d&rsquo;accepter les Cookies de votre navigateur, ou d&rsquo;arr\u00eater d&rsquo;accepter les Cookies d&rsquo;un Service particulier.<\/p>\n<p>Tous les navigateurs modernes vous permettent de modifier les param\u00e8tres des cookies. Ces param\u00e8tres se trouvent g\u00e9n\u00e9ralement dans le menu \u00ab\u00a0options\u00a0\u00bb ou \u00ab\u00a0pr\u00e9f\u00e9rences\u00a0\u00bb de votre navigateur. Vous pouvez \u00e9galement configurer votre navigateur ou votre gestionnaire de messagerie, ainsi qu&rsquo;installer des plugins gratuits, pour emp\u00eacher le t\u00e9l\u00e9chargement de Web Bugs lors de l&rsquo;ouverture d&rsquo;un e-mail.<\/p>\n<p>Le Web propose des conseils \u00e0 l&rsquo;Utilisateur sur les \u00e9tapes pour acc\u00e9der au menu de configuration des cookies et, le cas \u00e9ch\u00e9ant, la navigation priv\u00e9e dans chacun des principaux navigateurs&nbsp;:<\/p>\n<p><em><strong>Internet Explorer<\/strong>&nbsp;&nbsp;&nbsp;&nbsp;&nbsp;&nbsp;&nbsp;&nbsp;&nbsp;&nbsp;&nbsp;&nbsp;&nbsp; <\/em><\/p>\n<p><em>Outils&nbsp; -&gt; Options Internet -&gt; Confidentialit\u00e9 -&gt; &nbsp;Param\u00e8tres.<\/em><\/p>\n<p><em>Pour plus d&rsquo;informations, vous pouvez vous r\u00e9f\u00e9rer au support Microsoft ou \u00e0 l&rsquo;aide du navigateur.<\/em><\/p>\n<p><em><strong>Microsoft Edge<\/strong> <\/em><\/p>\n<p><em>Param\u00e8tres et plus -&gt; Param\u00e8tres -&gt; Effacer les donn\u00e9es de navigation.<\/em><\/p>\n<p><em><strong>Firefox<\/strong>&nbsp; <\/em><\/p>\n<p><em>Outils -&gt; Options&nbsp; -&gt; &nbsp;Confidentialit\u00e9&nbsp; -&gt; Historique&nbsp; -&gt; Param\u00e8tres personnalis\u00e9s.<\/em><\/p>\n<p><em><strong>Chrome<\/strong> <\/em><\/p>\n<p><em>Param\u00e8tres&nbsp; -&gt; Param\u00e8tres avanc\u00e9s&nbsp; -&gt; Confidentialit\u00e9 et s\u00e9curit\u00e9&nbsp; -&gt; Effacer les donn\u00e9es de navigation.<\/em><\/p>\n<p><em><strong>Safari<\/strong>&nbsp;&nbsp;&nbsp; <\/em><\/p>\n<p><em>Pr\u00e9f\u00e9rences&nbsp; -&gt; S\u00e9curit\u00e9.<\/em><\/p>\n<p><em>Pour plus d&rsquo;informations, vous pouvez consulter l&rsquo;assistance Apple ou l&rsquo;aide du navigateur.<\/em><\/p>\n<p><strong>5. Peut-il y avoir des changements \u00e0 la Politique de Cookies ?<\/strong><\/p>\n<p><strong>&nbsp;<\/strong><\/p>\n<p>Le site Web peut modifier cette politique de cookies en fonction d&rsquo;exigences l\u00e9gislatives ou r\u00e9glementaires, ou afin d&rsquo;adapter ladite politique aux instructions \u00e9mises par l&rsquo;Agence espagnole de protection des donn\u00e9es, il est donc conseill\u00e9 aux utilisateurs de la visiter p\u00e9riodiquement.<\/p>\n<p>Lorsque des modifications importantes se produisent dans cette politique de cookies, les utilisateurs seront inform\u00e9s soit via le Web, soit par e-mail aux utilisateurs enregistr\u00e9s.<\/p>\n","protected":false},"excerpt":{"rendered":"<p>1. Que sont les cookies ? &nbsp; Le site Web de GRUPSA (ci-apr\u00e8s le site [&hellip;]<\/p>\n","protected":false},"author":1,"featured_media":0,"parent":0,"menu_order":0,"comment_status":"closed","ping_status":"closed","template":"","meta":{"footnotes":""},"yoast_head":"<!-- This site is optimized with the Yoast SEO plugin v18.8 - https:\/\/yoast.com\/wordpress\/plugins\/seo\/ -->\n<title>Politique de Cookies - Grupsa<\/title>\n<meta name=\"robots\" content=\"noindex, follow\" \/>\n<meta property=\"og:locale\" content=\"fr_FR\" \/>\n<meta property=\"og:type\" content=\"article\" \/>\n<meta property=\"og:title\" content=\"Politique de Cookies - Grupsa\" \/>\n<meta property=\"og:description\" content=\"1. Que sont les cookies ? &nbsp; Le site Web de GRUPSA (ci-apr\u00e8s le site [&hellip;]\" \/>\n<meta property=\"og:url\" content=\"https:\/\/grupsa.com\/fr\/politique-de-cookies\/\" \/>\n<meta property=\"og:site_name\" content=\"Grupsa\" \/>\n<meta property=\"article:modified_time\" content=\"2023-08-02T07:04:25+00:00\" \/>\n<meta name=\"twitter:card\" content=\"summary_large_image\" \/>\n<meta name=\"twitter:label1\" content=\"Dur\u00e9e de lecture estim\u00e9e\" \/>\n\t<meta name=\"twitter:data1\" content=\"6 minutes\" \/>\n<script type=\"application\/ld+json\" class=\"yoast-schema-graph\">{\"@context\":\"https:\/\/schema.org\",\"@graph\":[{\"@type\":\"WebSite\",\"@id\":\"https:\/\/grupsa.com\/fr\/#website\",\"url\":\"https:\/\/grupsa.com\/fr\/\",\"name\":\"Grupsa\",\"description\":\"Accesos que conectan personas\",\"potentialAction\":[{\"@type\":\"SearchAction\",\"target\":{\"@type\":\"EntryPoint\",\"urlTemplate\":\"https:\/\/grupsa.com\/fr\/?s={search_term_string}\"},\"query-input\":\"required name=search_term_string\"}],\"inLanguage\":\"fr-FR\"},{\"@type\":\"WebPage\",\"@id\":\"https:\/\/grupsa.com\/fr\/politique-de-cookies\/#webpage\",\"url\":\"https:\/\/grupsa.com\/fr\/politique-de-cookies\/\",\"name\":\"Politique de Cookies - Grupsa\",\"isPartOf\":{\"@id\":\"https:\/\/grupsa.com\/fr\/#website\"},\"datePublished\":\"2022-10-17T11:52:03+00:00\",\"dateModified\":\"2023-08-02T07:04:25+00:00\",\"breadcrumb\":{\"@id\":\"https:\/\/grupsa.com\/fr\/politique-de-cookies\/#breadcrumb\"},\"inLanguage\":\"fr-FR\",\"potentialAction\":[{\"@type\":\"ReadAction\",\"target\":[\"https:\/\/grupsa.com\/fr\/politique-de-cookies\/\"]}]},{\"@type\":\"BreadcrumbList\",\"@id\":\"https:\/\/grupsa.com\/fr\/politique-de-cookies\/#breadcrumb\",\"itemListElement\":[{\"@type\":\"ListItem\",\"position\":1,\"name\":\"Portada\",\"item\":\"https:\/\/grupsa.com\/fr\/\"},{\"@type\":\"ListItem\",\"position\":2,\"name\":\"Politique de Cookies\"}]}]}<\/script>\n<!-- \/ Yoast SEO plugin. -->","yoast_head_json":{"title":"Politique de Cookies - Grupsa","robots":{"index":"noindex","follow":"follow"},"og_locale":"fr_FR","og_type":"article","og_title":"Politique de Cookies - Grupsa","og_description":"1. Que sont les cookies ? &nbsp; Le site Web de GRUPSA (ci-apr\u00e8s le site [&hellip;]","og_url":"https:\/\/grupsa.com\/fr\/politique-de-cookies\/","og_site_name":"Grupsa","article_modified_time":"2023-08-02T07:04:25+00:00","twitter_card":"summary_large_image","twitter_misc":{"Dur\u00e9e de lecture estim\u00e9e":"6 minutes"},"schema":{"@context":"https:\/\/schema.org","@graph":[{"@type":"WebSite","@id":"https:\/\/grupsa.com\/fr\/#website","url":"https:\/\/grupsa.com\/fr\/","name":"Grupsa","description":"Accesos que conectan personas","potentialAction":[{"@type":"SearchAction","target":{"@type":"EntryPoint","urlTemplate":"https:\/\/grupsa.com\/fr\/?s={search_term_string}"},"query-input":"required name=search_term_string"}],"inLanguage":"fr-FR"},{"@type":"WebPage","@id":"https:\/\/grupsa.com\/fr\/politique-de-cookies\/#webpage","url":"https:\/\/grupsa.com\/fr\/politique-de-cookies\/","name":"Politique de Cookies - Grupsa","isPartOf":{"@id":"https:\/\/grupsa.com\/fr\/#website"},"datePublished":"2022-10-17T11:52:03+00:00","dateModified":"2023-08-02T07:04:25+00:00","breadcrumb":{"@id":"https:\/\/grupsa.com\/fr\/politique-de-cookies\/#breadcrumb"},"inLanguage":"fr-FR","potentialAction":[{"@type":"ReadAction","target":["https:\/\/grupsa.com\/fr\/politique-de-cookies\/"]}]},{"@type":"BreadcrumbList","@id":"https:\/\/grupsa.com\/fr\/politique-de-cookies\/#breadcrumb","itemListElement":[{"@type":"ListItem","position":1,"name":"Portada","item":"https:\/\/grupsa.com\/fr\/"},{"@type":"ListItem","position":2,"name":"Politique de Cookies"}]}]}},"_links":{"self":[{"href":"https:\/\/grupsa.com\/fr\/wp-json\/wp\/v2\/pages\/14170"}],"collection":[{"href":"https:\/\/grupsa.com\/fr\/wp-json\/wp\/v2\/pages"}],"about":[{"href":"https:\/\/grupsa.com\/fr\/wp-json\/wp\/v2\/types\/page"}],"author":[{"embeddable":true,"href":"https:\/\/grupsa.com\/fr\/wp-json\/wp\/v2\/users\/1"}],"replies":[{"embeddable":true,"href":"https:\/\/grupsa.com\/fr\/wp-json\/wp\/v2\/comments?post=14170"}],"version-history":[{"count":4,"href":"https:\/\/grupsa.com\/fr\/wp-json\/wp\/v2\/pages\/14170\/revisions"}],"predecessor-version":[{"id":14225,"href":"https:\/\/grupsa.com\/fr\/wp-json\/wp\/v2\/pages\/14170\/revisions\/14225"}],"wp:attachment":[{"href":"https:\/\/grupsa.com\/fr\/wp-json\/wp\/v2\/media?parent=14170"}],"curies":[{"name":"wp","href":"https:\/\/api.w.org\/{rel}","templated":true}]}}