{"id":14095,"date":"2022-10-07T13:07:01","date_gmt":"2022-10-07T11:07:01","guid":{"rendered":"https:\/\/grupsa.com\/?page_id=14095"},"modified":"2022-10-17T12:41:35","modified_gmt":"2022-10-17T10:41:35","slug":"avis-juridique","status":"publish","type":"page","link":"https:\/\/grupsa.com\/fr\/avis-juridique\/","title":{"rendered":"AVIS JURIDIQUE"},"content":{"rendered":"<p>PROPRI\u00c9TAIRE DU SITE WEB :<br \/>\nConform\u00e9ment \u00e0 l&rsquo;article 10 de la loi 34\/2002, du 11 juillet, sur les services de la soci\u00e9t\u00e9 de l&rsquo;information et du commerce \u00e9lectronique (ci-apr\u00e8s, \u00ab\u00a0LSSICE\u00a0\u00bb), la propri\u00e9t\u00e9 du domaine, ainsi que de cette page web (www.grupsa. com), d\u00e9pend des soci\u00e9t\u00e9s suivantes :<\/p>\n<ul>\n<li>Raison sociale : GRUPSA GLOBAL, S.L.<\/li>\n<li>CIF : B82635905<\/li>\n<li>Inscription dans un Registre du Commerce\n<ul>\n<li>Tome: 15.235<\/li>\n<li>Livre: 0<\/li>\n<li>Folio: 61<\/li>\n<li>Page: M-255101<\/li>\n<\/ul>\n<\/li>\n<\/ul>\n<ul>\n<li>Raison sociale : GRUPO METAL SYSTEM, S.A.<\/li>\n<li>CIF : A78558897<\/li>\n<li>Inscription dans un Registre du Commerce\n<ul>\n<li>Tome: 8.490<\/li>\n<li>Livre: 3<\/li>\n<li>Folio: 56<\/li>\n<li>Page: 70.526-3<\/li>\n<\/ul>\n<\/li>\n<\/ul>\n<ul>\n<li>Raison sociale : SERVIGROUP KIRA, S.L<\/li>\n<li>CAF : B83551200<\/li>\n<li>Inscription dans un Registre du Commerce\n<ul>\n<li>Tome: 18.504<\/li>\n<li>Livre: 0<\/li>\n<li>Folio: 86<\/li>\n<li>Page: M-321530<\/li>\n<\/ul>\n<\/li>\n<\/ul>\n<ul>\n<li>Raison sociale : ROMAYO, S.A.<\/li>\n<li>CAF : A81585382<\/li>\n<li>Inscription dans un Registre du Commerce\n<ul>\n<li>Tome: 12.409<\/li>\n<li>Livre: 0<\/li>\n<li>Folio: 126<\/li>\n<li>Page: M-197326<\/li>\n<\/ul>\n<\/li>\n<\/ul>\n<p>Si\u00e8ge social commun \u00e0 toutes les soci\u00e9t\u00e9s : Ctra.M \u2013 404, Km. 20 &#8211; 28971 Gri\u00f1\u00f3n (Madrid)<\/p>\n<p>Contact:<br \/>\nT\u00e9l\u00e9phone : +34 918 140 502<br \/>\nCourriel : lopd@grupsa.com<\/p>\n","protected":false},"excerpt":{"rendered":"<p>PROPRI\u00c9TAIRE DU SITE WEB : Conform\u00e9ment \u00e0 l&rsquo;article 10 de la loi 34\/2002, du 11 [&hellip;]<\/p>\n","protected":false},"author":1,"featured_media":0,"parent":0,"menu_order":0,"comment_status":"closed","ping_status":"closed","template":"","meta":{"footnotes":""},"yoast_head":"<!-- This site is optimized with the Yoast SEO plugin v18.8 - https:\/\/yoast.com\/wordpress\/plugins\/seo\/ -->\n<title>AVIS JURIDIQUE - Grupsa<\/title>\n<meta name=\"robots\" content=\"noindex, follow\" \/>\n<meta property=\"og:locale\" content=\"fr_FR\" \/>\n<meta property=\"og:type\" content=\"article\" \/>\n<meta property=\"og:title\" content=\"AVIS JURIDIQUE - Grupsa\" \/>\n<meta property=\"og:description\" content=\"PROPRI\u00c9TAIRE DU SITE WEB : Conform\u00e9ment \u00e0 l&rsquo;article 10 de la loi 34\/2002, du 11 [&hellip;]\" \/>\n<meta property=\"og:url\" content=\"https:\/\/grupsa.com\/fr\/avis-juridique\/\" \/>\n<meta property=\"og:site_name\" content=\"Grupsa\" \/>\n<meta property=\"article:modified_time\" content=\"2022-10-17T10:41:35+00:00\" \/>\n<meta name=\"twitter:card\" content=\"summary_large_image\" \/>\n<meta name=\"twitter:label1\" content=\"Dur\u00e9e de lecture estim\u00e9e\" \/>\n\t<meta name=\"twitter:data1\" content=\"1 minute\" \/>\n<script type=\"application\/ld+json\" class=\"yoast-schema-graph\">{\"@context\":\"https:\/\/schema.org\",\"@graph\":[{\"@type\":\"WebSite\",\"@id\":\"https:\/\/grupsa.com\/fr\/#website\",\"url\":\"https:\/\/grupsa.com\/fr\/\",\"name\":\"Grupsa\",\"description\":\"Accesos que conectan personas\",\"potentialAction\":[{\"@type\":\"SearchAction\",\"target\":{\"@type\":\"EntryPoint\",\"urlTemplate\":\"https:\/\/grupsa.com\/fr\/?s={search_term_string}\"},\"query-input\":\"required name=search_term_string\"}],\"inLanguage\":\"fr-FR\"},{\"@type\":\"WebPage\",\"@id\":\"https:\/\/grupsa.com\/fr\/avis-juridique\/#webpage\",\"url\":\"https:\/\/grupsa.com\/fr\/avis-juridique\/\",\"name\":\"AVIS JURIDIQUE - Grupsa\",\"isPartOf\":{\"@id\":\"https:\/\/grupsa.com\/fr\/#website\"},\"datePublished\":\"2022-10-07T11:07:01+00:00\",\"dateModified\":\"2022-10-17T10:41:35+00:00\",\"breadcrumb\":{\"@id\":\"https:\/\/grupsa.com\/fr\/avis-juridique\/#breadcrumb\"},\"inLanguage\":\"fr-FR\",\"potentialAction\":[{\"@type\":\"ReadAction\",\"target\":[\"https:\/\/grupsa.com\/fr\/avis-juridique\/\"]}]},{\"@type\":\"BreadcrumbList\",\"@id\":\"https:\/\/grupsa.com\/fr\/avis-juridique\/#breadcrumb\",\"itemListElement\":[{\"@type\":\"ListItem\",\"position\":1,\"name\":\"Portada\",\"item\":\"https:\/\/grupsa.com\/fr\/\"},{\"@type\":\"ListItem\",\"position\":2,\"name\":\"AVIS JURIDIQUE\"}]}]}<\/script>\n<!-- \/ Yoast SEO plugin. -->","yoast_head_json":{"title":"AVIS JURIDIQUE - Grupsa","robots":{"index":"noindex","follow":"follow"},"og_locale":"fr_FR","og_type":"article","og_title":"AVIS JURIDIQUE - Grupsa","og_description":"PROPRI\u00c9TAIRE DU SITE WEB : Conform\u00e9ment \u00e0 l&rsquo;article 10 de la loi 34\/2002, du 11 [&hellip;]","og_url":"https:\/\/grupsa.com\/fr\/avis-juridique\/","og_site_name":"Grupsa","article_modified_time":"2022-10-17T10:41:35+00:00","twitter_card":"summary_large_image","twitter_misc":{"Dur\u00e9e de lecture estim\u00e9e":"1 minute"},"schema":{"@context":"https:\/\/schema.org","@graph":[{"@type":"WebSite","@id":"https:\/\/grupsa.com\/fr\/#website","url":"https:\/\/grupsa.com\/fr\/","name":"Grupsa","description":"Accesos que conectan personas","potentialAction":[{"@type":"SearchAction","target":{"@type":"EntryPoint","urlTemplate":"https:\/\/grupsa.com\/fr\/?s={search_term_string}"},"query-input":"required name=search_term_string"}],"inLanguage":"fr-FR"},{"@type":"WebPage","@id":"https:\/\/grupsa.com\/fr\/avis-juridique\/#webpage","url":"https:\/\/grupsa.com\/fr\/avis-juridique\/","name":"AVIS JURIDIQUE - Grupsa","isPartOf":{"@id":"https:\/\/grupsa.com\/fr\/#website"},"datePublished":"2022-10-07T11:07:01+00:00","dateModified":"2022-10-17T10:41:35+00:00","breadcrumb":{"@id":"https:\/\/grupsa.com\/fr\/avis-juridique\/#breadcrumb"},"inLanguage":"fr-FR","potentialAction":[{"@type":"ReadAction","target":["https:\/\/grupsa.com\/fr\/avis-juridique\/"]}]},{"@type":"BreadcrumbList","@id":"https:\/\/grupsa.com\/fr\/avis-juridique\/#breadcrumb","itemListElement":[{"@type":"ListItem","position":1,"name":"Portada","item":"https:\/\/grupsa.com\/fr\/"},{"@type":"ListItem","position":2,"name":"AVIS JURIDIQUE"}]}]}},"_links":{"self":[{"href":"https:\/\/grupsa.com\/fr\/wp-json\/wp\/v2\/pages\/14095"}],"collection":[{"href":"https:\/\/grupsa.com\/fr\/wp-json\/wp\/v2\/pages"}],"about":[{"href":"https:\/\/grupsa.com\/fr\/wp-json\/wp\/v2\/types\/page"}],"author":[{"embeddable":true,"href":"https:\/\/grupsa.com\/fr\/wp-json\/wp\/v2\/users\/1"}],"replies":[{"embeddable":true,"href":"https:\/\/grupsa.com\/fr\/wp-json\/wp\/v2\/comments?post=14095"}],"version-history":[{"count":2,"href":"https:\/\/grupsa.com\/fr\/wp-json\/wp\/v2\/pages\/14095\/revisions"}],"predecessor-version":[{"id":14165,"href":"https:\/\/grupsa.com\/fr\/wp-json\/wp\/v2\/pages\/14095\/revisions\/14165"}],"wp:attachment":[{"href":"https:\/\/grupsa.com\/fr\/wp-json\/wp\/v2\/media?parent=14095"}],"curies":[{"name":"wp","href":"https:\/\/api.w.org\/{rel}","templated":true}]}}