{"id":14093,"date":"2022-10-07T12:57:25","date_gmt":"2022-10-07T10:57:25","guid":{"rendered":"https:\/\/grupsa.com\/?page_id=14093"},"modified":"2022-10-07T13:09:53","modified_gmt":"2022-10-07T11:09:53","slug":"politique-de-confidentialite","status":"publish","type":"page","link":"https:\/\/grupsa.com\/fr\/politique-de-confidentialite\/","title":{"rendered":"POLITIQUE DE CONFIDENTIALIT\u00c9"},"content":{"rendered":"<p>Conform\u00e9ment aux principes de l\u00e9galit\u00e9, de loyaut\u00e9 et de transparence, nous mettons \u00e0 votre disposition cette politique de confidentialit\u00e9.<\/p>\n<p>Qui est le responsable du traitement de vos donn\u00e9es ?<br \/>\nLes donn\u00e9es seront trait\u00e9es par les soci\u00e9t\u00e9s qui composent GRUPSA. Afin de se conformer aux articles 5, 12 et 13 du R\u00e8glement (UE) 2016\/679 du Parlement europ\u00e9en et du Conseil du 27 avril 2016 relatif \u00e0 la protection des personnes physiques \u00e0 l&rsquo;\u00e9gard du traitement des donn\u00e9es \u00e0 caract\u00e8re personnel et de la libre circulation de ces donn\u00e9es (ci-apr\u00e8s, \u00ab\u00a0RGPD\u00a0\u00bb) ainsi que l&rsquo;article 11 de la loi organique 3\/2018, du 5 d\u00e9cembre, sur la protection des donn\u00e9es personnelles et la garantie des droits num\u00e9riques (ci-apr\u00e8s, \u00ab\u00a0LOPDGDD\u00a0\u00bb), les responsables de le traitement en fonction du traitement effectu\u00e9 sont les soci\u00e9t\u00e9s suivantes, qui seront en commun appel\u00e9es \u00ab\u00a0GRUPSA\u00a0\u00bb:<\/p>\n<ul>\n<li>Raison sociale : GRUPSA GLOBAL, S.L.<\/li>\n<li>CAF : B82635905<\/li>\n<li>Traitement : clients internationaux<\/li>\n<\/ul>\n<p>&nbsp;<\/p>\n<ul>\n<li>Raison sociale : GRUPO METAL SYSTEM, S.A.<\/li>\n<li>CIF : A78558897<\/li>\n<li>Traitement : clients nationaux<\/li>\n<\/ul>\n<p>&nbsp;<\/p>\n<ul>\n<li>Raison sociale : SERVIGROUP KIRA, S.L<\/li>\n<li>CAF : B83551200<\/li>\n<li>Traitement : maintenance clients nationaux<\/li>\n<\/ul>\n<p>&nbsp;<\/p>\n<ul>\n<li>Raison sociale : ROMAYO, S.A.<\/li>\n<li>CAF : A81585382<\/li>\n<li>Traitement : clients nationaux<\/li>\n<\/ul>\n<p>Si\u00e8ge social commun \u00e0 toutes les soci\u00e9t\u00e9s : Ctra.M \u2013 404, Km. 20 &#8211; 28971 Gri\u00f1\u00f3n (Madrid)<br \/>\nContact:<\/p>\n<p>T\u00e9l\u00e9phone : +34 918 140 502<br \/>\nCourriel : lopd@grupsa.com<\/p>\n","protected":false},"excerpt":{"rendered":"<p>Conform\u00e9ment aux principes de l\u00e9galit\u00e9, de loyaut\u00e9 et de transparence, nous mettons \u00e0 votre disposition [&hellip;]<\/p>\n","protected":false},"author":1,"featured_media":0,"parent":0,"menu_order":0,"comment_status":"closed","ping_status":"closed","template":"","meta":{"footnotes":""},"yoast_head":"<!-- This site is optimized with the Yoast SEO plugin v18.8 - https:\/\/yoast.com\/wordpress\/plugins\/seo\/ -->\n<title>POLITIQUE DE CONFIDENTIALIT\u00c9 - Grupsa<\/title>\n<meta name=\"robots\" content=\"index, follow, max-snippet:-1, max-image-preview:large, max-video-preview:-1\" \/>\n<link rel=\"canonical\" href=\"https:\/\/grupsa.com\/fr\/politique-de-confidentialite\/\" \/>\n<meta property=\"og:locale\" content=\"fr_FR\" \/>\n<meta property=\"og:type\" content=\"article\" \/>\n<meta property=\"og:title\" content=\"POLITIQUE DE CONFIDENTIALIT\u00c9 - Grupsa\" \/>\n<meta property=\"og:description\" content=\"Conform\u00e9ment aux principes de l\u00e9galit\u00e9, de loyaut\u00e9 et de transparence, nous mettons \u00e0 votre disposition [&hellip;]\" \/>\n<meta property=\"og:url\" content=\"https:\/\/grupsa.com\/fr\/politique-de-confidentialite\/\" \/>\n<meta property=\"og:site_name\" content=\"Grupsa\" \/>\n<meta property=\"article:modified_time\" content=\"2022-10-07T11:09:53+00:00\" \/>\n<meta name=\"twitter:card\" content=\"summary_large_image\" \/>\n<meta name=\"twitter:label1\" content=\"Dur\u00e9e de lecture estim\u00e9e\" \/>\n\t<meta name=\"twitter:data1\" content=\"1 minute\" \/>\n<script type=\"application\/ld+json\" class=\"yoast-schema-graph\">{\"@context\":\"https:\/\/schema.org\",\"@graph\":[{\"@type\":\"WebSite\",\"@id\":\"https:\/\/grupsa.com\/fr\/#website\",\"url\":\"https:\/\/grupsa.com\/fr\/\",\"name\":\"Grupsa\",\"description\":\"Accesos que conectan personas\",\"potentialAction\":[{\"@type\":\"SearchAction\",\"target\":{\"@type\":\"EntryPoint\",\"urlTemplate\":\"https:\/\/grupsa.com\/fr\/?s={search_term_string}\"},\"query-input\":\"required name=search_term_string\"}],\"inLanguage\":\"fr-FR\"},{\"@type\":\"WebPage\",\"@id\":\"https:\/\/grupsa.com\/fr\/politique-de-confidentialite\/#webpage\",\"url\":\"https:\/\/grupsa.com\/fr\/politique-de-confidentialite\/\",\"name\":\"POLITIQUE DE CONFIDENTIALIT\u00c9 - Grupsa\",\"isPartOf\":{\"@id\":\"https:\/\/grupsa.com\/fr\/#website\"},\"datePublished\":\"2022-10-07T10:57:25+00:00\",\"dateModified\":\"2022-10-07T11:09:53+00:00\",\"breadcrumb\":{\"@id\":\"https:\/\/grupsa.com\/fr\/politique-de-confidentialite\/#breadcrumb\"},\"inLanguage\":\"fr-FR\",\"potentialAction\":[{\"@type\":\"ReadAction\",\"target\":[\"https:\/\/grupsa.com\/fr\/politique-de-confidentialite\/\"]}]},{\"@type\":\"BreadcrumbList\",\"@id\":\"https:\/\/grupsa.com\/fr\/politique-de-confidentialite\/#breadcrumb\",\"itemListElement\":[{\"@type\":\"ListItem\",\"position\":1,\"name\":\"Portada\",\"item\":\"https:\/\/grupsa.com\/fr\/\"},{\"@type\":\"ListItem\",\"position\":2,\"name\":\"POLITIQUE DE CONFIDENTIALIT\u00c9\"}]}]}<\/script>\n<!-- \/ Yoast SEO plugin. -->","yoast_head_json":{"title":"POLITIQUE DE CONFIDENTIALIT\u00c9 - Grupsa","robots":{"index":"index","follow":"follow","max-snippet":"max-snippet:-1","max-image-preview":"max-image-preview:large","max-video-preview":"max-video-preview:-1"},"canonical":"https:\/\/grupsa.com\/fr\/politique-de-confidentialite\/","og_locale":"fr_FR","og_type":"article","og_title":"POLITIQUE DE CONFIDENTIALIT\u00c9 - Grupsa","og_description":"Conform\u00e9ment aux principes de l\u00e9galit\u00e9, de loyaut\u00e9 et de transparence, nous mettons \u00e0 votre disposition [&hellip;]","og_url":"https:\/\/grupsa.com\/fr\/politique-de-confidentialite\/","og_site_name":"Grupsa","article_modified_time":"2022-10-07T11:09:53+00:00","twitter_card":"summary_large_image","twitter_misc":{"Dur\u00e9e de lecture estim\u00e9e":"1 minute"},"schema":{"@context":"https:\/\/schema.org","@graph":[{"@type":"WebSite","@id":"https:\/\/grupsa.com\/fr\/#website","url":"https:\/\/grupsa.com\/fr\/","name":"Grupsa","description":"Accesos que conectan personas","potentialAction":[{"@type":"SearchAction","target":{"@type":"EntryPoint","urlTemplate":"https:\/\/grupsa.com\/fr\/?s={search_term_string}"},"query-input":"required name=search_term_string"}],"inLanguage":"fr-FR"},{"@type":"WebPage","@id":"https:\/\/grupsa.com\/fr\/politique-de-confidentialite\/#webpage","url":"https:\/\/grupsa.com\/fr\/politique-de-confidentialite\/","name":"POLITIQUE DE CONFIDENTIALIT\u00c9 - Grupsa","isPartOf":{"@id":"https:\/\/grupsa.com\/fr\/#website"},"datePublished":"2022-10-07T10:57:25+00:00","dateModified":"2022-10-07T11:09:53+00:00","breadcrumb":{"@id":"https:\/\/grupsa.com\/fr\/politique-de-confidentialite\/#breadcrumb"},"inLanguage":"fr-FR","potentialAction":[{"@type":"ReadAction","target":["https:\/\/grupsa.com\/fr\/politique-de-confidentialite\/"]}]},{"@type":"BreadcrumbList","@id":"https:\/\/grupsa.com\/fr\/politique-de-confidentialite\/#breadcrumb","itemListElement":[{"@type":"ListItem","position":1,"name":"Portada","item":"https:\/\/grupsa.com\/fr\/"},{"@type":"ListItem","position":2,"name":"POLITIQUE DE CONFIDENTIALIT\u00c9"}]}]}},"_links":{"self":[{"href":"https:\/\/grupsa.com\/fr\/wp-json\/wp\/v2\/pages\/14093"}],"collection":[{"href":"https:\/\/grupsa.com\/fr\/wp-json\/wp\/v2\/pages"}],"about":[{"href":"https:\/\/grupsa.com\/fr\/wp-json\/wp\/v2\/types\/page"}],"author":[{"embeddable":true,"href":"https:\/\/grupsa.com\/fr\/wp-json\/wp\/v2\/users\/1"}],"replies":[{"embeddable":true,"href":"https:\/\/grupsa.com\/fr\/wp-json\/wp\/v2\/comments?post=14093"}],"version-history":[{"count":1,"href":"https:\/\/grupsa.com\/fr\/wp-json\/wp\/v2\/pages\/14093\/revisions"}],"predecessor-version":[{"id":14094,"href":"https:\/\/grupsa.com\/fr\/wp-json\/wp\/v2\/pages\/14093\/revisions\/14094"}],"wp:attachment":[{"href":"https:\/\/grupsa.com\/fr\/wp-json\/wp\/v2\/media?parent=14093"}],"curies":[{"name":"wp","href":"https:\/\/api.w.org\/{rel}","templated":true}]}}