{"id":13636,"date":"2021-12-13T10:32:01","date_gmt":"2021-12-13T09:32:01","guid":{"rendered":"https:\/\/grupsa.com\/politica-de-calidad-y-medio-ambiente\/"},"modified":"2021-12-13T10:46:02","modified_gmt":"2021-12-13T09:46:02","slug":"politique-qualite-et-environnement","status":"publish","type":"page","link":"https:\/\/grupsa.com\/fr\/politique-qualite-et-environnement\/","title":{"rendered":"Politique Qualit\u00e9 et Environnement"},"content":{"rendered":"<div id=\"pl-13636\"  class=\"panel-layout\" ><div id=\"pg-13636-0\"  class=\"panel-grid panel-no-style\" ><div id=\"pgc-13636-0-0\"  class=\"panel-grid-cell\" ><div id=\"panel-13636-0-0-0\" class=\"so-panel widget widget_themegrill_flash_heading tg-widget section-title-wrapper panel-first-child\" data-index=\"0\" >\t<div class=\"heading heading-left divider-without-icon heading-divider\">\r\n\t<h3 class=\"section-title\">Politique Qualit\u00e9 et Environnement<\/h3>\r\n\t<div class=\"section-description\">Certificaci\u00f3n ISO<\/div>\r\n<\/div>\r\n<\/div><div id=\"panel-13636-0-0-1\" class=\"so-panel widget widget_sow-editor panel-last-child\" data-index=\"1\" ><div\n\t\t\t\n\t\t\tclass=\"so-widget-sow-editor so-widget-sow-editor-base\"\n\t\t\t\n\t\t>\n<div class=\"siteorigin-widget-tinymce textwidget\">\n\t<p>GRUPO METAL SYSTEM, S.A., GRUPSA GLOBAL, S.L, SERVIGROUP KIRA, S.L. et GRUPSA TECH DOORS, S.L. (GRUPSA) fonde son mod\u00e8le d'organisation sur le fait de savoir r\u00e9pondre, \u00e0 tout moment, aux besoins et attentes de nos parties prenantes, l'am\u00e9lioration continue du syst\u00e8me de management et l'engagement \u00e0 pr\u00e9server l'environnement pour l'activit\u00e9 de :<\/p>\n<blockquote>\n<p>Conception, production et installation de syst\u00e8mes de portes tournantes manuelles, automatiques et modulaires. Commercialisation de syst\u00e8mes de portes manuelles, automatiques et tournantes. Entretien et r\u00e9paration de syst\u00e8mes de portes manuels et automatiques.<\/p>\n<\/blockquote>\n<p>La politique de GRUPSA est constitu\u00e9e comme un pilier de base pour \u00e9tablir et r\u00e9viser annuellement les objectifs de qualit\u00e9 et environnementaux. Afin d'atteindre les objectifs fix\u00e9s, la Direction prend l'engagement de consacrer tout son potentiel \u00e9conomique, technologique et humain \u00e0 cette t\u00e2che.<\/p>\n<p>Nos principes d'action sont :<\/p>\n<ul>\n<li>Atteindre la satisfaction des parties int\u00e9ress\u00e9es, conna\u00eetre et analyser leurs besoins, afin de leur offrir le meilleur traitement possible et augmenter leur confiance en nos services et solutions.<\/li>\n<li>Protection de l'environnement et pr\u00e9vention de la pollution<\/li>\n<li>Cr\u00e9ation et maintien d'une culture de qualit\u00e9 et de respect de l'environnement qui est assum\u00e9e par tous les employ\u00e9s et qui constitue la base de notre activit\u00e9.<\/li>\n<li>Favoriser la communication avec les fournisseurs en privil\u00e9giant les relations avec eux, en encourageant leur implication dans les projets et en facilitant la prestation du service selon les conditions du contrat.<\/li>\n<li>Diriger nos efforts vers l'am\u00e9lioration continue et la performance de la gestion de la qualit\u00e9 et de l'environnement, de telle sorte que la capacit\u00e9 de r\u00e9action et d'adaptabilit\u00e9 de GRUPSA d\u00e9passe les attentes du march\u00e9.<\/li>\n<li>Se conformer \u00e0 toutes les exigences l\u00e9gales et autres exigences applicables \u00e0 la fois en ce qui concerne la fourniture du service et l'environnement.<\/li>\n<\/ul>\n<p>Cette politique appropri\u00e9e \u00e0 notre organisation est communiqu\u00e9e, diffus\u00e9e et comprise parmi le personnel, les fournisseurs, les sous-traitants, nos clients et les personnes qui travaillent pour le compte de l'organisation, ainsi que d'autres parties int\u00e9ress\u00e9es.<\/p>\n<\/div>\n<\/div><\/div><\/div><\/div><\/div>","protected":false},"excerpt":{"rendered":"<p>GRUPO METAL SYSTEM, S.A., GRUPSA GLOBAL, S.L, SERVIGROUP KIRA, S.L. et GRUPSA TECH DOORS, S.L. [&hellip;]<\/p>\n","protected":false},"author":1,"featured_media":0,"parent":0,"menu_order":0,"comment_status":"closed","ping_status":"closed","template":"","meta":{"footnotes":""},"yoast_head":"<!-- This site is optimized with the Yoast SEO plugin v18.8 - https:\/\/yoast.com\/wordpress\/plugins\/seo\/ -->\n<title>Politique Qualit\u00e9 et Environnement - Grupsa<\/title>\n<meta name=\"robots\" content=\"noindex, follow\" \/>\n<meta property=\"og:locale\" content=\"fr_FR\" \/>\n<meta property=\"og:type\" content=\"article\" \/>\n<meta property=\"og:title\" content=\"Politique Qualit\u00e9 et Environnement - Grupsa\" \/>\n<meta property=\"og:description\" content=\"GRUPO METAL SYSTEM, S.A., GRUPSA GLOBAL, S.L, SERVIGROUP KIRA, S.L. et GRUPSA TECH DOORS, S.L. [&hellip;]\" \/>\n<meta property=\"og:url\" content=\"https:\/\/grupsa.com\/fr\/politique-qualite-et-environnement\/\" \/>\n<meta property=\"og:site_name\" content=\"Grupsa\" \/>\n<meta property=\"article:modified_time\" content=\"2021-12-13T09:46:02+00:00\" \/>\n<meta name=\"twitter:card\" content=\"summary_large_image\" \/>\n<meta name=\"twitter:label1\" content=\"Dur\u00e9e de lecture estim\u00e9e\" \/>\n\t<meta name=\"twitter:data1\" content=\"2 minutes\" \/>\n<script type=\"application\/ld+json\" class=\"yoast-schema-graph\">{\"@context\":\"https:\/\/schema.org\",\"@graph\":[{\"@type\":\"WebSite\",\"@id\":\"https:\/\/grupsa.com\/fr\/#website\",\"url\":\"https:\/\/grupsa.com\/fr\/\",\"name\":\"Grupsa\",\"description\":\"Accesos que conectan personas\",\"potentialAction\":[{\"@type\":\"SearchAction\",\"target\":{\"@type\":\"EntryPoint\",\"urlTemplate\":\"https:\/\/grupsa.com\/fr\/?s={search_term_string}\"},\"query-input\":\"required name=search_term_string\"}],\"inLanguage\":\"fr-FR\"},{\"@type\":\"WebPage\",\"@id\":\"https:\/\/grupsa.com\/fr\/politique-qualite-et-environnement\/#webpage\",\"url\":\"https:\/\/grupsa.com\/fr\/politique-qualite-et-environnement\/\",\"name\":\"Politique Qualit\u00e9 et Environnement - Grupsa\",\"isPartOf\":{\"@id\":\"https:\/\/grupsa.com\/fr\/#website\"},\"datePublished\":\"2021-12-13T09:32:01+00:00\",\"dateModified\":\"2021-12-13T09:46:02+00:00\",\"breadcrumb\":{\"@id\":\"https:\/\/grupsa.com\/fr\/politique-qualite-et-environnement\/#breadcrumb\"},\"inLanguage\":\"fr-FR\",\"potentialAction\":[{\"@type\":\"ReadAction\",\"target\":[\"https:\/\/grupsa.com\/fr\/politique-qualite-et-environnement\/\"]}]},{\"@type\":\"BreadcrumbList\",\"@id\":\"https:\/\/grupsa.com\/fr\/politique-qualite-et-environnement\/#breadcrumb\",\"itemListElement\":[{\"@type\":\"ListItem\",\"position\":1,\"name\":\"Portada\",\"item\":\"https:\/\/grupsa.com\/fr\/\"},{\"@type\":\"ListItem\",\"position\":2,\"name\":\"Politique Qualit\u00e9 et Environnement\"}]}]}<\/script>\n<!-- \/ Yoast SEO plugin. -->","yoast_head_json":{"title":"Politique Qualit\u00e9 et Environnement - Grupsa","robots":{"index":"noindex","follow":"follow"},"og_locale":"fr_FR","og_type":"article","og_title":"Politique Qualit\u00e9 et Environnement - Grupsa","og_description":"GRUPO METAL SYSTEM, S.A., GRUPSA GLOBAL, S.L, SERVIGROUP KIRA, S.L. et GRUPSA TECH DOORS, S.L. [&hellip;]","og_url":"https:\/\/grupsa.com\/fr\/politique-qualite-et-environnement\/","og_site_name":"Grupsa","article_modified_time":"2021-12-13T09:46:02+00:00","twitter_card":"summary_large_image","twitter_misc":{"Dur\u00e9e de lecture estim\u00e9e":"2 minutes"},"schema":{"@context":"https:\/\/schema.org","@graph":[{"@type":"WebSite","@id":"https:\/\/grupsa.com\/fr\/#website","url":"https:\/\/grupsa.com\/fr\/","name":"Grupsa","description":"Accesos que conectan personas","potentialAction":[{"@type":"SearchAction","target":{"@type":"EntryPoint","urlTemplate":"https:\/\/grupsa.com\/fr\/?s={search_term_string}"},"query-input":"required name=search_term_string"}],"inLanguage":"fr-FR"},{"@type":"WebPage","@id":"https:\/\/grupsa.com\/fr\/politique-qualite-et-environnement\/#webpage","url":"https:\/\/grupsa.com\/fr\/politique-qualite-et-environnement\/","name":"Politique Qualit\u00e9 et Environnement - Grupsa","isPartOf":{"@id":"https:\/\/grupsa.com\/fr\/#website"},"datePublished":"2021-12-13T09:32:01+00:00","dateModified":"2021-12-13T09:46:02+00:00","breadcrumb":{"@id":"https:\/\/grupsa.com\/fr\/politique-qualite-et-environnement\/#breadcrumb"},"inLanguage":"fr-FR","potentialAction":[{"@type":"ReadAction","target":["https:\/\/grupsa.com\/fr\/politique-qualite-et-environnement\/"]}]},{"@type":"BreadcrumbList","@id":"https:\/\/grupsa.com\/fr\/politique-qualite-et-environnement\/#breadcrumb","itemListElement":[{"@type":"ListItem","position":1,"name":"Portada","item":"https:\/\/grupsa.com\/fr\/"},{"@type":"ListItem","position":2,"name":"Politique Qualit\u00e9 et Environnement"}]}]}},"_links":{"self":[{"href":"https:\/\/grupsa.com\/fr\/wp-json\/wp\/v2\/pages\/13636"}],"collection":[{"href":"https:\/\/grupsa.com\/fr\/wp-json\/wp\/v2\/pages"}],"about":[{"href":"https:\/\/grupsa.com\/fr\/wp-json\/wp\/v2\/types\/page"}],"author":[{"embeddable":true,"href":"https:\/\/grupsa.com\/fr\/wp-json\/wp\/v2\/users\/1"}],"replies":[{"embeddable":true,"href":"https:\/\/grupsa.com\/fr\/wp-json\/wp\/v2\/comments?post=13636"}],"version-history":[{"count":3,"href":"https:\/\/grupsa.com\/fr\/wp-json\/wp\/v2\/pages\/13636\/revisions"}],"predecessor-version":[{"id":13642,"href":"https:\/\/grupsa.com\/fr\/wp-json\/wp\/v2\/pages\/13636\/revisions\/13642"}],"wp:attachment":[{"href":"https:\/\/grupsa.com\/fr\/wp-json\/wp\/v2\/media?parent=13636"}],"curies":[{"name":"wp","href":"https:\/\/api.w.org\/{rel}","templated":true}]}}