{"id":12663,"date":"2020-10-14T13:08:22","date_gmt":"2020-10-14T11:08:22","guid":{"rendered":"https:\/\/grupsa.com\/puertas-oscilobatientes-balance-system\/"},"modified":"2023-05-29T09:33:52","modified_gmt":"2023-05-29T07:33:52","slug":"puertas-oscilobatientes-balance-system","status":"publish","type":"page","link":"https:\/\/grupsa.com\/fr\/puertas-oscilobatientes-balance-system\/","title":{"rendered":"Portes Oscillo-battantes"},"content":{"rendered":"<div id=\"pl-12663\"  class=\"panel-layout\" ><div id=\"pg-12663-0\"  class=\"panel-grid panel-no-style\" ><div id=\"pgc-12663-0-0\"  class=\"panel-grid-cell\" ><div id=\"panel-12663-0-0-0\" class=\"so-panel widget widget_themegrill_flash_image tg-widget tg-image-widget panel-first-child\" data-index=\"0\" ><div class=\"tg-image-block\">\r\n\t\t\t<img decoding=\"async\" src=\"https:\/\/grupsa.com\/wp-content\/uploads\/2020\/10\/Puertas-oscilobatientes-balance-system.jpg\" alt=\"Puertas oscilobatientes balance system\" \/>\r\n\t\t<\/div>\r\n<\/div><div id=\"panel-12663-0-0-1\" class=\"so-panel widget widget_themegrill_flash_heading tg-widget section-title-wrapper\" data-index=\"1\" ><div class=\"wow pulse flash_inherit_color panel-widget-style panel-widget-style-for-12663-0-0-1\" data-wow-offset=\"10\" data-wow-iteration=\"1\" >\t<div class=\"heading heading-left divider-without-icon heading-divider\">\r\n\t<h3 class=\"section-title\">Balance System<\/h3>\r\n\t<div class=\"section-description\">Portes Oscillo-battantes Automatiques<\/div>\r\n<\/div>\r\n<\/div><\/div><div id=\"panel-12663-0-0-2\" class=\"so-panel widget widget_text panel-last-child\" data-index=\"2\" >\t\t\t<div class=\"textwidget\"><p>Les <strong>Portes Oscillo-battantes de la gamme Balance System<\/strong> sont une option pour le trafic intense, les zones int\u00e9rieures ou les acc\u00e8s ext\u00e9rieurs avec des courants de vent. Notre op\u00e9rateur AGB pour portes oscillo-battantes maintient la porte sous tension pour assurer une ouverture facile et \u00e9l\u00e9gante et une fermeture s\u00fbre pour les utilisateurs.<\/p>\n<p>Conform\u00e9ment aux normes de s\u00e9curit\u00e9 europ\u00e9ennes les plus strictes (EN 16005), le mod\u00e8le BS-900 de portes oscillo-battantes s&rsquo;adapte aux entr\u00e9es ou couloirs \u00e9troits qui n\u00e9cessitent une largeur de passage maximale. Il est en aluminium, avec de multiples finitions \u00e0 personnaliser selon l&rsquo;esth\u00e9tique du b\u00e2timent et est en outre pr\u00e9par\u00e9 pour les pannes de courant, car il comprend en option une batterie de secours qui garantit le fonctionnement m\u00eame s&rsquo;il peut temporairement manquer de courant.<\/p>\n<ul>\n<li>Parfait pour les couloirs \u00e9troits ou les entr\u00e9es n\u00e9cessitant une large largeur de passage.<\/li>\n<li>S\u00e9curit\u00e9, fiabilit\u00e9 et faible co\u00fbt de maintenance.<\/li>\n<li>Protection renforc\u00e9e gr\u00e2ce \u00e0 des capteurs de s\u00e9curit\u00e9 et une protection anti-pincement entre les feuilles.<\/li>\n<\/ul>\n<p><strong>Sp\u00e9cifications techniques<\/strong><\/p>\n<ul>\n<li>Largeurs de d\u00e9gagement standard de 700 \u00e0 pr\u00e8s de 2800 mm<\/li>\n<li>Profils robustes et r\u00e9sistants<\/li>\n<li>Finitions en aluminium &#8211; laqu\u00e9es ou anodis\u00e9es.<\/li>\n<li>Large gamme de dispositifs de s\u00e9curit\u00e9 et d&rsquo;activation.<\/li>\n<li>Conception et dimensions sp\u00e9ciales sur demande.<\/li>\n<\/ul>\n<\/div>\n\t\t<\/div><\/div><\/div><div id=\"pg-12663-1\"  class=\"panel-grid panel-has-style\" ><div data-overlay-opactity=\"1\" class=\"panel-row-style panel-row-style-for-12663-1\" ><div id=\"pgc-12663-1-0\"  class=\"panel-grid-cell\" ><div id=\"panel-12663-1-0-0\" class=\"so-panel widget widget_themegrill_flash_icon tg-widget tg-icon-widget panel-first-child panel-last-child\" data-index=\"3\" ><ul class=\"tg-icons tg-icons--rectangular-rounded\">\r\n\t<li class=\"tg-icon-container\" style=\"font-size: 14px\">\r\n\t\t\t\t<a href=\"#\"\r\n\t\t\t\t<i class=\"fa fa-download\"><\/i>\r\n\t\t\t\t<\/a>\r\n\t\t\t<\/li>\r\n<\/ul>\r\n<\/div><\/div><div id=\"pgc-12663-1-1\"  class=\"panel-grid-cell\" ><div id=\"panel-12663-1-1-0\" class=\"so-panel widget widget_text panel-first-child panel-last-child\" data-index=\"4\" ><div class=\"panel-widget-style panel-widget-style-for-12663-1-1-0\" ><h3 class=\"widget-title\">T\u00c9L\u00c9CHARGEMENTS<\/h3>\t\t\t<div class=\"textwidget\"><\/div>\n\t\t<\/div><\/div><\/div><\/div><\/div><div id=\"pg-12663-2\"  class=\"panel-grid panel-has-style\" ><div class=\"panel-row-style panel-row-style-for-12663-2\" ><div id=\"pgc-12663-2-0\"  class=\"panel-grid-cell\" ><div id=\"panel-12663-2-0-0\" class=\"so-panel widget widget_text panel-first-child panel-last-child\" data-index=\"5\" >\t\t\t<div class=\"textwidget\"><p><strong>DOCUMENTATION COMMERCIALE<\/strong><\/p>\n<p><strong><a href=\"https:\/\/tdrv.eu\/w8pm2I\"><img decoding=\"async\" class=\"alignnone wp-image-11334 size-full\" src=\"https:\/\/grupsa.com\/wp-content\/uploads\/2020\/02\/call.gif\" alt=\"\" width=\"30\" height=\"27\" \/><\/a>\u00a0Brochure de Produit<\/strong><br \/>\n<strong><a href=\"https:\/\/tdrv.eu\/xhZMH9\"><img decoding=\"async\" class=\"alignnone wp-image-11334 size-full\" src=\"https:\/\/grupsa.com\/wp-content\/uploads\/2020\/02\/call.gif\" alt=\"\" width=\"30\" height=\"27\" \/><\/a>\u00a0H\u00f4tels et Hospitalit\u00e9<\/strong><br \/>\n<a href=\"https:\/\/tdrv.eu\/sXfMY2\"><img decoding=\"async\" class=\"alignnone wp-image-11334 size-full\" src=\"https:\/\/grupsa.com\/wp-content\/uploads\/2020\/02\/call.gif\" alt=\"\" width=\"30\" height=\"27\" \/><\/a><b>\u00a0Centres Commerciaux<\/b><br \/>\n<a href=\"https:\/\/tdrv.eu\/sWtujF\"><img decoding=\"async\" class=\"alignnone wp-image-11334 size-full\" src=\"https:\/\/grupsa.com\/wp-content\/uploads\/2020\/02\/call.gif\" alt=\"\" width=\"30\" height=\"27\" \/><\/a><b>\u00a0Si\u00e8ges et Institutions<\/b><\/p>\n<\/div>\n\t\t<\/div><\/div><div id=\"pgc-12663-2-1\"  class=\"panel-grid-cell panel-grid-cell-empty panel-grid-cell-mobile-last\" ><\/div><div id=\"pgc-12663-2-2\"  class=\"panel-grid-cell panel-grid-cell-empty\" ><\/div><\/div><\/div><\/div>","protected":false},"excerpt":{"rendered":"<p>Les Portes Oscillo-battantes de la gamme Balance System sont une option pour le trafic intense, [&hellip;]<\/p>\n","protected":false},"author":1,"featured_media":0,"parent":0,"menu_order":0,"comment_status":"closed","ping_status":"closed","template":"","meta":{"footnotes":""},"yoast_head":"<!-- This site is optimized with the Yoast SEO plugin v18.8 - https:\/\/yoast.com\/wordpress\/plugins\/seo\/ -->\n<title>Portes Oscillo-battantes - Grupsa<\/title>\n<meta name=\"description\" content=\"Les portes oscillo-battantes sont une option pour les zones \u00e0 fort trafic, les zones int\u00e9rieures ou les entr\u00e9es ext\u00e9rieures avec des courants de vent. Ouverture simple et \u00e9l\u00e9gante.\" \/>\n<meta name=\"robots\" content=\"index, follow, max-snippet:-1, max-image-preview:large, max-video-preview:-1\" \/>\n<link rel=\"canonical\" href=\"https:\/\/grupsa.com\/fr\/puertas-oscilobatientes-balance-system\/\" \/>\n<meta property=\"og:locale\" content=\"fr_FR\" \/>\n<meta property=\"og:type\" content=\"article\" \/>\n<meta property=\"og:title\" content=\"Portes Oscillo-battantes - Grupsa\" \/>\n<meta property=\"og:description\" content=\"Les portes oscillo-battantes sont une option pour les zones \u00e0 fort trafic, les zones int\u00e9rieures ou les entr\u00e9es ext\u00e9rieures avec des courants de vent. Ouverture simple et \u00e9l\u00e9gante.\" \/>\n<meta property=\"og:url\" content=\"https:\/\/grupsa.com\/fr\/puertas-oscilobatientes-balance-system\/\" \/>\n<meta property=\"og:site_name\" content=\"Grupsa\" \/>\n<meta property=\"article:modified_time\" content=\"2023-05-29T07:33:52+00:00\" \/>\n<meta property=\"og:image\" content=\"https:\/\/grupsa.com\/wp-content\/uploads\/2020\/02\/call.gif\" \/>\n<meta name=\"twitter:card\" content=\"summary_large_image\" \/>\n<meta name=\"twitter:label1\" content=\"Dur\u00e9e de lecture estim\u00e9e\" \/>\n\t<meta name=\"twitter:data1\" content=\"2 minutes\" \/>\n<script type=\"application\/ld+json\" class=\"yoast-schema-graph\">{\"@context\":\"https:\/\/schema.org\",\"@graph\":[{\"@type\":\"WebSite\",\"@id\":\"https:\/\/grupsa.com\/fr\/#website\",\"url\":\"https:\/\/grupsa.com\/fr\/\",\"name\":\"Grupsa\",\"description\":\"Accesos que conectan personas\",\"potentialAction\":[{\"@type\":\"SearchAction\",\"target\":{\"@type\":\"EntryPoint\",\"urlTemplate\":\"https:\/\/grupsa.com\/fr\/?s={search_term_string}\"},\"query-input\":\"required name=search_term_string\"}],\"inLanguage\":\"fr-FR\"},{\"@type\":\"ImageObject\",\"inLanguage\":\"fr-FR\",\"@id\":\"https:\/\/grupsa.com\/fr\/puertas-oscilobatientes-balance-system\/#primaryimage\",\"url\":\"https:\/\/grupsa.com\/wp-content\/uploads\/2020\/02\/call.gif\",\"contentUrl\":\"https:\/\/grupsa.com\/wp-content\/uploads\/2020\/02\/call.gif\",\"width\":100,\"height\":93},{\"@type\":\"WebPage\",\"@id\":\"https:\/\/grupsa.com\/fr\/puertas-oscilobatientes-balance-system\/#webpage\",\"url\":\"https:\/\/grupsa.com\/fr\/puertas-oscilobatientes-balance-system\/\",\"name\":\"Portes Oscillo-battantes - Grupsa\",\"isPartOf\":{\"@id\":\"https:\/\/grupsa.com\/fr\/#website\"},\"primaryImageOfPage\":{\"@id\":\"https:\/\/grupsa.com\/fr\/puertas-oscilobatientes-balance-system\/#primaryimage\"},\"datePublished\":\"2020-10-14T11:08:22+00:00\",\"dateModified\":\"2023-05-29T07:33:52+00:00\",\"description\":\"Les portes oscillo-battantes sont une option pour les zones \u00e0 fort trafic, les zones int\u00e9rieures ou les entr\u00e9es ext\u00e9rieures avec des courants de vent. Ouverture simple et \u00e9l\u00e9gante.\",\"breadcrumb\":{\"@id\":\"https:\/\/grupsa.com\/fr\/puertas-oscilobatientes-balance-system\/#breadcrumb\"},\"inLanguage\":\"fr-FR\",\"potentialAction\":[{\"@type\":\"ReadAction\",\"target\":[\"https:\/\/grupsa.com\/fr\/puertas-oscilobatientes-balance-system\/\"]}]},{\"@type\":\"BreadcrumbList\",\"@id\":\"https:\/\/grupsa.com\/fr\/puertas-oscilobatientes-balance-system\/#breadcrumb\",\"itemListElement\":[{\"@type\":\"ListItem\",\"position\":1,\"name\":\"Portada\",\"item\":\"https:\/\/grupsa.com\/fr\/\"},{\"@type\":\"ListItem\",\"position\":2,\"name\":\"Portes Oscillo-battantes\"}]}]}<\/script>\n<!-- \/ Yoast SEO plugin. -->","yoast_head_json":{"title":"Portes Oscillo-battantes - Grupsa","description":"Les portes oscillo-battantes sont une option pour les zones \u00e0 fort trafic, les zones int\u00e9rieures ou les entr\u00e9es ext\u00e9rieures avec des courants de vent. Ouverture simple et \u00e9l\u00e9gante.","robots":{"index":"index","follow":"follow","max-snippet":"max-snippet:-1","max-image-preview":"max-image-preview:large","max-video-preview":"max-video-preview:-1"},"canonical":"https:\/\/grupsa.com\/fr\/puertas-oscilobatientes-balance-system\/","og_locale":"fr_FR","og_type":"article","og_title":"Portes Oscillo-battantes - Grupsa","og_description":"Les portes oscillo-battantes sont une option pour les zones \u00e0 fort trafic, les zones int\u00e9rieures ou les entr\u00e9es ext\u00e9rieures avec des courants de vent. Ouverture simple et \u00e9l\u00e9gante.","og_url":"https:\/\/grupsa.com\/fr\/puertas-oscilobatientes-balance-system\/","og_site_name":"Grupsa","article_modified_time":"2023-05-29T07:33:52+00:00","og_image":[{"url":"https:\/\/grupsa.com\/wp-content\/uploads\/2020\/02\/call.gif"}],"twitter_card":"summary_large_image","twitter_misc":{"Dur\u00e9e de lecture estim\u00e9e":"2 minutes"},"schema":{"@context":"https:\/\/schema.org","@graph":[{"@type":"WebSite","@id":"https:\/\/grupsa.com\/fr\/#website","url":"https:\/\/grupsa.com\/fr\/","name":"Grupsa","description":"Accesos que conectan personas","potentialAction":[{"@type":"SearchAction","target":{"@type":"EntryPoint","urlTemplate":"https:\/\/grupsa.com\/fr\/?s={search_term_string}"},"query-input":"required name=search_term_string"}],"inLanguage":"fr-FR"},{"@type":"ImageObject","inLanguage":"fr-FR","@id":"https:\/\/grupsa.com\/fr\/puertas-oscilobatientes-balance-system\/#primaryimage","url":"https:\/\/grupsa.com\/wp-content\/uploads\/2020\/02\/call.gif","contentUrl":"https:\/\/grupsa.com\/wp-content\/uploads\/2020\/02\/call.gif","width":100,"height":93},{"@type":"WebPage","@id":"https:\/\/grupsa.com\/fr\/puertas-oscilobatientes-balance-system\/#webpage","url":"https:\/\/grupsa.com\/fr\/puertas-oscilobatientes-balance-system\/","name":"Portes Oscillo-battantes - Grupsa","isPartOf":{"@id":"https:\/\/grupsa.com\/fr\/#website"},"primaryImageOfPage":{"@id":"https:\/\/grupsa.com\/fr\/puertas-oscilobatientes-balance-system\/#primaryimage"},"datePublished":"2020-10-14T11:08:22+00:00","dateModified":"2023-05-29T07:33:52+00:00","description":"Les portes oscillo-battantes sont une option pour les zones \u00e0 fort trafic, les zones int\u00e9rieures ou les entr\u00e9es ext\u00e9rieures avec des courants de vent. Ouverture simple et \u00e9l\u00e9gante.","breadcrumb":{"@id":"https:\/\/grupsa.com\/fr\/puertas-oscilobatientes-balance-system\/#breadcrumb"},"inLanguage":"fr-FR","potentialAction":[{"@type":"ReadAction","target":["https:\/\/grupsa.com\/fr\/puertas-oscilobatientes-balance-system\/"]}]},{"@type":"BreadcrumbList","@id":"https:\/\/grupsa.com\/fr\/puertas-oscilobatientes-balance-system\/#breadcrumb","itemListElement":[{"@type":"ListItem","position":1,"name":"Portada","item":"https:\/\/grupsa.com\/fr\/"},{"@type":"ListItem","position":2,"name":"Portes Oscillo-battantes"}]}]}},"_links":{"self":[{"href":"https:\/\/grupsa.com\/fr\/wp-json\/wp\/v2\/pages\/12663"}],"collection":[{"href":"https:\/\/grupsa.com\/fr\/wp-json\/wp\/v2\/pages"}],"about":[{"href":"https:\/\/grupsa.com\/fr\/wp-json\/wp\/v2\/types\/page"}],"author":[{"embeddable":true,"href":"https:\/\/grupsa.com\/fr\/wp-json\/wp\/v2\/users\/1"}],"replies":[{"embeddable":true,"href":"https:\/\/grupsa.com\/fr\/wp-json\/wp\/v2\/comments?post=12663"}],"version-history":[{"count":11,"href":"https:\/\/grupsa.com\/fr\/wp-json\/wp\/v2\/pages\/12663\/revisions"}],"predecessor-version":[{"id":14384,"href":"https:\/\/grupsa.com\/fr\/wp-json\/wp\/v2\/pages\/12663\/revisions\/14384"}],"wp:attachment":[{"href":"https:\/\/grupsa.com\/fr\/wp-json\/wp\/v2\/media?parent=12663"}],"curies":[{"name":"wp","href":"https:\/\/api.w.org\/{rel}","templated":true}]}}