{"id":12641,"date":"2020-09-10T12:34:41","date_gmt":"2020-09-10T10:34:41","guid":{"rendered":"https:\/\/grupsa.com\/puertas-tecnicas-hpl\/"},"modified":"2024-02-26T10:02:38","modified_gmt":"2024-02-26T09:02:38","slug":"portes-techniques-hpl","status":"publish","type":"page","link":"https:\/\/grupsa.com\/fr\/portes-techniques-hpl\/","title":{"rendered":"Kompak System"},"content":{"rendered":"<div id=\"pl-12641\"  class=\"panel-layout\" ><div id=\"pg-12641-0\"  class=\"panel-grid panel-no-style\" ><div id=\"pgc-12641-0-0\"  class=\"panel-grid-cell\" ><div id=\"panel-12641-0-0-0\" class=\"so-panel widget widget_themegrill_flash_image tg-widget tg-image-widget panel-first-child\" data-index=\"0\" ><div class=\"tg-image-block\">\r\n\t\t\t<img decoding=\"async\" src=\"https:\/\/grupsa.com\/wp-content\/uploads\/2020\/09\/kompak-big.jpg\" alt=\"Puertas t\u00e9cnicas HPL\" \/>\r\n\t\t<\/div>\r\n<\/div><div id=\"panel-12641-0-0-1\" class=\"so-panel widget widget_themegrill_flash_heading tg-widget section-title-wrapper\" data-index=\"1\" ><div class=\"wow pulse flash_inherit_color panel-widget-style panel-widget-style-for-12641-0-0-1\" data-wow-offset=\"10\" data-wow-iteration=\"1\" >\t<div class=\"heading heading-left divider-without-icon heading-divider\">\r\n\t<h3 class=\"section-title\">Kompak System<\/h3>\r\n\t<div class=\"section-description\">Portes Techniques HPL \u00e0 usage hospitalier<\/div>\r\n<\/div>\r\n<\/div><\/div><div id=\"panel-12641-0-0-2\" class=\"so-panel widget widget_sow-editor panel-last-child\" data-index=\"2\" ><div\n\t\t\t\n\t\t\tclass=\"so-widget-sow-editor so-widget-sow-editor-base\"\n\t\t\t\n\t\t>\n<div class=\"siteorigin-widget-tinymce textwidget\">\n\t<p>Les <strong>Portes Techniques du Kompak System<\/strong> sont fabriqu\u00e9es en Panneau stratifi\u00e9 haute pression (HPL) avec finition antibact\u00e9rienne (selon la norme JIS Z 2801) sont adapt\u00e9es aux besoins des h\u00f4pitaux et des cliniques. Gr\u00e2ce \u00e0 leur conception compacte et \u00e0 leur polyvalence, ils peuvent \u00eatre adapt\u00e9s \u00e0 de multiples applications hospitali\u00e8res, telles que les salles de consultation, les chambres, les salles de r\u00e9veil, les laboratoires les laboratoires et autres zones hospitali\u00e8res; mais aussi pour des usages au-del\u00e0 de la sant\u00e9, comme les morgues, les \u00e9coles ou les b\u00e2timents institutionnels.<\/p>\n<p>Notre gamme de portes techniques est con\u00e7ue et fabriqu\u00e9e en Espagne selon la r\u00e9glementation europ\u00e9enne, compos\u00e9e de deux feuilles de HPL avec un noyau en polyur\u00e9thane inject\u00e9 tr\u00e8s durable et r\u00e9sistant, un cadre en aluminium et une surface lisse sans moulures. Ils sont tr\u00e8s r\u00e9sistants \u00e0 l'humidit\u00e9 et aux chocs selon la norme (CTE-DB-SB AE Classe 4 &amp; UNE-EN 41955 \/ 41955-2 Classe 4), permettant un faible co\u00fbt de maintenance et une longue dur\u00e9e de vie du produit.<\/p>\n<ul>\n<li>Tr\u00e8s r\u00e9sistant aux impact selon la r\u00e9glementation europ\u00e9enne.<\/li>\n<li>Faible co\u00fbt de maintenance et longue dur\u00e9e de vie.<\/li>\n<li>Personnalisation \u00e9lev\u00e9e et large catalogue d'\u00e9l\u00e9ments optionnels: dimensions de viseur, automatisation d'ouverture, les protecteurs de brancard, les barres anti-panique, etc.<br \/>\n.<\/li>\n<\/ul>\n<p><strong>Sp\u00e9cifications techniques<\/strong><\/p>\n<ul>\n<li>Largeurs de passage libre standard de 620 \u00e0 2950 mm, avec vantaux simples, doubles ou in\u00e9gaux.<\/li>\n<li>Finitions en six couleurs standard.<\/li>\n<li>Portes ph\u00e9noliques avec charni\u00e8res dissimul\u00e9es.<\/li>\n<li>Poign\u00e9es en acier inoxydable.<\/li>\n<li>Diff\u00e9rents types de visionneuses (dimensions, forme ...).<\/li>\n<li>Protection pour brancards jusqu'\u00e0 400 mm de hauteur.<\/li>\n<li>Ouverture automatique de l'op\u00e9rateur Grupsa AGB.<\/li>\n<li>Protection plomb pour salles de radiologie.<\/li>\n<li>Conception et dimensions sp\u00e9ciales sur demande.<\/li>\n<\/ul>\n<\/div>\n<\/div><\/div><\/div><\/div><div id=\"pg-12641-1\"  class=\"panel-grid panel-has-style\" ><div data-overlay-opactity=\"1\" class=\"panel-row-style panel-row-style-for-12641-1\" ><div id=\"pgc-12641-1-0\"  class=\"panel-grid-cell\" ><div id=\"panel-12641-1-0-0\" class=\"so-panel widget widget_themegrill_flash_icon tg-widget tg-icon-widget panel-first-child panel-last-child\" data-index=\"3\" ><ul class=\"tg-icons tg-icons--rectangular-rounded\">\r\n\t<li class=\"tg-icon-container\" style=\"font-size: 14px\">\r\n\t\t\t\t<a href=\"#\"\r\n\t\t\t\t<i class=\"fa fa-download\"><\/i>\r\n\t\t\t\t<\/a>\r\n\t\t\t<\/li>\r\n<\/ul>\r\n<\/div><\/div><div id=\"pgc-12641-1-1\"  class=\"panel-grid-cell\" ><div id=\"panel-12641-1-1-0\" class=\"so-panel widget widget_sow-editor panel-first-child panel-last-child\" data-index=\"4\" ><div\n\t\t\t\n\t\t\tclass=\"so-widget-sow-editor so-widget-sow-editor-base\"\n\t\t\t\n\t\t><h3 class=\"widget-title\">T\u00c9L\u00c9CHARGEMENTS<\/h3>\n<div class=\"siteorigin-widget-tinymce textwidget\">\n\t<\/div>\n<\/div><\/div><\/div><\/div><\/div><div id=\"pg-12641-2\"  class=\"panel-grid panel-has-style\" ><div data-overlay-opactity=\"1\" class=\"panel-row-style panel-row-style-for-12641-2\" ><div id=\"pgc-12641-2-0\"  class=\"panel-grid-cell\" ><div id=\"panel-12641-2-0-0\" class=\"so-panel widget widget_sow-editor panel-first-child panel-last-child\" data-index=\"5\" ><div\n\t\t\t\n\t\t\tclass=\"so-widget-sow-editor so-widget-sow-editor-base\"\n\t\t\t\n\t\t>\n<div class=\"siteorigin-widget-tinymce textwidget\">\n\t<p style=\"text-align: left;\"><strong>DOCUMENTATION COMMERCIALE<\/strong><\/p>\n<p><strong><a href=\"https:\/\/tdrv.eu\/ISRtuI\"><img decoding=\"async\" class=\"alignnone wp-image-11334 \" src=\"https:\/\/grupsa.com\/wp-content\/uploads\/2020\/02\/call.gif\" alt=\"\" width=\"29\" height=\"27\" \/><\/a> Catalogue des produits<\/strong><br \/>\n<strong><a href=\"https:\/\/tdrv.eu\/aZ9aTs\"><img decoding=\"async\" class=\"alignnone size-full wp-image-11334\" src=\"https:\/\/grupsa.com\/wp-content\/uploads\/2020\/02\/call.gif\" alt=\"\" width=\"30\" height=\"27\" \/><\/a> H\u00f4pitaux et secteur de la sant\u00e9<\/strong><\/p>\n<\/div>\n<\/div><\/div><\/div><div id=\"pgc-12641-2-1\"  class=\"panel-grid-cell panel-grid-cell-mobile-last\" ><div id=\"panel-12641-2-1-0\" class=\"so-panel widget widget_sow-editor panel-first-child panel-last-child\" data-index=\"6\" ><div\n\t\t\t\n\t\t\tclass=\"so-widget-sow-editor so-widget-sow-editor-base\"\n\t\t\t\n\t\t>\n<div class=\"siteorigin-widget-tinymce textwidget\">\n\t<\/div>\n<\/div><\/div><\/div><div id=\"pgc-12641-2-2\"  class=\"panel-grid-cell panel-grid-cell-empty\" ><\/div><\/div><\/div><\/div>","protected":false},"excerpt":{"rendered":"<p>Les Portes Techniques du Kompak System sont fabriqu\u00e9es en Panneau stratifi\u00e9 haute pression (HPL) avec [&hellip;]<\/p>\n","protected":false},"author":1,"featured_media":0,"parent":0,"menu_order":0,"comment_status":"closed","ping_status":"closed","template":"","meta":{"footnotes":""},"yoast_head":"<!-- This site is optimized with the Yoast SEO plugin v18.8 - https:\/\/yoast.com\/wordpress\/plugins\/seo\/ -->\n<title>Installateurs et fabricants de portes techniques HPL - Grupsa<\/title>\n<meta name=\"description\" content=\"Nous sommes fabricants et installateurs de portes techniques HPL \u00e0 usage hospitalier. Les portes techniques Kompak Systems s&#039;adaptent aux besoins des cliniques et des h\u00f4pitaux.\" \/>\n<meta name=\"robots\" content=\"index, follow, max-snippet:-1, max-image-preview:large, max-video-preview:-1\" \/>\n<link rel=\"canonical\" href=\"https:\/\/grupsa.com\/fr\/portes-techniques-hpl\/\" \/>\n<meta property=\"og:locale\" content=\"fr_FR\" \/>\n<meta property=\"og:type\" content=\"article\" \/>\n<meta property=\"og:title\" content=\"Installateurs et fabricants de portes techniques HPL - Grupsa\" \/>\n<meta property=\"og:description\" content=\"Nous sommes fabricants et installateurs de portes techniques HPL \u00e0 usage hospitalier. Les portes techniques Kompak Systems s&#039;adaptent aux besoins des cliniques et des h\u00f4pitaux.\" \/>\n<meta property=\"og:url\" content=\"https:\/\/grupsa.com\/fr\/portes-techniques-hpl\/\" \/>\n<meta property=\"og:site_name\" content=\"Grupsa\" \/>\n<meta property=\"article:modified_time\" content=\"2024-02-26T09:02:38+00:00\" \/>\n<meta property=\"og:image\" content=\"https:\/\/grupsa.com\/wp-content\/uploads\/2020\/02\/call.gif\" \/>\n<meta name=\"twitter:card\" content=\"summary_large_image\" \/>\n<meta name=\"twitter:label1\" content=\"Dur\u00e9e de lecture estim\u00e9e\" \/>\n\t<meta name=\"twitter:data1\" content=\"2 minutes\" \/>\n<script type=\"application\/ld+json\" class=\"yoast-schema-graph\">{\"@context\":\"https:\/\/schema.org\",\"@graph\":[{\"@type\":\"WebSite\",\"@id\":\"https:\/\/grupsa.com\/fr\/#website\",\"url\":\"https:\/\/grupsa.com\/fr\/\",\"name\":\"Grupsa\",\"description\":\"Accesos que conectan personas\",\"potentialAction\":[{\"@type\":\"SearchAction\",\"target\":{\"@type\":\"EntryPoint\",\"urlTemplate\":\"https:\/\/grupsa.com\/fr\/?s={search_term_string}\"},\"query-input\":\"required name=search_term_string\"}],\"inLanguage\":\"fr-FR\"},{\"@type\":\"ImageObject\",\"inLanguage\":\"fr-FR\",\"@id\":\"https:\/\/grupsa.com\/fr\/portes-techniques-hpl\/#primaryimage\",\"url\":\"https:\/\/grupsa.com\/wp-content\/uploads\/2020\/02\/call.gif\",\"contentUrl\":\"https:\/\/grupsa.com\/wp-content\/uploads\/2020\/02\/call.gif\",\"width\":100,\"height\":93},{\"@type\":\"WebPage\",\"@id\":\"https:\/\/grupsa.com\/fr\/portes-techniques-hpl\/#webpage\",\"url\":\"https:\/\/grupsa.com\/fr\/portes-techniques-hpl\/\",\"name\":\"Installateurs et fabricants de portes techniques HPL - Grupsa\",\"isPartOf\":{\"@id\":\"https:\/\/grupsa.com\/fr\/#website\"},\"primaryImageOfPage\":{\"@id\":\"https:\/\/grupsa.com\/fr\/portes-techniques-hpl\/#primaryimage\"},\"datePublished\":\"2020-09-10T10:34:41+00:00\",\"dateModified\":\"2024-02-26T09:02:38+00:00\",\"description\":\"Nous sommes fabricants et installateurs de portes techniques HPL \u00e0 usage hospitalier. Les portes techniques Kompak Systems s'adaptent aux besoins des cliniques et des h\u00f4pitaux.\",\"breadcrumb\":{\"@id\":\"https:\/\/grupsa.com\/fr\/portes-techniques-hpl\/#breadcrumb\"},\"inLanguage\":\"fr-FR\",\"potentialAction\":[{\"@type\":\"ReadAction\",\"target\":[\"https:\/\/grupsa.com\/fr\/portes-techniques-hpl\/\"]}]},{\"@type\":\"BreadcrumbList\",\"@id\":\"https:\/\/grupsa.com\/fr\/portes-techniques-hpl\/#breadcrumb\",\"itemListElement\":[{\"@type\":\"ListItem\",\"position\":1,\"name\":\"Portada\",\"item\":\"https:\/\/grupsa.com\/fr\/\"},{\"@type\":\"ListItem\",\"position\":2,\"name\":\"Kompak System\"}]}]}<\/script>\n<!-- \/ Yoast SEO plugin. -->","yoast_head_json":{"title":"Installateurs et fabricants de portes techniques HPL - Grupsa","description":"Nous sommes fabricants et installateurs de portes techniques HPL \u00e0 usage hospitalier. Les portes techniques Kompak Systems s'adaptent aux besoins des cliniques et des h\u00f4pitaux.","robots":{"index":"index","follow":"follow","max-snippet":"max-snippet:-1","max-image-preview":"max-image-preview:large","max-video-preview":"max-video-preview:-1"},"canonical":"https:\/\/grupsa.com\/fr\/portes-techniques-hpl\/","og_locale":"fr_FR","og_type":"article","og_title":"Installateurs et fabricants de portes techniques HPL - Grupsa","og_description":"Nous sommes fabricants et installateurs de portes techniques HPL \u00e0 usage hospitalier. Les portes techniques Kompak Systems s'adaptent aux besoins des cliniques et des h\u00f4pitaux.","og_url":"https:\/\/grupsa.com\/fr\/portes-techniques-hpl\/","og_site_name":"Grupsa","article_modified_time":"2024-02-26T09:02:38+00:00","og_image":[{"url":"https:\/\/grupsa.com\/wp-content\/uploads\/2020\/02\/call.gif"}],"twitter_card":"summary_large_image","twitter_misc":{"Dur\u00e9e de lecture estim\u00e9e":"2 minutes"},"schema":{"@context":"https:\/\/schema.org","@graph":[{"@type":"WebSite","@id":"https:\/\/grupsa.com\/fr\/#website","url":"https:\/\/grupsa.com\/fr\/","name":"Grupsa","description":"Accesos que conectan personas","potentialAction":[{"@type":"SearchAction","target":{"@type":"EntryPoint","urlTemplate":"https:\/\/grupsa.com\/fr\/?s={search_term_string}"},"query-input":"required name=search_term_string"}],"inLanguage":"fr-FR"},{"@type":"ImageObject","inLanguage":"fr-FR","@id":"https:\/\/grupsa.com\/fr\/portes-techniques-hpl\/#primaryimage","url":"https:\/\/grupsa.com\/wp-content\/uploads\/2020\/02\/call.gif","contentUrl":"https:\/\/grupsa.com\/wp-content\/uploads\/2020\/02\/call.gif","width":100,"height":93},{"@type":"WebPage","@id":"https:\/\/grupsa.com\/fr\/portes-techniques-hpl\/#webpage","url":"https:\/\/grupsa.com\/fr\/portes-techniques-hpl\/","name":"Installateurs et fabricants de portes techniques HPL - Grupsa","isPartOf":{"@id":"https:\/\/grupsa.com\/fr\/#website"},"primaryImageOfPage":{"@id":"https:\/\/grupsa.com\/fr\/portes-techniques-hpl\/#primaryimage"},"datePublished":"2020-09-10T10:34:41+00:00","dateModified":"2024-02-26T09:02:38+00:00","description":"Nous sommes fabricants et installateurs de portes techniques HPL \u00e0 usage hospitalier. Les portes techniques Kompak Systems s'adaptent aux besoins des cliniques et des h\u00f4pitaux.","breadcrumb":{"@id":"https:\/\/grupsa.com\/fr\/portes-techniques-hpl\/#breadcrumb"},"inLanguage":"fr-FR","potentialAction":[{"@type":"ReadAction","target":["https:\/\/grupsa.com\/fr\/portes-techniques-hpl\/"]}]},{"@type":"BreadcrumbList","@id":"https:\/\/grupsa.com\/fr\/portes-techniques-hpl\/#breadcrumb","itemListElement":[{"@type":"ListItem","position":1,"name":"Portada","item":"https:\/\/grupsa.com\/fr\/"},{"@type":"ListItem","position":2,"name":"Kompak System"}]}]}},"_links":{"self":[{"href":"https:\/\/grupsa.com\/fr\/wp-json\/wp\/v2\/pages\/12641"}],"collection":[{"href":"https:\/\/grupsa.com\/fr\/wp-json\/wp\/v2\/pages"}],"about":[{"href":"https:\/\/grupsa.com\/fr\/wp-json\/wp\/v2\/types\/page"}],"author":[{"embeddable":true,"href":"https:\/\/grupsa.com\/fr\/wp-json\/wp\/v2\/users\/1"}],"replies":[{"embeddable":true,"href":"https:\/\/grupsa.com\/fr\/wp-json\/wp\/v2\/comments?post=12641"}],"version-history":[{"count":12,"href":"https:\/\/grupsa.com\/fr\/wp-json\/wp\/v2\/pages\/12641\/revisions"}],"predecessor-version":[{"id":14800,"href":"https:\/\/grupsa.com\/fr\/wp-json\/wp\/v2\/pages\/12641\/revisions\/14800"}],"wp:attachment":[{"href":"https:\/\/grupsa.com\/fr\/wp-json\/wp\/v2\/media?parent=12641"}],"curies":[{"name":"wp","href":"https:\/\/api.w.org\/{rel}","templated":true}]}}