{"id":12229,"date":"2019-08-05T15:08:54","date_gmt":"2019-08-05T13:08:54","guid":{"rendered":"https:\/\/grupsa.com\/nuestros-valores\/"},"modified":"2020-03-09T15:53:41","modified_gmt":"2020-03-09T14:53:41","slug":"nos-valeurs","status":"publish","type":"page","link":"https:\/\/grupsa.com\/fr\/nos-valeurs\/","title":{"rendered":"Nos valeurs"},"content":{"rendered":"<div id=\"pl-12229\"  class=\"panel-layout\" ><div id=\"pg-12229-0\"  class=\"panel-grid panel-has-style\" ><div data-overlay-opactity=\"1\" class=\"panel-row-style panel-row-style-for-12229-0\" ><div id=\"pgc-12229-0-0\"  class=\"panel-grid-cell\" ><div id=\"panel-12229-0-0-0\" class=\"so-panel widget widget_themegrill_flash_image tg-widget tg-image-widget panel-first-child\" data-index=\"0\" ><div class=\"tg-image-block\">\r\n\t\t\t<img decoding=\"async\" src=\"https:\/\/grupsa.com\/wp-content\/uploads\/2020\/02\/Nuestros-valores.jpg\" alt=\"\" \/>\r\n\t\t<\/div>\r\n<\/div><div id=\"panel-12229-0-0-1\" class=\"so-panel widget widget_themegrill_flash_heading tg-widget section-title-wrapper\" data-index=\"1\" >\t<div class=\"heading heading-left divider-without-icon heading-divider\">\r\n\t<h3 class=\"section-title\">Nos valeurs<\/h3>\r\n\t<div class=\"section-description\">DES ACC\u00c8S QUI CONNECTENT LES PERSONNES<\/div>\r\n<\/div>\r\n<\/div><div id=\"panel-12229-0-0-2\" class=\"so-panel widget widget_text\" data-index=\"2\" ><div class=\"panel-widget-style panel-widget-style-for-12229-0-0-2\" >\t\t\t<div class=\"textwidget\"><p>Chez Grupsa, nous nous engageons \u00e0 fournir les plus hauts <strong>niveaux de qualit\u00e9 des produits et services<\/strong>, afin de r\u00e9pondre aux besoins de nos clients: design, fonctionnalit\u00e9 et performance. Notre trajectoire, dans le secteur de la conception et de la fabrication de syst\u00e8mes de portes automatiques, repose sur quatre valeurs, qui se refl\u00e8tent dans notre engagement \u00e0 respecter les normes ISO 9001: 2015.<\/p>\n<\/div>\n\t\t<\/div><\/div><div id=\"panel-12229-0-0-3\" class=\"so-panel widget widget_themegrill_flash_icon_list tg-widget tg-icon-list-widget\" data-index=\"3\" ><div class=\"panel-widget-style panel-widget-style-for-12229-0-0-3\" ><div class=\"tg-icon-list tg-icon-list--rounded-rectangle tg-icon-list--divider\">\r\n\t\t<ul class= \"tg-icon-list-lister\">\r\n\t\t\t\t\t<li class=\"tg-icon-list-list\">\r\n\t\t\t\t<div class=\"tg-icon-list-table\">\r\n\t\t\t\t\t<div class=\"tg-icon-list-cell\">\r\n\t\t\t\t\t\t\t\t\t\t\t\t\t<i class=\"tg-icon-list__icon fa fa-codepen\"><\/i>\r\n\t\t\t\t\t\t\t\t\t\t\t\t\t\t\t\t\t\t\t<span class=\"icon-list__text\">Innovation<\/span>\r\n\t\t\t\t\t\t\t\t\t\t\t<\/div>\r\n\t\t\t\t<\/div>\r\n\t\t\t<\/li>\r\n\t\t\t\t\t\t<li class=\"tg-icon-list-list\">\r\n\t\t\t\t<div class=\"tg-icon-list-table\">\r\n\t\t\t\t\t<div class=\"tg-icon-list-cell\">\r\n\t\t\t\t\t\t\t\t\t\t\t\t\t<i class=\"tg-icon-list__icon fa fa-handshake-o\"><\/i>\r\n\t\t\t\t\t\t\t\t\t\t\t\t\t\t\t\t\t\t\t<span class=\"icon-list__text\">Satisfaction du client<\/span>\r\n\t\t\t\t\t\t\t\t\t\t\t<\/div>\r\n\t\t\t\t<\/div>\r\n\t\t\t<\/li>\r\n\t\t\t\t\t\t<li class=\"tg-icon-list-list\">\r\n\t\t\t\t<div class=\"tg-icon-list-table\">\r\n\t\t\t\t\t<div class=\"tg-icon-list-cell\">\r\n\t\t\t\t\t\t\t\t\t\t\t\t\t<i class=\"tg-icon-list__icon fa fa-plus-square\"><\/i>\r\n\t\t\t\t\t\t\t\t\t\t\t\t\t\t\t\t\t\t\t<span class=\"icon-list__text\">Qualit\u00e9<\/span>\r\n\t\t\t\t\t\t\t\t\t\t\t<\/div>\r\n\t\t\t\t<\/div>\r\n\t\t\t<\/li>\r\n\t\t\t\t\t\t<li class=\"tg-icon-list-list\">\r\n\t\t\t\t<div class=\"tg-icon-list-table\">\r\n\t\t\t\t\t<div class=\"tg-icon-list-cell\">\r\n\t\t\t\t\t\t\t\t\t\t\t\t\t<i class=\"tg-icon-list__icon fa fa-leaf\"><\/i>\r\n\t\t\t\t\t\t\t\t\t\t\t\t\t\t\t\t\t\t\t<span class=\"icon-list__text\">Efficacit\u00e9 \u00c9cologique<\/span>\r\n\t\t\t\t\t\t\t\t\t\t\t<\/div>\r\n\t\t\t\t<\/div>\r\n\t\t\t<\/li>\r\n\t\t\t\t<\/ul>\r\n\t<\/div>\r\n<\/div><\/div><div id=\"panel-12229-0-0-4\" class=\"so-panel widget widget_text panel-last-child\" data-index=\"4\" >\t\t\t<div class=\"textwidget\"><h3>Engag\u00e9 pour la plan\u00e8te et l&rsquo;efficacit\u00e9 \u00e9nerg\u00e9tique<\/h3>\n<p>Chez GRUPSA, nous avons d\u00e9velopp\u00e9 une philosophie de service visant nos clients et les utilisateurs de nos syst\u00e8mes, avec les garanties maximales de qualit\u00e9 et d&rsquo;excellence, en adaptant nos produits aux exigences des directeurs d&rsquo;achat, aux derni\u00e8res technologies et aux besoins et attentes de March\u00e9s internationaux L&rsquo;objectif de notre politique qualit\u00e9 est la consolidation de cet engagement, ferme et constant, pour l&rsquo;am\u00e9lioration continue de notre travail quotidien.<\/p>\n<p>Notre <strong>engagement environnemental<\/strong>, inclus dans l&rsquo;ad\u00e9quation <strong>ISO 14001<\/strong>, \u00e0 une consommation responsable des ressources naturelles des installations (\u00e9conomies d&rsquo;eau, consommation rationnelle d&rsquo;\u00e9nergie, produits et mat\u00e9riaux &#8230;), une bonne gestion des d\u00e9chets et une collaboration responsable du soutien environnemental \u00e0 travers les campagnes et programmes que Grupsa m\u00e8ne dans ses environs.<\/p>\n<\/div>\n\t\t<\/div><\/div><\/div><\/div><div id=\"pg-12229-1\"  class=\"panel-grid panel-has-style\" ><div data-overlay-opactity=\"1\" class=\"panel-row-style panel-row-style-for-12229-1\" ><div id=\"pgc-12229-1-0\"  class=\"panel-grid-cell\" ><div id=\"panel-12229-1-0-0\" class=\"so-panel widget widget_sow-image panel-first-child panel-last-child\" data-index=\"5\" ><div\n\t\t\t\n\t\t\tclass=\"so-widget-sow-image so-widget-sow-image-default-8b5b6f678277-12229\"\n\t\t\t\n\t\t>\n<div class=\"sow-image-container\">\n\t\t<img \n\tsrc=\"https:\/\/grupsa.com\/wp-content\/uploads\/2019\/08\/certificado-Grupsa-AENOR-566x800.jpg\" width=\"566\" height=\"800\" srcset=\"https:\/\/grupsa.com\/wp-content\/uploads\/2019\/08\/certificado-Grupsa-AENOR-566x800.jpg 566w, https:\/\/grupsa.com\/wp-content\/uploads\/2019\/08\/certificado-Grupsa-AENOR-566x800-212x300.jpg 212w\" sizes=\"(max-width: 566px) 100vw, 566px\" title=\"certificado-Grupsa-AENOR-566&#215;800\" alt=\"\" \t\tclass=\"so-widget-image\"\/>\n\t<\/div>\n\n<\/div><\/div><\/div><div id=\"pgc-12229-1-1\"  class=\"panel-grid-cell\" ><div id=\"panel-12229-1-1-0\" class=\"so-panel widget widget_sow-image panel-first-child panel-last-child\" data-index=\"6\" ><div\n\t\t\t\n\t\t\tclass=\"so-widget-sow-image so-widget-sow-image-default-8b5b6f678277-12229\"\n\t\t\t\n\t\t>\n<div class=\"sow-image-container\">\n\t\t<img \n\tsrc=\"https:\/\/grupsa.com\/wp-content\/uploads\/2019\/08\/certificado-IQNET-ISO-9001-566x800.jpg\" width=\"566\" height=\"800\" srcset=\"https:\/\/grupsa.com\/wp-content\/uploads\/2019\/08\/certificado-IQNET-ISO-9001-566x800.jpg 566w, https:\/\/grupsa.com\/wp-content\/uploads\/2019\/08\/certificado-IQNET-ISO-9001-566x800-212x300.jpg 212w\" sizes=\"(max-width: 566px) 100vw, 566px\" title=\"certificado-IQNET-ISO-9001-566&#215;800\" alt=\"\" \t\tclass=\"so-widget-image\"\/>\n\t<\/div>\n\n<\/div><\/div><\/div><div id=\"pgc-12229-1-2\"  class=\"panel-grid-cell\" ><div id=\"panel-12229-1-2-0\" class=\"so-panel widget widget_sow-image panel-first-child panel-last-child\" data-index=\"7\" ><div\n\t\t\t\n\t\t\tclass=\"so-widget-sow-image so-widget-sow-image-default-8b5b6f678277-12229\"\n\t\t\t\n\t\t>\n<div class=\"sow-image-container\">\n\t\t<img \n\tsrc=\"https:\/\/grupsa.com\/wp-content\/uploads\/2019\/08\/certificado-AENOR-gestion-ambiental-GRUPSA-puertas-automaticas-566x800.jpg\" width=\"566\" height=\"800\" srcset=\"https:\/\/grupsa.com\/wp-content\/uploads\/2019\/08\/certificado-AENOR-gestion-ambiental-GRUPSA-puertas-automaticas-566x800.jpg 566w, https:\/\/grupsa.com\/wp-content\/uploads\/2019\/08\/certificado-AENOR-gestion-ambiental-GRUPSA-puertas-automaticas-566x800-212x300.jpg 212w\" sizes=\"(max-width: 566px) 100vw, 566px\" title=\"certificado-AENOR-gestion-ambiental-GRUPSA-puertas-automaticas-566&#215;800\" alt=\"\" \t\tclass=\"so-widget-image\"\/>\n\t<\/div>\n\n<\/div><\/div><\/div><div id=\"pgc-12229-1-3\"  class=\"panel-grid-cell\" ><div id=\"panel-12229-1-3-0\" class=\"so-panel widget widget_sow-image panel-first-child panel-last-child\" data-index=\"8\" ><div\n\t\t\t\n\t\t\tclass=\"so-widget-sow-image so-widget-sow-image-default-8b5b6f678277-12229\"\n\t\t\t\n\t\t>\n<div class=\"sow-image-container\">\n\t\t<img \n\tsrc=\"https:\/\/grupsa.com\/wp-content\/uploads\/2019\/08\/certificado-IQNET-ISO-14001-566x800.jpg\" width=\"566\" height=\"800\" srcset=\"https:\/\/grupsa.com\/wp-content\/uploads\/2019\/08\/certificado-IQNET-ISO-14001-566x800.jpg 566w, https:\/\/grupsa.com\/wp-content\/uploads\/2019\/08\/certificado-IQNET-ISO-14001-566x800-212x300.jpg 212w\" sizes=\"(max-width: 566px) 100vw, 566px\" title=\"certificado-IQNET-ISO-14001-566&#215;800\" alt=\"\" \t\tclass=\"so-widget-image\"\/>\n\t<\/div>\n\n<\/div><\/div><\/div><\/div><\/div><\/div>","protected":false},"excerpt":{"rendered":"<p>Chez Grupsa, nous nous engageons \u00e0 fournir les plus hauts niveaux de qualit\u00e9 des produits [&hellip;]<\/p>\n","protected":false},"author":1,"featured_media":0,"parent":0,"menu_order":0,"comment_status":"closed","ping_status":"closed","template":"","meta":{"footnotes":""},"yoast_head":"<!-- This site is optimized with the Yoast SEO plugin v18.8 - https:\/\/yoast.com\/wordpress\/plugins\/seo\/ -->\n<title>Nos valeurs - Grupsa<\/title>\n<meta name=\"description\" content=\"Nous nous engageons \u00e0 fournir les plus hauts niveaux de qualit\u00e9 pour r\u00e9pondre aux besoins des clients: design, fonctionnalit\u00e9 et performance.\" \/>\n<meta name=\"robots\" content=\"index, follow, max-snippet:-1, max-image-preview:large, max-video-preview:-1\" \/>\n<link rel=\"canonical\" href=\"https:\/\/grupsa.com\/fr\/nos-valeurs\/\" \/>\n<meta property=\"og:locale\" content=\"fr_FR\" \/>\n<meta property=\"og:type\" content=\"article\" \/>\n<meta property=\"og:title\" content=\"Nos valeurs - Grupsa\" \/>\n<meta property=\"og:description\" content=\"Nous nous engageons \u00e0 fournir les plus hauts niveaux de qualit\u00e9 pour r\u00e9pondre aux besoins des clients: design, fonctionnalit\u00e9 et performance.\" \/>\n<meta property=\"og:url\" content=\"https:\/\/grupsa.com\/fr\/nos-valeurs\/\" \/>\n<meta property=\"og:site_name\" content=\"Grupsa\" \/>\n<meta property=\"article:modified_time\" content=\"2020-03-09T14:53:41+00:00\" \/>\n<meta name=\"twitter:card\" content=\"summary_large_image\" \/>\n<meta name=\"twitter:label1\" content=\"Dur\u00e9e de lecture estim\u00e9e\" \/>\n\t<meta name=\"twitter:data1\" content=\"1 minute\" \/>\n<script type=\"application\/ld+json\" class=\"yoast-schema-graph\">{\"@context\":\"https:\/\/schema.org\",\"@graph\":[{\"@type\":\"WebSite\",\"@id\":\"https:\/\/grupsa.com\/fr\/#website\",\"url\":\"https:\/\/grupsa.com\/fr\/\",\"name\":\"Grupsa\",\"description\":\"Accesos que conectan personas\",\"potentialAction\":[{\"@type\":\"SearchAction\",\"target\":{\"@type\":\"EntryPoint\",\"urlTemplate\":\"https:\/\/grupsa.com\/fr\/?s={search_term_string}\"},\"query-input\":\"required name=search_term_string\"}],\"inLanguage\":\"fr-FR\"},{\"@type\":\"WebPage\",\"@id\":\"https:\/\/grupsa.com\/fr\/nos-valeurs\/#webpage\",\"url\":\"https:\/\/grupsa.com\/fr\/nos-valeurs\/\",\"name\":\"Nos valeurs - Grupsa\",\"isPartOf\":{\"@id\":\"https:\/\/grupsa.com\/fr\/#website\"},\"datePublished\":\"2019-08-05T13:08:54+00:00\",\"dateModified\":\"2020-03-09T14:53:41+00:00\",\"description\":\"Nous nous engageons \u00e0 fournir les plus hauts niveaux de qualit\u00e9 pour r\u00e9pondre aux besoins des clients: design, fonctionnalit\u00e9 et performance.\",\"breadcrumb\":{\"@id\":\"https:\/\/grupsa.com\/fr\/nos-valeurs\/#breadcrumb\"},\"inLanguage\":\"fr-FR\",\"potentialAction\":[{\"@type\":\"ReadAction\",\"target\":[\"https:\/\/grupsa.com\/fr\/nos-valeurs\/\"]}]},{\"@type\":\"BreadcrumbList\",\"@id\":\"https:\/\/grupsa.com\/fr\/nos-valeurs\/#breadcrumb\",\"itemListElement\":[{\"@type\":\"ListItem\",\"position\":1,\"name\":\"Portada\",\"item\":\"https:\/\/grupsa.com\/fr\/\"},{\"@type\":\"ListItem\",\"position\":2,\"name\":\"Nos valeurs\"}]}]}<\/script>\n<!-- \/ Yoast SEO plugin. -->","yoast_head_json":{"title":"Nos valeurs - Grupsa","description":"Nous nous engageons \u00e0 fournir les plus hauts niveaux de qualit\u00e9 pour r\u00e9pondre aux besoins des clients: design, fonctionnalit\u00e9 et performance.","robots":{"index":"index","follow":"follow","max-snippet":"max-snippet:-1","max-image-preview":"max-image-preview:large","max-video-preview":"max-video-preview:-1"},"canonical":"https:\/\/grupsa.com\/fr\/nos-valeurs\/","og_locale":"fr_FR","og_type":"article","og_title":"Nos valeurs - Grupsa","og_description":"Nous nous engageons \u00e0 fournir les plus hauts niveaux de qualit\u00e9 pour r\u00e9pondre aux besoins des clients: design, fonctionnalit\u00e9 et performance.","og_url":"https:\/\/grupsa.com\/fr\/nos-valeurs\/","og_site_name":"Grupsa","article_modified_time":"2020-03-09T14:53:41+00:00","twitter_card":"summary_large_image","twitter_misc":{"Dur\u00e9e de lecture estim\u00e9e":"1 minute"},"schema":{"@context":"https:\/\/schema.org","@graph":[{"@type":"WebSite","@id":"https:\/\/grupsa.com\/fr\/#website","url":"https:\/\/grupsa.com\/fr\/","name":"Grupsa","description":"Accesos que conectan personas","potentialAction":[{"@type":"SearchAction","target":{"@type":"EntryPoint","urlTemplate":"https:\/\/grupsa.com\/fr\/?s={search_term_string}"},"query-input":"required name=search_term_string"}],"inLanguage":"fr-FR"},{"@type":"WebPage","@id":"https:\/\/grupsa.com\/fr\/nos-valeurs\/#webpage","url":"https:\/\/grupsa.com\/fr\/nos-valeurs\/","name":"Nos valeurs - Grupsa","isPartOf":{"@id":"https:\/\/grupsa.com\/fr\/#website"},"datePublished":"2019-08-05T13:08:54+00:00","dateModified":"2020-03-09T14:53:41+00:00","description":"Nous nous engageons \u00e0 fournir les plus hauts niveaux de qualit\u00e9 pour r\u00e9pondre aux besoins des clients: design, fonctionnalit\u00e9 et performance.","breadcrumb":{"@id":"https:\/\/grupsa.com\/fr\/nos-valeurs\/#breadcrumb"},"inLanguage":"fr-FR","potentialAction":[{"@type":"ReadAction","target":["https:\/\/grupsa.com\/fr\/nos-valeurs\/"]}]},{"@type":"BreadcrumbList","@id":"https:\/\/grupsa.com\/fr\/nos-valeurs\/#breadcrumb","itemListElement":[{"@type":"ListItem","position":1,"name":"Portada","item":"https:\/\/grupsa.com\/fr\/"},{"@type":"ListItem","position":2,"name":"Nos valeurs"}]}]}},"_links":{"self":[{"href":"https:\/\/grupsa.com\/fr\/wp-json\/wp\/v2\/pages\/12229"}],"collection":[{"href":"https:\/\/grupsa.com\/fr\/wp-json\/wp\/v2\/pages"}],"about":[{"href":"https:\/\/grupsa.com\/fr\/wp-json\/wp\/v2\/types\/page"}],"author":[{"embeddable":true,"href":"https:\/\/grupsa.com\/fr\/wp-json\/wp\/v2\/users\/1"}],"replies":[{"embeddable":true,"href":"https:\/\/grupsa.com\/fr\/wp-json\/wp\/v2\/comments?post=12229"}],"version-history":[{"count":6,"href":"https:\/\/grupsa.com\/fr\/wp-json\/wp\/v2\/pages\/12229\/revisions"}],"predecessor-version":[{"id":12236,"href":"https:\/\/grupsa.com\/fr\/wp-json\/wp\/v2\/pages\/12229\/revisions\/12236"}],"wp:attachment":[{"href":"https:\/\/grupsa.com\/fr\/wp-json\/wp\/v2\/media?parent=12229"}],"curies":[{"name":"wp","href":"https:\/\/api.w.org\/{rel}","templated":true}]}}