{"id":12221,"date":"2019-07-22T13:57:53","date_gmt":"2019-07-22T11:57:53","guid":{"rendered":"https:\/\/grupsa.com\/about-us\/"},"modified":"2023-04-11T14:07:07","modified_gmt":"2023-04-11T12:07:07","slug":"notre-entreprise","status":"publish","type":"page","link":"https:\/\/grupsa.com\/fr\/notre-entreprise\/","title":{"rendered":"Notre entreprise"},"content":{"rendered":"<div id=\"pl-12221\"  class=\"panel-layout\" ><div id=\"pg-12221-0\"  class=\"panel-grid panel-has-style\" ><div data-overlay-opactity=\"1\" class=\"panel-row-style panel-row-style-for-12221-0\" ><div id=\"pgc-12221-0-0\"  class=\"panel-grid-cell\" ><div id=\"panel-12221-0-0-0\" class=\"so-panel widget widget_themegrill_flash_image tg-widget tg-image-widget panel-first-child\" data-index=\"0\" ><div class=\"tg-image-block\">\r\n\t\t\t<img decoding=\"async\" src=\"https:\/\/grupsa.com\/wp-content\/uploads\/2020\/02\/Grupsa-fabrica.jpg\" alt=\"\" \/>\r\n\t\t<\/div>\r\n<\/div><div id=\"panel-12221-0-0-1\" class=\"so-panel widget widget_themegrill_flash_heading tg-widget section-title-wrapper\" data-index=\"1\" >\t<div class=\"heading heading-left divider-without-icon heading-divider\">\r\n\t<h3 class=\"section-title\">Grupsa<\/h3>\r\n\t<div class=\"section-description\">SYST\u00c8MES DE PORTES AUTOMATIQUES<\/div>\r\n<\/div>\r\n<\/div><div id=\"panel-12221-0-0-2\" class=\"so-panel widget widget_text\" data-index=\"2\" >\t\t\t<div class=\"textwidget\"><p>Chez Grupsa, nous innovons depuis plus de cinquante ans pour proposer les meilleures solutions pour les<strong> entr\u00e9es de b\u00e2timents<\/strong>. Nous concevons, fabriquons et installons des <strong>syst\u00e8mes de portes automatiques<\/strong> pour h\u00f4tels, centres commerciaux, h\u00f4pitaux, bureaux, centres de transport &#8230; Grupsa est une entreprise innovante qui travaille avec des architectes, ing\u00e9nieurs, propri\u00e9t\u00e9s et entrepreneurs du monde entier pour proposer les produits les plus adapt\u00e9s pour les exigences de chaque projet.<\/p>\n<p>Au cours des deux derni\u00e8res d\u00e9cennies, nous avons int\u00e9gr\u00e9 deux gammes compl\u00e8tes pour le march\u00e9 de la sant\u00e9 et de l&rsquo;h\u00f4pital (<a href=\"https:\/\/grupsa.com\/fr\/salles-operation-modulaires-clean-system\/\"><strong>Clean System<\/strong><\/a> et <a href=\"https:\/\/grupsa.com\/fr\/systemes-pour-salles-doperation-et-salles-blanches\/\"><strong>Hospital System<\/strong><\/a>) dans notre portefeuille de produits ainsi qu&rsquo;une division pour le secteur des transports pour garantir la s\u00e9curit\u00e9 des passagers sur les routes gr\u00e2ce \u00e0 notre plateforme de portes, <a href=\"https:\/\/grupsa.com\/fr\/portes-de-quai\/\"><strong>Platform Screen Doors (PSD) de notre gamme Screen System.<\/strong><\/a><\/p>\n<\/div>\n\t\t<\/div><div id=\"panel-12221-0-0-3\" class=\"so-panel widget widget_sow-button panel-last-child\" data-index=\"3\" ><div class=\"panel-widget-style panel-widget-style-for-12221-0-0-3\" ><div\n\t\t\t\n\t\t\tclass=\"so-widget-sow-button so-widget-sow-button-atom-e1777fe6869a-12221\"\n\t\t\t\n\t\t><div class=\"ow-button-base ow-button-align-center\"\n>\n\t\t\t<a\n\t\t\t\t\thref=\"https:\/\/tdrv.eu\/v1P\"\n\t\t\t\t\tclass=\"sowb-button ow-icon-placement-left ow-button-hover\" \t>\n\t\t<span>\n\t\t\t<span class=\"sow-icon-icomoon\" data-sow-icon=\"&#xe960;\"\n\t\tstyle=\"\" \n\t\taria-hidden=\"true\"><\/span>\n\t\t\tBrochure d'entreprise (AN)\t\t<\/span>\n\t\t\t<\/a>\n\t<\/div>\n<\/div><\/div><\/div><\/div><\/div><\/div><div id=\"pg-12221-1\"  class=\"panel-grid panel-has-style\" ><div data-overlay-opactity=\"1\" class=\"panel-row-style panel-row-style-for-12221-1\" ><div id=\"pgc-12221-1-0\"  class=\"panel-grid-cell\" ><div id=\"panel-12221-1-0-0\" class=\"so-panel widget widget_themegrill_flash_image tg-widget tg-image-widget panel-first-child panel-last-child\" data-index=\"4\" ><div class=\"tg-image-block\">\r\n\t\t\t<img decoding=\"async\" src=\"https:\/\/grupsa.com\/wp-content\/uploads\/2020\/02\/Somos-2.jpg\" alt=\"\" \/>\r\n\t\t<\/div>\r\n<\/div><\/div><div id=\"pgc-12221-1-1\"  class=\"panel-grid-cell\" ><div id=\"panel-12221-1-1-0\" class=\"so-panel widget widget_themegrill_flash_image tg-widget tg-image-widget panel-first-child panel-last-child\" data-index=\"5\" ><div class=\"tg-image-block\">\r\n\t\t\t<img decoding=\"async\" src=\"https:\/\/grupsa.com\/wp-content\/uploads\/2020\/02\/somos-1.jpg\" alt=\"\" \/>\r\n\t\t<\/div>\r\n<\/div><\/div><\/div><\/div><div id=\"pg-12221-2\"  class=\"panel-grid panel-has-style\" ><div data-overlay-opactity=\"1\" class=\"panel-row-style panel-row-style-for-12221-2\" ><div id=\"pgc-12221-2-0\"  class=\"panel-grid-cell\" ><div id=\"panel-12221-2-0-0\" class=\"so-panel widget widget_media_video panel-first-child panel-last-child\" data-index=\"6\" ><div style=\"width:100%;\" class=\"wp-video\"><!--[if lt IE 9]><script>document.createElement('video');<\/script><![endif]-->\n<video class=\"wp-video-shortcode\" id=\"video-12221-1\" loop=\"1\" preload=\"auto\" controls=\"controls\"><source type=\"video\/youtube\" src=\"https:\/\/www.youtube.com\/watch?v=iXusOsRJau8&#038;t=7s&#038;_=1\" \/><a href=\"https:\/\/www.youtube.com\/watch?v=iXusOsRJau8&#038;t=7s\">https:\/\/www.youtube.com\/watch?v=iXusOsRJau8&#038;t=7s<\/a><\/video><\/div><\/div><\/div><\/div><\/div><\/div>","protected":false},"excerpt":{"rendered":"<p>Chez Grupsa, nous innovons depuis plus de cinquante ans pour proposer les meilleures solutions pour [&hellip;]<\/p>\n","protected":false},"author":1,"featured_media":0,"parent":0,"menu_order":0,"comment_status":"closed","ping_status":"closed","template":"","meta":{"footnotes":""},"yoast_head":"<!-- This site is optimized with the Yoast SEO plugin v18.8 - https:\/\/yoast.com\/wordpress\/plugins\/seo\/ -->\n<title>Fabricants de portes automatiques - Grupsa<\/title>\n<meta name=\"description\" content=\"Chez Grupsa, nous sommes fabricants de portes automatiques. Notre entreprise se charge \u00e9galement de la conception et de l&#039;installation de tous types de portes automatiques.\" \/>\n<meta name=\"robots\" content=\"index, follow, max-snippet:-1, max-image-preview:large, max-video-preview:-1\" \/>\n<link rel=\"canonical\" href=\"https:\/\/grupsa.com\/fr\/notre-entreprise\/\" \/>\n<meta property=\"og:locale\" content=\"fr_FR\" \/>\n<meta property=\"og:type\" content=\"article\" \/>\n<meta property=\"og:title\" content=\"Fabricants de portes automatiques - Grupsa\" \/>\n<meta property=\"og:description\" content=\"Chez Grupsa, nous sommes fabricants de portes automatiques. Notre entreprise se charge \u00e9galement de la conception et de l&#039;installation de tous types de portes automatiques.\" \/>\n<meta property=\"og:url\" content=\"https:\/\/grupsa.com\/fr\/notre-entreprise\/\" \/>\n<meta property=\"og:site_name\" content=\"Grupsa\" \/>\n<meta property=\"article:modified_time\" content=\"2023-04-11T12:07:07+00:00\" \/>\n<meta name=\"twitter:card\" content=\"summary_large_image\" \/>\n<meta name=\"twitter:label1\" content=\"Dur\u00e9e de lecture estim\u00e9e\" \/>\n\t<meta name=\"twitter:data1\" content=\"1 minute\" \/>\n<script type=\"application\/ld+json\" class=\"yoast-schema-graph\">{\"@context\":\"https:\/\/schema.org\",\"@graph\":[{\"@type\":\"WebSite\",\"@id\":\"https:\/\/grupsa.com\/fr\/#website\",\"url\":\"https:\/\/grupsa.com\/fr\/\",\"name\":\"Grupsa\",\"description\":\"Accesos que conectan personas\",\"potentialAction\":[{\"@type\":\"SearchAction\",\"target\":{\"@type\":\"EntryPoint\",\"urlTemplate\":\"https:\/\/grupsa.com\/fr\/?s={search_term_string}\"},\"query-input\":\"required name=search_term_string\"}],\"inLanguage\":\"fr-FR\"},{\"@type\":\"WebPage\",\"@id\":\"https:\/\/grupsa.com\/fr\/notre-entreprise\/#webpage\",\"url\":\"https:\/\/grupsa.com\/fr\/notre-entreprise\/\",\"name\":\"Fabricants de portes automatiques - Grupsa\",\"isPartOf\":{\"@id\":\"https:\/\/grupsa.com\/fr\/#website\"},\"datePublished\":\"2019-07-22T11:57:53+00:00\",\"dateModified\":\"2023-04-11T12:07:07+00:00\",\"description\":\"Chez Grupsa, nous sommes fabricants de portes automatiques. Notre entreprise se charge \u00e9galement de la conception et de l'installation de tous types de portes automatiques.\",\"breadcrumb\":{\"@id\":\"https:\/\/grupsa.com\/fr\/notre-entreprise\/#breadcrumb\"},\"inLanguage\":\"fr-FR\",\"potentialAction\":[{\"@type\":\"ReadAction\",\"target\":[\"https:\/\/grupsa.com\/fr\/notre-entreprise\/\"]}]},{\"@type\":\"BreadcrumbList\",\"@id\":\"https:\/\/grupsa.com\/fr\/notre-entreprise\/#breadcrumb\",\"itemListElement\":[{\"@type\":\"ListItem\",\"position\":1,\"name\":\"Portada\",\"item\":\"https:\/\/grupsa.com\/fr\/\"},{\"@type\":\"ListItem\",\"position\":2,\"name\":\"Notre entreprise\"}]}]}<\/script>\n<!-- \/ Yoast SEO plugin. -->","yoast_head_json":{"title":"Fabricants de portes automatiques - Grupsa","description":"Chez Grupsa, nous sommes fabricants de portes automatiques. Notre entreprise se charge \u00e9galement de la conception et de l'installation de tous types de portes automatiques.","robots":{"index":"index","follow":"follow","max-snippet":"max-snippet:-1","max-image-preview":"max-image-preview:large","max-video-preview":"max-video-preview:-1"},"canonical":"https:\/\/grupsa.com\/fr\/notre-entreprise\/","og_locale":"fr_FR","og_type":"article","og_title":"Fabricants de portes automatiques - Grupsa","og_description":"Chez Grupsa, nous sommes fabricants de portes automatiques. Notre entreprise se charge \u00e9galement de la conception et de l'installation de tous types de portes automatiques.","og_url":"https:\/\/grupsa.com\/fr\/notre-entreprise\/","og_site_name":"Grupsa","article_modified_time":"2023-04-11T12:07:07+00:00","twitter_card":"summary_large_image","twitter_misc":{"Dur\u00e9e de lecture estim\u00e9e":"1 minute"},"schema":{"@context":"https:\/\/schema.org","@graph":[{"@type":"WebSite","@id":"https:\/\/grupsa.com\/fr\/#website","url":"https:\/\/grupsa.com\/fr\/","name":"Grupsa","description":"Accesos que conectan personas","potentialAction":[{"@type":"SearchAction","target":{"@type":"EntryPoint","urlTemplate":"https:\/\/grupsa.com\/fr\/?s={search_term_string}"},"query-input":"required name=search_term_string"}],"inLanguage":"fr-FR"},{"@type":"WebPage","@id":"https:\/\/grupsa.com\/fr\/notre-entreprise\/#webpage","url":"https:\/\/grupsa.com\/fr\/notre-entreprise\/","name":"Fabricants de portes automatiques - Grupsa","isPartOf":{"@id":"https:\/\/grupsa.com\/fr\/#website"},"datePublished":"2019-07-22T11:57:53+00:00","dateModified":"2023-04-11T12:07:07+00:00","description":"Chez Grupsa, nous sommes fabricants de portes automatiques. Notre entreprise se charge \u00e9galement de la conception et de l'installation de tous types de portes automatiques.","breadcrumb":{"@id":"https:\/\/grupsa.com\/fr\/notre-entreprise\/#breadcrumb"},"inLanguage":"fr-FR","potentialAction":[{"@type":"ReadAction","target":["https:\/\/grupsa.com\/fr\/notre-entreprise\/"]}]},{"@type":"BreadcrumbList","@id":"https:\/\/grupsa.com\/fr\/notre-entreprise\/#breadcrumb","itemListElement":[{"@type":"ListItem","position":1,"name":"Portada","item":"https:\/\/grupsa.com\/fr\/"},{"@type":"ListItem","position":2,"name":"Notre entreprise"}]}]}},"_links":{"self":[{"href":"https:\/\/grupsa.com\/fr\/wp-json\/wp\/v2\/pages\/12221"}],"collection":[{"href":"https:\/\/grupsa.com\/fr\/wp-json\/wp\/v2\/pages"}],"about":[{"href":"https:\/\/grupsa.com\/fr\/wp-json\/wp\/v2\/types\/page"}],"author":[{"embeddable":true,"href":"https:\/\/grupsa.com\/fr\/wp-json\/wp\/v2\/users\/1"}],"replies":[{"embeddable":true,"href":"https:\/\/grupsa.com\/fr\/wp-json\/wp\/v2\/comments?post=12221"}],"version-history":[{"count":11,"href":"https:\/\/grupsa.com\/fr\/wp-json\/wp\/v2\/pages\/12221\/revisions"}],"predecessor-version":[{"id":14290,"href":"https:\/\/grupsa.com\/fr\/wp-json\/wp\/v2\/pages\/12221\/revisions\/14290"}],"wp:attachment":[{"href":"https:\/\/grupsa.com\/fr\/wp-json\/wp\/v2\/media?parent=12221"}],"curies":[{"name":"wp","href":"https:\/\/api.w.org\/{rel}","templated":true}]}}