{"id":12189,"date":"2019-08-07T09:30:48","date_gmt":"2019-08-07T07:30:48","guid":{"rendered":"https:\/\/grupsa.com\/estaciones-de-transporte\/"},"modified":"2023-05-29T09:36:02","modified_gmt":"2023-05-29T07:36:02","slug":"stations-de-transport","status":"publish","type":"page","link":"https:\/\/grupsa.com\/fr\/stations-de-transport\/","title":{"rendered":"Stations de Transport"},"content":{"rendered":"<div id=\"pl-12189\"  class=\"panel-layout\" ><div id=\"pg-12189-0\"  class=\"panel-grid panel-has-style\" ><div data-overlay-opactity=\"1\" class=\"panel-row-style panel-row-style-for-12189-0\" ><div id=\"pgc-12189-0-0\"  class=\"panel-grid-cell\" ><div id=\"panel-12189-0-0-0\" class=\"so-panel widget widget_themegrill_flash_image tg-widget tg-image-widget panel-first-child\" data-index=\"0\" ><div class=\"tg-image-block\">\r\n\t\t\t<img decoding=\"async\" src=\"https:\/\/grupsa.com\/wp-content\/uploads\/2020\/02\/transporte-1.jpg\" alt=\"Puertas para estaciones de transporte\" \/>\r\n\t\t<\/div>\r\n<\/div><div id=\"panel-12189-0-0-1\" class=\"so-panel widget widget_themegrill_flash_heading tg-widget section-title-wrapper\" data-index=\"1\" ><div class=\"wow pulse flash_inherit_color panel-widget-style panel-widget-style-for-12189-0-0-1\" data-wow-offset=\"10\" data-wow-iteration=\"1\" >\t<div class=\"heading heading-left divider-without-icon heading-divider\">\r\n\t<h3 class=\"section-title\">Stations de Transport<\/h3>\r\n\t<div class=\"section-description\">Des acc\u00e8s s\u00e9curis\u00e9s et intensifs<\/div>\r\n<\/div>\r\n<\/div><\/div><div id=\"panel-12189-0-0-2\" class=\"so-panel widget widget_text\" data-index=\"2\" >\t\t\t<div class=\"textwidget\"><p>GRUPSA Door Systems a diff\u00e9rentes applications pour le secteur du <strong>transport<\/strong>: a\u00e9roports, stations de m\u00e9tro ou de train,<a href=\"https:\/\/grupsa.com\/fr\/portes-de-quai\/\"> solutions de s\u00e9curit\u00e9 de quai (PSD<\/a>), voie de bus BRT &#8230;<\/p>\n<p>Les syst\u00e8mes de portes automatiques vous permettront un ensemble \u00e9volutif et personnalis\u00e9, avec une longue durabilit\u00e9 et un entretien r\u00e9duit. Notre bureau technique vous proposera une proposition adapt\u00e9e aux besoins du projet et de l&rsquo;installation. De plus, nos acc\u00e8s automatiques permettront d&rsquo;optimiser l&rsquo;efficacit\u00e9 \u00e9cologique de l&rsquo;installation et de r\u00e9duire les co\u00fbts d&rsquo;approvisionnement en \u00e9lectricit\u00e9.<\/p>\n<\/div>\n\t\t<\/div><div id=\"panel-12189-0-0-3\" class=\"so-panel widget widget_themegrill_flash_separator tg-widget separator-wrapper panel-last-child\" data-index=\"3\" ><div class=\"panel-widget-style panel-widget-style-for-12189-0-0-3\" ><div style='margin-top:7px;margin-bottom:7px'  class=\"separator separator-center\">\r\n\t<div class='separator-inner' style='width:100px' ><\/div>\t\t<\/div>\r\n<\/div><\/div><\/div><\/div><\/div><div id=\"pg-12189-1\"  class=\"panel-grid panel-has-style\" ><div data-overlay-opactity=\"1\" class=\"panel-row-style panel-row-style-for-12189-1\" ><div id=\"pgc-12189-1-0\"  class=\"panel-grid-cell\" ><div id=\"panel-12189-1-0-0\" class=\"so-panel widget widget_themegrill_flash_image tg-widget tg-image-widget panel-first-child panel-last-child\" data-index=\"4\" ><div class=\"tg-image-block\">\r\n\t\t\t<img decoding=\"async\" src=\"https:\/\/grupsa.com\/wp-content\/uploads\/2020\/03\/Transport-scaled.jpg\" alt=\"\" \/>\r\n\t\t<\/div>\r\n<\/div><\/div><div id=\"pgc-12189-1-1\"  class=\"panel-grid-cell\" ><div id=\"panel-12189-1-1-0\" class=\"so-panel widget widget_text panel-first-child\" data-index=\"5\" ><div class=\"panel-widget-style panel-widget-style-for-12189-1-1-0\" >\t\t\t<div class=\"textwidget\"><p><strong>LES APPLICATIONS<\/strong><\/p>\n<p>Acc\u00e8s principaux<br \/>\nSegmentation des zones<br \/>\nContr\u00f4les d&rsquo;acc\u00e8s \u00e0 la plateforme<br \/>\nPlatform Screen Doors (PSD)<br \/>\nBus Rapid Transit (BRT)<br \/>\nSyst\u00e8mes l\u00e9gers (VLT)<\/p>\n<\/div>\n\t\t<\/div><\/div><div id=\"panel-12189-1-1-1\" class=\"so-panel widget widget_sow-button panel-last-child\" data-index=\"6\" ><div\n\t\t\t\n\t\t\tclass=\"so-widget-sow-button so-widget-sow-button-atom-c0ef6a430664-12189\"\n\t\t\t\n\t\t><div class=\"ow-button-base ow-button-align-left\"\n>\n\t\t\t<a\n\t\t\t\t\thref=\"https:\/\/tdrv.eu\/3q7QXc\"\n\t\t\t\t\tclass=\"sowb-button ow-icon-placement-right ow-button-hover\" target=\"_blank\" rel=\"noopener noreferrer\" \t>\n\t\t<span>\n\t\t\t<span class=\"sow-icon-icomoon\" data-sow-icon=\"&#xe960;\"\n\t\tstyle=\"color: #ffffff\" \n\t\taria-hidden=\"true\"><\/span>\n\t\t\tBrochure\t\t<\/span>\n\t\t\t<\/a>\n\t<\/div>\n<\/div><\/div><\/div><\/div><\/div><div id=\"pg-12189-2\"  class=\"panel-grid panel-has-style\" ><div data-overlay-opactity=\"1\" class=\"panel-row-style panel-row-style-for-12189-2\" ><div id=\"pgc-12189-2-0\"  class=\"panel-grid-cell\" ><div id=\"panel-12189-2-0-0\" class=\"so-panel widget widget_themegrill_flash_image tg-widget tg-image-widget panel-first-child\" data-index=\"7\" ><div class=\"tg-image-block\">\r\n\t\t\t<img decoding=\"async\" src=\"https:\/\/grupsa.com\/wp-content\/uploads\/2020\/02\/brt-panama.jpg\" alt=\"\" \/>\r\n\t\t<\/div>\r\n<\/div><div id=\"panel-12189-2-0-1\" class=\"so-panel widget widget_text panel-last-child\" data-index=\"8\" >\t\t\t<div class=\"textwidget\"><p><strong>METROBUS BHNS<\/strong><br \/>\nPANAMA CITY (PANAMA)<\/p>\n<\/div>\n\t\t<\/div><\/div><div id=\"pgc-12189-2-1\"  class=\"panel-grid-cell\" ><div id=\"panel-12189-2-1-0\" class=\"so-panel widget widget_themegrill_flash_image tg-widget tg-image-widget panel-first-child\" data-index=\"9\" ><div class=\"tg-image-block\">\r\n\t\t\t<img decoding=\"async\" src=\"https:\/\/grupsa.com\/wp-content\/uploads\/2020\/02\/metro-quito.jpg\" alt=\"\" \/>\r\n\t\t<\/div>\r\n<\/div><div id=\"panel-12189-2-1-1\" class=\"so-panel widget widget_text panel-last-child\" data-index=\"10\" >\t\t\t<div class=\"textwidget\"><p><strong>M\u00c9TRO URBAIN<\/strong><br \/>\n(QUITO, EQUATEUR)<\/p>\n<\/div>\n\t\t<\/div><\/div><\/div><\/div><div id=\"pg-12189-3\"  class=\"panel-grid panel-no-style\" ><div id=\"pgc-12189-3-0\"  class=\"panel-grid-cell\" ><div id=\"panel-12189-3-0-0\" class=\"so-panel widget widget_text panel-first-child\" data-index=\"11\" ><div class=\"panel-widget-style panel-widget-style-for-12189-3-0-0\" ><h3 class=\"widget-title\">PROJETS DE R\u00c9F\u00c9RENCE<\/h3>\t\t\t<div class=\"textwidget\"><\/div>\n\t\t<\/div><\/div><div id=\"panel-12189-3-0-1\" class=\"so-panel widget widget_themegrill_flash_separator tg-widget separator-wrapper panel-last-child\" data-index=\"12\" ><div class=\"panel-widget-style panel-widget-style-for-12189-3-0-1\" ><div style='margin-top:1px;margin-bottom:1px'  class=\"separator separator-left\">\r\n\t<div class='separator-inner' style='width:35px' ><\/div>\t\t<\/div>\r\n<\/div><\/div><\/div><\/div><div id=\"pg-12189-4\"  class=\"panel-grid panel-has-style\" ><div data-overlay-opactity=\"1\" class=\"panel-row-style panel-row-style-for-12189-4\" ><div id=\"pgc-12189-4-0\"  class=\"panel-grid-cell\" ><div id=\"panel-12189-4-0-0\" class=\"so-panel widget widget_themegrill_flash_image tg-widget tg-image-widget panel-first-child\" data-index=\"13\" ><div class=\"tg-image-block\">\r\n\t\t\t<img decoding=\"async\" src=\"https:\/\/grupsa.com\/wp-content\/uploads\/2020\/02\/PSD-Madrid-Barajas.jpg\" alt=\"\" \/>\r\n\t\t<\/div>\r\n<\/div><div id=\"panel-12189-4-0-1\" class=\"so-panel widget widget_text\" data-index=\"14\" ><div class=\"panel-widget-style panel-widget-style-for-12189-4-0-1\" >\t\t\t<div class=\"textwidget\"><p><b>PSD BARAJAS<\/b><br \/>\nMADRID (ESPAGNE)<\/p>\n<\/div>\n\t\t<\/div><\/div><div id=\"panel-12189-4-0-2\" class=\"so-panel widget widget_sow-button panel-last-child\" data-index=\"15\" ><div\n\t\t\t\n\t\t\tclass=\"so-widget-sow-button so-widget-sow-button-atom-8c35d31a3108-12189\"\n\t\t\t\n\t\t><div class=\"ow-button-base ow-button-align-center\"\n>\n\t\t\t<a\n\t\t\t\t\thref=\"https:\/\/tdrv.eu\/YQXUAp\"\n\t\t\t\t\tclass=\"sowb-button ow-icon-placement-right ow-button-hover\" target=\"_blank\" rel=\"noopener noreferrer\" \t>\n\t\t<span>\n\t\t\t\n\t\t\tVoir le projet\t\t<\/span>\n\t\t\t<\/a>\n\t<\/div>\n<\/div><\/div><\/div><div id=\"pgc-12189-4-1\"  class=\"panel-grid-cell panel-grid-cell-empty\" ><\/div><div id=\"pgc-12189-4-2\"  class=\"panel-grid-cell panel-grid-cell-empty panel-grid-cell-mobile-last\" ><\/div><div id=\"pgc-12189-4-3\"  class=\"panel-grid-cell panel-grid-cell-empty\" ><\/div><\/div><\/div><\/div>","protected":false},"excerpt":{"rendered":"<p>GRUPSA Door Systems a diff\u00e9rentes applications pour le secteur du transport: a\u00e9roports, stations de m\u00e9tro [&hellip;]<\/p>\n","protected":false},"author":1,"featured_media":0,"parent":0,"menu_order":0,"comment_status":"closed","ping_status":"closed","template":"","meta":{"footnotes":""},"yoast_head":"<!-- This site is optimized with the Yoast SEO plugin v18.8 - https:\/\/yoast.com\/wordpress\/plugins\/seo\/ -->\n<title>Acc\u00e8s aux stations de transport - Grupsa<\/title>\n<meta name=\"description\" content=\"Diff\u00e9rentes applications de portes et d&#039;acc\u00e8s pour le secteur des transports : a\u00e9roports, stations de m\u00e9tro ou de train, PSD, couloirs de bus BRT. Syst\u00e8mes de portes Grupsa.\" \/>\n<meta name=\"robots\" content=\"index, follow, max-snippet:-1, max-image-preview:large, max-video-preview:-1\" \/>\n<link rel=\"canonical\" href=\"https:\/\/grupsa.com\/fr\/stations-de-transport\/\" \/>\n<meta property=\"og:locale\" content=\"fr_FR\" \/>\n<meta property=\"og:type\" content=\"article\" \/>\n<meta property=\"og:title\" content=\"Acc\u00e8s aux stations de transport - Grupsa\" \/>\n<meta property=\"og:description\" content=\"Diff\u00e9rentes applications de portes et d&#039;acc\u00e8s pour le secteur des transports : a\u00e9roports, stations de m\u00e9tro ou de train, PSD, couloirs de bus BRT. Syst\u00e8mes de portes Grupsa.\" \/>\n<meta property=\"og:url\" content=\"https:\/\/grupsa.com\/fr\/stations-de-transport\/\" \/>\n<meta property=\"og:site_name\" content=\"Grupsa\" \/>\n<meta property=\"article:modified_time\" content=\"2023-05-29T07:36:02+00:00\" \/>\n<meta name=\"twitter:card\" content=\"summary_large_image\" \/>\n<meta name=\"twitter:label1\" content=\"Dur\u00e9e de lecture estim\u00e9e\" \/>\n\t<meta name=\"twitter:data1\" content=\"1 minute\" \/>\n<script type=\"application\/ld+json\" class=\"yoast-schema-graph\">{\"@context\":\"https:\/\/schema.org\",\"@graph\":[{\"@type\":\"WebSite\",\"@id\":\"https:\/\/grupsa.com\/fr\/#website\",\"url\":\"https:\/\/grupsa.com\/fr\/\",\"name\":\"Grupsa\",\"description\":\"Accesos que conectan personas\",\"potentialAction\":[{\"@type\":\"SearchAction\",\"target\":{\"@type\":\"EntryPoint\",\"urlTemplate\":\"https:\/\/grupsa.com\/fr\/?s={search_term_string}\"},\"query-input\":\"required name=search_term_string\"}],\"inLanguage\":\"fr-FR\"},{\"@type\":\"WebPage\",\"@id\":\"https:\/\/grupsa.com\/fr\/stations-de-transport\/#webpage\",\"url\":\"https:\/\/grupsa.com\/fr\/stations-de-transport\/\",\"name\":\"Acc\u00e8s aux stations de transport - Grupsa\",\"isPartOf\":{\"@id\":\"https:\/\/grupsa.com\/fr\/#website\"},\"datePublished\":\"2019-08-07T07:30:48+00:00\",\"dateModified\":\"2023-05-29T07:36:02+00:00\",\"description\":\"Diff\u00e9rentes applications de portes et d'acc\u00e8s pour le secteur des transports : a\u00e9roports, stations de m\u00e9tro ou de train, PSD, couloirs de bus BRT. Syst\u00e8mes de portes Grupsa.\",\"breadcrumb\":{\"@id\":\"https:\/\/grupsa.com\/fr\/stations-de-transport\/#breadcrumb\"},\"inLanguage\":\"fr-FR\",\"potentialAction\":[{\"@type\":\"ReadAction\",\"target\":[\"https:\/\/grupsa.com\/fr\/stations-de-transport\/\"]}]},{\"@type\":\"BreadcrumbList\",\"@id\":\"https:\/\/grupsa.com\/fr\/stations-de-transport\/#breadcrumb\",\"itemListElement\":[{\"@type\":\"ListItem\",\"position\":1,\"name\":\"Portada\",\"item\":\"https:\/\/grupsa.com\/fr\/\"},{\"@type\":\"ListItem\",\"position\":2,\"name\":\"Stations de Transport\"}]}]}<\/script>\n<!-- \/ Yoast SEO plugin. -->","yoast_head_json":{"title":"Acc\u00e8s aux stations de transport - Grupsa","description":"Diff\u00e9rentes applications de portes et d'acc\u00e8s pour le secteur des transports : a\u00e9roports, stations de m\u00e9tro ou de train, PSD, couloirs de bus BRT. Syst\u00e8mes de portes Grupsa.","robots":{"index":"index","follow":"follow","max-snippet":"max-snippet:-1","max-image-preview":"max-image-preview:large","max-video-preview":"max-video-preview:-1"},"canonical":"https:\/\/grupsa.com\/fr\/stations-de-transport\/","og_locale":"fr_FR","og_type":"article","og_title":"Acc\u00e8s aux stations de transport - Grupsa","og_description":"Diff\u00e9rentes applications de portes et d'acc\u00e8s pour le secteur des transports : a\u00e9roports, stations de m\u00e9tro ou de train, PSD, couloirs de bus BRT. Syst\u00e8mes de portes Grupsa.","og_url":"https:\/\/grupsa.com\/fr\/stations-de-transport\/","og_site_name":"Grupsa","article_modified_time":"2023-05-29T07:36:02+00:00","twitter_card":"summary_large_image","twitter_misc":{"Dur\u00e9e de lecture estim\u00e9e":"1 minute"},"schema":{"@context":"https:\/\/schema.org","@graph":[{"@type":"WebSite","@id":"https:\/\/grupsa.com\/fr\/#website","url":"https:\/\/grupsa.com\/fr\/","name":"Grupsa","description":"Accesos que conectan personas","potentialAction":[{"@type":"SearchAction","target":{"@type":"EntryPoint","urlTemplate":"https:\/\/grupsa.com\/fr\/?s={search_term_string}"},"query-input":"required name=search_term_string"}],"inLanguage":"fr-FR"},{"@type":"WebPage","@id":"https:\/\/grupsa.com\/fr\/stations-de-transport\/#webpage","url":"https:\/\/grupsa.com\/fr\/stations-de-transport\/","name":"Acc\u00e8s aux stations de transport - Grupsa","isPartOf":{"@id":"https:\/\/grupsa.com\/fr\/#website"},"datePublished":"2019-08-07T07:30:48+00:00","dateModified":"2023-05-29T07:36:02+00:00","description":"Diff\u00e9rentes applications de portes et d'acc\u00e8s pour le secteur des transports : a\u00e9roports, stations de m\u00e9tro ou de train, PSD, couloirs de bus BRT. Syst\u00e8mes de portes Grupsa.","breadcrumb":{"@id":"https:\/\/grupsa.com\/fr\/stations-de-transport\/#breadcrumb"},"inLanguage":"fr-FR","potentialAction":[{"@type":"ReadAction","target":["https:\/\/grupsa.com\/fr\/stations-de-transport\/"]}]},{"@type":"BreadcrumbList","@id":"https:\/\/grupsa.com\/fr\/stations-de-transport\/#breadcrumb","itemListElement":[{"@type":"ListItem","position":1,"name":"Portada","item":"https:\/\/grupsa.com\/fr\/"},{"@type":"ListItem","position":2,"name":"Stations de Transport"}]}]}},"_links":{"self":[{"href":"https:\/\/grupsa.com\/fr\/wp-json\/wp\/v2\/pages\/12189"}],"collection":[{"href":"https:\/\/grupsa.com\/fr\/wp-json\/wp\/v2\/pages"}],"about":[{"href":"https:\/\/grupsa.com\/fr\/wp-json\/wp\/v2\/types\/page"}],"author":[{"embeddable":true,"href":"https:\/\/grupsa.com\/fr\/wp-json\/wp\/v2\/users\/1"}],"replies":[{"embeddable":true,"href":"https:\/\/grupsa.com\/fr\/wp-json\/wp\/v2\/comments?post=12189"}],"version-history":[{"count":8,"href":"https:\/\/grupsa.com\/fr\/wp-json\/wp\/v2\/pages\/12189\/revisions"}],"predecessor-version":[{"id":14390,"href":"https:\/\/grupsa.com\/fr\/wp-json\/wp\/v2\/pages\/12189\/revisions\/14390"}],"wp:attachment":[{"href":"https:\/\/grupsa.com\/fr\/wp-json\/wp\/v2\/media?parent=12189"}],"curies":[{"name":"wp","href":"https:\/\/api.w.org\/{rel}","templated":true}]}}