{"id":12181,"date":"2019-07-24T11:50:16","date_gmt":"2019-07-24T09:50:16","guid":{"rendered":"https:\/\/grupsa.com\/puertas-pivotantes-manuales-automaticas\/"},"modified":"2020-03-09T09:24:11","modified_gmt":"2020-03-09T08:24:11","slug":"portes-manuelles","status":"publish","type":"page","link":"https:\/\/grupsa.com\/fr\/portes-manuelles\/","title":{"rendered":"Portes Manuelles"},"content":{"rendered":"<div id=\"pl-12181\"  class=\"panel-layout\" ><div id=\"pg-12181-0\"  class=\"panel-grid panel-no-style\" ><div id=\"pgc-12181-0-0\"  class=\"panel-grid-cell\" ><div id=\"panel-12181-0-0-0\" class=\"so-panel widget widget_themegrill_flash_image tg-widget tg-image-widget panel-first-child\" data-index=\"0\" ><div class=\"tg-image-block\">\r\n\t\t\t<img decoding=\"async\" src=\"https:\/\/grupsa.com\/wp-content\/uploads\/2020\/02\/portada-manual.jpg\" alt=\"Puertas Manuales\" \/>\r\n\t\t<\/div>\r\n<\/div><div id=\"panel-12181-0-0-1\" class=\"so-panel widget widget_themegrill_flash_heading tg-widget section-title-wrapper\" data-index=\"1\" ><div class=\"wow pulse flash_inherit_color panel-widget-style panel-widget-style-for-12181-0-0-1\" data-wow-offset=\"10\" data-wow-iteration=\"1\" >\t<div class=\"heading heading-left divider-without-icon heading-divider\">\r\n\t<h3 class=\"section-title\">Manual System<\/h3>\r\n\t<div class=\"section-description\">Portes pivotantes \u00e0 ouverture manuelle ou automatique<\/div>\r\n<\/div>\r\n<\/div><\/div><div id=\"panel-12181-0-0-2\" class=\"so-panel widget widget_text panel-last-child\" data-index=\"2\" >\t\t\t<div class=\"textwidget\"><p>La gamme de produits <strong>Manual System<\/strong> est compos\u00e9e de <strong>Portes Pivotantes \u00e0 Ouverture Manuelle ou Automatique<\/strong>, pour l&rsquo;acc\u00e8s aux b\u00e2timents et installations tels que les <a href=\"https:\/\/grupsa.com\/fr\/sieges-corporatifs-bureaux-et-institutions\/\"><strong>bureaux<\/strong><\/a> ou comme acc\u00e8s secondaire aux <strong><a href=\"https:\/\/grupsa.com\/fr\/centres-commerciaux-et-retail\/\">centres commerciaux<\/a><\/strong>. \u00c9galement recommand\u00e9 pour une utilisation int\u00e9rieure de bureau ou pour l&rsquo;int\u00e9gration avec des portes de secours sur les fa\u00e7ades Ils peuvent \u00eatre automatis\u00e9s, int\u00e9grant l&rsquo;op\u00e9rateur Grupsa AGB. La gamme se compose de sept mod\u00e8les, dont les conceptions varient en fonction du type de profil\u00e9s, du mat\u00e9riau et de la configuration des feuilles, pouvant s&rsquo;adapter \u00e0 diff\u00e9rentes typologies de b\u00e2timents ou aux sp\u00e9cifications du b\u00e2timent ou projet architectural.<\/p>\n<ul>\n<li>Longue durabilit\u00e9 et r\u00e9sistance dans les acc\u00e8s ext\u00e9rieurs des b\u00e2timents<\/li>\n<li>Personnalisation et identit\u00e9 d&rsquo;entreprise<\/li>\n<li>Large choix de designs, mat\u00e9riaux et finitions<\/li>\n<\/ul>\n<p><strong>Sp\u00e9cifications techniques<\/strong><\/p>\n<ul>\n<li>Largeurs de passage libre standard de 800 \u00e0 2000 mm pour les acc\u00e8s les plus exigeants.<\/li>\n<li>Finitions en Acier Inoxydable, aluminium &#8211; laqu\u00e9 ou anodis\u00e9 -, cuivre, bronze et laiton<\/li>\n<li>Portes pivotantes en verre de diff\u00e9rentes \u00e9paisseurs et sp\u00e9cificit\u00e9s.<\/li>\n<li>En option, ils peuvent int\u00e9grer l&rsquo;op\u00e9rateur AGB \u00e0 ouverture automatique.<\/li>\n<li>Large gamme de dispositifs de s\u00e9curit\u00e9 et d&rsquo;activation.<\/li>\n<li>Conception et dimensions sp\u00e9ciales sur demande.<\/li>\n<\/ul>\n<\/div>\n\t\t<\/div><\/div><\/div><div id=\"pg-12181-1\"  class=\"panel-grid panel-no-style\" ><div id=\"pgc-12181-1-0\"  class=\"panel-grid-cell\" ><div id=\"panel-12181-1-0-0\" class=\"so-panel widget widget_text panel-first-child panel-last-child\" data-index=\"3\" ><div class=\"panel-widget-style panel-widget-style-for-12181-1-0-0\" ><h3 class=\"widget-title\">MOD\u00c8LES<\/h3>\t\t\t<div class=\"textwidget\"><\/div>\n\t\t<\/div><\/div><\/div><\/div><div id=\"pg-12181-2\"  class=\"panel-grid panel-has-style\" ><div class=\"panel-row-style panel-row-style-for-12181-2\" ><div id=\"pgc-12181-2-0\"  class=\"panel-grid-cell\" ><div id=\"panel-12181-2-0-0\" class=\"so-panel widget widget_themegrill_flash_image tg-widget tg-image-widget panel-first-child\" data-index=\"4\" ><div class=\"tg-image-block\">\r\n\t\t\t<img decoding=\"async\" src=\"https:\/\/grupsa.com\/wp-content\/uploads\/2020\/02\/basic.jpg\" alt=\"Puerta Pivotante MS300 Basic\" \/>\r\n\t\t<\/div>\r\n<\/div><div id=\"panel-12181-2-0-1\" class=\"so-panel widget widget_text\" data-index=\"5\" >\t\t\t<div class=\"textwidget\"><p><strong>Porte Pivotante<\/strong><br \/>\n<strong>MS-300 Basic<\/strong><\/p>\n<\/div>\n\t\t<\/div><div id=\"panel-12181-2-0-2\" class=\"so-panel widget widget_themegrill_flash_image tg-widget tg-image-widget\" data-index=\"6\" ><div class=\"tg-image-block\">\r\n\t\t\t<img decoding=\"async\" src=\"https:\/\/grupsa.com\/wp-content\/uploads\/2020\/02\/puerta-pivotante-606.jpg\" alt=\"\" \/>\r\n\t\t<\/div>\r\n<\/div><div id=\"panel-12181-2-0-3\" class=\"so-panel widget widget_text\" data-index=\"7\" >\t\t\t<div class=\"textwidget\"><p><strong>Porte Pivotante<\/strong><br \/>\n<strong>MS-606<\/strong><\/p>\n<\/div>\n\t\t<\/div><div id=\"panel-12181-2-0-4\" class=\"so-panel widget widget_themegrill_flash_image tg-widget tg-image-widget\" data-index=\"8\" ><div class=\"tg-image-block\">\r\n\t\t\t<img decoding=\"async\" src=\"https:\/\/grupsa.com\/wp-content\/uploads\/2020\/02\/puerta-pivotante-700.jpg\" alt=\"Puerta Pivotante Ms700\" \/>\r\n\t\t<\/div>\r\n<\/div><div id=\"panel-12181-2-0-5\" class=\"so-panel widget widget_text panel-last-child\" data-index=\"9\" >\t\t\t<div class=\"textwidget\"><p><strong>Porte Pivotante<br \/>\nMS-700<\/strong><\/p>\n<\/div>\n\t\t<\/div><\/div><div id=\"pgc-12181-2-1\"  class=\"panel-grid-cell\" ><div id=\"panel-12181-2-1-0\" class=\"so-panel widget widget_themegrill_flash_image tg-widget tg-image-widget panel-first-child\" data-index=\"10\" ><div class=\"tg-image-block\">\r\n\t\t\t<img decoding=\"async\" src=\"https:\/\/grupsa.com\/wp-content\/uploads\/2020\/02\/frame.jpg\" alt=\"Puerta Pivotante MS300 Frame\" \/>\r\n\t\t<\/div>\r\n<\/div><div id=\"panel-12181-2-1-1\" class=\"so-panel widget widget_text\" data-index=\"11\" >\t\t\t<div class=\"textwidget\"><p><strong>Porte Pivotante<\/strong><br \/>\n<strong>MS-300 Frame<\/strong><\/p>\n<\/div>\n\t\t<\/div><div id=\"panel-12181-2-1-2\" class=\"so-panel widget widget_themegrill_flash_image tg-widget tg-image-widget\" data-index=\"12\" ><div class=\"tg-image-block\">\r\n\t\t\t<img decoding=\"async\" src=\"https:\/\/grupsa.com\/wp-content\/uploads\/2020\/02\/puerta-pivotante-615.jpg\" alt=\"Puerta Pivotante MS615\" \/>\r\n\t\t<\/div>\r\n<\/div><div id=\"panel-12181-2-1-3\" class=\"so-panel widget widget_text panel-last-child\" data-index=\"13\" >\t\t\t<div class=\"textwidget\"><p><strong>Porte Pivotante<\/strong><br \/>\n<strong>MS-615<\/strong><\/p>\n<\/div>\n\t\t<\/div><\/div><div id=\"pgc-12181-2-2\"  class=\"panel-grid-cell\" ><div id=\"panel-12181-2-2-0\" class=\"so-panel widget widget_themegrill_flash_image tg-widget tg-image-widget panel-first-child\" data-index=\"14\" ><div class=\"tg-image-block\">\r\n\t\t\t<img decoding=\"async\" src=\"https:\/\/grupsa.com\/wp-content\/uploads\/2020\/02\/pivotantes-400.jpg\" alt=\"Puerta Pivotante MS400\" \/>\r\n\t\t<\/div>\r\n<\/div><div id=\"panel-12181-2-2-1\" class=\"so-panel widget widget_text\" data-index=\"15\" >\t\t\t<div class=\"textwidget\"><p><strong>Porte Pivotante<\/strong><br \/>\n<strong>MS-400<\/strong><\/p>\n<\/div>\n\t\t<\/div><div id=\"panel-12181-2-2-2\" class=\"so-panel widget widget_themegrill_flash_image tg-widget tg-image-widget\" data-index=\"16\" ><div class=\"tg-image-block\">\r\n\t\t\t<img decoding=\"async\" src=\"https:\/\/grupsa.com\/wp-content\/uploads\/2020\/02\/puerta-pivotante-630.jpg\" alt=\"Puerta Pivotante MS630\" \/>\r\n\t\t<\/div>\r\n<\/div><div id=\"panel-12181-2-2-3\" class=\"so-panel widget widget_text panel-last-child\" data-index=\"17\" >\t\t\t<div class=\"textwidget\"><p><strong>Porte Pivotante<\/strong><br \/>\n<strong>MS-630<\/strong><\/p>\n<\/div>\n\t\t<\/div><\/div><\/div><\/div><div id=\"pg-12181-3\"  class=\"panel-grid panel-has-style\" ><div data-overlay-opactity=\"1\" class=\"panel-row-style panel-row-style-for-12181-3\" ><div id=\"pgc-12181-3-0\"  class=\"panel-grid-cell\" ><div id=\"panel-12181-3-0-0\" class=\"so-panel widget widget_themegrill_flash_icon tg-widget tg-icon-widget panel-first-child panel-last-child\" data-index=\"18\" ><ul class=\"tg-icons tg-icons--rectangular-rounded\">\r\n\t<li class=\"tg-icon-container\" style=\"font-size: 14px\">\r\n\t\t\t\t<a href=\"#\"\r\n\t\t\t\t<i class=\"fa fa-download\"><\/i>\r\n\t\t\t\t<\/a>\r\n\t\t\t<\/li>\r\n<\/ul>\r\n<\/div><\/div><div id=\"pgc-12181-3-1\"  class=\"panel-grid-cell\" ><div id=\"panel-12181-3-1-0\" class=\"so-panel widget widget_text panel-first-child panel-last-child\" data-index=\"19\" ><div class=\"panel-widget-style panel-widget-style-for-12181-3-1-0\" ><h3 class=\"widget-title\">T\u00c9L\u00c9CHARGEMENTS<\/h3>\t\t\t<div class=\"textwidget\"><\/div>\n\t\t<\/div><\/div><\/div><\/div><\/div><div id=\"pg-12181-4\"  class=\"panel-grid panel-has-style\" ><div class=\"panel-row-style panel-row-style-for-12181-4\" ><div id=\"pgc-12181-4-0\"  class=\"panel-grid-cell\" ><div id=\"panel-12181-4-0-0\" class=\"so-panel widget widget_text panel-first-child panel-last-child\" data-index=\"20\" >\t\t\t<div class=\"textwidget\"><div id=\"pgc-10855-4-0\" class=\"panel-grid-cell\">\n<div id=\"panel-10855-4-0-0\" class=\"so-panel widget widget_text panel-first-child panel-last-child\" data-index=\"12\">\n<div class=\"textwidget\">\n<p><strong>DOCUMENTATION COMMERCIALE<\/strong><\/p>\n<p><strong><a href=\"https:\/\/tdrv.eu\/gZB\"><img decoding=\"async\" class=\"alignnone wp-image-11334 size-full\" src=\"https:\/\/grupsa.com\/wp-content\/uploads\/2020\/02\/call.gif\" alt=\"\" width=\"30\" height=\"27\" \/><\/a>\u00a0Brochure de Produit<\/strong><br \/>\n<strong><a href=\"https:\/\/tdrv.eu\/xhZMH9\"><img decoding=\"async\" class=\"alignnone wp-image-11334 size-full\" src=\"https:\/\/grupsa.com\/wp-content\/uploads\/2020\/02\/call.gif\" alt=\"\" width=\"30\" height=\"27\" \/><\/a>\u00a0H\u00f4tels et Hospitalit\u00e9<\/strong><br \/>\n<a href=\"https:\/\/tdrv.eu\/sXfMY2\"><img decoding=\"async\" class=\"alignnone wp-image-11334 size-full\" src=\"https:\/\/grupsa.com\/wp-content\/uploads\/2020\/02\/call.gif\" alt=\"\" width=\"30\" height=\"27\" \/><\/a><b>\u00a0Centres Commerciaux<\/b><br \/>\n<a href=\"https:\/\/tdrv.eu\/sWtujF\"><img decoding=\"async\" class=\"alignnone wp-image-11334 size-full\" src=\"https:\/\/grupsa.com\/wp-content\/uploads\/2020\/02\/call.gif\" alt=\"\" width=\"30\" height=\"27\" \/><\/a><b>\u00a0Si\u00e8ges et Institutions<\/b><br \/>\n<strong><a href=\"https:\/\/tdrv.eu\/3q7QXc\"><img decoding=\"async\" class=\"alignnone wp-image-11334 size-full\" src=\"https:\/\/grupsa.com\/wp-content\/uploads\/2020\/02\/call.gif\" alt=\"\" width=\"30\" height=\"27\" \/><\/a>\u00a0Stations de Transport<\/strong><br \/>\n<strong><a href=\"https:\/\/tdrv.eu\/L3wQYz\"><img decoding=\"async\" class=\"alignnone wp-image-11334 size-full\" src=\"https:\/\/grupsa.com\/wp-content\/uploads\/2020\/02\/call.gif\" alt=\"\" width=\"30\" height=\"27\" \/><\/a>\u00a0B\u00e2timents\u00a0<\/strong><b>Singuliers<\/b><\/p>\n<\/div>\n<\/div>\n<\/div>\n<div id=\"pgc-10855-4-1\" class=\"panel-grid-cell\">\n<div id=\"panel-10855-4-1-0\" class=\"so-panel widget widget_text panel-first-child panel-last-child\" data-index=\"13\">\n<div class=\"textwidget\"><\/div>\n<\/div>\n<\/div>\n<\/div>\n\t\t<\/div><\/div><div id=\"pgc-12181-4-1\"  class=\"panel-grid-cell\" ><div id=\"panel-12181-4-1-0\" class=\"so-panel widget widget_text panel-first-child panel-last-child\" data-index=\"21\" >\t\t\t<div class=\"textwidget\"><p><strong>DOCUMENTATION TECHNIQUE<\/strong><\/p>\n<p><strong><a href=\"http:\/\/gsonline.grupsa.com\/fr\/manual-system\/hojas-tecnicas-ms\/\"><img decoding=\"async\" class=\"alignnone wp-image-11334 size-full\" src=\"https:\/\/grupsa.com\/wp-content\/uploads\/2020\/02\/call.gif\" alt=\"\" width=\"30\" height=\"27\" \/><\/a>\u00a0 Fiches techniques<\/strong><br \/>\n<strong><a href=\"http:\/\/gsonline.grupsa.com\/fr\/manual-system\/memorias-descriptivas-ms\/\"><img decoding=\"async\" class=\"alignnone wp-image-11334 size-full\" src=\"https:\/\/grupsa.com\/wp-content\/uploads\/2020\/02\/call.gif\" alt=\"\" width=\"30\" height=\"27\" \/><\/a>\u00a0 Sp\u00e9cifications descriptives<\/strong><br \/>\n<strong><a href=\"http:\/\/gsonline.grupsa.com\/fr\/rotary-system\/certificados-rs\/\" target=\"_blank\" rel=\"noopener noreferrer\"><img decoding=\"async\" class=\"alignnone wp-image-10441\" src=\"https:\/\/prueba.grupsa.com\/wp-content\/uploads\/2020\/01\/call.gif\" alt=\"\" width=\"32\" height=\"31\" \/><\/a><a href=\"http:\/\/gsonline.grupsa.com\/fr\/manual-system\/certificados-ms\/\"><img decoding=\"async\" class=\"alignnone wp-image-11334 size-full\" src=\"https:\/\/grupsa.com\/wp-content\/uploads\/2020\/02\/call.gif\" alt=\"\" width=\"30\" height=\"27\" \/><\/a>\u00a0 Certificats<\/strong><br \/>\n<strong><a href=\"http:\/\/gsonline.grupsa.com\/fr\/manual-system\/manuales-tecnicos-ms\/\"><img decoding=\"async\" class=\"alignnone wp-image-11334 size-full\" src=\"https:\/\/grupsa.com\/wp-content\/uploads\/2020\/02\/call.gif\" alt=\"\" width=\"30\" height=\"27\" \/><\/a>\u00a0<a href=\"http:\/\/gsonline.grupsa.com\/fr\/rotary-system\/manuales-tecnicos-rs\/\" target=\"_blank\" rel=\"noopener noreferrer\"><img decoding=\"async\" class=\"alignnone wp-image-10441\" src=\"https:\/\/prueba.grupsa.com\/wp-content\/uploads\/2020\/01\/call.gif\" alt=\"\" width=\"32\" height=\"31\" \/><\/a>\u00a0Manuels Techniques<\/strong><\/p>\n<\/div>\n\t\t<\/div><\/div><div id=\"pgc-12181-4-2\"  class=\"panel-grid-cell\" ><div id=\"panel-12181-4-2-0\" class=\"so-panel widget widget_text panel-first-child panel-last-child\" data-index=\"22\" >\t\t\t<div class=\"textwidget\"><p><strong>ARCHITECTURE ET MOD\u00c9LISATION<\/strong><\/p>\n<p><strong><a href=\"http:\/\/gsonline.grupsa.com\/fr\/manual-system\/planos-pdf-ms\/\"><img decoding=\"async\" class=\"alignnone wp-image-11334 size-full\" src=\"https:\/\/grupsa.com\/wp-content\/uploads\/2020\/02\/call.gif\" alt=\"\" width=\"30\" height=\"27\" \/><\/a>\u00a0 Plans PDF<\/strong><br \/>\n<strong><a href=\"http:\/\/gsonline.grupsa.com\/fr\/manual-system\/planos-cad-ms\/\"><img decoding=\"async\" class=\"alignnone wp-image-11334 size-full\" src=\"https:\/\/grupsa.com\/wp-content\/uploads\/2020\/02\/call.gif\" alt=\"\" width=\"30\" height=\"27\" \/><\/a>\u00a0 Plans DWG<\/strong><\/p>\n<\/div>\n\t\t<\/div><\/div><\/div><\/div><\/div>","protected":false},"excerpt":{"rendered":"<p>La gamme de produits Manual System est compos\u00e9e de Portes Pivotantes \u00e0 Ouverture Manuelle ou [&hellip;]<\/p>\n","protected":false},"author":1,"featured_media":0,"parent":0,"menu_order":0,"comment_status":"closed","ping_status":"closed","template":"","meta":{"footnotes":""},"yoast_head":"<!-- This site is optimized with the Yoast SEO plugin v18.8 - https:\/\/yoast.com\/wordpress\/plugins\/seo\/ -->\n<title>Portes ivotantes manuelles ou automatiques - Grupsa<\/title>\n<meta name=\"description\" content=\"Portes pivotantes \u00e0 ouverture manuelle ou automatique, pour l&#039;acc\u00e8s aux b\u00e2timents et aux installations. \u00c9galement recommand\u00e9 pour les bureaux int\u00e9rieurs.\" \/>\n<meta name=\"robots\" content=\"index, follow, max-snippet:-1, max-image-preview:large, max-video-preview:-1\" \/>\n<link rel=\"canonical\" href=\"https:\/\/grupsa.com\/fr\/portes-manuelles\/\" \/>\n<meta property=\"og:locale\" content=\"fr_FR\" \/>\n<meta property=\"og:type\" content=\"article\" \/>\n<meta property=\"og:title\" content=\"Portes ivotantes manuelles ou automatiques - Grupsa\" \/>\n<meta property=\"og:description\" content=\"Portes pivotantes \u00e0 ouverture manuelle ou automatique, pour l&#039;acc\u00e8s aux b\u00e2timents et aux installations. \u00c9galement recommand\u00e9 pour les bureaux int\u00e9rieurs.\" \/>\n<meta property=\"og:url\" content=\"https:\/\/grupsa.com\/fr\/portes-manuelles\/\" \/>\n<meta property=\"og:site_name\" content=\"Grupsa\" \/>\n<meta property=\"article:modified_time\" content=\"2020-03-09T08:24:11+00:00\" \/>\n<meta property=\"og:image\" content=\"https:\/\/grupsa.com\/wp-content\/uploads\/2020\/02\/call.gif\" \/>\n<meta name=\"twitter:card\" content=\"summary_large_image\" \/>\n<meta name=\"twitter:label1\" content=\"Dur\u00e9e de lecture estim\u00e9e\" \/>\n\t<meta name=\"twitter:data1\" content=\"2 minutes\" \/>\n<script type=\"application\/ld+json\" class=\"yoast-schema-graph\">{\"@context\":\"https:\/\/schema.org\",\"@graph\":[{\"@type\":\"WebSite\",\"@id\":\"https:\/\/grupsa.com\/fr\/#website\",\"url\":\"https:\/\/grupsa.com\/fr\/\",\"name\":\"Grupsa\",\"description\":\"Accesos que conectan personas\",\"potentialAction\":[{\"@type\":\"SearchAction\",\"target\":{\"@type\":\"EntryPoint\",\"urlTemplate\":\"https:\/\/grupsa.com\/fr\/?s={search_term_string}\"},\"query-input\":\"required name=search_term_string\"}],\"inLanguage\":\"fr-FR\"},{\"@type\":\"ImageObject\",\"inLanguage\":\"fr-FR\",\"@id\":\"https:\/\/grupsa.com\/fr\/portes-manuelles\/#primaryimage\",\"url\":\"https:\/\/grupsa.com\/wp-content\/uploads\/2020\/02\/call.gif\",\"contentUrl\":\"https:\/\/grupsa.com\/wp-content\/uploads\/2020\/02\/call.gif\",\"width\":100,\"height\":93},{\"@type\":\"WebPage\",\"@id\":\"https:\/\/grupsa.com\/fr\/portes-manuelles\/#webpage\",\"url\":\"https:\/\/grupsa.com\/fr\/portes-manuelles\/\",\"name\":\"Portes ivotantes manuelles ou automatiques - Grupsa\",\"isPartOf\":{\"@id\":\"https:\/\/grupsa.com\/fr\/#website\"},\"primaryImageOfPage\":{\"@id\":\"https:\/\/grupsa.com\/fr\/portes-manuelles\/#primaryimage\"},\"datePublished\":\"2019-07-24T09:50:16+00:00\",\"dateModified\":\"2020-03-09T08:24:11+00:00\",\"description\":\"Portes pivotantes \u00e0 ouverture manuelle ou automatique, pour l'acc\u00e8s aux b\u00e2timents et aux installations. \u00c9galement recommand\u00e9 pour les bureaux int\u00e9rieurs.\",\"breadcrumb\":{\"@id\":\"https:\/\/grupsa.com\/fr\/portes-manuelles\/#breadcrumb\"},\"inLanguage\":\"fr-FR\",\"potentialAction\":[{\"@type\":\"ReadAction\",\"target\":[\"https:\/\/grupsa.com\/fr\/portes-manuelles\/\"]}]},{\"@type\":\"BreadcrumbList\",\"@id\":\"https:\/\/grupsa.com\/fr\/portes-manuelles\/#breadcrumb\",\"itemListElement\":[{\"@type\":\"ListItem\",\"position\":1,\"name\":\"Portada\",\"item\":\"https:\/\/grupsa.com\/fr\/\"},{\"@type\":\"ListItem\",\"position\":2,\"name\":\"Portes Manuelles\"}]}]}<\/script>\n<!-- \/ Yoast SEO plugin. -->","yoast_head_json":{"title":"Portes ivotantes manuelles ou automatiques - Grupsa","description":"Portes pivotantes \u00e0 ouverture manuelle ou automatique, pour l'acc\u00e8s aux b\u00e2timents et aux installations. \u00c9galement recommand\u00e9 pour les bureaux int\u00e9rieurs.","robots":{"index":"index","follow":"follow","max-snippet":"max-snippet:-1","max-image-preview":"max-image-preview:large","max-video-preview":"max-video-preview:-1"},"canonical":"https:\/\/grupsa.com\/fr\/portes-manuelles\/","og_locale":"fr_FR","og_type":"article","og_title":"Portes ivotantes manuelles ou automatiques - Grupsa","og_description":"Portes pivotantes \u00e0 ouverture manuelle ou automatique, pour l'acc\u00e8s aux b\u00e2timents et aux installations. \u00c9galement recommand\u00e9 pour les bureaux int\u00e9rieurs.","og_url":"https:\/\/grupsa.com\/fr\/portes-manuelles\/","og_site_name":"Grupsa","article_modified_time":"2020-03-09T08:24:11+00:00","og_image":[{"url":"https:\/\/grupsa.com\/wp-content\/uploads\/2020\/02\/call.gif"}],"twitter_card":"summary_large_image","twitter_misc":{"Dur\u00e9e de lecture estim\u00e9e":"2 minutes"},"schema":{"@context":"https:\/\/schema.org","@graph":[{"@type":"WebSite","@id":"https:\/\/grupsa.com\/fr\/#website","url":"https:\/\/grupsa.com\/fr\/","name":"Grupsa","description":"Accesos que conectan personas","potentialAction":[{"@type":"SearchAction","target":{"@type":"EntryPoint","urlTemplate":"https:\/\/grupsa.com\/fr\/?s={search_term_string}"},"query-input":"required name=search_term_string"}],"inLanguage":"fr-FR"},{"@type":"ImageObject","inLanguage":"fr-FR","@id":"https:\/\/grupsa.com\/fr\/portes-manuelles\/#primaryimage","url":"https:\/\/grupsa.com\/wp-content\/uploads\/2020\/02\/call.gif","contentUrl":"https:\/\/grupsa.com\/wp-content\/uploads\/2020\/02\/call.gif","width":100,"height":93},{"@type":"WebPage","@id":"https:\/\/grupsa.com\/fr\/portes-manuelles\/#webpage","url":"https:\/\/grupsa.com\/fr\/portes-manuelles\/","name":"Portes ivotantes manuelles ou automatiques - Grupsa","isPartOf":{"@id":"https:\/\/grupsa.com\/fr\/#website"},"primaryImageOfPage":{"@id":"https:\/\/grupsa.com\/fr\/portes-manuelles\/#primaryimage"},"datePublished":"2019-07-24T09:50:16+00:00","dateModified":"2020-03-09T08:24:11+00:00","description":"Portes pivotantes \u00e0 ouverture manuelle ou automatique, pour l'acc\u00e8s aux b\u00e2timents et aux installations. \u00c9galement recommand\u00e9 pour les bureaux int\u00e9rieurs.","breadcrumb":{"@id":"https:\/\/grupsa.com\/fr\/portes-manuelles\/#breadcrumb"},"inLanguage":"fr-FR","potentialAction":[{"@type":"ReadAction","target":["https:\/\/grupsa.com\/fr\/portes-manuelles\/"]}]},{"@type":"BreadcrumbList","@id":"https:\/\/grupsa.com\/fr\/portes-manuelles\/#breadcrumb","itemListElement":[{"@type":"ListItem","position":1,"name":"Portada","item":"https:\/\/grupsa.com\/fr\/"},{"@type":"ListItem","position":2,"name":"Portes Manuelles"}]}]}},"_links":{"self":[{"href":"https:\/\/grupsa.com\/fr\/wp-json\/wp\/v2\/pages\/12181"}],"collection":[{"href":"https:\/\/grupsa.com\/fr\/wp-json\/wp\/v2\/pages"}],"about":[{"href":"https:\/\/grupsa.com\/fr\/wp-json\/wp\/v2\/types\/page"}],"author":[{"embeddable":true,"href":"https:\/\/grupsa.com\/fr\/wp-json\/wp\/v2\/users\/1"}],"replies":[{"embeddable":true,"href":"https:\/\/grupsa.com\/fr\/wp-json\/wp\/v2\/comments?post=12181"}],"version-history":[{"count":4,"href":"https:\/\/grupsa.com\/fr\/wp-json\/wp\/v2\/pages\/12181\/revisions"}],"predecessor-version":[{"id":12186,"href":"https:\/\/grupsa.com\/fr\/wp-json\/wp\/v2\/pages\/12181\/revisions\/12186"}],"wp:attachment":[{"href":"https:\/\/grupsa.com\/fr\/wp-json\/wp\/v2\/media?parent=12181"}],"curies":[{"name":"wp","href":"https:\/\/api.w.org\/{rel}","templated":true}]}}