{"id":12142,"date":"2019-07-18T12:19:14","date_gmt":"2019-07-18T10:19:14","guid":{"rendered":"https:\/\/grupsa.com\/puertas-de-anden\/"},"modified":"2023-04-11T14:13:54","modified_gmt":"2023-04-11T12:13:54","slug":"portes-de-quai","status":"publish","type":"page","link":"https:\/\/grupsa.com\/fr\/portes-de-quai\/","title":{"rendered":"Portes de Quai"},"content":{"rendered":"<div id=\"pl-12142\"  class=\"panel-layout\" ><div id=\"pg-12142-0\"  class=\"panel-grid panel-no-style\" ><div id=\"pgc-12142-0-0\"  class=\"panel-grid-cell\" ><div id=\"panel-12142-0-0-0\" class=\"so-panel widget widget_themegrill_flash_image tg-widget tg-image-widget panel-first-child\" data-index=\"0\" ><div class=\"tg-image-block\">\r\n\t\t\t<img decoding=\"async\" src=\"https:\/\/grupsa.com\/wp-content\/uploads\/2020\/02\/Screen-System.jpg\" alt=\"\" \/>\r\n\t\t<\/div>\r\n<\/div><div id=\"panel-12142-0-0-1\" class=\"so-panel widget widget_themegrill_flash_heading tg-widget section-title-wrapper\" data-index=\"1\" ><div class=\"wow pulse flash_inherit_color panel-widget-style panel-widget-style-for-12142-0-0-1\" data-wow-offset=\"10\" data-wow-iteration=\"1\" >\t<div class=\"heading heading-left divider-without-icon heading-divider\">\r\n\t<h3 class=\"section-title\">Screen System<\/h3>\r\n\t<div class=\"section-description\">Syst\u00e8mes de Portes Automatiques de Quai pour le Transport de Masse<\/div>\r\n<\/div>\r\n<\/div><\/div><div id=\"panel-12142-0-0-2\" class=\"so-panel widget widget_text panel-last-child\" data-index=\"2\" >\t\t\t<div class=\"textwidget\"><p><strong>Screen System<\/strong> est notre gamme de syst\u00e8mes de <strong>Portes Automatiques \u00e0 plate-forme pour les terminaux de transport de masse:<\/strong> bus (BHNS), m\u00e9tro, tramway et train. Gr\u00e2ce \u00e0 des \u00e9crans vitr\u00e9s qui s\u00e9parent la plate-forme des rails, les portes de la plate-forme ne s&rsquo;ouvrent que lorsque le v\u00e9hicule est correctement stationn\u00e9. Cela garantit une utilisation efficace, rapide et s\u00fbre dans les stations de m\u00e9tro, de tramway ou de bus, en \u00e9vitant les chutes ou les abus.<\/p>\n<ul>\n<li>Ils garantissent la <strong>s\u00e9curit\u00e9 des utilisateurs<\/strong>, permettent une plus grande utilisation de la plateforme et optimisent le passage des voyageurs.<\/li>\n<li>Ils am\u00e9liorent <strong>l&rsquo;efficacit\u00e9 \u00e9nerg\u00e9tique<\/strong> de la station, car ils optimisent la climatisation<\/li>\n<li><strong>Entretien facile<\/strong> et longue dur\u00e9e de vie du produit<\/li>\n<li>Ils sont conformes aux normes internationales pour les trains de niveau SIL 3 et SIL 4.<\/li>\n<p>Son syst\u00e8me de contr\u00f4le et de surveillance GRUSCADA permet de g\u00e9rer \u00e0 distance et en temps r\u00e9el les ouvertures, l&rsquo;\u00e9tat et les besoins d&rsquo;entretien de toutes les portes.Ils peuvent \u00eatre fabriqu\u00e9s en diff\u00e9rents mat\u00e9riaux et permettre l&rsquo;int\u00e9gration de signes corporatifs ou s\u00e9rigraphies. Diff\u00e9rents types:<\/p>\n<ul>\n<li>Les <strong>Syst\u00e8mes de plate-forme PSD<\/strong> <strong>(Platform Screen Doors)<\/strong> sont des \u00e9crans vitr\u00e9s du sol au plafond bas\u00e9s sur des portes coulissantes automatiques qui se synchronisent avec le v\u00e9hicule lorsqu&rsquo;il est correctement stationn\u00e9, garantissant la s\u00e9curit\u00e9 des utilisateurs.<\/li>\n<li>Les <strong>Syst\u00e8mes de plate-forme APG (Automatic Platform Gates)<\/strong> sont des portes automatiques bas\u00e9es sur des \u00e9crans \u00e0 mi-hauteur (jusqu&rsquo;\u00e0 1,7 m) qui se synchronisent avec le v\u00e9hicule lorsqu&rsquo;il est correctement stationn\u00e9.<\/li>\n<\/ul>\n<\/div>\n\t\t<\/div><\/div><\/div><div id=\"pg-12142-1\"  class=\"panel-grid panel-no-style\" ><div id=\"pgc-12142-1-0\"  class=\"panel-grid-cell\" ><div id=\"panel-12142-1-0-0\" class=\"so-panel widget widget_text panel-first-child panel-last-child\" data-index=\"3\" ><div class=\"panel-widget-style panel-widget-style-for-12142-1-0-0\" ><h3 class=\"widget-title\">MOD\u00c8LES<\/h3>\t\t\t<div class=\"textwidget\"><\/div>\n\t\t<\/div><\/div><\/div><\/div><div id=\"pg-12142-2\"  class=\"panel-grid panel-has-style\" ><div class=\"panel-row-style panel-row-style-for-12142-2\" ><div id=\"pgc-12142-2-0\"  class=\"panel-grid-cell\" ><div id=\"panel-12142-2-0-0\" class=\"so-panel widget widget_themegrill_flash_image tg-widget tg-image-widget panel-first-child\" data-index=\"4\" ><div class=\"tg-image-block\">\r\n\t\t\t<img decoding=\"async\" src=\"https:\/\/grupsa.com\/wp-content\/uploads\/2020\/02\/Platform-Screen-Doors.jpg\" alt=\"\" \/>\r\n\t\t<\/div>\r\n<\/div><div id=\"panel-12142-2-0-1\" class=\"so-panel widget widget_text panel-last-child\" data-index=\"5\" >\t\t\t<div class=\"textwidget\"><p><strong>PORTES DE QUAI<\/strong><br \/>\n<strong>HAUTEUR COMPL\u00c8TE<\/strong><br \/>\nPLATFORM SCREEN DOORS<\/p>\n<\/div>\n\t\t<\/div><\/div><div id=\"pgc-12142-2-1\"  class=\"panel-grid-cell panel-grid-cell-mobile-last\" ><div id=\"panel-12142-2-1-0\" class=\"so-panel widget widget_themegrill_flash_image tg-widget tg-image-widget panel-first-child\" data-index=\"6\" ><div class=\"tg-image-block\">\r\n\t\t\t<img decoding=\"async\" src=\"https:\/\/grupsa.com\/wp-content\/uploads\/2020\/02\/Automatic-Platform-Gates.jpg\" alt=\"\" \/>\r\n\t\t<\/div>\r\n<\/div><div id=\"panel-12142-2-1-1\" class=\"so-panel widget widget_text panel-last-child\" data-index=\"7\" >\t\t\t<div class=\"textwidget\"><p><b>PORTES DE QUAI<\/b><br \/>\n<strong>DEMI HAUTEUR<\/strong><br \/>\nAUTOMATIC PLATFORM GATES<\/p>\n<\/div>\n\t\t<\/div><\/div><div id=\"pgc-12142-2-2\"  class=\"panel-grid-cell panel-grid-cell-empty\" ><\/div><\/div><\/div><div id=\"pg-12142-3\"  class=\"panel-grid panel-has-style\" ><div data-overlay-opactity=\"1\" class=\"panel-row-style panel-row-style-for-12142-3\" ><div id=\"pgc-12142-3-0\"  class=\"panel-grid-cell\" ><div id=\"panel-12142-3-0-0\" class=\"so-panel widget widget_themegrill_flash_icon tg-widget tg-icon-widget panel-first-child panel-last-child\" data-index=\"8\" ><ul class=\"tg-icons tg-icons--rectangular-rounded\">\r\n\t<li class=\"tg-icon-container\" style=\"font-size: 14px\">\r\n\t\t\t\t<a href=\"#\"\r\n\t\t\t\t<i class=\"fa fa-download\"><\/i>\r\n\t\t\t\t<\/a>\r\n\t\t\t<\/li>\r\n<\/ul>\r\n<\/div><\/div><div id=\"pgc-12142-3-1\"  class=\"panel-grid-cell\" ><div id=\"panel-12142-3-1-0\" class=\"so-panel widget widget_text panel-first-child panel-last-child\" data-index=\"9\" ><div class=\"panel-widget-style panel-widget-style-for-12142-3-1-0\" ><h3 class=\"widget-title\">T\u00c9L\u00c9CHARGEMENTS<\/h3>\t\t\t<div class=\"textwidget\"><\/div>\n\t\t<\/div><\/div><\/div><\/div><\/div><div id=\"pg-12142-4\"  class=\"panel-grid panel-has-style\" ><div class=\"panel-row-style panel-row-style-for-12142-4\" ><div id=\"pgc-12142-4-0\"  class=\"panel-grid-cell\" ><div id=\"panel-12142-4-0-0\" class=\"so-panel widget widget_text panel-first-child panel-last-child\" data-index=\"10\" >\t\t\t<div class=\"textwidget\"><p><strong>DOCUMENTATION COMMERCIALE<\/strong><\/p>\n<p><strong><a href=\"https:\/\/tdrv.eu\/xpd\"><img decoding=\"async\" class=\"alignnone wp-image-11334 size-full\" src=\"https:\/\/grupsa.com\/wp-content\/uploads\/2020\/02\/call.gif\" alt=\"\" width=\"30\" height=\"27\" \/><\/a>\u00a0Brochure de Produit<\/strong><br \/>\n<strong><a href=\"https:\/\/tdrv.eu\/3q7QXc\"><img decoding=\"async\" class=\"alignnone wp-image-11334 size-full\" src=\"https:\/\/grupsa.com\/wp-content\/uploads\/2020\/02\/call.gif\" alt=\"\" width=\"30\" height=\"27\" \/><\/a>\u00a0Stations de Transport<\/strong><\/p>\n<\/div>\n\t\t<\/div><\/div><div id=\"pgc-12142-4-1\"  class=\"panel-grid-cell panel-grid-cell-empty panel-grid-cell-mobile-last\" ><\/div><div id=\"pgc-12142-4-2\"  class=\"panel-grid-cell panel-grid-cell-empty\" ><\/div><\/div><\/div><\/div>","protected":false},"excerpt":{"rendered":"<p>Screen System est notre gamme de syst\u00e8mes de Portes Automatiques \u00e0 plate-forme pour les terminaux [&hellip;]<\/p>\n","protected":false},"author":1,"featured_media":0,"parent":0,"menu_order":0,"comment_status":"closed","ping_status":"closed","template":"","meta":{"footnotes":""},"yoast_head":"<!-- This site is optimized with the Yoast SEO plugin v18.8 - https:\/\/yoast.com\/wordpress\/plugins\/seo\/ -->\n<title>Installation de portes pali\u00e8res, Platform Doors (PSD) pour m\u00e9tro, bus, train... - Grupsa<\/title>\n<meta name=\"description\" content=\"Installation de Screen System notre gamme de Syst\u00e8mes de Portes pali\u00e8re Automatiques, Plateforme pour Terminaux de Transport Massif : bus (BRT), m\u00e9tro, tram et train.\" \/>\n<meta name=\"robots\" content=\"index, follow, max-snippet:-1, max-image-preview:large, max-video-preview:-1\" \/>\n<link rel=\"canonical\" href=\"https:\/\/grupsa.com\/fr\/portes-de-quai\/\" \/>\n<meta property=\"og:locale\" content=\"fr_FR\" \/>\n<meta property=\"og:type\" content=\"article\" \/>\n<meta property=\"og:title\" content=\"Installation de portes pali\u00e8res, Platform Doors (PSD) pour m\u00e9tro, bus, train... - Grupsa\" \/>\n<meta property=\"og:description\" content=\"Installation de Screen System notre gamme de Syst\u00e8mes de Portes pali\u00e8re Automatiques, Plateforme pour Terminaux de Transport Massif : bus (BRT), m\u00e9tro, tram et train.\" \/>\n<meta property=\"og:url\" content=\"https:\/\/grupsa.com\/fr\/portes-de-quai\/\" \/>\n<meta property=\"og:site_name\" content=\"Grupsa\" \/>\n<meta property=\"article:modified_time\" content=\"2023-04-11T12:13:54+00:00\" \/>\n<meta property=\"og:image\" content=\"https:\/\/grupsa.com\/wp-content\/uploads\/2020\/02\/call.gif\" \/>\n<meta name=\"twitter:card\" content=\"summary_large_image\" \/>\n<meta name=\"twitter:label1\" content=\"Dur\u00e9e de lecture estim\u00e9e\" \/>\n\t<meta name=\"twitter:data1\" content=\"2 minutes\" \/>\n<script type=\"application\/ld+json\" class=\"yoast-schema-graph\">{\"@context\":\"https:\/\/schema.org\",\"@graph\":[{\"@type\":\"WebSite\",\"@id\":\"https:\/\/grupsa.com\/fr\/#website\",\"url\":\"https:\/\/grupsa.com\/fr\/\",\"name\":\"Grupsa\",\"description\":\"Accesos que conectan personas\",\"potentialAction\":[{\"@type\":\"SearchAction\",\"target\":{\"@type\":\"EntryPoint\",\"urlTemplate\":\"https:\/\/grupsa.com\/fr\/?s={search_term_string}\"},\"query-input\":\"required name=search_term_string\"}],\"inLanguage\":\"fr-FR\"},{\"@type\":\"ImageObject\",\"inLanguage\":\"fr-FR\",\"@id\":\"https:\/\/grupsa.com\/fr\/portes-de-quai\/#primaryimage\",\"url\":\"https:\/\/grupsa.com\/wp-content\/uploads\/2020\/02\/call.gif\",\"contentUrl\":\"https:\/\/grupsa.com\/wp-content\/uploads\/2020\/02\/call.gif\",\"width\":100,\"height\":93},{\"@type\":\"WebPage\",\"@id\":\"https:\/\/grupsa.com\/fr\/portes-de-quai\/#webpage\",\"url\":\"https:\/\/grupsa.com\/fr\/portes-de-quai\/\",\"name\":\"Installation de portes pali\u00e8res, Platform Doors (PSD) pour m\u00e9tro, bus, train... - Grupsa\",\"isPartOf\":{\"@id\":\"https:\/\/grupsa.com\/fr\/#website\"},\"primaryImageOfPage\":{\"@id\":\"https:\/\/grupsa.com\/fr\/portes-de-quai\/#primaryimage\"},\"datePublished\":\"2019-07-18T10:19:14+00:00\",\"dateModified\":\"2023-04-11T12:13:54+00:00\",\"description\":\"Installation de Screen System notre gamme de Syst\u00e8mes de Portes pali\u00e8re Automatiques, Plateforme pour Terminaux de Transport Massif : bus (BRT), m\u00e9tro, tram et train.\",\"breadcrumb\":{\"@id\":\"https:\/\/grupsa.com\/fr\/portes-de-quai\/#breadcrumb\"},\"inLanguage\":\"fr-FR\",\"potentialAction\":[{\"@type\":\"ReadAction\",\"target\":[\"https:\/\/grupsa.com\/fr\/portes-de-quai\/\"]}]},{\"@type\":\"BreadcrumbList\",\"@id\":\"https:\/\/grupsa.com\/fr\/portes-de-quai\/#breadcrumb\",\"itemListElement\":[{\"@type\":\"ListItem\",\"position\":1,\"name\":\"Portada\",\"item\":\"https:\/\/grupsa.com\/fr\/\"},{\"@type\":\"ListItem\",\"position\":2,\"name\":\"Portes de Quai\"}]}]}<\/script>\n<!-- \/ Yoast SEO plugin. -->","yoast_head_json":{"title":"Installation de portes pali\u00e8res, Platform Doors (PSD) pour m\u00e9tro, bus, train... - Grupsa","description":"Installation de Screen System notre gamme de Syst\u00e8mes de Portes pali\u00e8re Automatiques, Plateforme pour Terminaux de Transport Massif : bus (BRT), m\u00e9tro, tram et train.","robots":{"index":"index","follow":"follow","max-snippet":"max-snippet:-1","max-image-preview":"max-image-preview:large","max-video-preview":"max-video-preview:-1"},"canonical":"https:\/\/grupsa.com\/fr\/portes-de-quai\/","og_locale":"fr_FR","og_type":"article","og_title":"Installation de portes pali\u00e8res, Platform Doors (PSD) pour m\u00e9tro, bus, train... - Grupsa","og_description":"Installation de Screen System notre gamme de Syst\u00e8mes de Portes pali\u00e8re Automatiques, Plateforme pour Terminaux de Transport Massif : bus (BRT), m\u00e9tro, tram et train.","og_url":"https:\/\/grupsa.com\/fr\/portes-de-quai\/","og_site_name":"Grupsa","article_modified_time":"2023-04-11T12:13:54+00:00","og_image":[{"url":"https:\/\/grupsa.com\/wp-content\/uploads\/2020\/02\/call.gif"}],"twitter_card":"summary_large_image","twitter_misc":{"Dur\u00e9e de lecture estim\u00e9e":"2 minutes"},"schema":{"@context":"https:\/\/schema.org","@graph":[{"@type":"WebSite","@id":"https:\/\/grupsa.com\/fr\/#website","url":"https:\/\/grupsa.com\/fr\/","name":"Grupsa","description":"Accesos que conectan personas","potentialAction":[{"@type":"SearchAction","target":{"@type":"EntryPoint","urlTemplate":"https:\/\/grupsa.com\/fr\/?s={search_term_string}"},"query-input":"required name=search_term_string"}],"inLanguage":"fr-FR"},{"@type":"ImageObject","inLanguage":"fr-FR","@id":"https:\/\/grupsa.com\/fr\/portes-de-quai\/#primaryimage","url":"https:\/\/grupsa.com\/wp-content\/uploads\/2020\/02\/call.gif","contentUrl":"https:\/\/grupsa.com\/wp-content\/uploads\/2020\/02\/call.gif","width":100,"height":93},{"@type":"WebPage","@id":"https:\/\/grupsa.com\/fr\/portes-de-quai\/#webpage","url":"https:\/\/grupsa.com\/fr\/portes-de-quai\/","name":"Installation de portes pali\u00e8res, Platform Doors (PSD) pour m\u00e9tro, bus, train... - Grupsa","isPartOf":{"@id":"https:\/\/grupsa.com\/fr\/#website"},"primaryImageOfPage":{"@id":"https:\/\/grupsa.com\/fr\/portes-de-quai\/#primaryimage"},"datePublished":"2019-07-18T10:19:14+00:00","dateModified":"2023-04-11T12:13:54+00:00","description":"Installation de Screen System notre gamme de Syst\u00e8mes de Portes pali\u00e8re Automatiques, Plateforme pour Terminaux de Transport Massif : bus (BRT), m\u00e9tro, tram et train.","breadcrumb":{"@id":"https:\/\/grupsa.com\/fr\/portes-de-quai\/#breadcrumb"},"inLanguage":"fr-FR","potentialAction":[{"@type":"ReadAction","target":["https:\/\/grupsa.com\/fr\/portes-de-quai\/"]}]},{"@type":"BreadcrumbList","@id":"https:\/\/grupsa.com\/fr\/portes-de-quai\/#breadcrumb","itemListElement":[{"@type":"ListItem","position":1,"name":"Portada","item":"https:\/\/grupsa.com\/fr\/"},{"@type":"ListItem","position":2,"name":"Portes de Quai"}]}]}},"_links":{"self":[{"href":"https:\/\/grupsa.com\/fr\/wp-json\/wp\/v2\/pages\/12142"}],"collection":[{"href":"https:\/\/grupsa.com\/fr\/wp-json\/wp\/v2\/pages"}],"about":[{"href":"https:\/\/grupsa.com\/fr\/wp-json\/wp\/v2\/types\/page"}],"author":[{"embeddable":true,"href":"https:\/\/grupsa.com\/fr\/wp-json\/wp\/v2\/users\/1"}],"replies":[{"embeddable":true,"href":"https:\/\/grupsa.com\/fr\/wp-json\/wp\/v2\/comments?post=12142"}],"version-history":[{"count":11,"href":"https:\/\/grupsa.com\/fr\/wp-json\/wp\/v2\/pages\/12142\/revisions"}],"predecessor-version":[{"id":14302,"href":"https:\/\/grupsa.com\/fr\/wp-json\/wp\/v2\/pages\/12142\/revisions\/14302"}],"wp:attachment":[{"href":"https:\/\/grupsa.com\/fr\/wp-json\/wp\/v2\/media?parent=12142"}],"curies":[{"name":"wp","href":"https:\/\/api.w.org\/{rel}","templated":true}]}}