{"id":12123,"date":"2019-07-16T12:46:34","date_gmt":"2019-07-16T10:46:34","guid":{"rendered":"https:\/\/grupsa.com\/instalaciones-para-el-area-quirurgica\/"},"modified":"2020-03-05T13:35:31","modified_gmt":"2020-03-05T12:35:31","slug":"installations-pour-zones-chirurgicales","status":"publish","type":"page","link":"https:\/\/grupsa.com\/fr\/installations-pour-zones-chirurgicales\/","title":{"rendered":"Installations pour Zones Chirurgicales"},"content":{"rendered":"<div id=\"pl-12123\"  class=\"panel-layout\" ><div id=\"pg-12123-0\"  class=\"panel-grid panel-no-style\" ><div id=\"pgc-12123-0-0\"  class=\"panel-grid-cell\" ><div id=\"panel-12123-0-0-0\" class=\"so-panel widget widget_themegrill_flash_image tg-widget tg-image-widget panel-first-child\" data-index=\"0\" ><div class=\"tg-image-block\">\r\n\t\t\t<img decoding=\"async\" src=\"https:\/\/grupsa.com\/wp-content\/uploads\/2020\/02\/Instalaciones.jpg\" alt=\"\" \/>\r\n\t\t<\/div>\r\n<\/div><div id=\"panel-12123-0-0-1\" class=\"so-panel widget widget_themegrill_flash_heading tg-widget section-title-wrapper panel-last-child\" data-index=\"1\" ><div class=\"wow pulse flash_inherit_color panel-widget-style panel-widget-style-for-12123-0-0-1\" data-wow-offset=\"10\" data-wow-iteration=\"1\" >\t<div class=\"heading heading-left divider-without-icon heading-divider\">\r\n\t<h3 class=\"section-title\">Installations pour la zone chirurgicale<\/h3>\r\n\t<div class=\"section-description\">Hospital System<\/div>\r\n<\/div>\r\n<\/div><\/div><\/div><\/div><div id=\"pg-12123-1\"  class=\"panel-grid panel-no-style\" ><div id=\"pgc-12123-1-0\"  class=\"panel-grid-cell\" ><div id=\"panel-12123-1-0-0\" class=\"so-panel widget widget_text panel-first-child panel-last-child\" data-index=\"2\" >\t\t\t<div class=\"textwidget\"><p>La gamme <a href=\"https:\/\/grupsa.com\/fr\/systemes-pour-salles-doperation-et-salles-blanches\/\"><strong>Hospital System<\/strong><\/a> comprend une large gamme d&rsquo;installations pour la zone critique et le bloc chirurgical qui permettent de compl\u00e9ter votre projet hospitalier avec le meilleur \u00e9quipement qui emp\u00eache la contamination crois\u00e9e des agents pathog\u00e8nes et facilite le travail des professionnels de la sant\u00e9.<\/p>\n<ul>\n<li><strong>Design \u00e9l\u00e9gant<\/strong> et <strong>nettoyage facile<\/strong>.<\/li>\n<li><strong>Formats disponibles<\/strong> pour les architectes: PDF, BIM et CAD.<\/li>\n<\/ul>\n<p><strong>PRODUITS<\/strong><\/p>\n<ul>\n<li>La <strong>Fen\u00eatre \u00e0 Guillotine HS-Q1<\/strong> permet le passage s\u00fbr et propre des mat\u00e9riaux et instruments m\u00e9dicaux entre les pi\u00e8ces des zones chirurgicales. Finitions en acier inoxydable, avec une feuille de transparence verticale sur toute sa surface. R\u00e9duit le risque de contamination crois\u00e9e dans l&rsquo;air entre la salle blanche et l&rsquo;ext\u00e9rieur, \u00e9vitant la perte de pression diff\u00e9rentielle entre les zones. En option, il est fabriqu\u00e9 avec une protection en plomb pour les pi\u00e8ces avec \u00e9quipement radiologique.<\/li>\n<li><strong>Armoires Hygi\u00e9niques HS-Q2<\/strong> pour installation dans les salles d&rsquo;op\u00e9ration et les salles blanches, en acier inoxydable.<\/li>\n<li><strong>Fen\u00eatres d&rsquo;observation HS-Q3<\/strong>, qui permettent un contr\u00f4le visuel de la salle par l&rsquo;\u00e9quipe m\u00e9dicale dans les zones radiologiques, les soins intensifs ou la n\u00e9onatologie. Il peut int\u00e9grer une protection ou des syst\u00e8mes au plomb pour r\u00e9guler l&rsquo;opacit\u00e9, ainsi que des stores v\u00e9nitiens ou des verres \u00e9lectropolaris\u00e9s.<\/li>\n<li><strong>Transfert de Mat\u00e9riaux HS-Q4<\/strong>, qui minimise le risque de contamination crois\u00e9e dans l&rsquo;air entre la salle blanche et l&rsquo;ext\u00e9rieur, gr\u00e2ce \u00e0 son syst\u00e8me d&rsquo;\u00e9cluse. Il incorpore dans ses lampes int\u00e9rieures de la lumi\u00e8re ultraviolette pour la d\u00e9sinfection du mat\u00e9riel, diminuant la possibilit\u00e9 d&rsquo;introduire des instruments contamin\u00e9s.<\/li>\n<li><strong>Transfert des Patients HS-600<\/strong> pour le passage des patients au bloc chirurgical sans avoir \u00e0 introduire la civi\u00e8re contamin\u00e9e dans la zone op\u00e9ratoire.<\/li>\n<li><strong>Portes Automatiques pour Gantry coulissante CT HS-260T<\/strong> qui permettent de compartimenter l&rsquo;espace chirurgical \u00e0 usage partag\u00e9 dans plusieurs salles d&rsquo;op\u00e9ration d&rsquo;\u00e9quipements radiologiques pour CT (CT). Ils sont con\u00e7us par Grupsa pour optimiser l&rsquo;\u00e9quipement de diagnostic dans la zone chirurgicale. Fabriqu\u00e9 en acier inoxydable, avec protection radiologique du plomb selon les exigences de Gantry.<\/li>\n<\/ul>\n<\/div>\n\t\t<\/div><\/div><\/div><div id=\"pg-12123-2\"  class=\"panel-grid panel-no-style\" ><div id=\"pgc-12123-2-0\"  class=\"panel-grid-cell\" ><div id=\"panel-12123-2-0-0\" class=\"so-panel widget widget_text panel-first-child panel-last-child\" data-index=\"3\" ><div class=\"panel-widget-style panel-widget-style-for-12123-2-0-0\" ><h3 class=\"widget-title\">MOD\u00c8LES<\/h3>\t\t\t<div class=\"textwidget\"><\/div>\n\t\t<\/div><\/div><\/div><\/div><div id=\"pg-12123-3\"  class=\"panel-grid panel-has-style\" ><div data-overlay-opactity=\"1\" class=\"panel-row-style panel-row-style-for-12123-3\" ><div id=\"pgc-12123-3-0\"  class=\"panel-grid-cell\" ><div id=\"panel-12123-3-0-0\" class=\"so-panel widget widget_themegrill_flash_image tg-widget tg-image-widget panel-first-child\" data-index=\"4\" ><div class=\"tg-image-block\">\r\n\t\t\t<img decoding=\"async\" src=\"https:\/\/grupsa.com\/wp-content\/uploads\/2020\/02\/Ventana-guillotina.jpg\" alt=\"\" \/>\r\n\t\t<\/div>\r\n<\/div><div id=\"panel-12123-3-0-1\" class=\"so-panel widget widget_text\" data-index=\"5\" >\t\t\t<div class=\"textwidget\"><p><strong>Fen\u00eatre \u00e0 Guillotine HS-Q1<\/strong><br \/>\n<strong> HS-Q1<\/strong><\/p>\n<\/div>\n\t\t<\/div><div id=\"panel-12123-3-0-2\" class=\"so-panel widget widget_themegrill_flash_image tg-widget tg-image-widget\" data-index=\"6\" ><div class=\"tg-image-block\">\r\n\t\t\t<img decoding=\"async\" src=\"https:\/\/grupsa.com\/wp-content\/uploads\/2020\/02\/transfer-materiales.jpg\" alt=\"\" \/>\r\n\t\t<\/div>\r\n<\/div><div id=\"panel-12123-3-0-3\" class=\"so-panel widget widget_text panel-last-child\" data-index=\"7\" >\t\t\t<div class=\"textwidget\"><p><strong>Transfert de Mat\u00e9riaux &#8211; Ecluse<\/strong><br \/>\n<strong> HS-Q4<\/strong><\/p>\n<\/div>\n\t\t<\/div><\/div><div id=\"pgc-12123-3-1\"  class=\"panel-grid-cell\" ><div id=\"panel-12123-3-1-0\" class=\"so-panel widget widget_themegrill_flash_image tg-widget tg-image-widget panel-first-child\" data-index=\"8\" ><div class=\"tg-image-block\">\r\n\t\t\t<img decoding=\"async\" src=\"https:\/\/grupsa.com\/wp-content\/uploads\/2020\/02\/armarios.jpg\" alt=\"\" \/>\r\n\t\t<\/div>\r\n<\/div><div id=\"panel-12123-3-1-1\" class=\"so-panel widget widget_text\" data-index=\"9\" >\t\t\t<div class=\"textwidget\"><p><strong>Armoires Hygi\u00e9niques HS-Q2 pour Salles d&rsquo;op\u00e9ration\u00a0<\/strong><\/p>\n<\/div>\n\t\t<\/div><div id=\"panel-12123-3-1-2\" class=\"so-panel widget widget_themegrill_flash_image tg-widget tg-image-widget\" data-index=\"10\" ><div class=\"tg-image-block\">\r\n\t\t\t<img decoding=\"async\" src=\"https:\/\/grupsa.com\/wp-content\/uploads\/2020\/02\/transfer-pacientes.jpg\" alt=\"\" \/>\r\n\t\t<\/div>\r\n<\/div><div id=\"panel-12123-3-1-3\" class=\"so-panel widget widget_text panel-last-child\" data-index=\"11\" >\t\t\t<div class=\"textwidget\"><p><strong>Transfert des Patients<\/strong><br \/>\n<strong>HS-600<\/strong><\/p>\n<\/div>\n\t\t<\/div><\/div><div id=\"pgc-12123-3-2\"  class=\"panel-grid-cell\" ><div id=\"panel-12123-3-2-0\" class=\"so-panel widget widget_themegrill_flash_image tg-widget tg-image-widget panel-first-child\" data-index=\"12\" ><div class=\"tg-image-block\">\r\n\t\t\t<img decoding=\"async\" src=\"https:\/\/grupsa.com\/wp-content\/uploads\/2020\/02\/ventanas.jpg\" alt=\"\" \/>\r\n\t\t<\/div>\r\n<\/div><div id=\"panel-12123-3-2-1\" class=\"so-panel widget widget_text\" data-index=\"13\" >\t\t\t<div class=\"textwidget\"><p><strong>Fen\u00eatres d&rsquo;observation HS-Q3<\/strong><br \/>\n<strong>\u25ba Protection de plomb<\/strong><\/p>\n<\/div>\n\t\t<\/div><div id=\"panel-12123-3-2-2\" class=\"so-panel widget widget_themegrill_flash_image tg-widget tg-image-widget\" data-index=\"14\" ><div class=\"tg-image-block\">\r\n\t\t\t<img decoding=\"async\" src=\"https:\/\/grupsa.com\/wp-content\/uploads\/2020\/02\/puertas-gantry.jpg\" alt=\"\" \/>\r\n\t\t<\/div>\r\n<\/div><div id=\"panel-12123-3-2-3\" class=\"so-panel widget widget_text panel-last-child\" data-index=\"15\" >\t\t\t<div class=\"textwidget\"><p><strong>Portes Automatiques pour Gantry coulissante CT HS-260T<\/strong><\/p>\n<\/div>\n\t\t<\/div><\/div><\/div><\/div><div id=\"pg-12123-4\"  class=\"panel-grid panel-has-style\" ><div data-overlay-opactity=\"1\" class=\"panel-row-style panel-row-style-for-12123-4\" ><div id=\"pgc-12123-4-0\"  class=\"panel-grid-cell\" ><div id=\"panel-12123-4-0-0\" class=\"so-panel widget widget_themegrill_flash_icon tg-widget tg-icon-widget panel-first-child panel-last-child\" data-index=\"16\" ><ul class=\"tg-icons tg-icons--rectangular-rounded\">\r\n\t<li class=\"tg-icon-container\" style=\"font-size: 14px\">\r\n\t\t\t\t<a href=\"#\"\r\n\t\t\t\t<i class=\"fa fa-download\"><\/i>\r\n\t\t\t\t<\/a>\r\n\t\t\t<\/li>\r\n<\/ul>\r\n<\/div><\/div><div id=\"pgc-12123-4-1\"  class=\"panel-grid-cell\" ><div id=\"panel-12123-4-1-0\" class=\"so-panel widget widget_text panel-first-child panel-last-child\" data-index=\"17\" ><div class=\"panel-widget-style panel-widget-style-for-12123-4-1-0\" ><h3 class=\"widget-title\">T\u00c9L\u00c9CHARGEMENTS<\/h3>\t\t\t<div class=\"textwidget\"><\/div>\n\t\t<\/div><\/div><\/div><\/div><\/div><div id=\"pg-12123-5\"  class=\"panel-grid panel-has-style\" ><div data-overlay-opactity=\"1\" class=\"panel-row-style panel-row-style-for-12123-5\" ><div id=\"pgc-12123-5-0\"  class=\"panel-grid-cell\" ><div id=\"panel-12123-5-0-0\" class=\"so-panel widget widget_text panel-first-child panel-last-child\" data-index=\"18\" >\t\t\t<div class=\"textwidget\"><p><strong>DOCUMENTATION COMMERCIALE<\/strong><\/p>\n<p><strong><a href=\"https:\/\/tdrv.eu\/SfC\"><img decoding=\"async\" class=\"alignnone size-full wp-image-11334\" src=\"https:\/\/grupsa.com\/wp-content\/uploads\/2020\/02\/call.gif\" alt=\"\" width=\"30\" height=\"27\" \/><\/a>\u00a0Catalogue produit<\/strong><br \/>\n<strong><a href=\"https:\/\/tdrv.eu\/YWBem0\"><img decoding=\"async\" class=\"alignnone size-full wp-image-11334\" src=\"https:\/\/grupsa.com\/wp-content\/uploads\/2020\/02\/call.gif\" alt=\"\" width=\"30\" height=\"27\" \/><\/a>\u00a0H\u00f4pitaux et secteur de la sant\u00e9<\/strong><\/p>\n<\/div>\n\t\t<\/div><\/div><div id=\"pgc-12123-5-1\"  class=\"panel-grid-cell\" ><div id=\"panel-12123-5-1-0\" class=\"so-panel widget widget_text panel-first-child panel-last-child\" data-index=\"19\" >\t\t\t<div class=\"textwidget\"><p><strong>DOCUMENTATION TECHNIQUE<\/strong><\/p>\n<p><strong><a href=\"http:\/\/gsonline.grupsa.com\/fr\/hospital-system\/hojas-tecnicas-hs\/\"><img decoding=\"async\" class=\"alignnone size-full wp-image-11334\" src=\"https:\/\/grupsa.com\/wp-content\/uploads\/2020\/02\/call.gif\" alt=\"\" width=\"30\" height=\"27\" \/><\/a>\u00a0 Fiches techniques<\/strong><br \/>\n<strong><a href=\"http:\/\/gsonline.grupsa.com\/fr\/hospital-system\/specifications-techniques-hs\/\"><img decoding=\"async\" class=\"alignnone size-full wp-image-11334\" src=\"https:\/\/grupsa.com\/wp-content\/uploads\/2020\/02\/call.gif\" alt=\"\" width=\"30\" height=\"27\" \/><\/a>\u00a0 Sp\u00e9cifications descriptives<\/strong><br \/>\n<strong><a href=\"http:\/\/gsonline.grupsa.com\/fr\/hospital-system\/certificados-hs\/\"><img decoding=\"async\" class=\"alignnone size-full wp-image-11334\" src=\"https:\/\/grupsa.com\/wp-content\/uploads\/2020\/02\/call.gif\" alt=\"\" width=\"30\" height=\"27\" \/><\/a>\u00a0 Certificates<\/strong><br \/>\n<strong><a href=\"http:\/\/gsonline.grupsa.com\/fr\/hospital-system\/manuales-tecnicos-hs\/\"><img decoding=\"async\" class=\"alignnone size-full wp-image-11334\" src=\"https:\/\/grupsa.com\/wp-content\/uploads\/2020\/02\/call.gif\" alt=\"\" width=\"30\" height=\"27\" \/><\/a>\u00a0 Manuels Techniques<\/strong><\/p>\n<\/div>\n\t\t<\/div><\/div><div id=\"pgc-12123-5-2\"  class=\"panel-grid-cell\" ><div id=\"panel-12123-5-2-0\" class=\"so-panel widget widget_text panel-first-child panel-last-child\" data-index=\"20\" >\t\t\t<div class=\"textwidget\"><p><strong>ARCHITECTURE ET MOD\u00c9LISATION<\/strong><\/p>\n<p><strong><a href=\"http:\/\/gsonline.grupsa.com\/fr\/hospital-system\/planos-pdf-hs\/\"><img decoding=\"async\" class=\"alignnone size-full wp-image-11334\" src=\"https:\/\/grupsa.com\/wp-content\/uploads\/2020\/02\/call.gif\" alt=\"\" width=\"30\" height=\"27\" \/><\/a>\u00a0 Plans PDF<\/strong><br \/>\n<strong><a href=\"http:\/\/gsonline.grupsa.com\/fr\/hospital-system\/planos-cad-hs\/\"><img decoding=\"async\" class=\"alignnone size-full wp-image-11334\" src=\"https:\/\/grupsa.com\/wp-content\/uploads\/2020\/02\/call.gif\" alt=\"\" width=\"30\" height=\"27\" \/><\/a>\u00a0 Plans CAD<\/strong><br \/>\n<strong><a href=\"http:\/\/gsonline.grupsa.com\/fr\/hospital-system\/planos-bim-hs-2\/\"><img decoding=\"async\" class=\"alignnone size-full wp-image-11334\" src=\"https:\/\/grupsa.com\/wp-content\/uploads\/2020\/02\/call.gif\" alt=\"\" width=\"30\" height=\"27\" \/><\/a>\u00a0 L<b class=\"b5\">ibrairie BIM<\/b><\/strong><\/p>\n<\/div>\n\t\t<\/div><\/div><\/div><\/div><\/div>","protected":false},"excerpt":{"rendered":"<p>La gamme Hospital System comprend une large gamme d&rsquo;installations pour la zone critique et le [&hellip;]<\/p>\n","protected":false},"author":1,"featured_media":0,"parent":0,"menu_order":4,"comment_status":"closed","ping_status":"closed","template":"","meta":{"footnotes":""},"yoast_head":"<!-- This site is optimized with the Yoast SEO plugin v18.8 - https:\/\/yoast.com\/wordpress\/plugins\/seo\/ -->\n<title>Installations pour Zones Chirurgicales - Grupsa<\/title>\n<meta name=\"description\" content=\"Installations pour le bloc chirurgical qui \u00e9vitent contamination crois\u00e9e: guillotine et fen\u00eatre d&#039;observation, armoires hygi\u00e9niques, transfert de mat\u00e9riaux\" \/>\n<meta name=\"robots\" content=\"index, follow, max-snippet:-1, max-image-preview:large, max-video-preview:-1\" \/>\n<link rel=\"canonical\" href=\"https:\/\/grupsa.com\/fr\/installations-pour-zones-chirurgicales\/\" \/>\n<meta property=\"og:locale\" content=\"fr_FR\" \/>\n<meta property=\"og:type\" content=\"article\" \/>\n<meta property=\"og:title\" content=\"Installations pour Zones Chirurgicales - Grupsa\" \/>\n<meta property=\"og:description\" content=\"Installations pour le bloc chirurgical qui \u00e9vitent contamination crois\u00e9e: guillotine et fen\u00eatre d&#039;observation, armoires hygi\u00e9niques, transfert de mat\u00e9riaux\" \/>\n<meta property=\"og:url\" content=\"https:\/\/grupsa.com\/fr\/installations-pour-zones-chirurgicales\/\" \/>\n<meta property=\"og:site_name\" content=\"Grupsa\" \/>\n<meta property=\"article:modified_time\" content=\"2020-03-05T12:35:31+00:00\" \/>\n<meta property=\"og:image\" content=\"https:\/\/grupsa.com\/wp-content\/uploads\/2020\/02\/call.gif\" \/>\n<meta name=\"twitter:card\" content=\"summary_large_image\" \/>\n<meta name=\"twitter:label1\" content=\"Dur\u00e9e de lecture estim\u00e9e\" \/>\n\t<meta name=\"twitter:data1\" content=\"3 minutes\" \/>\n<script type=\"application\/ld+json\" class=\"yoast-schema-graph\">{\"@context\":\"https:\/\/schema.org\",\"@graph\":[{\"@type\":\"WebSite\",\"@id\":\"https:\/\/grupsa.com\/fr\/#website\",\"url\":\"https:\/\/grupsa.com\/fr\/\",\"name\":\"Grupsa\",\"description\":\"Accesos que conectan personas\",\"potentialAction\":[{\"@type\":\"SearchAction\",\"target\":{\"@type\":\"EntryPoint\",\"urlTemplate\":\"https:\/\/grupsa.com\/fr\/?s={search_term_string}\"},\"query-input\":\"required name=search_term_string\"}],\"inLanguage\":\"fr-FR\"},{\"@type\":\"ImageObject\",\"inLanguage\":\"fr-FR\",\"@id\":\"https:\/\/grupsa.com\/fr\/installations-pour-zones-chirurgicales\/#primaryimage\",\"url\":\"https:\/\/grupsa.com\/wp-content\/uploads\/2020\/02\/call.gif\",\"contentUrl\":\"https:\/\/grupsa.com\/wp-content\/uploads\/2020\/02\/call.gif\",\"width\":100,\"height\":93},{\"@type\":\"WebPage\",\"@id\":\"https:\/\/grupsa.com\/fr\/installations-pour-zones-chirurgicales\/#webpage\",\"url\":\"https:\/\/grupsa.com\/fr\/installations-pour-zones-chirurgicales\/\",\"name\":\"Installations pour Zones Chirurgicales - Grupsa\",\"isPartOf\":{\"@id\":\"https:\/\/grupsa.com\/fr\/#website\"},\"primaryImageOfPage\":{\"@id\":\"https:\/\/grupsa.com\/fr\/installations-pour-zones-chirurgicales\/#primaryimage\"},\"datePublished\":\"2019-07-16T10:46:34+00:00\",\"dateModified\":\"2020-03-05T12:35:31+00:00\",\"description\":\"Installations pour le bloc chirurgical qui \u00e9vitent contamination crois\u00e9e: guillotine et fen\u00eatre d'observation, armoires hygi\u00e9niques, transfert de mat\u00e9riaux\",\"breadcrumb\":{\"@id\":\"https:\/\/grupsa.com\/fr\/installations-pour-zones-chirurgicales\/#breadcrumb\"},\"inLanguage\":\"fr-FR\",\"potentialAction\":[{\"@type\":\"ReadAction\",\"target\":[\"https:\/\/grupsa.com\/fr\/installations-pour-zones-chirurgicales\/\"]}]},{\"@type\":\"BreadcrumbList\",\"@id\":\"https:\/\/grupsa.com\/fr\/installations-pour-zones-chirurgicales\/#breadcrumb\",\"itemListElement\":[{\"@type\":\"ListItem\",\"position\":1,\"name\":\"Portada\",\"item\":\"https:\/\/grupsa.com\/fr\/\"},{\"@type\":\"ListItem\",\"position\":2,\"name\":\"Installations pour Zones Chirurgicales\"}]}]}<\/script>\n<!-- \/ Yoast SEO plugin. -->","yoast_head_json":{"title":"Installations pour Zones Chirurgicales - Grupsa","description":"Installations pour le bloc chirurgical qui \u00e9vitent contamination crois\u00e9e: guillotine et fen\u00eatre d'observation, armoires hygi\u00e9niques, transfert de mat\u00e9riaux","robots":{"index":"index","follow":"follow","max-snippet":"max-snippet:-1","max-image-preview":"max-image-preview:large","max-video-preview":"max-video-preview:-1"},"canonical":"https:\/\/grupsa.com\/fr\/installations-pour-zones-chirurgicales\/","og_locale":"fr_FR","og_type":"article","og_title":"Installations pour Zones Chirurgicales - Grupsa","og_description":"Installations pour le bloc chirurgical qui \u00e9vitent contamination crois\u00e9e: guillotine et fen\u00eatre d'observation, armoires hygi\u00e9niques, transfert de mat\u00e9riaux","og_url":"https:\/\/grupsa.com\/fr\/installations-pour-zones-chirurgicales\/","og_site_name":"Grupsa","article_modified_time":"2020-03-05T12:35:31+00:00","og_image":[{"url":"https:\/\/grupsa.com\/wp-content\/uploads\/2020\/02\/call.gif"}],"twitter_card":"summary_large_image","twitter_misc":{"Dur\u00e9e de lecture estim\u00e9e":"3 minutes"},"schema":{"@context":"https:\/\/schema.org","@graph":[{"@type":"WebSite","@id":"https:\/\/grupsa.com\/fr\/#website","url":"https:\/\/grupsa.com\/fr\/","name":"Grupsa","description":"Accesos que conectan personas","potentialAction":[{"@type":"SearchAction","target":{"@type":"EntryPoint","urlTemplate":"https:\/\/grupsa.com\/fr\/?s={search_term_string}"},"query-input":"required name=search_term_string"}],"inLanguage":"fr-FR"},{"@type":"ImageObject","inLanguage":"fr-FR","@id":"https:\/\/grupsa.com\/fr\/installations-pour-zones-chirurgicales\/#primaryimage","url":"https:\/\/grupsa.com\/wp-content\/uploads\/2020\/02\/call.gif","contentUrl":"https:\/\/grupsa.com\/wp-content\/uploads\/2020\/02\/call.gif","width":100,"height":93},{"@type":"WebPage","@id":"https:\/\/grupsa.com\/fr\/installations-pour-zones-chirurgicales\/#webpage","url":"https:\/\/grupsa.com\/fr\/installations-pour-zones-chirurgicales\/","name":"Installations pour Zones Chirurgicales - Grupsa","isPartOf":{"@id":"https:\/\/grupsa.com\/fr\/#website"},"primaryImageOfPage":{"@id":"https:\/\/grupsa.com\/fr\/installations-pour-zones-chirurgicales\/#primaryimage"},"datePublished":"2019-07-16T10:46:34+00:00","dateModified":"2020-03-05T12:35:31+00:00","description":"Installations pour le bloc chirurgical qui \u00e9vitent contamination crois\u00e9e: guillotine et fen\u00eatre d'observation, armoires hygi\u00e9niques, transfert de mat\u00e9riaux","breadcrumb":{"@id":"https:\/\/grupsa.com\/fr\/installations-pour-zones-chirurgicales\/#breadcrumb"},"inLanguage":"fr-FR","potentialAction":[{"@type":"ReadAction","target":["https:\/\/grupsa.com\/fr\/installations-pour-zones-chirurgicales\/"]}]},{"@type":"BreadcrumbList","@id":"https:\/\/grupsa.com\/fr\/installations-pour-zones-chirurgicales\/#breadcrumb","itemListElement":[{"@type":"ListItem","position":1,"name":"Portada","item":"https:\/\/grupsa.com\/fr\/"},{"@type":"ListItem","position":2,"name":"Installations pour Zones Chirurgicales"}]}]}},"_links":{"self":[{"href":"https:\/\/grupsa.com\/fr\/wp-json\/wp\/v2\/pages\/12123"}],"collection":[{"href":"https:\/\/grupsa.com\/fr\/wp-json\/wp\/v2\/pages"}],"about":[{"href":"https:\/\/grupsa.com\/fr\/wp-json\/wp\/v2\/types\/page"}],"author":[{"embeddable":true,"href":"https:\/\/grupsa.com\/fr\/wp-json\/wp\/v2\/users\/1"}],"replies":[{"embeddable":true,"href":"https:\/\/grupsa.com\/fr\/wp-json\/wp\/v2\/comments?post=12123"}],"version-history":[{"count":9,"href":"https:\/\/grupsa.com\/fr\/wp-json\/wp\/v2\/pages\/12123\/revisions"}],"predecessor-version":[{"id":12137,"href":"https:\/\/grupsa.com\/fr\/wp-json\/wp\/v2\/pages\/12123\/revisions\/12137"}],"wp:attachment":[{"href":"https:\/\/grupsa.com\/fr\/wp-json\/wp\/v2\/media?parent=12123"}],"curies":[{"name":"wp","href":"https:\/\/api.w.org\/{rel}","templated":true}]}}