{"id":12061,"date":"2019-07-30T15:10:57","date_gmt":"2019-07-30T13:10:57","guid":{"rendered":"https:\/\/grupsa.com\/sedes-corporativas-oficinas-e-instituciones\/"},"modified":"2023-05-29T09:35:29","modified_gmt":"2023-05-29T07:35:29","slug":"sieges-corporatifs-bureaux-et-institutions","status":"publish","type":"page","link":"https:\/\/grupsa.com\/fr\/sieges-corporatifs-bureaux-et-institutions\/","title":{"rendered":"Si\u00e8ges corporatifs, bureaux et institutions"},"content":{"rendered":"<div id=\"pl-12061\"  class=\"panel-layout\" ><div id=\"pg-12061-0\"  class=\"panel-grid panel-has-style\" ><div data-overlay-opactity=\"1\" class=\"panel-row-style panel-row-style-for-12061-0\" ><div id=\"pgc-12061-0-0\"  class=\"panel-grid-cell\" ><div id=\"panel-12061-0-0-0\" class=\"so-panel widget widget_themegrill_flash_image tg-widget tg-image-widget panel-first-child\" data-index=\"0\" ><div class=\"tg-image-block\">\r\n\t\t\t<img decoding=\"async\" src=\"https:\/\/grupsa.com\/wp-content\/uploads\/2020\/02\/sedes.jpg\" alt=\"Puertas para sedes corporativas y oficinas\" \/>\r\n\t\t<\/div>\r\n<\/div><div id=\"panel-12061-0-0-1\" class=\"so-panel widget widget_themegrill_flash_heading tg-widget section-title-wrapper\" data-index=\"1\" ><div class=\"wow pulse flash_inherit_color panel-widget-style panel-widget-style-for-12061-0-0-1\" data-wow-offset=\"10\" data-wow-iteration=\"1\" >\t<div class=\"heading heading-left divider-without-icon heading-divider\">\r\n\t<h3 class=\"section-title\">Si\u00e8ges Corporatifs, bureaux et institutions<\/h3>\r\n\t<div class=\"section-description\">Des acc\u00e8s efficaces et esth\u00e9tiques<\/div>\r\n<\/div>\r\n<\/div><\/div><div id=\"panel-12061-0-0-2\" class=\"so-panel widget widget_text\" data-index=\"2\" >\t\t\t<div class=\"textwidget\"><p>GRUPSA Door Systems propose de multiples solutions de tickets pour les b\u00e2timents tels que le si\u00e8ge social, les tours de bureaux, les institutions, les mus\u00e9es, les centres sportifs &#8230; Nos produits sont con\u00e7u et fabriqu\u00e9 en Espagne pour r\u00e9pondre aux besoins de tout projet architectural n\u00e9cessitant des entr\u00e9es distingu\u00e9es et efficaces pour le passage s\u00e9curis\u00e9 des personnes: <a href=\"https:\/\/grupsa.com\/fr\/portes-tournantes\/\"><strong>Portes Tournantes<\/strong><\/a>, <a href=\"https:\/\/grupsa.com\/fr\/portes-automatiques-vitrees\/\"><strong>Portes Automatiques&#8230;<\/strong><\/a><\/p>\n<p>Notre d\u00e9partement d&rsquo;ing\u00e9nierie technique vous offrira la meilleure solution adapt\u00e9e \u00e0 l&rsquo;esth\u00e9tique de votre b\u00e2timent, gr\u00e2ce \u00e0 notre vari\u00e9t\u00e9 de finitions et la haute personnalisation que nous vous proposons. De plus, nous travaillons avec les meilleures qualit\u00e9s ainsi que les derni\u00e8res technologies en mati\u00e8re de s\u00e9curit\u00e9 et de domotique int\u00e9gr\u00e9e.<\/p>\n<p>Nos syst\u00e8mes sont la meilleure option sur le march\u00e9, en raison de leur durabilit\u00e9, de leur entretien r\u00e9duit et de leur longue dur\u00e9e de vie.<\/p>\n<\/div>\n\t\t<\/div><div id=\"panel-12061-0-0-3\" class=\"so-panel widget widget_themegrill_flash_separator tg-widget separator-wrapper panel-last-child\" data-index=\"3\" ><div class=\"panel-widget-style panel-widget-style-for-12061-0-0-3\" ><div style='margin-top:7px;margin-bottom:7px'  class=\"separator separator-center\">\r\n\t<div class='separator-inner' style='width:100px' ><\/div>\t\t<\/div>\r\n<\/div><\/div><\/div><\/div><\/div><div id=\"pg-12061-1\"  class=\"panel-grid panel-has-style\" ><div data-overlay-opactity=\"1\" class=\"panel-row-style panel-row-style-for-12061-1\" ><div id=\"pgc-12061-1-0\"  class=\"panel-grid-cell\" ><div id=\"panel-12061-1-0-0\" class=\"so-panel widget widget_themegrill_flash_image tg-widget tg-image-widget panel-first-child panel-last-child\" data-index=\"4\" ><div class=\"tg-image-block\">\r\n\t\t\t<img decoding=\"async\" src=\"https:\/\/grupsa.com\/wp-content\/uploads\/2020\/03\/Brochure-Sieges-et-Institutions-scaled.jpg\" alt=\"\" \/>\r\n\t\t<\/div>\r\n<\/div><\/div><div id=\"pgc-12061-1-1\"  class=\"panel-grid-cell\" ><div id=\"panel-12061-1-1-0\" class=\"so-panel widget widget_text panel-first-child\" data-index=\"5\" ><div class=\"panel-widget-style panel-widget-style-for-12061-1-1-0\" >\t\t\t<div class=\"textwidget\"><p><strong>LES APPLICATIONS<\/strong><\/p>\n<p>Acc\u00e8s principaux<br \/>\nPersonnalisation d&rsquo;entreprise<br \/>\nFa\u00e7ades vitr\u00e9es ou murs-rideaux.<br \/>\nEfficacit\u00e9 \u00e9nerg\u00e9tique<br \/>\nSyst\u00e8mes d&rsquo;ouverture synchronis\u00e9s<br \/>\nAcc\u00e8s secondaires ou d&rsquo;urgence<br \/>\nSyst\u00e8mes en mode panique ou ER<\/p>\n<\/div>\n\t\t<\/div><\/div><div id=\"panel-12061-1-1-1\" class=\"so-panel widget widget_sow-button panel-last-child\" data-index=\"6\" ><div\n\t\t\t\n\t\t\tclass=\"so-widget-sow-button so-widget-sow-button-atom-c0ef6a430664-12061\"\n\t\t\t\n\t\t><div class=\"ow-button-base ow-button-align-left\"\n>\n\t\t\t<a\n\t\t\t\t\thref=\"https:\/\/tdrv.eu\/sWtujF\"\n\t\t\t\t\tclass=\"sowb-button ow-icon-placement-right ow-button-hover\" target=\"_blank\" rel=\"noopener noreferrer\" \t>\n\t\t<span>\n\t\t\t<span class=\"sow-icon-icomoon\" data-sow-icon=\"&#xe960;\"\n\t\tstyle=\"color: #ffffff\" \n\t\taria-hidden=\"true\"><\/span>\n\t\t\tBrochure\t\t<\/span>\n\t\t\t<\/a>\n\t<\/div>\n<\/div><\/div><\/div><\/div><\/div><div id=\"pg-12061-2\"  class=\"panel-grid panel-has-style\" ><div data-overlay-opactity=\"1\" class=\"panel-row-style panel-row-style-for-12061-2\" ><div id=\"pgc-12061-2-0\"  class=\"panel-grid-cell\" ><div id=\"panel-12061-2-0-0\" class=\"so-panel widget widget_themegrill_flash_image tg-widget tg-image-widget panel-first-child\" data-index=\"7\" ><div class=\"tg-image-block\">\r\n\t\t\t<img decoding=\"async\" src=\"https:\/\/grupsa.com\/wp-content\/uploads\/2020\/02\/Teatro-Real.jpg\" alt=\"\" \/>\r\n\t\t<\/div>\r\n<\/div><div id=\"panel-12061-2-0-1\" class=\"so-panel widget widget_text panel-last-child\" data-index=\"8\" >\t\t\t<div class=\"textwidget\"><p><b>TH\u00c9\u00c0TRE ROYAL<\/b><br \/>\nMADRID (ESPAGNE)<\/p>\n<\/div>\n\t\t<\/div><\/div><div id=\"pgc-12061-2-1\"  class=\"panel-grid-cell\" ><div id=\"panel-12061-2-1-0\" class=\"so-panel widget widget_themegrill_flash_image tg-widget tg-image-widget panel-first-child\" data-index=\"9\" ><div class=\"tg-image-block\">\r\n\t\t\t<img decoding=\"async\" src=\"https:\/\/grupsa.com\/wp-content\/uploads\/2020\/02\/WTC-Urugual.jpg\" alt=\"\" \/>\r\n\t\t<\/div>\r\n<\/div><div id=\"panel-12061-2-1-1\" class=\"so-panel widget widget_text panel-last-child\" data-index=\"10\" >\t\t\t<div class=\"textwidget\"><p><b>WORLD TRADE CENTER<\/b><br \/>\nMONTEVIDEO (URUGUAY)<\/p>\n<\/div>\n\t\t<\/div><\/div><\/div><\/div><div id=\"pg-12061-3\"  class=\"panel-grid panel-no-style\" ><div id=\"pgc-12061-3-0\"  class=\"panel-grid-cell\" ><div id=\"panel-12061-3-0-0\" class=\"so-panel widget widget_text panel-first-child panel-last-child\" data-index=\"11\" ><div class=\"panel-widget-style panel-widget-style-for-12061-3-0-0\" >\t\t\t<div class=\"textwidget\"><\/div>\n\t\t<\/div><\/div><\/div><\/div><div id=\"pg-12061-4\"  class=\"panel-grid panel-no-style\" ><div id=\"pgc-12061-4-0\"  class=\"panel-grid-cell\" ><div id=\"panel-12061-4-0-0\" class=\"so-panel widget widget_text panel-first-child\" data-index=\"12\" ><div class=\"panel-widget-style panel-widget-style-for-12061-4-0-0\" ><h3 class=\"widget-title\">PROJETS DE R\u00c9F\u00c9RENCE<\/h3>\t\t\t<div class=\"textwidget\"><\/div>\n\t\t<\/div><\/div><div id=\"panel-12061-4-0-1\" class=\"so-panel widget widget_themegrill_flash_separator tg-widget separator-wrapper panel-last-child\" data-index=\"13\" ><div class=\"panel-widget-style panel-widget-style-for-12061-4-0-1\" ><div style='margin-top:1px;margin-bottom:1px'  class=\"separator separator-left\">\r\n\t<div class='separator-inner' style='width:35px' ><\/div>\t\t<\/div>\r\n<\/div><\/div><\/div><\/div><div id=\"pg-12061-5\"  class=\"panel-grid panel-has-style\" ><div data-overlay-opactity=\"1\" class=\"panel-row-style panel-row-style-for-12061-5\" ><div id=\"pgc-12061-5-0\"  class=\"panel-grid-cell\" ><div id=\"panel-12061-5-0-0\" class=\"so-panel widget widget_themegrill_flash_image tg-widget tg-image-widget panel-first-child\" data-index=\"14\" ><div class=\"tg-image-block\">\r\n\t\t\t<img decoding=\"async\" src=\"https:\/\/grupsa.com\/wp-content\/uploads\/2020\/02\/Centro-convenciones-lima.jpg\" alt=\"\" \/>\r\n\t\t<\/div>\r\n<\/div><div id=\"panel-12061-5-0-1\" class=\"so-panel widget widget_text\" data-index=\"15\" ><div class=\"panel-widget-style panel-widget-style-for-12061-5-0-1\" >\t\t\t<div class=\"textwidget\"><p><b>CENTRE DE CONVENTIONS<\/b><br \/>\n<b> <\/b>LIMA (P\u00c9ROU)<\/p>\n<\/div>\n\t\t<\/div><\/div><div id=\"panel-12061-5-0-2\" class=\"so-panel widget widget_sow-button panel-last-child\" data-index=\"16\" ><div\n\t\t\t\n\t\t\tclass=\"so-widget-sow-button so-widget-sow-button-atom-8c35d31a3108-12061\"\n\t\t\t\n\t\t><div class=\"ow-button-base ow-button-align-center\"\n>\n\t\t\t<a\n\t\t\t\t\thref=\"https:\/\/tdrv.eu\/ZY2W2b\"\n\t\t\t\t\tclass=\"sowb-button ow-icon-placement-right ow-button-hover\" target=\"_blank\" rel=\"noopener noreferrer\" \t>\n\t\t<span>\n\t\t\t\n\t\t\tVoir le projet\t\t<\/span>\n\t\t\t<\/a>\n\t<\/div>\n<\/div><\/div><\/div><div id=\"pgc-12061-5-1\"  class=\"panel-grid-cell panel-grid-cell-empty\" ><\/div><div id=\"pgc-12061-5-2\"  class=\"panel-grid-cell panel-grid-cell-empty panel-grid-cell-mobile-last\" ><\/div><div id=\"pgc-12061-5-3\"  class=\"panel-grid-cell panel-grid-cell-empty\" ><\/div><\/div><\/div><\/div>","protected":false},"excerpt":{"rendered":"<p>GRUPSA Door Systems propose de multiples solutions de tickets pour les b\u00e2timents tels que le [&hellip;]<\/p>\n","protected":false},"author":1,"featured_media":0,"parent":0,"menu_order":0,"comment_status":"closed","ping_status":"closed","template":"","meta":{"footnotes":""},"yoast_head":"<!-- This site is optimized with the Yoast SEO plugin v18.8 - https:\/\/yoast.com\/wordpress\/plugins\/seo\/ -->\n<title>Portes pour si\u00e8ges sociaux, bureaux et institutions - Grupsa<\/title>\n<meta name=\"description\" content=\"Grupsa propose diff\u00e9rents types de portes d&#039;acc\u00e8s efficaces et hautement personnalis\u00e9es pour les si\u00e8ges sociaux, les institutions et les immeubles de bureaux.\" \/>\n<meta name=\"robots\" content=\"index, follow, max-snippet:-1, max-image-preview:large, max-video-preview:-1\" \/>\n<link rel=\"canonical\" href=\"https:\/\/grupsa.com\/fr\/sieges-corporatifs-bureaux-et-institutions\/\" \/>\n<meta property=\"og:locale\" content=\"fr_FR\" \/>\n<meta property=\"og:type\" content=\"article\" \/>\n<meta property=\"og:title\" content=\"Portes pour si\u00e8ges sociaux, bureaux et institutions - Grupsa\" \/>\n<meta property=\"og:description\" content=\"Grupsa propose diff\u00e9rents types de portes d&#039;acc\u00e8s efficaces et hautement personnalis\u00e9es pour les si\u00e8ges sociaux, les institutions et les immeubles de bureaux.\" \/>\n<meta property=\"og:url\" content=\"https:\/\/grupsa.com\/fr\/sieges-corporatifs-bureaux-et-institutions\/\" \/>\n<meta property=\"og:site_name\" content=\"Grupsa\" \/>\n<meta property=\"article:modified_time\" content=\"2023-05-29T07:35:29+00:00\" \/>\n<meta name=\"twitter:card\" content=\"summary_large_image\" \/>\n<meta name=\"twitter:label1\" content=\"Dur\u00e9e de lecture estim\u00e9e\" \/>\n\t<meta name=\"twitter:data1\" content=\"1 minute\" \/>\n<script type=\"application\/ld+json\" class=\"yoast-schema-graph\">{\"@context\":\"https:\/\/schema.org\",\"@graph\":[{\"@type\":\"WebSite\",\"@id\":\"https:\/\/grupsa.com\/fr\/#website\",\"url\":\"https:\/\/grupsa.com\/fr\/\",\"name\":\"Grupsa\",\"description\":\"Accesos que conectan personas\",\"potentialAction\":[{\"@type\":\"SearchAction\",\"target\":{\"@type\":\"EntryPoint\",\"urlTemplate\":\"https:\/\/grupsa.com\/fr\/?s={search_term_string}\"},\"query-input\":\"required name=search_term_string\"}],\"inLanguage\":\"fr-FR\"},{\"@type\":\"WebPage\",\"@id\":\"https:\/\/grupsa.com\/fr\/sieges-corporatifs-bureaux-et-institutions\/#webpage\",\"url\":\"https:\/\/grupsa.com\/fr\/sieges-corporatifs-bureaux-et-institutions\/\",\"name\":\"Portes pour si\u00e8ges sociaux, bureaux et institutions - Grupsa\",\"isPartOf\":{\"@id\":\"https:\/\/grupsa.com\/fr\/#website\"},\"datePublished\":\"2019-07-30T13:10:57+00:00\",\"dateModified\":\"2023-05-29T07:35:29+00:00\",\"description\":\"Grupsa propose diff\u00e9rents types de portes d'acc\u00e8s efficaces et hautement personnalis\u00e9es pour les si\u00e8ges sociaux, les institutions et les immeubles de bureaux.\",\"breadcrumb\":{\"@id\":\"https:\/\/grupsa.com\/fr\/sieges-corporatifs-bureaux-et-institutions\/#breadcrumb\"},\"inLanguage\":\"fr-FR\",\"potentialAction\":[{\"@type\":\"ReadAction\",\"target\":[\"https:\/\/grupsa.com\/fr\/sieges-corporatifs-bureaux-et-institutions\/\"]}]},{\"@type\":\"BreadcrumbList\",\"@id\":\"https:\/\/grupsa.com\/fr\/sieges-corporatifs-bureaux-et-institutions\/#breadcrumb\",\"itemListElement\":[{\"@type\":\"ListItem\",\"position\":1,\"name\":\"Portada\",\"item\":\"https:\/\/grupsa.com\/fr\/\"},{\"@type\":\"ListItem\",\"position\":2,\"name\":\"Si\u00e8ges corporatifs, bureaux et institutions\"}]}]}<\/script>\n<!-- \/ Yoast SEO plugin. -->","yoast_head_json":{"title":"Portes pour si\u00e8ges sociaux, bureaux et institutions - Grupsa","description":"Grupsa propose diff\u00e9rents types de portes d'acc\u00e8s efficaces et hautement personnalis\u00e9es pour les si\u00e8ges sociaux, les institutions et les immeubles de bureaux.","robots":{"index":"index","follow":"follow","max-snippet":"max-snippet:-1","max-image-preview":"max-image-preview:large","max-video-preview":"max-video-preview:-1"},"canonical":"https:\/\/grupsa.com\/fr\/sieges-corporatifs-bureaux-et-institutions\/","og_locale":"fr_FR","og_type":"article","og_title":"Portes pour si\u00e8ges sociaux, bureaux et institutions - Grupsa","og_description":"Grupsa propose diff\u00e9rents types de portes d'acc\u00e8s efficaces et hautement personnalis\u00e9es pour les si\u00e8ges sociaux, les institutions et les immeubles de bureaux.","og_url":"https:\/\/grupsa.com\/fr\/sieges-corporatifs-bureaux-et-institutions\/","og_site_name":"Grupsa","article_modified_time":"2023-05-29T07:35:29+00:00","twitter_card":"summary_large_image","twitter_misc":{"Dur\u00e9e de lecture estim\u00e9e":"1 minute"},"schema":{"@context":"https:\/\/schema.org","@graph":[{"@type":"WebSite","@id":"https:\/\/grupsa.com\/fr\/#website","url":"https:\/\/grupsa.com\/fr\/","name":"Grupsa","description":"Accesos que conectan personas","potentialAction":[{"@type":"SearchAction","target":{"@type":"EntryPoint","urlTemplate":"https:\/\/grupsa.com\/fr\/?s={search_term_string}"},"query-input":"required name=search_term_string"}],"inLanguage":"fr-FR"},{"@type":"WebPage","@id":"https:\/\/grupsa.com\/fr\/sieges-corporatifs-bureaux-et-institutions\/#webpage","url":"https:\/\/grupsa.com\/fr\/sieges-corporatifs-bureaux-et-institutions\/","name":"Portes pour si\u00e8ges sociaux, bureaux et institutions - Grupsa","isPartOf":{"@id":"https:\/\/grupsa.com\/fr\/#website"},"datePublished":"2019-07-30T13:10:57+00:00","dateModified":"2023-05-29T07:35:29+00:00","description":"Grupsa propose diff\u00e9rents types de portes d'acc\u00e8s efficaces et hautement personnalis\u00e9es pour les si\u00e8ges sociaux, les institutions et les immeubles de bureaux.","breadcrumb":{"@id":"https:\/\/grupsa.com\/fr\/sieges-corporatifs-bureaux-et-institutions\/#breadcrumb"},"inLanguage":"fr-FR","potentialAction":[{"@type":"ReadAction","target":["https:\/\/grupsa.com\/fr\/sieges-corporatifs-bureaux-et-institutions\/"]}]},{"@type":"BreadcrumbList","@id":"https:\/\/grupsa.com\/fr\/sieges-corporatifs-bureaux-et-institutions\/#breadcrumb","itemListElement":[{"@type":"ListItem","position":1,"name":"Portada","item":"https:\/\/grupsa.com\/fr\/"},{"@type":"ListItem","position":2,"name":"Si\u00e8ges corporatifs, bureaux et institutions"}]}]}},"_links":{"self":[{"href":"https:\/\/grupsa.com\/fr\/wp-json\/wp\/v2\/pages\/12061"}],"collection":[{"href":"https:\/\/grupsa.com\/fr\/wp-json\/wp\/v2\/pages"}],"about":[{"href":"https:\/\/grupsa.com\/fr\/wp-json\/wp\/v2\/types\/page"}],"author":[{"embeddable":true,"href":"https:\/\/grupsa.com\/fr\/wp-json\/wp\/v2\/users\/1"}],"replies":[{"embeddable":true,"href":"https:\/\/grupsa.com\/fr\/wp-json\/wp\/v2\/comments?post=12061"}],"version-history":[{"count":15,"href":"https:\/\/grupsa.com\/fr\/wp-json\/wp\/v2\/pages\/12061\/revisions"}],"predecessor-version":[{"id":14388,"href":"https:\/\/grupsa.com\/fr\/wp-json\/wp\/v2\/pages\/12061\/revisions\/14388"}],"wp:attachment":[{"href":"https:\/\/grupsa.com\/fr\/wp-json\/wp\/v2\/media?parent=12061"}],"curies":[{"name":"wp","href":"https:\/\/api.w.org\/{rel}","templated":true}]}}