{"id":12041,"date":"2019-07-18T13:56:47","date_gmt":"2019-07-18T11:56:47","guid":{"rendered":"https:\/\/grupsa.com\/puertas-automaticas-de-cristal\/"},"modified":"2023-04-11T14:14:55","modified_gmt":"2023-04-11T12:14:55","slug":"portes-automatiques-vitrees","status":"publish","type":"page","link":"https:\/\/grupsa.com\/fr\/portes-automatiques-vitrees\/","title":{"rendered":"Portes Automatiques Vitr\u00e9es"},"content":{"rendered":"<div id=\"pl-12041\"  class=\"panel-layout\" ><div id=\"pg-12041-0\"  class=\"panel-grid panel-no-style\" ><div id=\"pgc-12041-0-0\"  class=\"panel-grid-cell\" ><div id=\"panel-12041-0-0-0\" class=\"so-panel widget widget_themegrill_flash_image tg-widget tg-image-widget panel-first-child\" data-index=\"0\" ><div class=\"tg-image-block\">\r\n\t\t\t<img decoding=\"async\" src=\"https:\/\/grupsa.com\/wp-content\/uploads\/2020\/02\/Automatic-game.jpg\" alt=\"Puertas autom\u00e1ticas de cristal\" \/>\r\n\t\t<\/div>\r\n<\/div><div id=\"panel-12041-0-0-1\" class=\"so-panel widget widget_themegrill_flash_heading tg-widget section-title-wrapper\" data-index=\"1\" ><div class=\"wow pulse flash_inherit_color panel-widget-style panel-widget-style-for-12041-0-0-1\" data-wow-offset=\"10\" data-wow-iteration=\"1\" >\t<div class=\"heading heading-left divider-without-icon heading-divider\">\r\n\t<h3 class=\"section-title\">Automatic System<\/h3>\r\n\t<div class=\"section-description\">Portes Automatiques Vitr\u00e9es<\/div>\r\n<\/div>\r\n<\/div><\/div><div id=\"panel-12041-0-0-2\" class=\"so-panel widget widget_text panel-last-child\" data-index=\"2\" >\t\t\t<div class=\"textwidget\"><p>La gamme de <strong>Portes Coulissantes Automatiques Vitr\u00e9es<\/strong> est la solution int\u00e9grale de Grupsa pour l&rsquo;acc\u00e8s \u00e0 vos <a href=\"https:\/\/grupsa.com\/fr\/hotels-restaurants\/\"><strong>h\u00f4tels<\/strong><\/a>, <a href=\"https:\/\/grupsa.com\/fr\/centres-commerciaux-et-retail\/\"><strong>centres commerciaux<\/strong><\/a>&#8230; Ouvertures standard sup\u00e9rieures \u00e0 quatre m\u00e8tres de largeur de passage libre et jusqu&rsquo;\u00e0 trois m\u00e8tres de hauteur libre. Les syst\u00e8mes de portes d&rsquo;acc\u00e8s Grupsa r\u00e9pondent aux besoins les plus exigeants en termes d&rsquo;efficacit\u00e9 \u00e9nerg\u00e9tique, de fonctionnalit\u00e9, d&rsquo;\u00e9vacuation, de s\u00e9curit\u00e9 et d&rsquo;esth\u00e9tique; ainsi que dans le respect des r\u00e9glementations europ\u00e9ennes les plus strictes (EN 16005). Ils peuvent int\u00e9grer un haut degr\u00e9 d&rsquo;\u00e9tanch\u00e9it\u00e9 et d&rsquo;isolation ext\u00e9rieure.<\/p>\n<p>De Grupsa Door Systems, nous proposons plusieurs mod\u00e8les de portes automatiques avec syst\u00e8mes anti-panique, qui permettent le repliage dans le sens de l&rsquo;\u00e9vacuation non seulement des vantaux mobiles, mais aussi des vantaux fixes, au moyen d&rsquo;un syst\u00e8me de pivot cach\u00e9. Nos mod\u00e8les de portes coulissantes automatiques ont \u00e9galement en option l&rsquo;op\u00e9rateur ER pour les issues de secours sans option panique, qui dispose d&rsquo;une batterie d&rsquo;ouverture d&rsquo;urgence motoris\u00e9e, qui garantit la man\u0153uvre de la porte en cas de panne de courant. Ils int\u00e8grent \u00e9galement des capteurs de d\u00e9tection \u00e0 double technologie pour l&rsquo;activation et la s\u00e9curit\u00e9, des cellules photo\u00e9lectriques de s\u00e9curit\u00e9, des boutons-poussoirs d&rsquo;urgence et un contr\u00f4le d&rsquo;acc\u00e8s.<\/p>\n<ul>\n<li>Con\u00e7u et fabriqu\u00e9 en une ou deux <strong>vantaux coulissantes ou t\u00e9lescopiques<\/strong>.<\/li>\n<li>Huit profils diff\u00e9rents pour r\u00e9pondre \u00e0 tous les besoins: des portes robustes pour les entr\u00e9es avec beaucoup de trafic aux portes sans profil\u00e9s pour l&rsquo;acc\u00e8s le plus esth\u00e9tique.<\/li>\n<li>S\u00e9curit\u00e9 maximale, selon les r\u00e9glementations europ\u00e9ennes les plus exigeantes (EN 16005).<\/li>\n<li><strong>Plans disponibles<\/strong> en PDF, CAD et BIM (Revit).<\/li>\n<\/ul>\n<p><strong>Sp\u00e9cifications techniques<\/strong><\/p>\n<ul>\n<li>Diff\u00e9rentes <strong>compositions standard<\/strong>: une vantail mobile, une vantail \u00a0mobile et une vantail fixe, deux vantaux mobiles, ou deux vantaux mobiles et deux fixes.<\/li>\n<li>Portes automatiques vitr\u00e9es avec des largeurs standard de passage libre de 800 \u00e0 6000 m\u00e8tres pour les acc\u00e8s les plus exigeants.<\/li>\n<li>Finitions en acier inoxydable, aluminium &#8211; laqu\u00e9 ou anodis\u00e9 -, cuivre, bronze et laiton.<\/li>\n<li>Poids maximum jusqu&rsquo;\u00e0 150 kg \/ feuille.<\/li>\n<li>Large gamme de dispositifs de s\u00e9curit\u00e9 et d&rsquo;activation.<\/li>\n<li>Conception et dimensions sp\u00e9ciales sur demande.<\/li>\n<\/ul>\n<\/div>\n\t\t<\/div><\/div><\/div><div id=\"pg-12041-1\"  class=\"panel-grid panel-no-style\" ><div id=\"pgc-12041-1-0\"  class=\"panel-grid-cell\" ><div id=\"panel-12041-1-0-0\" class=\"so-panel widget widget_text panel-first-child panel-last-child\" data-index=\"3\" ><div class=\"panel-widget-style panel-widget-style-for-12041-1-0-0\" ><h3 class=\"widget-title\">MOD\u00c8LES<\/h3>\t\t\t<div class=\"textwidget\"><\/div>\n\t\t<\/div><\/div><\/div><\/div><div id=\"pg-12041-2\"  class=\"panel-grid panel-has-style\" ><div data-overlay-opactity=\"1\" class=\"panel-row-style panel-row-style-for-12041-2\" ><div id=\"pgc-12041-2-0\"  class=\"panel-grid-cell\" ><div id=\"panel-12041-2-0-0\" class=\"so-panel widget widget_themegrill_flash_image tg-widget tg-image-widget panel-first-child\" data-index=\"4\" ><div class=\"tg-image-block\">\r\n\t\t\t<img decoding=\"async\" src=\"https:\/\/grupsa.com\/wp-content\/uploads\/2020\/02\/As300-basic.jpg\" alt=\"Puerta Corredera Autom\u00e1tica AS-300 Basic\" \/>\r\n\t\t<\/div>\r\n<\/div><div id=\"panel-12041-2-0-1\" class=\"so-panel widget widget_text\" data-index=\"5\" >\t\t\t<div class=\"textwidget\"><p><strong>Porte Automatique Vitr\u00e9e<\/strong><br \/>\n<strong>AS-300 Basic<\/strong><\/p>\n<\/div>\n\t\t<\/div><div id=\"panel-12041-2-0-2\" class=\"so-panel widget widget_themegrill_flash_image tg-widget tg-image-widget\" data-index=\"6\" ><div class=\"tg-image-block\">\r\n\t\t\t<img decoding=\"async\" src=\"https:\/\/grupsa.com\/wp-content\/uploads\/2020\/02\/As300-glass-1.jpg\" alt=\"Puerta Corredera Autom\u00e1tica As300 glass\" \/>\r\n\t\t<\/div>\r\n<\/div><div id=\"panel-12041-2-0-3\" class=\"so-panel widget widget_text\" data-index=\"7\" >\t\t\t<div class=\"textwidget\"><p><strong>Porte Automatique Vitr\u00e9e<\/strong><br \/>\n<strong>AS-300 Glass<\/strong><\/p>\n<\/div>\n\t\t<\/div><div id=\"panel-12041-2-0-4\" class=\"so-panel widget widget_themegrill_flash_image tg-widget tg-image-widget\" data-index=\"8\" ><div class=\"tg-image-block\">\r\n\t\t\t<img decoding=\"async\" src=\"https:\/\/grupsa.com\/wp-content\/uploads\/2020\/02\/As600.jpg\" alt=\"Puerta Corredera Autom\u00e1tica As600\" \/>\r\n\t\t<\/div>\r\n<\/div><div id=\"panel-12041-2-0-5\" class=\"so-panel widget widget_text panel-last-child\" data-index=\"9\" >\t\t\t<div class=\"textwidget\"><p><strong>Porte Automatique Vitr\u00e9e<\/strong><br \/>\n<strong>AS-600<\/strong><\/p>\n<\/div>\n\t\t<\/div><\/div><div id=\"pgc-12041-2-1\"  class=\"panel-grid-cell\" ><div id=\"panel-12041-2-1-0\" class=\"so-panel widget widget_themegrill_flash_image tg-widget tg-image-widget panel-first-child\" data-index=\"10\" ><div class=\"tg-image-block\">\r\n\t\t\t<img decoding=\"async\" src=\"https:\/\/grupsa.com\/wp-content\/uploads\/2020\/02\/AS300-frame.jpg\" alt=\"Puerta Corredera Autom\u00e1tica AS300 frame\" \/>\r\n\t\t<\/div>\r\n<\/div><div id=\"panel-12041-2-1-1\" class=\"so-panel widget widget_text\" data-index=\"11\" >\t\t\t<div class=\"textwidget\"><p><strong>Porte Automatique Vitr\u00e9e<\/strong><br \/>\n<strong>AS-300 Frame<\/strong><\/p>\n<\/div>\n\t\t<\/div><div id=\"panel-12041-2-1-2\" class=\"so-panel widget widget_themegrill_flash_image tg-widget tg-image-widget\" data-index=\"12\" ><div class=\"tg-image-block\">\r\n\t\t\t<img decoding=\"async\" src=\"https:\/\/grupsa.com\/wp-content\/uploads\/2020\/02\/As300-telescopic.jpg\" alt=\"Puerta Corredera Autom\u00e1tica As300 telescopic\" \/>\r\n\t\t<\/div>\r\n<\/div><div id=\"panel-12041-2-1-3\" class=\"so-panel widget widget_text\" data-index=\"13\" >\t\t\t<div class=\"textwidget\"><p><strong>Porte T\u00e9lescopique Automatique<\/strong><br \/>\n<strong>AS-300 Telescopic<\/strong><\/p>\n<\/div>\n\t\t<\/div><div id=\"panel-12041-2-1-4\" class=\"so-panel widget widget_themegrill_flash_image tg-widget tg-image-widget\" data-index=\"14\" ><div class=\"tg-image-block\">\r\n\t\t\t<img decoding=\"async\" src=\"https:\/\/grupsa.com\/wp-content\/uploads\/2020\/02\/As700.jpg\" alt=\"Puerta Corredera Autom\u00e1tica As700\" \/>\r\n\t\t<\/div>\r\n<\/div><div id=\"panel-12041-2-1-5\" class=\"so-panel widget widget_text panel-last-child\" data-index=\"15\" >\t\t\t<div class=\"textwidget\"><p><strong>Porte Automatique Vitr\u00e9e<\/strong><br \/>\n<strong>AS-700<\/strong><\/p>\n<\/div>\n\t\t<\/div><\/div><div id=\"pgc-12041-2-2\"  class=\"panel-grid-cell\" ><div id=\"panel-12041-2-2-0\" class=\"so-panel widget widget_themegrill_flash_image tg-widget tg-image-widget panel-first-child\" data-index=\"16\" ><div class=\"tg-image-block\">\r\n\t\t\t<img decoding=\"async\" src=\"https:\/\/grupsa.com\/wp-content\/uploads\/2020\/02\/As300-eko.jpg\" alt=\"Puerta Corredera Autom\u00e1tica As300 eko\" \/>\r\n\t\t<\/div>\r\n<\/div><div id=\"panel-12041-2-2-1\" class=\"so-panel widget widget_text\" data-index=\"17\" >\t\t\t<div class=\"textwidget\"><p><strong>Porte Automatique Vitr\u00e9e<\/strong><br \/>\n<strong>AS-300 Eko<\/strong><\/p>\n<\/div>\n\t\t<\/div><div id=\"panel-12041-2-2-2\" class=\"so-panel widget widget_themegrill_flash_image tg-widget tg-image-widget\" data-index=\"18\" ><div class=\"tg-image-block\">\r\n\t\t\t<img decoding=\"async\" src=\"https:\/\/grupsa.com\/wp-content\/uploads\/2020\/02\/As400.jpg\" alt=\"Puerta Corredera Autom\u00e1tica As400\" \/>\r\n\t\t<\/div>\r\n<\/div><div id=\"panel-12041-2-2-3\" class=\"so-panel widget widget_text\" data-index=\"19\" >\t\t\t<div class=\"textwidget\"><p><strong>Porte Automatique Vitr\u00e9e<\/strong><br \/>\n<strong>AS-400<\/strong><\/p>\n<\/div>\n\t\t<\/div><div id=\"panel-12041-2-2-4\" class=\"so-panel widget widget_themegrill_flash_image tg-widget tg-image-widget\" data-index=\"20\" ><div class=\"tg-image-block\">\r\n\t\t\t<img decoding=\"async\" src=\"https:\/\/grupsa.com\/wp-content\/uploads\/2020\/02\/As900.jpg\" alt=\"Puerta Corredera Autom\u00e1tica As900\" \/>\r\n\t\t<\/div>\r\n<\/div><div id=\"panel-12041-2-2-5\" class=\"so-panel widget widget_text panel-last-child\" data-index=\"21\" >\t\t\t<div class=\"textwidget\"><p><strong>Porte Automatique Vitr\u00e9e<\/strong><br \/>\n<strong>AS-900<\/strong><\/p>\n<\/div>\n\t\t<\/div><\/div><\/div><\/div><div id=\"pg-12041-3\"  class=\"panel-grid panel-has-style\" ><div data-overlay-opactity=\"1\" class=\"panel-row-style panel-row-style-for-12041-3\" ><div id=\"pgc-12041-3-0\"  class=\"panel-grid-cell\" ><div id=\"panel-12041-3-0-0\" class=\"so-panel widget widget_themegrill_flash_icon tg-widget tg-icon-widget panel-first-child panel-last-child\" data-index=\"22\" ><ul class=\"tg-icons tg-icons--rectangular-rounded\">\r\n\t<li class=\"tg-icon-container\" style=\"font-size: 14px\">\r\n\t\t\t\t<a href=\"#\"\r\n\t\t\t\t<i class=\"fa fa-download\"><\/i>\r\n\t\t\t\t<\/a>\r\n\t\t\t<\/li>\r\n<\/ul>\r\n<\/div><\/div><div id=\"pgc-12041-3-1\"  class=\"panel-grid-cell\" ><div id=\"panel-12041-3-1-0\" class=\"so-panel widget widget_text panel-first-child panel-last-child\" data-index=\"23\" ><div class=\"panel-widget-style panel-widget-style-for-12041-3-1-0\" ><h3 class=\"widget-title\">T\u00c9L\u00c9CHARGEMENTS<\/h3>\t\t\t<div class=\"textwidget\"><\/div>\n\t\t<\/div><\/div><\/div><\/div><\/div><div id=\"pg-12041-4\"  class=\"panel-grid panel-has-style\" ><div class=\"panel-row-style panel-row-style-for-12041-4\" ><div id=\"pgc-12041-4-0\"  class=\"panel-grid-cell\" ><div id=\"panel-12041-4-0-0\" class=\"so-panel widget widget_text panel-first-child panel-last-child\" data-index=\"24\" >\t\t\t<div class=\"textwidget\"><div id=\"pgc-10843-5-0\" class=\"panel-grid-cell\">\n<div id=\"panel-10843-5-0-0\" class=\"so-panel widget widget_text panel-first-child panel-last-child\" data-index=\"16\">\n<div class=\"textwidget\">\n<p><strong>DOCUMENTATION COMMERCIALE<\/strong><\/p>\n<p><strong><a href=\"https:\/\/tdrv.eu\/O8z\" data-mce-href=\"https:\/\/tdrv.eu\/O8z\"><img decoding=\"async\" class=\"alignnone wp-image-11334 size-full\" src=\"https:\/\/grupsa.com\/wp-content\/uploads\/2020\/02\/call.gif\" alt=\"\" width=\"30\" height=\"27\" data-mce-src=\"https:\/\/grupsa.com\/wp-content\/uploads\/2020\/02\/call.gif\"><\/a>&nbsp;Brochure de Produit<\/strong><br \/><strong><a href=\"https:\/\/tdrv.eu\/xhZMH9\" data-mce-href=\"https:\/\/tdrv.eu\/xhZMH9\"><img decoding=\"async\" class=\"alignnone wp-image-11334 size-full\" src=\"https:\/\/grupsa.com\/wp-content\/uploads\/2020\/02\/call.gif\" alt=\"\" width=\"30\" height=\"27\" data-mce-src=\"https:\/\/grupsa.com\/wp-content\/uploads\/2020\/02\/call.gif\"><\/a>&nbsp;H\u00f4tels et Hospitalit\u00e9<\/strong><br \/><a href=\"https:\/\/tdrv.eu\/sXfMY2\" data-mce-href=\"https:\/\/tdrv.eu\/sXfMY2\"><img decoding=\"async\" class=\"alignnone wp-image-11334 size-full\" src=\"https:\/\/grupsa.com\/wp-content\/uploads\/2020\/02\/call.gif\" alt=\"\" width=\"30\" height=\"27\" data-mce-src=\"https:\/\/grupsa.com\/wp-content\/uploads\/2020\/02\/call.gif\"><\/a><b>&nbsp;Centres Commerciaux<\/b><br \/><a href=\"https:\/\/tdrv.eu\/sWtujF\" data-mce-href=\"https:\/\/tdrv.eu\/sWtujF\"><img decoding=\"async\" class=\"alignnone wp-image-11334 size-full\" src=\"https:\/\/grupsa.com\/wp-content\/uploads\/2020\/02\/call.gif\" alt=\"\" width=\"30\" height=\"27\" data-mce-src=\"https:\/\/grupsa.com\/wp-content\/uploads\/2020\/02\/call.gif\"><\/a><b>&nbsp;Si\u00e8ges et Institutions<\/b><br \/><strong><a href=\"https:\/\/tdrv.eu\/3q7QXc\" data-mce-href=\"https:\/\/tdrv.eu\/3q7QXc\"><img decoding=\"async\" class=\"alignnone wp-image-11334 size-full\" src=\"https:\/\/grupsa.com\/wp-content\/uploads\/2020\/02\/call.gif\" alt=\"\" width=\"30\" height=\"27\" data-mce-src=\"https:\/\/grupsa.com\/wp-content\/uploads\/2020\/02\/call.gif\"><\/a>&nbsp;Stations de Transport<\/strong><br \/><strong><a href=\"https:\/\/tdrv.eu\/L3wQYz\" data-mce-href=\"https:\/\/tdrv.eu\/L3wQYz\"><img decoding=\"async\" class=\"alignnone wp-image-11334 size-full\" src=\"https:\/\/grupsa.com\/wp-content\/uploads\/2020\/02\/call.gif\" alt=\"\" width=\"30\" height=\"27\" data-mce-src=\"https:\/\/grupsa.com\/wp-content\/uploads\/2020\/02\/call.gif\"><\/a>&nbsp;B\u00e2timents&nbsp;<\/strong><b>Singuliers<\/b><\/p>\n<\/div>\n<\/div>\n<\/div>\n<\/div>\n\t\t<\/div><\/div><div id=\"pgc-12041-4-1\"  class=\"panel-grid-cell\" ><div id=\"panel-12041-4-1-0\" class=\"so-panel widget widget_text panel-first-child panel-last-child\" data-index=\"25\" >\t\t\t<div class=\"textwidget\"><p><strong>DOCUMENTATION TECHNIQUE<\/strong><\/p>\n<p><strong><a href=\"http:\/\/gsonline.grupsa.com\/fr\/automatic-system\/hojas-tecnicas-as\/\"><img decoding=\"async\" class=\"alignnone wp-image-11334 size-full\" src=\"https:\/\/grupsa.com\/wp-content\/uploads\/2020\/02\/call.gif\" alt=\"\" width=\"30\" height=\"27\" \/><\/a>\u00a0 Fiches techniques<\/strong><br \/>\n<strong><a href=\"http:\/\/gsonline.grupsa.com\/fr\/automatic-system\/memorias-descriptivas-as\/\"><img decoding=\"async\" class=\"alignnone wp-image-11334 size-full\" src=\"https:\/\/grupsa.com\/wp-content\/uploads\/2020\/02\/call.gif\" alt=\"\" width=\"30\" height=\"27\" \/><\/a>\u00a0 Sp\u00e9cifications descriptives<\/strong><br \/>\n<strong><a href=\"http:\/\/gsonline.grupsa.com\/fr\/automatic-system\/certificados-as\/\"><img decoding=\"async\" class=\"alignnone wp-image-11334 size-full\" src=\"https:\/\/grupsa.com\/wp-content\/uploads\/2020\/02\/call.gif\" alt=\"\" width=\"30\" height=\"27\" \/><\/a> Certificats<\/strong><br \/>\n<strong><a href=\"http:\/\/gsonline.grupsa.com\/fr\/automatic-system\/manuales-tecnicos-as\/\"><img decoding=\"async\" class=\"alignnone wp-image-11334 size-full\" src=\"https:\/\/grupsa.com\/wp-content\/uploads\/2020\/02\/call.gif\" alt=\"\" width=\"30\" height=\"27\" \/><\/a> Manuels Techniques<\/strong><\/p>\n<\/div>\n\t\t<\/div><\/div><div id=\"pgc-12041-4-2\"  class=\"panel-grid-cell\" ><div id=\"panel-12041-4-2-0\" class=\"so-panel widget widget_text panel-first-child panel-last-child\" data-index=\"26\" >\t\t\t<div class=\"textwidget\"><p><strong>ARCHITECTURE ET MOD\u00c9LISATION<\/strong><\/p>\n<p><strong><a href=\"http:\/\/gsonline.grupsa.com\/fr\/automatic-system\/planos-cad-as\/\"><img decoding=\"async\" class=\"alignnone wp-image-11334 size-full\" src=\"https:\/\/grupsa.com\/wp-content\/uploads\/2020\/02\/call.gif\" alt=\"\" width=\"30\" height=\"27\" \/><\/a>\u00a0 Plans PDF<\/strong><br \/>\n<strong><a href=\"http:\/\/gsonline.grupsa.com\/fr\/automatic-system\/planos-cad-as-2\/\"><img decoding=\"async\" class=\"alignnone wp-image-11334 size-full\" src=\"https:\/\/grupsa.com\/wp-content\/uploads\/2020\/02\/call.gif\" alt=\"\" width=\"30\" height=\"27\" \/><\/a>\u00a0 Plans DWG<\/strong><br \/>\n<strong><a href=\"http:\/\/gsonline.grupsa.com\/fr\/automatic-system\/planos-bim-hs\/\"><img decoding=\"async\" class=\"alignnone wp-image-11334 size-full\" src=\"https:\/\/grupsa.com\/wp-content\/uploads\/2020\/02\/call.gif\" alt=\"\" width=\"30\" height=\"27\" \/><\/a>\u00a0 Librairie BIM<\/strong><\/p>\n<\/div>\n\t\t<\/div><\/div><\/div><\/div><\/div>","protected":false},"excerpt":{"rendered":"<p>La gamme de Portes Coulissantes Automatiques Vitr\u00e9es est la solution int\u00e9grale de Grupsa pour l&rsquo;acc\u00e8s [&hellip;]<\/p>\n","protected":false},"author":1,"featured_media":0,"parent":0,"menu_order":0,"comment_status":"closed","ping_status":"closed","template":"","meta":{"footnotes":""},"yoast_head":"<!-- This site is optimized with the Yoast SEO plugin v18.8 - https:\/\/yoast.com\/wordpress\/plugins\/seo\/ -->\n<title>Installation de portes vitr\u00e9es automatiques - Grupsa<\/title>\n<meta name=\"description\" content=\"Installation de portes coulissantes automatiques en verre pour l&#039;acc\u00e8s aux b\u00e2timents. Durabilit\u00e9, r\u00e9sistance et faible entretien. Option panique et en mode brise-vent.\" \/>\n<meta name=\"robots\" content=\"index, follow, max-snippet:-1, max-image-preview:large, max-video-preview:-1\" \/>\n<link rel=\"canonical\" href=\"https:\/\/grupsa.com\/fr\/portes-automatiques-vitrees\/\" \/>\n<meta property=\"og:locale\" content=\"fr_FR\" \/>\n<meta property=\"og:type\" content=\"article\" \/>\n<meta property=\"og:title\" content=\"Installation de portes vitr\u00e9es automatiques - Grupsa\" \/>\n<meta property=\"og:description\" content=\"Installation de portes coulissantes automatiques en verre pour l&#039;acc\u00e8s aux b\u00e2timents. Durabilit\u00e9, r\u00e9sistance et faible entretien. Option panique et en mode brise-vent.\" \/>\n<meta property=\"og:url\" content=\"https:\/\/grupsa.com\/fr\/portes-automatiques-vitrees\/\" \/>\n<meta property=\"og:site_name\" content=\"Grupsa\" \/>\n<meta property=\"article:modified_time\" content=\"2023-04-11T12:14:55+00:00\" \/>\n<meta property=\"og:image\" content=\"https:\/\/grupsa.com\/wp-content\/uploads\/2020\/02\/call.gif\" \/>\n<meta name=\"twitter:card\" content=\"summary_large_image\" \/>\n<meta name=\"twitter:label1\" content=\"Dur\u00e9e de lecture estim\u00e9e\" \/>\n\t<meta name=\"twitter:data1\" content=\"5 minutes\" \/>\n<script type=\"application\/ld+json\" class=\"yoast-schema-graph\">{\"@context\":\"https:\/\/schema.org\",\"@graph\":[{\"@type\":\"WebSite\",\"@id\":\"https:\/\/grupsa.com\/fr\/#website\",\"url\":\"https:\/\/grupsa.com\/fr\/\",\"name\":\"Grupsa\",\"description\":\"Accesos que conectan personas\",\"potentialAction\":[{\"@type\":\"SearchAction\",\"target\":{\"@type\":\"EntryPoint\",\"urlTemplate\":\"https:\/\/grupsa.com\/fr\/?s={search_term_string}\"},\"query-input\":\"required name=search_term_string\"}],\"inLanguage\":\"fr-FR\"},{\"@type\":\"ImageObject\",\"inLanguage\":\"fr-FR\",\"@id\":\"https:\/\/grupsa.com\/fr\/portes-automatiques-vitrees\/#primaryimage\",\"url\":\"https:\/\/grupsa.com\/wp-content\/uploads\/2020\/02\/call.gif\",\"contentUrl\":\"https:\/\/grupsa.com\/wp-content\/uploads\/2020\/02\/call.gif\",\"width\":100,\"height\":93},{\"@type\":\"WebPage\",\"@id\":\"https:\/\/grupsa.com\/fr\/portes-automatiques-vitrees\/#webpage\",\"url\":\"https:\/\/grupsa.com\/fr\/portes-automatiques-vitrees\/\",\"name\":\"Installation de portes vitr\u00e9es automatiques - Grupsa\",\"isPartOf\":{\"@id\":\"https:\/\/grupsa.com\/fr\/#website\"},\"primaryImageOfPage\":{\"@id\":\"https:\/\/grupsa.com\/fr\/portes-automatiques-vitrees\/#primaryimage\"},\"datePublished\":\"2019-07-18T11:56:47+00:00\",\"dateModified\":\"2023-04-11T12:14:55+00:00\",\"description\":\"Installation de portes coulissantes automatiques en verre pour l'acc\u00e8s aux b\u00e2timents. Durabilit\u00e9, r\u00e9sistance et faible entretien. Option panique et en mode brise-vent.\",\"breadcrumb\":{\"@id\":\"https:\/\/grupsa.com\/fr\/portes-automatiques-vitrees\/#breadcrumb\"},\"inLanguage\":\"fr-FR\",\"potentialAction\":[{\"@type\":\"ReadAction\",\"target\":[\"https:\/\/grupsa.com\/fr\/portes-automatiques-vitrees\/\"]}]},{\"@type\":\"BreadcrumbList\",\"@id\":\"https:\/\/grupsa.com\/fr\/portes-automatiques-vitrees\/#breadcrumb\",\"itemListElement\":[{\"@type\":\"ListItem\",\"position\":1,\"name\":\"Portada\",\"item\":\"https:\/\/grupsa.com\/fr\/\"},{\"@type\":\"ListItem\",\"position\":2,\"name\":\"Portes Automatiques Vitr\u00e9es\"}]}]}<\/script>\n<!-- \/ Yoast SEO plugin. -->","yoast_head_json":{"title":"Installation de portes vitr\u00e9es automatiques - Grupsa","description":"Installation de portes coulissantes automatiques en verre pour l'acc\u00e8s aux b\u00e2timents. Durabilit\u00e9, r\u00e9sistance et faible entretien. Option panique et en mode brise-vent.","robots":{"index":"index","follow":"follow","max-snippet":"max-snippet:-1","max-image-preview":"max-image-preview:large","max-video-preview":"max-video-preview:-1"},"canonical":"https:\/\/grupsa.com\/fr\/portes-automatiques-vitrees\/","og_locale":"fr_FR","og_type":"article","og_title":"Installation de portes vitr\u00e9es automatiques - Grupsa","og_description":"Installation de portes coulissantes automatiques en verre pour l'acc\u00e8s aux b\u00e2timents. Durabilit\u00e9, r\u00e9sistance et faible entretien. Option panique et en mode brise-vent.","og_url":"https:\/\/grupsa.com\/fr\/portes-automatiques-vitrees\/","og_site_name":"Grupsa","article_modified_time":"2023-04-11T12:14:55+00:00","og_image":[{"url":"https:\/\/grupsa.com\/wp-content\/uploads\/2020\/02\/call.gif"}],"twitter_card":"summary_large_image","twitter_misc":{"Dur\u00e9e de lecture estim\u00e9e":"5 minutes"},"schema":{"@context":"https:\/\/schema.org","@graph":[{"@type":"WebSite","@id":"https:\/\/grupsa.com\/fr\/#website","url":"https:\/\/grupsa.com\/fr\/","name":"Grupsa","description":"Accesos que conectan personas","potentialAction":[{"@type":"SearchAction","target":{"@type":"EntryPoint","urlTemplate":"https:\/\/grupsa.com\/fr\/?s={search_term_string}"},"query-input":"required name=search_term_string"}],"inLanguage":"fr-FR"},{"@type":"ImageObject","inLanguage":"fr-FR","@id":"https:\/\/grupsa.com\/fr\/portes-automatiques-vitrees\/#primaryimage","url":"https:\/\/grupsa.com\/wp-content\/uploads\/2020\/02\/call.gif","contentUrl":"https:\/\/grupsa.com\/wp-content\/uploads\/2020\/02\/call.gif","width":100,"height":93},{"@type":"WebPage","@id":"https:\/\/grupsa.com\/fr\/portes-automatiques-vitrees\/#webpage","url":"https:\/\/grupsa.com\/fr\/portes-automatiques-vitrees\/","name":"Installation de portes vitr\u00e9es automatiques - Grupsa","isPartOf":{"@id":"https:\/\/grupsa.com\/fr\/#website"},"primaryImageOfPage":{"@id":"https:\/\/grupsa.com\/fr\/portes-automatiques-vitrees\/#primaryimage"},"datePublished":"2019-07-18T11:56:47+00:00","dateModified":"2023-04-11T12:14:55+00:00","description":"Installation de portes coulissantes automatiques en verre pour l'acc\u00e8s aux b\u00e2timents. Durabilit\u00e9, r\u00e9sistance et faible entretien. Option panique et en mode brise-vent.","breadcrumb":{"@id":"https:\/\/grupsa.com\/fr\/portes-automatiques-vitrees\/#breadcrumb"},"inLanguage":"fr-FR","potentialAction":[{"@type":"ReadAction","target":["https:\/\/grupsa.com\/fr\/portes-automatiques-vitrees\/"]}]},{"@type":"BreadcrumbList","@id":"https:\/\/grupsa.com\/fr\/portes-automatiques-vitrees\/#breadcrumb","itemListElement":[{"@type":"ListItem","position":1,"name":"Portada","item":"https:\/\/grupsa.com\/fr\/"},{"@type":"ListItem","position":2,"name":"Portes Automatiques Vitr\u00e9es"}]}]}},"_links":{"self":[{"href":"https:\/\/grupsa.com\/fr\/wp-json\/wp\/v2\/pages\/12041"}],"collection":[{"href":"https:\/\/grupsa.com\/fr\/wp-json\/wp\/v2\/pages"}],"about":[{"href":"https:\/\/grupsa.com\/fr\/wp-json\/wp\/v2\/types\/page"}],"author":[{"embeddable":true,"href":"https:\/\/grupsa.com\/fr\/wp-json\/wp\/v2\/users\/1"}],"replies":[{"embeddable":true,"href":"https:\/\/grupsa.com\/fr\/wp-json\/wp\/v2\/comments?post=12041"}],"version-history":[{"count":13,"href":"https:\/\/grupsa.com\/fr\/wp-json\/wp\/v2\/pages\/12041\/revisions"}],"predecessor-version":[{"id":14304,"href":"https:\/\/grupsa.com\/fr\/wp-json\/wp\/v2\/pages\/12041\/revisions\/14304"}],"wp:attachment":[{"href":"https:\/\/grupsa.com\/fr\/wp-json\/wp\/v2\/media?parent=12041"}],"curies":[{"name":"wp","href":"https:\/\/api.w.org\/{rel}","templated":true}]}}