{"id":12023,"date":"2019-07-16T12:02:59","date_gmt":"2019-07-16T10:02:59","guid":{"rendered":"https:\/\/grupsa.com\/unidades-de-cuidados-intensivos-y-aislados\/"},"modified":"2023-04-11T14:10:15","modified_gmt":"2023-04-11T12:10:15","slug":"soins-intensifs-usi-et-unites-disolement","status":"publish","type":"page","link":"https:\/\/grupsa.com\/fr\/soins-intensifs-usi-et-unites-disolement\/","title":{"rendered":"Soins Intensifs (USI) et Unit\u00e9s d\u2019isolement"},"content":{"rendered":"<div id=\"pl-12023\"  class=\"panel-layout\" ><div id=\"pg-12023-0\"  class=\"panel-grid panel-no-style\" ><div id=\"pgc-12023-0-0\"  class=\"panel-grid-cell\" ><div id=\"panel-12023-0-0-0\" class=\"so-panel widget widget_themegrill_flash_image tg-widget tg-image-widget panel-first-child\" data-index=\"0\" ><div class=\"tg-image-block\">\r\n\t\t\t<img decoding=\"async\" src=\"https:\/\/grupsa.com\/wp-content\/uploads\/2020\/02\/Boxes-Cuidados-Intensivos-y-Aislados-UCI.jpg\" alt=\"\" \/>\r\n\t\t<\/div>\r\n<\/div><div id=\"panel-12023-0-0-1\" class=\"so-panel widget widget_themegrill_flash_heading tg-widget section-title-wrapper panel-last-child\" data-index=\"1\" ><div class=\"wow pulse flash_inherit_color panel-widget-style panel-widget-style-for-12023-0-0-1\" data-wow-offset=\"10\" data-wow-iteration=\"1\" >\t<div class=\"heading heading-left divider-without-icon heading-divider\">\r\n\t<h3 class=\"section-title\">PORTES COULISSANTES POUR LES SOINS INTENSIFS (USI) ET UNIT\u00c9S D\u2019ISOLEMENT<\/h3>\r\n\t<div class=\"section-description\">ICU System<\/div>\r\n<\/div>\r\n<\/div><\/div><\/div><\/div><div id=\"pg-12023-1\"  class=\"panel-grid panel-no-style\" ><div id=\"pgc-12023-1-0\"  class=\"panel-grid-cell\" ><div id=\"panel-12023-1-0-0\" class=\"so-panel widget widget_text panel-first-child panel-last-child\" data-index=\"2\" >\t\t\t<div class=\"textwidget\"><p>Les <strong>Portes Coulissantes pour les Unit\u00e9s de Soins Intensifs UCI System<\/strong>\u00a0pr\u00e9servent l\u2019intimit\u00e9 et l\u2019isolement sonore du patient. Elles permettent la surveillance m\u00e9dicale par le personnel hospitalier dans chacun des modules qui composent les <strong><a href=\"https:\/\/grupsa.com\/fr\/hopitaux-et-sante\/\">Unit\u00e9s de Soins Intensifs<\/a>,<\/strong> ainsi que de cr\u00e9er des zones segment\u00e9es pour des malades isol\u00e9s ou dans l\u2019unit\u00e9 des grands br\u00fbl\u00e9s qui n\u00e9cessitent une pression positive ou n\u00e9gative pour \u00e9viter le croisement d\u2019agents pathog\u00e8nes.<\/p>\n<ul>\n<li>En option, elles permettent le <strong>rabattement des vantaux<\/strong> pour \u00e9largir l\u2019espace de d\u00e9passement des civi\u00e8res<\/li>\n<li>Disponibles avec <strong>stores v\u00e9nitiens pour plus d\u2019intimit\u00e9<\/strong>, et d\u2019une ouverture automatique<\/li>\n<li><strong>Design <\/strong>\u00e9l\u00e9gant et <strong>Nettoyage<\/strong> facile<\/li>\n<li><strong>Formats pour Architectes<\/strong> disponibles : PDF, BIM et CAD<\/li>\n<\/ul>\n<p><strong>Sp\u00e9cifications techniques<\/strong><\/p>\n<ul>\n<li>Parfait pour les Unit\u00e9s de Soins Intensifs et Unit\u00e9s d\u2019Isolement, R\u00e9animation, pr\u00e9-anesth\u00e9sie&#8230;<\/li>\n<li>Ouverture centrale ou lat\u00e9rale coulissante ou t\u00e9lescopique<\/li>\n<li>Composition adaptable au projet<\/li>\n<li>Largeur de passage libre standard de 1000 \u00e0 1800 mm<\/li>\n<li>Finition en Aluminium laqu\u00e9 anodis\u00e9 argent<\/li>\n<li>Op\u00e9rateur AG-90\/90 optionnel pour ouverture automatique<\/li>\n<li>Store int\u00e9grable en lamelles avec r\u00e9gulateur d\u2019orientation<\/li>\n<li>Conception et dimensions sp\u00e9ciales sur demande<\/li>\n<li>Compos\u00e9e de deux vantaux rabattables et d\u2019un ou quatre vantaux rabattables<\/li>\n<\/ul>\n<\/div>\n\t\t<\/div><\/div><\/div><div id=\"pg-12023-2\"  class=\"panel-grid panel-no-style\" ><div id=\"pgc-12023-2-0\"  class=\"panel-grid-cell\" ><div id=\"panel-12023-2-0-0\" class=\"so-panel widget widget_text panel-first-child panel-last-child\" data-index=\"3\" ><div class=\"panel-widget-style panel-widget-style-for-12023-2-0-0\" ><h3 class=\"widget-title\">MOD\u00c8LES<\/h3>\t\t\t<div class=\"textwidget\"><\/div>\n\t\t<\/div><\/div><\/div><\/div><div id=\"pg-12023-3\"  class=\"panel-grid panel-has-style\" ><div data-overlay-opactity=\"1\" class=\"panel-row-style panel-row-style-for-12023-3\" ><div id=\"pgc-12023-3-0\"  class=\"panel-grid-cell\" ><div id=\"panel-12023-3-0-0\" class=\"so-panel widget widget_themegrill_flash_image tg-widget tg-image-widget panel-first-child\" data-index=\"4\" ><div class=\"tg-image-block\">\r\n\t\t\t<img decoding=\"async\" src=\"https:\/\/grupsa.com\/wp-content\/uploads\/2021\/05\/IS-550.jpg\" alt=\"Puerta corredera para UCI y aislados\" \/>\r\n\t\t<\/div>\r\n<\/div><div id=\"panel-12023-3-0-1\" class=\"so-panel widget widget_text panel-last-child\" data-index=\"5\" >\t\t\t<div class=\"textwidget\"><p><strong>IS-550<\/strong><br \/>\n<strong>Portes Coulissantes<\/strong><\/p>\n<\/div>\n\t\t<\/div><\/div><div id=\"pgc-12023-3-1\"  class=\"panel-grid-cell panel-grid-cell-mobile-last\" ><div id=\"panel-12023-3-1-0\" class=\"so-panel widget widget_themegrill_flash_image tg-widget tg-image-widget panel-first-child\" data-index=\"6\" ><div class=\"tg-image-block\">\r\n\t\t\t<img decoding=\"async\" src=\"https:\/\/grupsa.com\/wp-content\/uploads\/2020\/02\/UCI-550CP.jpg\" alt=\"\" \/>\r\n\t\t<\/div>\r\n<\/div><div id=\"panel-12023-3-1-1\" class=\"so-panel widget widget_text panel-last-child\" data-index=\"7\" >\t\t\t<div class=\"textwidget\"><p><strong>IS-550 CP<\/strong><br \/>\n<strong>Portes Coulissantes \/ Pliantes\u00a0<\/strong><\/p>\n<\/div>\n\t\t<\/div><\/div><div id=\"pgc-12023-3-2\"  class=\"panel-grid-cell panel-grid-cell-empty\" ><\/div><\/div><\/div><div id=\"pg-12023-4\"  class=\"panel-grid panel-has-style\" ><div data-overlay-opactity=\"1\" class=\"panel-row-style panel-row-style-for-12023-4\" ><div id=\"pgc-12023-4-0\"  class=\"panel-grid-cell\" ><div id=\"panel-12023-4-0-0\" class=\"so-panel widget widget_themegrill_flash_icon tg-widget tg-icon-widget panel-first-child panel-last-child\" data-index=\"8\" ><ul class=\"tg-icons tg-icons--rectangular-rounded\">\r\n\t<li class=\"tg-icon-container\" style=\"font-size: 14px\">\r\n\t\t\t\t<a href=\"#\"\r\n\t\t\t\t<i class=\"fa fa-download\"><\/i>\r\n\t\t\t\t<\/a>\r\n\t\t\t<\/li>\r\n<\/ul>\r\n<\/div><\/div><div id=\"pgc-12023-4-1\"  class=\"panel-grid-cell\" ><div id=\"panel-12023-4-1-0\" class=\"so-panel widget widget_text panel-first-child panel-last-child\" data-index=\"9\" ><div class=\"panel-widget-style panel-widget-style-for-12023-4-1-0\" ><h3 class=\"widget-title\">T\u00c9L\u00c9CHARGEMENTS<\/h3>\t\t\t<div class=\"textwidget\"><\/div>\n\t\t<\/div><\/div><\/div><\/div><\/div><div id=\"pg-12023-5\"  class=\"panel-grid panel-has-style\" ><div data-overlay-opactity=\"1\" class=\"panel-row-style panel-row-style-for-12023-5\" ><div id=\"pgc-12023-5-0\"  class=\"panel-grid-cell\" ><div id=\"panel-12023-5-0-0\" class=\"so-panel widget widget_text panel-first-child panel-last-child\" data-index=\"10\" >\t\t\t<div class=\"textwidget\"><p><strong>DOCUMENTATION COMMERCIALE<\/strong><\/p>\n<p><strong><a href=\"https:\/\/workdrive.zohopublic.eu\/external\/123c16b8543d59e628b4ddf2e4f48f9399d0b66d4ecacc04272ec951f6dae622\"><img decoding=\"async\" class=\"alignnone size-full wp-image-11334\" src=\"https:\/\/grupsa.com\/wp-content\/uploads\/2020\/02\/call.gif\" alt=\"\" width=\"30\" height=\"27\" \/><\/a>\u00a0Catalogue produit<\/strong><br \/>\n<strong><a href=\"https:\/\/tdrv.eu\/dVnD2o\"><img decoding=\"async\" class=\"alignnone wp-image-11334 size-full\" src=\"https:\/\/grupsa.com\/wp-content\/uploads\/2020\/02\/call.gif\" alt=\"\" width=\"30\" height=\"27\" \/><\/a> Soins Intensifs (USI)<\/strong><\/p>\n<\/div>\n\t\t<\/div><\/div><div id=\"pgc-12023-5-1\"  class=\"panel-grid-cell\" ><div id=\"panel-12023-5-1-0\" class=\"so-panel widget widget_text panel-first-child panel-last-child\" data-index=\"11\" >\t\t\t<div class=\"textwidget\"><p><strong>DOCUMENTATION TECHNIQUE<\/strong><\/p>\n<p><strong><a href=\"http:\/\/gsonline.grupsa.com\/fr\/hospital-system\/hojas-tecnicas-hs\/\"><img decoding=\"async\" class=\"alignnone size-full wp-image-11334\" src=\"https:\/\/grupsa.com\/wp-content\/uploads\/2020\/02\/call.gif\" alt=\"\" width=\"30\" height=\"27\" \/><\/a>\u00a0 Fiches techniques<\/strong><br \/>\n<strong><a href=\"http:\/\/gsonline.grupsa.com\/fr\/hospital-system\/specifications-techniques-hs\/\"><img decoding=\"async\" class=\"alignnone size-full wp-image-11334\" src=\"https:\/\/grupsa.com\/wp-content\/uploads\/2020\/02\/call.gif\" alt=\"\" width=\"30\" height=\"27\" \/><\/a>\u00a0 Sp\u00e9cifications descriptives<\/strong><br \/>\n<strong><a href=\"http:\/\/gsonline.grupsa.com\/fr\/hospital-system\/certificados-hs\/\"><img decoding=\"async\" class=\"alignnone size-full wp-image-11334\" src=\"https:\/\/grupsa.com\/wp-content\/uploads\/2020\/02\/call.gif\" alt=\"\" width=\"30\" height=\"27\" \/><\/a>\u00a0 Certificates<\/strong><br \/>\n<strong><a href=\"http:\/\/gsonline.grupsa.com\/fr\/hospital-system\/manuales-tecnicos-hs\/\"><img decoding=\"async\" class=\"alignnone size-full wp-image-11334\" src=\"https:\/\/grupsa.com\/wp-content\/uploads\/2020\/02\/call.gif\" alt=\"\" width=\"30\" height=\"27\" \/><\/a>\u00a0 Manuels Techniques<\/strong><\/p>\n<\/div>\n\t\t<\/div><\/div><div id=\"pgc-12023-5-2\"  class=\"panel-grid-cell\" ><div id=\"panel-12023-5-2-0\" class=\"so-panel widget widget_text panel-first-child panel-last-child\" data-index=\"12\" >\t\t\t<div class=\"textwidget\"><p><strong>ARCHITECTURE ET MOD\u00c9LISATION<\/strong><\/p>\n<p><strong><a href=\"http:\/\/gsonline.grupsa.com\/fr\/hospital-system\/planos-pdf-hs\/\"><img decoding=\"async\" class=\"alignnone size-full wp-image-11334\" src=\"https:\/\/grupsa.com\/wp-content\/uploads\/2020\/02\/call.gif\" alt=\"\" width=\"30\" height=\"27\" \/><\/a>\u00a0 Plans PDF<\/strong><br \/>\n<strong><a href=\"http:\/\/gsonline.grupsa.com\/fr\/hospital-system\/planos-cad-hs\/\"><img decoding=\"async\" class=\"alignnone size-full wp-image-11334\" src=\"https:\/\/grupsa.com\/wp-content\/uploads\/2020\/02\/call.gif\" alt=\"\" width=\"30\" height=\"27\" \/><\/a>\u00a0 Plans CAD<\/strong><br \/>\n<strong><a href=\"http:\/\/gsonline.grupsa.com\/fr\/hospital-system\/planos-bim-hs-2\/\"><img decoding=\"async\" class=\"alignnone size-full wp-image-11334\" src=\"https:\/\/grupsa.com\/wp-content\/uploads\/2020\/02\/call.gif\" alt=\"\" width=\"30\" height=\"27\" \/><\/a>\u00a0 L<b class=\"b5\">ibrairie BIM<\/b><\/strong><\/p>\n<\/div>\n\t\t<\/div><\/div><\/div><\/div><\/div>","protected":false},"excerpt":{"rendered":"<p>Les Portes Coulissantes pour les Unit\u00e9s de Soins Intensifs UCI System\u00a0pr\u00e9servent l\u2019intimit\u00e9 et l\u2019isolement sonore [&hellip;]<\/p>\n","protected":false},"author":1,"featured_media":0,"parent":0,"menu_order":3,"comment_status":"closed","ping_status":"closed","template":"","meta":{"footnotes":""},"yoast_head":"<!-- This site is optimized with the Yoast SEO plugin v18.8 - https:\/\/yoast.com\/wordpress\/plugins\/seo\/ -->\n<title>Portes coulissantes pour les unit\u00e9s de soins intensifs<\/title>\n<meta name=\"description\" content=\"Portes pour les unit\u00e9s de soins intensifs et isol\u00e9es (USI) du syst\u00e8me hospitalier pr\u00e9serve l&#039;intimit\u00e9 et l&#039;isolation acoustique du patient.\" \/>\n<meta name=\"robots\" content=\"index, follow, max-snippet:-1, max-image-preview:large, max-video-preview:-1\" \/>\n<link rel=\"canonical\" href=\"https:\/\/grupsa.com\/fr\/soins-intensifs-usi-et-unites-disolement\/\" \/>\n<meta property=\"og:locale\" content=\"fr_FR\" \/>\n<meta property=\"og:type\" content=\"article\" \/>\n<meta property=\"og:title\" content=\"Portes coulissantes pour les unit\u00e9s de soins intensifs\" \/>\n<meta property=\"og:description\" content=\"Portes pour les unit\u00e9s de soins intensifs et isol\u00e9es (USI) du syst\u00e8me hospitalier pr\u00e9serve l&#039;intimit\u00e9 et l&#039;isolation acoustique du patient.\" \/>\n<meta property=\"og:url\" content=\"https:\/\/grupsa.com\/fr\/soins-intensifs-usi-et-unites-disolement\/\" \/>\n<meta property=\"og:site_name\" content=\"Grupsa\" \/>\n<meta property=\"article:modified_time\" content=\"2023-04-11T12:10:15+00:00\" \/>\n<meta property=\"og:image\" content=\"https:\/\/grupsa.com\/wp-content\/uploads\/2020\/02\/call.gif\" \/>\n<meta name=\"twitter:card\" content=\"summary_large_image\" \/>\n<meta name=\"twitter:label1\" content=\"Dur\u00e9e de lecture estim\u00e9e\" \/>\n\t<meta name=\"twitter:data1\" content=\"3 minutes\" \/>\n<script type=\"application\/ld+json\" class=\"yoast-schema-graph\">{\"@context\":\"https:\/\/schema.org\",\"@graph\":[{\"@type\":\"WebSite\",\"@id\":\"https:\/\/grupsa.com\/fr\/#website\",\"url\":\"https:\/\/grupsa.com\/fr\/\",\"name\":\"Grupsa\",\"description\":\"Accesos que conectan personas\",\"potentialAction\":[{\"@type\":\"SearchAction\",\"target\":{\"@type\":\"EntryPoint\",\"urlTemplate\":\"https:\/\/grupsa.com\/fr\/?s={search_term_string}\"},\"query-input\":\"required name=search_term_string\"}],\"inLanguage\":\"fr-FR\"},{\"@type\":\"ImageObject\",\"inLanguage\":\"fr-FR\",\"@id\":\"https:\/\/grupsa.com\/fr\/soins-intensifs-usi-et-unites-disolement\/#primaryimage\",\"url\":\"https:\/\/grupsa.com\/wp-content\/uploads\/2020\/02\/call.gif\",\"contentUrl\":\"https:\/\/grupsa.com\/wp-content\/uploads\/2020\/02\/call.gif\",\"width\":100,\"height\":93},{\"@type\":\"WebPage\",\"@id\":\"https:\/\/grupsa.com\/fr\/soins-intensifs-usi-et-unites-disolement\/#webpage\",\"url\":\"https:\/\/grupsa.com\/fr\/soins-intensifs-usi-et-unites-disolement\/\",\"name\":\"Portes coulissantes pour les unit\u00e9s de soins intensifs\",\"isPartOf\":{\"@id\":\"https:\/\/grupsa.com\/fr\/#website\"},\"primaryImageOfPage\":{\"@id\":\"https:\/\/grupsa.com\/fr\/soins-intensifs-usi-et-unites-disolement\/#primaryimage\"},\"datePublished\":\"2019-07-16T10:02:59+00:00\",\"dateModified\":\"2023-04-11T12:10:15+00:00\",\"description\":\"Portes pour les unit\u00e9s de soins intensifs et isol\u00e9es (USI) du syst\u00e8me hospitalier pr\u00e9serve l'intimit\u00e9 et l'isolation acoustique du patient.\",\"breadcrumb\":{\"@id\":\"https:\/\/grupsa.com\/fr\/soins-intensifs-usi-et-unites-disolement\/#breadcrumb\"},\"inLanguage\":\"fr-FR\",\"potentialAction\":[{\"@type\":\"ReadAction\",\"target\":[\"https:\/\/grupsa.com\/fr\/soins-intensifs-usi-et-unites-disolement\/\"]}]},{\"@type\":\"BreadcrumbList\",\"@id\":\"https:\/\/grupsa.com\/fr\/soins-intensifs-usi-et-unites-disolement\/#breadcrumb\",\"itemListElement\":[{\"@type\":\"ListItem\",\"position\":1,\"name\":\"Portada\",\"item\":\"https:\/\/grupsa.com\/fr\/\"},{\"@type\":\"ListItem\",\"position\":2,\"name\":\"Soins Intensifs (USI) et Unit\u00e9s d\u2019isolement\"}]}]}<\/script>\n<!-- \/ Yoast SEO plugin. -->","yoast_head_json":{"title":"Portes coulissantes pour les unit\u00e9s de soins intensifs","description":"Portes pour les unit\u00e9s de soins intensifs et isol\u00e9es (USI) du syst\u00e8me hospitalier pr\u00e9serve l'intimit\u00e9 et l'isolation acoustique du patient.","robots":{"index":"index","follow":"follow","max-snippet":"max-snippet:-1","max-image-preview":"max-image-preview:large","max-video-preview":"max-video-preview:-1"},"canonical":"https:\/\/grupsa.com\/fr\/soins-intensifs-usi-et-unites-disolement\/","og_locale":"fr_FR","og_type":"article","og_title":"Portes coulissantes pour les unit\u00e9s de soins intensifs","og_description":"Portes pour les unit\u00e9s de soins intensifs et isol\u00e9es (USI) du syst\u00e8me hospitalier pr\u00e9serve l'intimit\u00e9 et l'isolation acoustique du patient.","og_url":"https:\/\/grupsa.com\/fr\/soins-intensifs-usi-et-unites-disolement\/","og_site_name":"Grupsa","article_modified_time":"2023-04-11T12:10:15+00:00","og_image":[{"url":"https:\/\/grupsa.com\/wp-content\/uploads\/2020\/02\/call.gif"}],"twitter_card":"summary_large_image","twitter_misc":{"Dur\u00e9e de lecture estim\u00e9e":"3 minutes"},"schema":{"@context":"https:\/\/schema.org","@graph":[{"@type":"WebSite","@id":"https:\/\/grupsa.com\/fr\/#website","url":"https:\/\/grupsa.com\/fr\/","name":"Grupsa","description":"Accesos que conectan personas","potentialAction":[{"@type":"SearchAction","target":{"@type":"EntryPoint","urlTemplate":"https:\/\/grupsa.com\/fr\/?s={search_term_string}"},"query-input":"required name=search_term_string"}],"inLanguage":"fr-FR"},{"@type":"ImageObject","inLanguage":"fr-FR","@id":"https:\/\/grupsa.com\/fr\/soins-intensifs-usi-et-unites-disolement\/#primaryimage","url":"https:\/\/grupsa.com\/wp-content\/uploads\/2020\/02\/call.gif","contentUrl":"https:\/\/grupsa.com\/wp-content\/uploads\/2020\/02\/call.gif","width":100,"height":93},{"@type":"WebPage","@id":"https:\/\/grupsa.com\/fr\/soins-intensifs-usi-et-unites-disolement\/#webpage","url":"https:\/\/grupsa.com\/fr\/soins-intensifs-usi-et-unites-disolement\/","name":"Portes coulissantes pour les unit\u00e9s de soins intensifs","isPartOf":{"@id":"https:\/\/grupsa.com\/fr\/#website"},"primaryImageOfPage":{"@id":"https:\/\/grupsa.com\/fr\/soins-intensifs-usi-et-unites-disolement\/#primaryimage"},"datePublished":"2019-07-16T10:02:59+00:00","dateModified":"2023-04-11T12:10:15+00:00","description":"Portes pour les unit\u00e9s de soins intensifs et isol\u00e9es (USI) du syst\u00e8me hospitalier pr\u00e9serve l'intimit\u00e9 et l'isolation acoustique du patient.","breadcrumb":{"@id":"https:\/\/grupsa.com\/fr\/soins-intensifs-usi-et-unites-disolement\/#breadcrumb"},"inLanguage":"fr-FR","potentialAction":[{"@type":"ReadAction","target":["https:\/\/grupsa.com\/fr\/soins-intensifs-usi-et-unites-disolement\/"]}]},{"@type":"BreadcrumbList","@id":"https:\/\/grupsa.com\/fr\/soins-intensifs-usi-et-unites-disolement\/#breadcrumb","itemListElement":[{"@type":"ListItem","position":1,"name":"Portada","item":"https:\/\/grupsa.com\/fr\/"},{"@type":"ListItem","position":2,"name":"Soins Intensifs (USI) et Unit\u00e9s d\u2019isolement"}]}]}},"_links":{"self":[{"href":"https:\/\/grupsa.com\/fr\/wp-json\/wp\/v2\/pages\/12023"}],"collection":[{"href":"https:\/\/grupsa.com\/fr\/wp-json\/wp\/v2\/pages"}],"about":[{"href":"https:\/\/grupsa.com\/fr\/wp-json\/wp\/v2\/types\/page"}],"author":[{"embeddable":true,"href":"https:\/\/grupsa.com\/fr\/wp-json\/wp\/v2\/users\/1"}],"replies":[{"embeddable":true,"href":"https:\/\/grupsa.com\/fr\/wp-json\/wp\/v2\/comments?post=12023"}],"version-history":[{"count":13,"href":"https:\/\/grupsa.com\/fr\/wp-json\/wp\/v2\/pages\/12023\/revisions"}],"predecessor-version":[{"id":14296,"href":"https:\/\/grupsa.com\/fr\/wp-json\/wp\/v2\/pages\/12023\/revisions\/14296"}],"wp:attachment":[{"href":"https:\/\/grupsa.com\/fr\/wp-json\/wp\/v2\/media?parent=12023"}],"curies":[{"name":"wp","href":"https:\/\/api.w.org\/{rel}","templated":true}]}}