{"id":11973,"date":"2019-07-18T15:43:19","date_gmt":"2019-07-18T13:43:19","guid":{"rendered":"https:\/\/grupsa.com\/hospitales-y-salud\/"},"modified":"2023-04-11T14:16:30","modified_gmt":"2023-04-11T12:16:30","slug":"hopitaux-et-sante","status":"publish","type":"page","link":"https:\/\/grupsa.com\/fr\/hopitaux-et-sante\/","title":{"rendered":"H\u00f4pitaux et sant\u00e9"},"content":{"rendered":"<div id=\"pl-11973\"  class=\"panel-layout\" ><div id=\"pg-11973-0\"  class=\"panel-grid panel-has-style\" ><div data-overlay-opactity=\"1\" class=\"panel-row-style panel-row-style-for-11973-0\" ><div id=\"pgc-11973-0-0\"  class=\"panel-grid-cell\" ><div id=\"panel-11973-0-0-0\" class=\"so-panel widget widget_themegrill_flash_image tg-widget tg-image-widget panel-first-child\" data-index=\"0\" ><div class=\"tg-image-block\">\r\n\t\t\t<img decoding=\"async\" src=\"https:\/\/grupsa.com\/wp-content\/uploads\/2020\/02\/Salud-hospital.jpg\" alt=\"Fabricante de puertas para hospitales\" \/>\r\n\t\t<\/div>\r\n<\/div><div id=\"panel-11973-0-0-1\" class=\"so-panel widget widget_themegrill_flash_heading tg-widget section-title-wrapper\" data-index=\"1\" ><div class=\"wow pulse flash_inherit_color panel-widget-style panel-widget-style-for-11973-0-0-1\" data-wow-offset=\"10\" data-wow-iteration=\"1\" >\t<div class=\"heading heading-left divider-without-icon heading-divider\">\r\n\t<h3 class=\"section-title\">H\u00f4pitaux, cliniques et secteur de la sant\u00e9<\/h3>\r\n\t<div class=\"section-description\">Zones propres et st\u00e9riles<\/div>\r\n<\/div>\r\n<\/div><\/div><div id=\"panel-11973-0-0-2\" class=\"so-panel widget widget_text\" data-index=\"2\" >\t\t\t<div class=\"textwidget\"><p>Nos gammes de produits <a href=\"https:\/\/grupsa.com\/fr\/systemes-pour-salles-doperation-et-salles-blanches\/\"><strong>Hospital System<\/strong><\/a> et <a href=\"https:\/\/grupsa.com\/fr\/salles-operation-modulaires-clean-system\/\"><strong>Clean System<\/strong><\/a> sont des syst\u00e8mes modulaires et personnalisables pour les salles d&rsquo;op\u00e9ration, les soins intensifs et les salles blanches, de la plus haute qualit\u00e9 et conform\u00e9ment aux r\u00e9glementations europ\u00e9ennes les plus strictes. Cette gamme comprend des portes herm\u00e9tiques et hygi\u00e9niques, des murs et plafonds pressuris\u00e9s, des sols en vinyle conducteur, un syst\u00e8me de climatisation, des luminaires, des solutions pour les zones radiologiques, des bo\u00eetiers de soins intensifs &#8230; ainsi qu&rsquo;un service technique apr\u00e8s-vente complet. Ils sont sp\u00e9cialement con\u00e7us pour assurer les conditions d&rsquo;hygi\u00e8ne et de d\u00e9sinfection du bloc chirurgical, des unit\u00e9s de soins intensifs, des zones infectieuses, des salles blanches, des laboratoires ou d&rsquo;autres zones de l&rsquo;h\u00f4pital.<\/p>\n<\/div>\n\t\t<\/div><div id=\"panel-11973-0-0-3\" class=\"so-panel widget widget_themegrill_flash_separator tg-widget separator-wrapper panel-last-child\" data-index=\"3\" ><div class=\"panel-widget-style panel-widget-style-for-11973-0-0-3\" ><div style='margin-top:7px;margin-bottom:7px'  class=\"separator separator-center\">\r\n\t<div class='separator-inner' style='width:100px' ><\/div>\t\t<\/div>\r\n<\/div><\/div><\/div><\/div><\/div><div id=\"pg-11973-1\"  class=\"panel-grid panel-has-style\" ><div data-overlay-opactity=\"1\" class=\"panel-row-style panel-row-style-for-11973-1\" ><div id=\"pgc-11973-1-0\"  class=\"panel-grid-cell\" ><div id=\"panel-11973-1-0-0\" class=\"so-panel widget widget_themegrill_flash_image tg-widget tg-image-widget panel-first-child panel-last-child\" data-index=\"4\" ><div class=\"tg-image-block\">\r\n\t\t\t<img decoding=\"async\" src=\"https:\/\/grupsa.com\/wp-content\/uploads\/2020\/02\/Grupsa-Hopitaux-Sante-Brochure_P\u00e1gina_1-scaled.jpg\" alt=\"\" \/>\r\n\t\t<\/div>\r\n<\/div><\/div><div id=\"pgc-11973-1-1\"  class=\"panel-grid-cell\" ><div id=\"panel-11973-1-1-0\" class=\"so-panel widget widget_text panel-first-child\" data-index=\"5\" ><div class=\"panel-widget-style panel-widget-style-for-11973-1-1-0\" >\t\t\t<div class=\"textwidget\"><p><strong>LES APPLICATIONS<\/strong><\/p>\n<p>Solutions modulaires pour le bloc chirurgical<br \/>\nPortes herm\u00e9tiques et hygi\u00e9niques pour l&rsquo;acc\u00e8s aux salles d&rsquo;op\u00e9ration et salles blanches<br \/>\nBo\u00eetes d&rsquo;unit\u00e9s de soins intensifs (USI) et isol\u00e9s<br \/>\nSalles de r\u00e9animation et de pr\u00e9-anesth\u00e9sie<br \/>\nTransfert de mat\u00e9riel et de personnes<br \/>\nZones radiologiques de l&rsquo;h\u00f4pital<br \/>\nSectorisation des zones<br \/>\nEntr\u00e9es principales et voies d&rsquo;acc\u00e8s \/ d&rsquo;\u00e9vacuation d&rsquo;urgence<\/p>\n<\/div>\n\t\t<\/div><\/div><div id=\"panel-11973-1-1-1\" class=\"so-panel widget widget_sow-button panel-last-child\" data-index=\"6\" ><div\n\t\t\t\n\t\t\tclass=\"so-widget-sow-button so-widget-sow-button-atom-c0ef6a430664-11973\"\n\t\t\t\n\t\t><div class=\"ow-button-base ow-button-align-left\"\n>\n\t\t\t<a\n\t\t\t\t\thref=\"https:\/\/tdrv.eu\/YWBem0\"\n\t\t\t\t\tclass=\"sowb-button ow-icon-placement-right ow-button-hover\" target=\"_blank\" rel=\"noopener noreferrer\" \t>\n\t\t<span>\n\t\t\t<span class=\"sow-icon-icomoon\" data-sow-icon=\"&#xe960;\"\n\t\tstyle=\"color: #ffffff\" \n\t\taria-hidden=\"true\"><\/span>\n\t\t\tBrochure\t\t<\/span>\n\t\t\t<\/a>\n\t<\/div>\n<\/div><\/div><\/div><\/div><\/div><div id=\"pg-11973-2\"  class=\"panel-grid panel-has-style\" ><div data-overlay-opactity=\"1\" class=\"panel-row-style panel-row-style-for-11973-2\" ><div id=\"pgc-11973-2-0\"  class=\"panel-grid-cell\" ><div id=\"panel-11973-2-0-0\" class=\"so-panel widget widget_themegrill_flash_image tg-widget tg-image-widget panel-first-child\" data-index=\"7\" ><div class=\"tg-image-block\">\r\n\t\t\t<img decoding=\"async\" src=\"https:\/\/grupsa.com\/wp-content\/uploads\/2020\/02\/Hospital-Mother-udupi.jpg\" alt=\"\" \/>\r\n\t\t<\/div>\r\n<\/div><div id=\"panel-11973-2-0-1\" class=\"so-panel widget widget_text panel-last-child\" data-index=\"8\" >\t\t\t<div class=\"textwidget\"><p><strong>H\u00d4PITAL POUR M\u00c8RES ET ENFANTS<\/strong><br \/>\nUDUPI, KARNATAKA (INDE)<\/p>\n<\/div>\n\t\t<\/div><\/div><div id=\"pgc-11973-2-1\"  class=\"panel-grid-cell\" ><div id=\"panel-11973-2-1-0\" class=\"so-panel widget widget_themegrill_flash_image tg-widget tg-image-widget panel-first-child\" data-index=\"9\" ><div class=\"tg-image-block\">\r\n\t\t\t<img decoding=\"async\" src=\"https:\/\/grupsa.com\/wp-content\/uploads\/2020\/02\/Jordan-Abdali.jpg\" alt=\"\" \/>\r\n\t\t<\/div>\r\n<\/div><div id=\"panel-11973-2-1-1\" class=\"so-panel widget widget_text panel-last-child\" data-index=\"10\" >\t\t\t<div class=\"textwidget\"><p><strong>ABDALI CLEMENCEAU HOSPITAL\u00a0<\/strong><br \/>\nAMM\u00c1N (JORDANIE)<\/p>\n<\/div>\n\t\t<\/div><\/div><\/div><\/div><div id=\"pg-11973-3\"  class=\"panel-grid panel-no-style\" ><div id=\"pgc-11973-3-0\"  class=\"panel-grid-cell\" ><div id=\"panel-11973-3-0-0\" class=\"so-panel widget widget_text panel-first-child\" data-index=\"11\" ><div class=\"panel-widget-style panel-widget-style-for-11973-3-0-0\" ><h3 class=\"widget-title\">PROJETS DE R\u00c9F\u00c9RENCE<\/h3>\t\t\t<div class=\"textwidget\"><\/div>\n\t\t<\/div><\/div><div id=\"panel-11973-3-0-1\" class=\"so-panel widget widget_themegrill_flash_separator tg-widget separator-wrapper panel-last-child\" data-index=\"12\" ><div class=\"panel-widget-style panel-widget-style-for-11973-3-0-1\" ><div style='margin-top:1px;margin-bottom:1px'  class=\"separator separator-left\">\r\n\t<div class='separator-inner' style='width:35px' ><\/div>\t\t<\/div>\r\n<\/div><\/div><\/div><\/div><div id=\"pg-11973-4\"  class=\"panel-grid panel-has-style\" ><div data-overlay-opactity=\"1\" class=\"panel-row-style panel-row-style-for-11973-4\" ><div id=\"pgc-11973-4-0\"  class=\"panel-grid-cell\" ><div id=\"panel-11973-4-0-0\" class=\"so-panel widget widget_themegrill_flash_image tg-widget tg-image-widget panel-first-child\" data-index=\"13\" ><div class=\"tg-image-block\">\r\n\t\t\t<img decoding=\"async\" src=\"https:\/\/grupsa.com\/wp-content\/uploads\/2020\/02\/Anticancer-Setif-Argelia.jpg\" alt=\"\" \/>\r\n\t\t<\/div>\r\n<\/div><div id=\"panel-11973-4-0-1\" class=\"so-panel widget widget_text\" data-index=\"14\" ><div class=\"panel-widget-style panel-widget-style-for-11973-4-0-1\" >\t\t\t<div class=\"textwidget\"><p><b>HOSPITAL\u00a0<\/b><br \/>\n<b>ANTICANCER (CAC)<\/b><br \/>\nS\u00c9TIF (ARGELIA)<\/p>\n<\/div>\n\t\t<\/div><\/div><div id=\"panel-11973-4-0-2\" class=\"so-panel widget widget_sow-button panel-last-child\" data-index=\"15\" ><div\n\t\t\t\n\t\t\tclass=\"so-widget-sow-button so-widget-sow-button-atom-8c35d31a3108-11973\"\n\t\t\t\n\t\t><div class=\"ow-button-base ow-button-align-center\"\n>\n\t\t\t<a\n\t\t\t\t\thref=\"https:\/\/tdrv.eu\/912hD0\"\n\t\t\t\t\tclass=\"sowb-button ow-icon-placement-right ow-button-hover\" target=\"_blank\" rel=\"noopener noreferrer\" \t>\n\t\t<span>\n\t\t\t\n\t\t\tVoir le projet\t\t<\/span>\n\t\t\t<\/a>\n\t<\/div>\n<\/div><\/div><\/div><div id=\"pgc-11973-4-1\"  class=\"panel-grid-cell panel-grid-cell-empty\" ><\/div><div id=\"pgc-11973-4-2\"  class=\"panel-grid-cell panel-grid-cell-empty panel-grid-cell-mobile-last\" ><\/div><div id=\"pgc-11973-4-3\"  class=\"panel-grid-cell panel-grid-cell-empty\" ><\/div><\/div><\/div><\/div>","protected":false},"excerpt":{"rendered":"<p>Nos gammes de produits Hospital System et Clean System sont des syst\u00e8mes modulaires et personnalisables [&hellip;]<\/p>\n","protected":false},"author":1,"featured_media":0,"parent":0,"menu_order":0,"comment_status":"closed","ping_status":"closed","template":"","meta":{"footnotes":""},"yoast_head":"<!-- This site is optimized with the Yoast SEO plugin v18.8 - https:\/\/yoast.com\/wordpress\/plugins\/seo\/ -->\n<title>Portes coulissantes pour h\u00f4pitaux et pour salle d&#039;op\u00e9ration<\/title>\n<meta name=\"description\" content=\"Fabricant de portes coulissantes pour h\u00f4pitaux, salle d&#039;op\u00e9ration, cliniques et secteur de la sant\u00e9. Chez Grupsa, nous proposons des solutions personnalis\u00e9es en fonction des exigences du projet.\" \/>\n<meta name=\"robots\" content=\"index, follow, max-snippet:-1, max-image-preview:large, max-video-preview:-1\" \/>\n<link rel=\"canonical\" href=\"https:\/\/grupsa.com\/fr\/hopitaux-et-sante\/\" \/>\n<meta property=\"og:locale\" content=\"fr_FR\" \/>\n<meta property=\"og:type\" content=\"article\" \/>\n<meta property=\"og:title\" content=\"Portes coulissantes pour h\u00f4pitaux et pour salle d&#039;op\u00e9ration\" \/>\n<meta property=\"og:description\" content=\"Fabricant de portes coulissantes pour h\u00f4pitaux, salle d&#039;op\u00e9ration, cliniques et secteur de la sant\u00e9. Chez Grupsa, nous proposons des solutions personnalis\u00e9es en fonction des exigences du projet.\" \/>\n<meta property=\"og:url\" content=\"https:\/\/grupsa.com\/fr\/hopitaux-et-sante\/\" \/>\n<meta property=\"og:site_name\" content=\"Grupsa\" \/>\n<meta property=\"article:modified_time\" content=\"2023-04-11T12:16:30+00:00\" \/>\n<meta name=\"twitter:card\" content=\"summary_large_image\" \/>\n<meta name=\"twitter:label1\" content=\"Dur\u00e9e de lecture estim\u00e9e\" \/>\n\t<meta name=\"twitter:data1\" content=\"2 minutes\" \/>\n<script type=\"application\/ld+json\" class=\"yoast-schema-graph\">{\"@context\":\"https:\/\/schema.org\",\"@graph\":[{\"@type\":\"WebSite\",\"@id\":\"https:\/\/grupsa.com\/fr\/#website\",\"url\":\"https:\/\/grupsa.com\/fr\/\",\"name\":\"Grupsa\",\"description\":\"Accesos que conectan personas\",\"potentialAction\":[{\"@type\":\"SearchAction\",\"target\":{\"@type\":\"EntryPoint\",\"urlTemplate\":\"https:\/\/grupsa.com\/fr\/?s={search_term_string}\"},\"query-input\":\"required name=search_term_string\"}],\"inLanguage\":\"fr-FR\"},{\"@type\":\"WebPage\",\"@id\":\"https:\/\/grupsa.com\/fr\/hopitaux-et-sante\/#webpage\",\"url\":\"https:\/\/grupsa.com\/fr\/hopitaux-et-sante\/\",\"name\":\"Portes coulissantes pour h\u00f4pitaux et pour salle d'op\u00e9ration\",\"isPartOf\":{\"@id\":\"https:\/\/grupsa.com\/fr\/#website\"},\"datePublished\":\"2019-07-18T13:43:19+00:00\",\"dateModified\":\"2023-04-11T12:16:30+00:00\",\"description\":\"Fabricant de portes coulissantes pour h\u00f4pitaux, salle d'op\u00e9ration, cliniques et secteur de la sant\u00e9. Chez Grupsa, nous proposons des solutions personnalis\u00e9es en fonction des exigences du projet.\",\"breadcrumb\":{\"@id\":\"https:\/\/grupsa.com\/fr\/hopitaux-et-sante\/#breadcrumb\"},\"inLanguage\":\"fr-FR\",\"potentialAction\":[{\"@type\":\"ReadAction\",\"target\":[\"https:\/\/grupsa.com\/fr\/hopitaux-et-sante\/\"]}]},{\"@type\":\"BreadcrumbList\",\"@id\":\"https:\/\/grupsa.com\/fr\/hopitaux-et-sante\/#breadcrumb\",\"itemListElement\":[{\"@type\":\"ListItem\",\"position\":1,\"name\":\"Portada\",\"item\":\"https:\/\/grupsa.com\/fr\/\"},{\"@type\":\"ListItem\",\"position\":2,\"name\":\"H\u00f4pitaux et sant\u00e9\"}]}]}<\/script>\n<!-- \/ Yoast SEO plugin. -->","yoast_head_json":{"title":"Portes coulissantes pour h\u00f4pitaux et pour salle d'op\u00e9ration","description":"Fabricant de portes coulissantes pour h\u00f4pitaux, salle d'op\u00e9ration, cliniques et secteur de la sant\u00e9. Chez Grupsa, nous proposons des solutions personnalis\u00e9es en fonction des exigences du projet.","robots":{"index":"index","follow":"follow","max-snippet":"max-snippet:-1","max-image-preview":"max-image-preview:large","max-video-preview":"max-video-preview:-1"},"canonical":"https:\/\/grupsa.com\/fr\/hopitaux-et-sante\/","og_locale":"fr_FR","og_type":"article","og_title":"Portes coulissantes pour h\u00f4pitaux et pour salle d'op\u00e9ration","og_description":"Fabricant de portes coulissantes pour h\u00f4pitaux, salle d'op\u00e9ration, cliniques et secteur de la sant\u00e9. Chez Grupsa, nous proposons des solutions personnalis\u00e9es en fonction des exigences du projet.","og_url":"https:\/\/grupsa.com\/fr\/hopitaux-et-sante\/","og_site_name":"Grupsa","article_modified_time":"2023-04-11T12:16:30+00:00","twitter_card":"summary_large_image","twitter_misc":{"Dur\u00e9e de lecture estim\u00e9e":"2 minutes"},"schema":{"@context":"https:\/\/schema.org","@graph":[{"@type":"WebSite","@id":"https:\/\/grupsa.com\/fr\/#website","url":"https:\/\/grupsa.com\/fr\/","name":"Grupsa","description":"Accesos que conectan personas","potentialAction":[{"@type":"SearchAction","target":{"@type":"EntryPoint","urlTemplate":"https:\/\/grupsa.com\/fr\/?s={search_term_string}"},"query-input":"required name=search_term_string"}],"inLanguage":"fr-FR"},{"@type":"WebPage","@id":"https:\/\/grupsa.com\/fr\/hopitaux-et-sante\/#webpage","url":"https:\/\/grupsa.com\/fr\/hopitaux-et-sante\/","name":"Portes coulissantes pour h\u00f4pitaux et pour salle d'op\u00e9ration","isPartOf":{"@id":"https:\/\/grupsa.com\/fr\/#website"},"datePublished":"2019-07-18T13:43:19+00:00","dateModified":"2023-04-11T12:16:30+00:00","description":"Fabricant de portes coulissantes pour h\u00f4pitaux, salle d'op\u00e9ration, cliniques et secteur de la sant\u00e9. Chez Grupsa, nous proposons des solutions personnalis\u00e9es en fonction des exigences du projet.","breadcrumb":{"@id":"https:\/\/grupsa.com\/fr\/hopitaux-et-sante\/#breadcrumb"},"inLanguage":"fr-FR","potentialAction":[{"@type":"ReadAction","target":["https:\/\/grupsa.com\/fr\/hopitaux-et-sante\/"]}]},{"@type":"BreadcrumbList","@id":"https:\/\/grupsa.com\/fr\/hopitaux-et-sante\/#breadcrumb","itemListElement":[{"@type":"ListItem","position":1,"name":"Portada","item":"https:\/\/grupsa.com\/fr\/"},{"@type":"ListItem","position":2,"name":"H\u00f4pitaux et sant\u00e9"}]}]}},"_links":{"self":[{"href":"https:\/\/grupsa.com\/fr\/wp-json\/wp\/v2\/pages\/11973"}],"collection":[{"href":"https:\/\/grupsa.com\/fr\/wp-json\/wp\/v2\/pages"}],"about":[{"href":"https:\/\/grupsa.com\/fr\/wp-json\/wp\/v2\/types\/page"}],"author":[{"embeddable":true,"href":"https:\/\/grupsa.com\/fr\/wp-json\/wp\/v2\/users\/1"}],"replies":[{"embeddable":true,"href":"https:\/\/grupsa.com\/fr\/wp-json\/wp\/v2\/comments?post=11973"}],"version-history":[{"count":9,"href":"https:\/\/grupsa.com\/fr\/wp-json\/wp\/v2\/pages\/11973\/revisions"}],"predecessor-version":[{"id":14308,"href":"https:\/\/grupsa.com\/fr\/wp-json\/wp\/v2\/pages\/11973\/revisions\/14308"}],"wp:attachment":[{"href":"https:\/\/grupsa.com\/fr\/wp-json\/wp\/v2\/media?parent=11973"}],"curies":[{"name":"wp","href":"https:\/\/api.w.org\/{rel}","templated":true}]}}