{"id":10855,"date":"2019-07-29T11:53:13","date_gmt":"2019-07-29T09:53:13","guid":{"rendered":"https:\/\/prueba.grupsa.com\/puertas-correderas-curvas\/"},"modified":"2023-04-11T14:15:42","modified_gmt":"2023-04-11T12:15:42","slug":"portes-coulissantes-cintrees","status":"publish","type":"page","link":"https:\/\/grupsa.com\/fr\/portes-coulissantes-cintrees\/","title":{"rendered":"Portes Coulissantes Cintr\u00e9es"},"content":{"rendered":"<div id=\"pl-10855\"  class=\"panel-layout\" ><div id=\"pg-10855-0\"  class=\"panel-grid panel-no-style\" ><div id=\"pgc-10855-0-0\"  class=\"panel-grid-cell\" ><div id=\"panel-10855-0-0-0\" class=\"so-panel widget widget_themegrill_flash_image tg-widget tg-image-widget panel-first-child\" data-index=\"0\" ><div class=\"tg-image-block\">\r\n\t\t\t<img decoding=\"async\" src=\"https:\/\/grupsa.com\/wp-content\/uploads\/2020\/02\/Puertas-Correderas-Curvas.jpg\" alt=\"Puertas Correderas Curvas\" \/>\r\n\t\t<\/div>\r\n<\/div><div id=\"panel-10855-0-0-1\" class=\"so-panel widget widget_themegrill_flash_heading tg-widget section-title-wrapper\" data-index=\"1\" ><div class=\"wow pulse flash_inherit_color panel-widget-style panel-widget-style-for-10855-0-0-1\" data-wow-offset=\"10\" data-wow-iteration=\"1\" >\t<div class=\"heading heading-left divider-without-icon heading-divider\">\r\n\t<h3 class=\"section-title\">Circular System<\/h3>\r\n\t<div class=\"section-description\">Portes Coulissantes Cintr\u00e9es Automatiques<\/div>\r\n<\/div>\r\n<\/div><\/div><div id=\"panel-10855-0-0-2\" class=\"so-panel widget widget_text panel-last-child\" data-index=\"2\" >\t\t\t<div class=\"textwidget\"><p>La gamme de <strong>Portes Coulissantes Cintr\u00e9es, Circular System<\/strong>, se compose de syst\u00e8mes de panneaux fixes et vantaux mobiles qui, en raison de leur configuration, forment des enceintes tr\u00e8s attrayantes pour les acc\u00e8s principaux des b\u00e2timents tels que les h\u00f4tels ou les bureaux &#8230; C&rsquo;est une solution interm\u00e9diaire entre les portes automatiques droites et portes tournantes, lorsque l&rsquo;avant du b\u00e2timent est incurv\u00e9 ou que vous souhaitez fa\u00e7onner l&rsquo;entr\u00e9e de l&rsquo;installation de mani\u00e8re soign\u00e9e et \u00e9l\u00e9gante.<\/p>\n<p>Les <strong>Portes Coulissantes Cintr\u00e9es CS-800<\/strong> peuvent \u00eatre fabriqu\u00e9es dans n&rsquo;importe quelle configuration sp\u00e9cifique et dans diff\u00e9rentes finitions de surface, agissant comme un coupe-vent efficace lorsqu&rsquo;elles sont \u00e9tendues avec des panneaux lat\u00e9raux fixes. Grande polyvalence: circulaire ou semi-circulaire, ellipses, concave ou convexe, ou une ou deux feuilles.<\/p>\n<ul>\n<li><strong>S\u00e9curit\u00e9 maximale<\/strong>, conform\u00e9ment aux r\u00e9glementations europ\u00e9ennes les plus strictes (EN 16005)<\/li>\n<li>Disponible pour les <strong>voies d&rsquo;\u00e9vacuation<\/strong>, gr\u00e2ce \u00e0 son op\u00e9rateur courbe AG90 ER.<\/li>\n<\/ul>\n<p><strong>Sp\u00e9cifications techniques<\/strong><\/p>\n<ul>\n<li>Largeurs de passage libre standard de 800 \u00e0 presque 2000 mm<\/li>\n<li>Diam\u00e8tres standard sup\u00e9rieurs \u00e0 4 m\u00e8tres<\/li>\n<li>Profils 81 x 35 mm et 70 x 26 mm<\/li>\n<li>Finitions en acier inoxydable ou aluminium &#8211; laqu\u00e9 ou anodis\u00e9.<\/li>\n<li>Poids maximum jusqu&rsquo;\u00e0 150 kg \/ feuille.<\/li>\n<li>Large gamme de devices de s\u00e9curit\u00e9 et d&rsquo;activation.<\/li>\n<li>Conception et dimensions sp\u00e9ciales sur demande.<\/li>\n<\/ul>\n<\/div>\n\t\t<\/div><\/div><\/div><div id=\"pg-10855-1\"  class=\"panel-grid panel-no-style\" ><div id=\"pgc-10855-1-0\"  class=\"panel-grid-cell\" ><div id=\"panel-10855-1-0-0\" class=\"so-panel widget widget_text panel-first-child panel-last-child\" data-index=\"3\" ><div class=\"panel-widget-style panel-widget-style-for-10855-1-0-0\" ><h3 class=\"widget-title\">IMAGES<\/h3>\t\t\t<div class=\"textwidget\"><\/div>\n\t\t<\/div><\/div><\/div><\/div><div id=\"pg-10855-2\"  class=\"panel-grid panel-has-style\" ><div class=\"panel-row-style panel-row-style-for-10855-2\" ><div id=\"pgc-10855-2-0\"  class=\"panel-grid-cell\" ><div id=\"panel-10855-2-0-0\" class=\"so-panel widget widget_themegrill_flash_image tg-widget tg-image-widget panel-first-child\" data-index=\"4\" ><div class=\"tg-image-block\">\r\n\t\t\t<img decoding=\"async\" src=\"https:\/\/grupsa.com\/wp-content\/uploads\/2020\/02\/titanium.jpg\" alt=\"Edificio Titanium Santiago de Chile Puertas Curvas circulares\" \/>\r\n\t\t<\/div>\r\n<\/div><div id=\"panel-10855-2-0-1\" class=\"so-panel widget widget_text panel-last-child\" data-index=\"5\" >\t\t\t<div class=\"textwidget\"><p><b>TOUR TITANIUM<\/b><br \/>\nSANTIAGO (CHILI)<\/p>\n<\/div>\n\t\t<\/div><\/div><div id=\"pgc-10855-2-1\"  class=\"panel-grid-cell\" ><div id=\"panel-10855-2-1-0\" class=\"so-panel widget widget_themegrill_flash_image tg-widget tg-image-widget panel-first-child\" data-index=\"6\" ><div class=\"tg-image-block\">\r\n\t\t\t<img decoding=\"async\" src=\"https:\/\/grupsa.com\/wp-content\/uploads\/2020\/02\/hotel-fuentelapiedra.jpg\" alt=\"Hotel Fuentelapiedra Colombia Puertas Correderas Curvas\" \/>\r\n\t\t<\/div>\r\n<\/div><div id=\"panel-10855-2-1-1\" class=\"so-panel widget widget_text panel-last-child\" data-index=\"7\" >\t\t\t<div class=\"textwidget\"><p><b>H\u00d4TEL FUENTE LA PIEDRA<\/b><br \/>\nBOGOT\u00c1 (COLOMBIE)<\/p>\n<\/div>\n\t\t<\/div><\/div><div id=\"pgc-10855-2-2\"  class=\"panel-grid-cell\" ><div id=\"panel-10855-2-2-0\" class=\"so-panel widget widget_themegrill_flash_image tg-widget tg-image-widget panel-first-child\" data-index=\"8\" ><div class=\"tg-image-block\">\r\n\t\t\t<img decoding=\"async\" src=\"https:\/\/grupsa.com\/wp-content\/uploads\/2020\/02\/edificio-colonial.jpg\" alt=\"Edificio Colonial Espa\u00f1a Puertas Correderas Curvas\" \/>\r\n\t\t<\/div>\r\n<\/div><div id=\"panel-10855-2-2-1\" class=\"so-panel widget widget_text panel-last-child\" data-index=\"9\" >\t\t\t<div class=\"textwidget\"><p><b>TOUR COLONIAL<\/b><br \/>\nMADRID (ESPAGNE)<\/p>\n<\/div>\n\t\t<\/div><\/div><\/div><\/div><div id=\"pg-10855-3\"  class=\"panel-grid panel-has-style\" ><div data-overlay-opactity=\"1\" class=\"panel-row-style panel-row-style-for-10855-3\" ><div id=\"pgc-10855-3-0\"  class=\"panel-grid-cell\" ><div id=\"panel-10855-3-0-0\" class=\"so-panel widget widget_themegrill_flash_icon tg-widget tg-icon-widget panel-first-child panel-last-child\" data-index=\"10\" ><ul class=\"tg-icons tg-icons--rectangular-rounded\">\r\n\t<li class=\"tg-icon-container\" style=\"font-size: 14px\">\r\n\t\t\t\t<a href=\"#\"\r\n\t\t\t\t<i class=\"fa fa-download\"><\/i>\r\n\t\t\t\t<\/a>\r\n\t\t\t<\/li>\r\n<\/ul>\r\n<\/div><\/div><div id=\"pgc-10855-3-1\"  class=\"panel-grid-cell\" ><div id=\"panel-10855-3-1-0\" class=\"so-panel widget widget_text panel-first-child panel-last-child\" data-index=\"11\" ><div class=\"panel-widget-style panel-widget-style-for-10855-3-1-0\" ><h3 class=\"widget-title\">T\u00c9L\u00c9CHARGEMENTS<\/h3>\t\t\t<div class=\"textwidget\"><\/div>\n\t\t<\/div><\/div><\/div><\/div><\/div><div id=\"pg-10855-4\"  class=\"panel-grid panel-has-style\" ><div class=\"panel-row-style panel-row-style-for-10855-4\" ><div id=\"pgc-10855-4-0\"  class=\"panel-grid-cell\" ><div id=\"panel-10855-4-0-0\" class=\"so-panel widget widget_text panel-first-child panel-last-child\" data-index=\"12\" >\t\t\t<div class=\"textwidget\"><p><strong>DOCUMENTATION COMMERCIALE<\/strong><\/p>\n<p><strong><a href=\"https:\/\/tdrv.eu\/pzdd3H\"><img decoding=\"async\" class=\"alignnone wp-image-11334 size-full\" src=\"https:\/\/grupsa.com\/wp-content\/uploads\/2020\/02\/call.gif\" alt=\"\" width=\"30\" height=\"27\" \/><\/a>\u00a0Brochure de Produit<\/strong><br \/>\n<strong><a href=\"https:\/\/tdrv.eu\/xhZMH9\"><img decoding=\"async\" class=\"alignnone wp-image-11334 size-full\" src=\"https:\/\/grupsa.com\/wp-content\/uploads\/2020\/02\/call.gif\" alt=\"\" width=\"30\" height=\"27\" \/><\/a>\u00a0H\u00f4tels et Hospitalit\u00e9<\/strong><br \/>\n<a href=\"https:\/\/tdrv.eu\/sXfMY2\"><img decoding=\"async\" class=\"alignnone wp-image-11334 size-full\" src=\"https:\/\/grupsa.com\/wp-content\/uploads\/2020\/02\/call.gif\" alt=\"\" width=\"30\" height=\"27\" \/><\/a><b>\u00a0Centres Commerciaux<\/b><br \/>\n<a href=\"https:\/\/tdrv.eu\/sWtujF\"><img decoding=\"async\" class=\"alignnone wp-image-11334 size-full\" src=\"https:\/\/grupsa.com\/wp-content\/uploads\/2020\/02\/call.gif\" alt=\"\" width=\"30\" height=\"27\" \/><\/a><b>\u00a0Si\u00e8ges et Institutions<\/b><br \/>\n<strong><a href=\"https:\/\/tdrv.eu\/3q7QXc\"><img decoding=\"async\" class=\"alignnone wp-image-11334 size-full\" src=\"https:\/\/grupsa.com\/wp-content\/uploads\/2020\/02\/call.gif\" alt=\"\" width=\"30\" height=\"27\" \/><\/a>\u00a0Stations de Transport<\/strong><br \/>\n<strong><a href=\"https:\/\/tdrv.eu\/L3wQYz\"><img decoding=\"async\" class=\"alignnone wp-image-11334 size-full\" src=\"https:\/\/grupsa.com\/wp-content\/uploads\/2020\/02\/call.gif\" alt=\"\" width=\"30\" height=\"27\" \/><\/a>\u00a0B\u00e2timents\u00a0<\/strong><b>Singuliers<\/b><\/p>\n<\/div>\n\t\t<\/div><\/div><div id=\"pgc-10855-4-1\"  class=\"panel-grid-cell\" ><div id=\"panel-10855-4-1-0\" class=\"so-panel widget widget_text panel-first-child panel-last-child\" data-index=\"13\" >\t\t\t<div class=\"textwidget\"><p><strong>DOCUMENTATION TECHNIQUE<\/strong><\/p>\n<p><strong><a href=\"http:\/\/gsonline.grupsa.com\/fr\/circular-system\/hojas-tecnicas-cs\/\"><img decoding=\"async\" class=\"alignnone wp-image-11334 size-full\" src=\"https:\/\/grupsa.com\/wp-content\/uploads\/2020\/02\/call.gif\" alt=\"\" width=\"30\" height=\"27\" \/><\/a>\u00a0 Fiches techniques<\/strong><br \/>\n<strong><a href=\"http:\/\/gsonline.grupsa.com\/fr\/circular-system\/memorias-descriptivas-cs\/\"><img decoding=\"async\" class=\"alignnone wp-image-11334 size-full\" src=\"https:\/\/grupsa.com\/wp-content\/uploads\/2020\/02\/call.gif\" alt=\"\" width=\"30\" height=\"27\" \/><\/a>\u00a0 Sp\u00e9cifications descriptives<\/strong><br \/>\n<strong><a href=\"http:\/\/gsonline.grupsa.com\/fr\/rotary-system\/certificados-rs\/\" target=\"_blank\" rel=\"noopener noreferrer\"><img decoding=\"async\" class=\"alignnone wp-image-10441\" src=\"https:\/\/prueba.grupsa.com\/wp-content\/uploads\/2020\/01\/call.gif\" alt=\"\" width=\"32\" height=\"31\" \/><\/a><a href=\"http:\/\/gsonline.grupsa.com\/fr\/circular-system\/certificados-cs\/\"><img decoding=\"async\" class=\"alignnone wp-image-11334 size-full\" src=\"https:\/\/grupsa.com\/wp-content\/uploads\/2020\/02\/call.gif\" alt=\"\" width=\"30\" height=\"27\" \/><\/a>\u00a0 Certificats<\/strong><br \/>\n<strong><a href=\"http:\/\/gsonline.grupsa.com\/fr\/circular-system\/manuales-tecnicos-cs\/\"><img decoding=\"async\" class=\"alignnone wp-image-11334 size-full\" src=\"https:\/\/grupsa.com\/wp-content\/uploads\/2020\/02\/call.gif\" alt=\"\" width=\"30\" height=\"27\" \/><\/a>\u00a0<a href=\"http:\/\/gsonline.grupsa.com\/fr\/rotary-system\/manuales-tecnicos-rs\/\" target=\"_blank\" rel=\"noopener noreferrer\"><img decoding=\"async\" class=\"alignnone wp-image-10441\" src=\"https:\/\/prueba.grupsa.com\/wp-content\/uploads\/2020\/01\/call.gif\" alt=\"\" width=\"32\" height=\"31\" \/><\/a>\u00a0Manuels Techniques<\/strong><\/p>\n<\/div>\n\t\t<\/div><\/div><div id=\"pgc-10855-4-2\"  class=\"panel-grid-cell\" ><div id=\"panel-10855-4-2-0\" class=\"so-panel widget widget_text panel-first-child panel-last-child\" data-index=\"14\" >\t\t\t<div class=\"textwidget\"><p><strong>ARCHITECTURE ET MOD\u00c9LISATION<\/strong><\/p>\n<p><strong><a href=\"http:\/\/gsonline.grupsa.com\/fr\/circular-system\/planos-pdf-cs\/\"><img decoding=\"async\" class=\"alignnone wp-image-11334 size-full\" src=\"https:\/\/grupsa.com\/wp-content\/uploads\/2020\/02\/call.gif\" alt=\"\" width=\"30\" height=\"27\" \/><\/a>\u00a0 Plans PDF<\/strong><br \/>\n<strong><a href=\"http:\/\/gsonline.grupsa.com\/fr\/circular-system\/planos-cad-cs\/\"><img decoding=\"async\" class=\"alignnone wp-image-11334 size-full\" src=\"https:\/\/grupsa.com\/wp-content\/uploads\/2020\/02\/call.gif\" alt=\"\" width=\"30\" height=\"27\" \/><\/a>\u00a0 Plans DWG<\/strong><\/p>\n<\/div>\n\t\t<\/div><\/div><\/div><\/div><\/div>","protected":false},"excerpt":{"rendered":"<p>La gamme de Portes Coulissantes Cintr\u00e9es, Circular System, se compose de syst\u00e8mes de panneaux fixes [&hellip;]<\/p>\n","protected":false},"author":1,"featured_media":0,"parent":0,"menu_order":0,"comment_status":"closed","ping_status":"closed","template":"","meta":{"footnotes":""},"yoast_head":"<!-- This site is optimized with the Yoast SEO plugin v18.8 - https:\/\/yoast.com\/wordpress\/plugins\/seo\/ -->\n<title>Portes coulissantes courbes automatiques - Grupsa<\/title>\n<meta name=\"description\" content=\"Portes coulissantes automatiques courbes. La gamme Circular System est un syst\u00e8me hautement personnalisable pour les entr\u00e9es d&#039;h\u00f4tels ou d&#039;immeubles de bureaux.\" \/>\n<meta name=\"robots\" content=\"index, follow, max-snippet:-1, max-image-preview:large, max-video-preview:-1\" \/>\n<link rel=\"canonical\" href=\"https:\/\/grupsa.com\/fr\/portes-coulissantes-cintrees\/\" \/>\n<meta property=\"og:locale\" content=\"fr_FR\" \/>\n<meta property=\"og:type\" content=\"article\" \/>\n<meta property=\"og:title\" content=\"Portes coulissantes courbes automatiques - Grupsa\" \/>\n<meta property=\"og:description\" content=\"Portes coulissantes automatiques courbes. La gamme Circular System est un syst\u00e8me hautement personnalisable pour les entr\u00e9es d&#039;h\u00f4tels ou d&#039;immeubles de bureaux.\" \/>\n<meta property=\"og:url\" content=\"https:\/\/grupsa.com\/fr\/portes-coulissantes-cintrees\/\" \/>\n<meta property=\"og:site_name\" content=\"Grupsa\" \/>\n<meta property=\"article:modified_time\" content=\"2023-04-11T12:15:42+00:00\" \/>\n<meta property=\"og:image\" content=\"https:\/\/grupsa.com\/wp-content\/uploads\/2020\/02\/call.gif\" \/>\n<meta name=\"twitter:card\" content=\"summary_large_image\" \/>\n<meta name=\"twitter:label1\" content=\"Dur\u00e9e de lecture estim\u00e9e\" \/>\n\t<meta name=\"twitter:data1\" content=\"5 minutes\" \/>\n<script type=\"application\/ld+json\" class=\"yoast-schema-graph\">{\"@context\":\"https:\/\/schema.org\",\"@graph\":[{\"@type\":\"WebSite\",\"@id\":\"https:\/\/grupsa.com\/fr\/#website\",\"url\":\"https:\/\/grupsa.com\/fr\/\",\"name\":\"Grupsa\",\"description\":\"Accesos que conectan personas\",\"potentialAction\":[{\"@type\":\"SearchAction\",\"target\":{\"@type\":\"EntryPoint\",\"urlTemplate\":\"https:\/\/grupsa.com\/fr\/?s={search_term_string}\"},\"query-input\":\"required name=search_term_string\"}],\"inLanguage\":\"fr-FR\"},{\"@type\":\"ImageObject\",\"inLanguage\":\"fr-FR\",\"@id\":\"https:\/\/grupsa.com\/fr\/portes-coulissantes-cintrees\/#primaryimage\",\"url\":\"https:\/\/grupsa.com\/wp-content\/uploads\/2020\/02\/call.gif\",\"contentUrl\":\"https:\/\/grupsa.com\/wp-content\/uploads\/2020\/02\/call.gif\",\"width\":100,\"height\":93},{\"@type\":\"WebPage\",\"@id\":\"https:\/\/grupsa.com\/fr\/portes-coulissantes-cintrees\/#webpage\",\"url\":\"https:\/\/grupsa.com\/fr\/portes-coulissantes-cintrees\/\",\"name\":\"Portes coulissantes courbes automatiques - Grupsa\",\"isPartOf\":{\"@id\":\"https:\/\/grupsa.com\/fr\/#website\"},\"primaryImageOfPage\":{\"@id\":\"https:\/\/grupsa.com\/fr\/portes-coulissantes-cintrees\/#primaryimage\"},\"datePublished\":\"2019-07-29T09:53:13+00:00\",\"dateModified\":\"2023-04-11T12:15:42+00:00\",\"description\":\"Portes coulissantes automatiques courbes. La gamme Circular System est un syst\u00e8me hautement personnalisable pour les entr\u00e9es d'h\u00f4tels ou d'immeubles de bureaux.\",\"breadcrumb\":{\"@id\":\"https:\/\/grupsa.com\/fr\/portes-coulissantes-cintrees\/#breadcrumb\"},\"inLanguage\":\"fr-FR\",\"potentialAction\":[{\"@type\":\"ReadAction\",\"target\":[\"https:\/\/grupsa.com\/fr\/portes-coulissantes-cintrees\/\"]}]},{\"@type\":\"BreadcrumbList\",\"@id\":\"https:\/\/grupsa.com\/fr\/portes-coulissantes-cintrees\/#breadcrumb\",\"itemListElement\":[{\"@type\":\"ListItem\",\"position\":1,\"name\":\"Portada\",\"item\":\"https:\/\/grupsa.com\/fr\/\"},{\"@type\":\"ListItem\",\"position\":2,\"name\":\"Portes Coulissantes Cintr\u00e9es\"}]}]}<\/script>\n<!-- \/ Yoast SEO plugin. -->","yoast_head_json":{"title":"Portes coulissantes courbes automatiques - Grupsa","description":"Portes coulissantes automatiques courbes. La gamme Circular System est un syst\u00e8me hautement personnalisable pour les entr\u00e9es d'h\u00f4tels ou d'immeubles de bureaux.","robots":{"index":"index","follow":"follow","max-snippet":"max-snippet:-1","max-image-preview":"max-image-preview:large","max-video-preview":"max-video-preview:-1"},"canonical":"https:\/\/grupsa.com\/fr\/portes-coulissantes-cintrees\/","og_locale":"fr_FR","og_type":"article","og_title":"Portes coulissantes courbes automatiques - Grupsa","og_description":"Portes coulissantes automatiques courbes. La gamme Circular System est un syst\u00e8me hautement personnalisable pour les entr\u00e9es d'h\u00f4tels ou d'immeubles de bureaux.","og_url":"https:\/\/grupsa.com\/fr\/portes-coulissantes-cintrees\/","og_site_name":"Grupsa","article_modified_time":"2023-04-11T12:15:42+00:00","og_image":[{"url":"https:\/\/grupsa.com\/wp-content\/uploads\/2020\/02\/call.gif"}],"twitter_card":"summary_large_image","twitter_misc":{"Dur\u00e9e de lecture estim\u00e9e":"5 minutes"},"schema":{"@context":"https:\/\/schema.org","@graph":[{"@type":"WebSite","@id":"https:\/\/grupsa.com\/fr\/#website","url":"https:\/\/grupsa.com\/fr\/","name":"Grupsa","description":"Accesos que conectan personas","potentialAction":[{"@type":"SearchAction","target":{"@type":"EntryPoint","urlTemplate":"https:\/\/grupsa.com\/fr\/?s={search_term_string}"},"query-input":"required name=search_term_string"}],"inLanguage":"fr-FR"},{"@type":"ImageObject","inLanguage":"fr-FR","@id":"https:\/\/grupsa.com\/fr\/portes-coulissantes-cintrees\/#primaryimage","url":"https:\/\/grupsa.com\/wp-content\/uploads\/2020\/02\/call.gif","contentUrl":"https:\/\/grupsa.com\/wp-content\/uploads\/2020\/02\/call.gif","width":100,"height":93},{"@type":"WebPage","@id":"https:\/\/grupsa.com\/fr\/portes-coulissantes-cintrees\/#webpage","url":"https:\/\/grupsa.com\/fr\/portes-coulissantes-cintrees\/","name":"Portes coulissantes courbes automatiques - Grupsa","isPartOf":{"@id":"https:\/\/grupsa.com\/fr\/#website"},"primaryImageOfPage":{"@id":"https:\/\/grupsa.com\/fr\/portes-coulissantes-cintrees\/#primaryimage"},"datePublished":"2019-07-29T09:53:13+00:00","dateModified":"2023-04-11T12:15:42+00:00","description":"Portes coulissantes automatiques courbes. La gamme Circular System est un syst\u00e8me hautement personnalisable pour les entr\u00e9es d'h\u00f4tels ou d'immeubles de bureaux.","breadcrumb":{"@id":"https:\/\/grupsa.com\/fr\/portes-coulissantes-cintrees\/#breadcrumb"},"inLanguage":"fr-FR","potentialAction":[{"@type":"ReadAction","target":["https:\/\/grupsa.com\/fr\/portes-coulissantes-cintrees\/"]}]},{"@type":"BreadcrumbList","@id":"https:\/\/grupsa.com\/fr\/portes-coulissantes-cintrees\/#breadcrumb","itemListElement":[{"@type":"ListItem","position":1,"name":"Portada","item":"https:\/\/grupsa.com\/fr\/"},{"@type":"ListItem","position":2,"name":"Portes Coulissantes Cintr\u00e9es"}]}]}},"_links":{"self":[{"href":"https:\/\/grupsa.com\/fr\/wp-json\/wp\/v2\/pages\/10855"}],"collection":[{"href":"https:\/\/grupsa.com\/fr\/wp-json\/wp\/v2\/pages"}],"about":[{"href":"https:\/\/grupsa.com\/fr\/wp-json\/wp\/v2\/types\/page"}],"author":[{"embeddable":true,"href":"https:\/\/grupsa.com\/fr\/wp-json\/wp\/v2\/users\/1"}],"replies":[{"embeddable":true,"href":"https:\/\/grupsa.com\/fr\/wp-json\/wp\/v2\/comments?post=10855"}],"version-history":[{"count":16,"href":"https:\/\/grupsa.com\/fr\/wp-json\/wp\/v2\/pages\/10855\/revisions"}],"predecessor-version":[{"id":14306,"href":"https:\/\/grupsa.com\/fr\/wp-json\/wp\/v2\/pages\/10855\/revisions\/14306"}],"wp:attachment":[{"href":"https:\/\/grupsa.com\/fr\/wp-json\/wp\/v2\/media?parent=10855"}],"curies":[{"name":"wp","href":"https:\/\/api.w.org\/{rel}","templated":true}]}}