{"id":10843,"date":"2019-07-17T16:57:02","date_gmt":"2019-07-17T14:57:02","guid":{"rendered":"https:\/\/prueba.grupsa.com\/puertas-giratorias\/"},"modified":"2023-04-11T14:12:26","modified_gmt":"2023-04-11T12:12:26","slug":"portes-tournantes","status":"publish","type":"page","link":"https:\/\/grupsa.com\/fr\/portes-tournantes\/","title":{"rendered":"Syst\u00e8mes de Portes Tournantes"},"content":{"rendered":"<div id=\"pl-10843\"  class=\"panel-layout\" ><div id=\"pg-10843-0\"  class=\"panel-grid panel-no-style\" ><div id=\"pgc-10843-0-0\"  class=\"panel-grid-cell\" ><div id=\"panel-10843-0-0-0\" class=\"so-panel widget widget_themegrill_flash_image tg-widget tg-image-widget panel-first-child\" data-index=\"0\" ><div class=\"tg-image-block\">\r\n\t\t\t<img decoding=\"async\" src=\"https:\/\/grupsa.com\/wp-content\/uploads\/2020\/02\/Puertas-Giratorias.jpg\" alt=\"Puertas Giratorias\" \/>\r\n\t\t<\/div>\r\n<\/div><div id=\"panel-10843-0-0-1\" class=\"so-panel widget widget_themegrill_flash_heading tg-widget section-title-wrapper\" data-index=\"1\" ><div class=\"wow pulse flash_inherit_color panel-widget-style panel-widget-style-for-10843-0-0-1\" data-wow-offset=\"10\" data-wow-iteration=\"1\" >\t<div class=\"heading heading-left divider-without-icon heading-divider\">\r\n\t<h3 class=\"section-title\">Rotary System<\/h3>\r\n\t<div class=\"section-description\">Syst\u00e8mes De Portes Tournantes<\/div>\r\n<\/div>\r\n<\/div><\/div><div id=\"panel-10843-0-0-2\" class=\"so-panel widget widget_text panel-last-child\" data-index=\"2\" >\t\t\t<div class=\"textwidget\"><p>La gamme <strong>Rotary System<\/strong> se compose de <strong>Syst\u00e8mes de Portes Tournantes<\/strong>, en version manuelle ou automatique, con\u00e7ues pour des installations \u00e0 forte affluence de personnes (<a href=\"https:\/\/grupsa.com\/fr\/hotels-restaurants\/\"><strong>h\u00f4tels<\/strong> <\/a><strong>ou <a href=\"https:\/\/grupsa.com\/fr\/sieges-corporatifs-bureaux-et-institutions\/\">si\u00e8ges corporatifs<\/a><\/strong>). Cinq mod\u00e8les diff\u00e9rents de portes tournantes, qui nous permettent de nous adapter \u00e0 tous les besoins tout en conservant la fonctionnalit\u00e9 et l\u2019\u00e9l\u00e9gance qui caract\u00e9risent ces portes, qui offrent une entr\u00e9e unique, sp\u00e9cifique et sophistiqu\u00e9e avant m\u00eame d\u2019entrer dans l\u2019\u00e9difice<\/p>\n<p>Une solution compl\u00e8te avec de vastes possibilit\u00e9s de personnalisation pour les entr\u00e9es dans vos installations :<\/p>\n<ul>\n<li>Le design de Grupsa pour ces portes tournantes est bas\u00e9e sur la technologie la plus avanc\u00e9e.<\/li>\n<li>L\u2019installation de portes tournantes RS-100 est soumise au respect des normes locales et europ\u00e9ennes en vigueur.<\/li>\n<li>Possibilit\u00e9 d\u2019\u00eatre install\u00e9e dans les voies d\u2019\u00e9vacuation, gr\u00e2ce \u00e0 son syst\u00e8me de rabattage des vantaux<\/li>\n<\/ul>\n<p>Les <strong>Portes Tournantes<\/strong> <strong>du Rotary System<\/strong> assurent une conformit\u00e9 \u00e0 la norme EN 16005, en fonction des conditions et des exigences d\u2019utilisation. EIles fournissent des solutions visant \u00e0 am\u00e9liorer la s\u00e9curit\u00e9 des utilisateurs, les co\u00fbts d\u2019\u00e9conomie d\u2019\u00e9nergie et les syst\u00e8mes de gestion des b\u00e2timents BMS. Elles minimisent les fuites d\u2019air dans les b\u00e2timents \u00e9quip\u00e9s de syst\u00e8me de climatisation et de chauffage et entraine des \u00e9conomies d\u2019\u00e9nergie consid\u00e9rables en raison de l\u2019isolation thermique et acoustique qu\u2019elles fournissent.<\/p>\n<\/div>\n\t\t<\/div><\/div><\/div><div id=\"pg-10843-1\"  class=\"panel-grid panel-no-style\" ><div id=\"pgc-10843-1-0\"  class=\"panel-grid-cell\" ><div id=\"panel-10843-1-0-0\" class=\"so-panel widget widget_text panel-first-child panel-last-child\" data-index=\"3\" ><div class=\"panel-widget-style panel-widget-style-for-10843-1-0-0\" ><h3 class=\"widget-title\">MODELS<\/h3>\t\t\t<div class=\"textwidget\"><\/div>\n\t\t<\/div><\/div><\/div><\/div><div id=\"pg-10843-2\"  class=\"panel-grid panel-has-style\" ><div data-overlay-opactity=\"1\" class=\"panel-row-style panel-row-style-for-10843-2\" ><div id=\"pgc-10843-2-0\"  class=\"panel-grid-cell\" ><div id=\"panel-10843-2-0-0\" class=\"so-panel widget widget_themegrill_flash_image tg-widget tg-image-widget panel-first-child\" data-index=\"4\" ><div class=\"tg-image-block\">\r\n\t\t\t<img decoding=\"async\" src=\"https:\/\/grupsa.com\/wp-content\/uploads\/2020\/02\/Puerta-Giratoria-RS-100.jpg\" alt=\"Puerta Giratoria RS-100\" \/>\r\n\t\t<\/div>\r\n<\/div><div id=\"panel-10843-2-0-1\" class=\"so-panel widget widget_text panel-last-child\" data-index=\"5\" >\t\t\t<div class=\"textwidget\"><p><b>PORTE TOURNANTE<\/b><br \/>\n<strong>RS-100<\/strong><\/p>\n<\/div>\n\t\t<\/div><\/div><div id=\"pgc-10843-2-1\"  class=\"panel-grid-cell\" ><div id=\"panel-10843-2-1-0\" class=\"so-panel widget widget_themegrill_flash_image tg-widget tg-image-widget panel-first-child\" data-index=\"6\" ><div class=\"tg-image-block\">\r\n\t\t\t<img decoding=\"async\" src=\"https:\/\/grupsa.com\/wp-content\/uploads\/2020\/02\/Puerta-Giratoria-RS-Color.jpg\" alt=\"Puerta Giratoria RS-Color\" \/>\r\n\t\t<\/div>\r\n<\/div><div id=\"panel-10843-2-1-1\" class=\"so-panel widget widget_text panel-last-child\" data-index=\"7\" >\t\t\t<div class=\"textwidget\"><p><b>PORTE TOURNANTE<\/b><br \/>\n<strong>RS-Color<\/strong><\/p>\n<\/div>\n\t\t<\/div><\/div><div id=\"pgc-10843-2-2\"  class=\"panel-grid-cell\" ><div id=\"panel-10843-2-2-0\" class=\"so-panel widget widget_themegrill_flash_image tg-widget tg-image-widget panel-first-child\" data-index=\"8\" ><div class=\"tg-image-block\">\r\n\t\t\t<img decoding=\"async\" src=\"https:\/\/grupsa.com\/wp-content\/uploads\/2020\/02\/Puerta-Giratoria-RS-Krystal.jpg\" alt=\"Puerta Giratoria RS-Krystal\" \/>\r\n\t\t<\/div>\r\n<\/div><div id=\"panel-10843-2-2-1\" class=\"so-panel widget widget_text panel-last-child\" data-index=\"9\" >\t\t\t<div class=\"textwidget\"><p><b>PORTE TOURNANTE<\/b><br \/>\n<strong>RS-Krystal<\/strong><\/p>\n<\/div>\n\t\t<\/div><\/div><\/div><\/div><div id=\"pg-10843-3\"  class=\"panel-grid panel-has-style\" ><div data-overlay-opactity=\"1\" class=\"panel-row-style panel-row-style-for-10843-3\" ><div id=\"pgc-10843-3-0\"  class=\"panel-grid-cell\" ><div id=\"panel-10843-3-0-0\" class=\"so-panel widget widget_themegrill_flash_image tg-widget tg-image-widget panel-first-child\" data-index=\"10\" ><div class=\"tg-image-block\">\r\n\t\t\t<img decoding=\"async\" src=\"https:\/\/grupsa.com\/wp-content\/uploads\/2020\/02\/Puerta-Giratoria-RS-2HC.jpg\" alt=\"Puerta Giratoria RS-2HC\" \/>\r\n\t\t<\/div>\r\n<\/div><div id=\"panel-10843-3-0-1\" class=\"so-panel widget widget_text panel-last-child\" data-index=\"11\" >\t\t\t<div class=\"textwidget\"><p><b>PORTE TOURNANTE<\/b><br \/>\n<strong>RS-2HC<\/strong><\/p>\n<\/div>\n\t\t<\/div><\/div><div id=\"pgc-10843-3-1\"  class=\"panel-grid-cell panel-grid-cell-mobile-last\" ><div id=\"panel-10843-3-1-0\" class=\"so-panel widget widget_themegrill_flash_image tg-widget tg-image-widget panel-first-child\" data-index=\"12\" ><div class=\"tg-image-block\">\r\n\t\t\t<img decoding=\"async\" src=\"https:\/\/grupsa.com\/wp-content\/uploads\/2020\/02\/Puerta-Giratoria-RS-SKY.jpg\" alt=\"Puerta Giratoria RS-SKY\" \/>\r\n\t\t<\/div>\r\n<\/div><div id=\"panel-10843-3-1-1\" class=\"so-panel widget widget_text panel-last-child\" data-index=\"13\" >\t\t\t<div class=\"textwidget\"><p><b>PORTE TOURNANTE<\/b><br \/>\n<strong>RS-Sky<\/strong><\/p>\n<\/div>\n\t\t<\/div><\/div><div id=\"pgc-10843-3-2\"  class=\"panel-grid-cell panel-grid-cell-empty\" ><\/div><\/div><\/div><div id=\"pg-10843-4\"  class=\"panel-grid panel-has-style\" ><div data-overlay-opactity=\"1\" class=\"panel-row-style panel-row-style-for-10843-4\" ><div id=\"pgc-10843-4-0\"  class=\"panel-grid-cell\" ><div id=\"panel-10843-4-0-0\" class=\"so-panel widget widget_themegrill_flash_icon tg-widget tg-icon-widget panel-first-child panel-last-child\" data-index=\"14\" ><ul class=\"tg-icons tg-icons--rectangular-rounded\">\r\n\t<li class=\"tg-icon-container\" style=\"font-size: 14px\">\r\n\t\t\t\t<a href=\"#\"\r\n\t\t\t\t<i class=\"fa fa-download\"><\/i>\r\n\t\t\t\t<\/a>\r\n\t\t\t<\/li>\r\n<\/ul>\r\n<\/div><\/div><div id=\"pgc-10843-4-1\"  class=\"panel-grid-cell\" ><div id=\"panel-10843-4-1-0\" class=\"so-panel widget widget_text panel-first-child panel-last-child\" data-index=\"15\" ><div class=\"panel-widget-style panel-widget-style-for-10843-4-1-0\" ><h3 class=\"widget-title\">T\u00c9L\u00c9CHARGEMENTS<\/h3>\t\t\t<div class=\"textwidget\"><\/div>\n\t\t<\/div><\/div><\/div><\/div><\/div><div id=\"pg-10843-5\"  class=\"panel-grid panel-has-style\" ><div class=\"panel-row-style panel-row-style-for-10843-5\" ><div id=\"pgc-10843-5-0\"  class=\"panel-grid-cell\" ><div id=\"panel-10843-5-0-0\" class=\"so-panel widget widget_text panel-first-child panel-last-child\" data-index=\"16\" >\t\t\t<div class=\"textwidget\"><p><strong>DOCUMENTATION COMMERCIALE<\/strong><\/p>\n<p><strong><a href=\"https:\/\/tdrv.eu\/yMruhl\"><img decoding=\"async\" class=\"alignnone wp-image-11334 size-full\" src=\"https:\/\/grupsa.com\/wp-content\/uploads\/2020\/02\/call.gif\" alt=\"\" width=\"30\" height=\"27\" \/><\/a> Brochure de Produit<\/strong><br \/>\n<strong><a href=\"https:\/\/tdrv.eu\/xhZMH9\"><img decoding=\"async\" class=\"alignnone wp-image-11334 size-full\" src=\"https:\/\/grupsa.com\/wp-content\/uploads\/2020\/02\/call.gif\" alt=\"\" width=\"30\" height=\"27\" \/><\/a> H\u00f4tels et Hospitalit\u00e9<\/strong><br \/>\n<a style=\"font-weight: bold;\" href=\"https:\/\/tdrv.eu\/sXfMY2\"><img decoding=\"async\" class=\"alignnone wp-image-11334 size-full\" src=\"https:\/\/grupsa.com\/wp-content\/uploads\/2020\/02\/call.gif\" alt=\"\" width=\"30\" height=\"27\" \/><\/a><b> Centres Commerciaux<\/b><br \/>\n<a style=\"font-weight: bold;\" href=\"https:\/\/tdrv.eu\/sWtujF\"><img decoding=\"async\" class=\"alignnone wp-image-11334 size-full\" src=\"https:\/\/grupsa.com\/wp-content\/uploads\/2020\/02\/call.gif\" alt=\"\" width=\"30\" height=\"27\" \/><\/a><b>\u00a0Si\u00e8ges et Institutions<\/b><br \/>\n<strong><a href=\"https:\/\/tdrv.eu\/3q7QXc\"><img decoding=\"async\" class=\"alignnone wp-image-11334 size-full\" src=\"https:\/\/grupsa.com\/wp-content\/uploads\/2020\/02\/call.gif\" alt=\"\" width=\"30\" height=\"27\" \/><\/a> Stations de Transport<\/strong><br \/>\n<strong><a href=\"https:\/\/tdrv.eu\/L3wQYz\"><img decoding=\"async\" class=\"alignnone wp-image-11334 size-full\" src=\"https:\/\/grupsa.com\/wp-content\/uploads\/2020\/02\/call.gif\" alt=\"\" width=\"30\" height=\"27\" \/><\/a> B\u00e2timents\u00a0<\/strong><b>Singuliers<\/b><\/p>\n<\/div>\n\t\t<\/div><\/div><div id=\"pgc-10843-5-1\"  class=\"panel-grid-cell\" ><div id=\"panel-10843-5-1-0\" class=\"so-panel widget widget_text panel-first-child panel-last-child\" data-index=\"17\" >\t\t\t<div class=\"textwidget\"><p><strong>DOCUMENTATION TECHNIQUE<\/strong><\/p>\n<p><strong><a href=\"http:\/\/gsonline.grupsa.com\/fr\/rotary-system\/hojas-tecnicas-rs\/\"><img decoding=\"async\" class=\"alignnone wp-image-11334 size-full\" src=\"https:\/\/grupsa.com\/wp-content\/uploads\/2020\/02\/call.gif\" alt=\"\" width=\"30\" height=\"27\" \/><\/a>\u00a0 Fiches techniques<\/strong><br \/>\n<strong><a href=\"http:\/\/gsonline.grupsa.com\/fr\/rotary-system\/memorias-descriptivas-rs\/\"><img decoding=\"async\" class=\"alignnone wp-image-11334 size-full\" src=\"https:\/\/grupsa.com\/wp-content\/uploads\/2020\/02\/call.gif\" alt=\"\" width=\"30\" height=\"27\" \/><\/a>\u00a0 Sp\u00e9cifications descriptives<\/strong><br \/>\n<strong><a href=\"http:\/\/gsonline.grupsa.com\/fr\/rotary-system\/certificados-rs\/\" target=\"_blank\" rel=\"noopener\"><img decoding=\"async\" class=\"alignnone wp-image-10441\" src=\"https:\/\/prueba.grupsa.com\/wp-content\/uploads\/2020\/01\/call.gif\" alt=\"\" width=\"32\" height=\"31\" \/><\/a><a href=\"http:\/\/gsonline.grupsa.com\/fr\/rotary-system\/certificados-rs\/\"><img decoding=\"async\" class=\"alignnone wp-image-11334 size-full\" src=\"https:\/\/grupsa.com\/wp-content\/uploads\/2020\/02\/call.gif\" alt=\"\" width=\"30\" height=\"27\" \/><\/a>\u00a0 Certificats<\/strong><br \/>\n<strong><a href=\"http:\/\/gsonline.grupsa.com\/fr\/rotary-system\/manuales-tecnicos-rs\/\"><img decoding=\"async\" class=\"alignnone wp-image-11334 size-full\" src=\"https:\/\/grupsa.com\/wp-content\/uploads\/2020\/02\/call.gif\" alt=\"\" width=\"30\" height=\"27\" \/><\/a> <a href=\"http:\/\/gsonline.grupsa.com\/fr\/rotary-system\/manuales-tecnicos-rs\/\" target=\"_blank\" rel=\"noopener\"><img decoding=\"async\" class=\"alignnone wp-image-10441\" src=\"https:\/\/prueba.grupsa.com\/wp-content\/uploads\/2020\/01\/call.gif\" alt=\"\" width=\"32\" height=\"31\" \/><\/a> Manuels Techniques<\/strong><\/p>\n<\/div>\n\t\t<\/div><\/div><div id=\"pgc-10843-5-2\"  class=\"panel-grid-cell\" ><div id=\"panel-10843-5-2-0\" class=\"so-panel widget widget_text panel-first-child panel-last-child\" data-index=\"18\" >\t\t\t<div class=\"textwidget\"><p><strong>ARCHITECTURE ET MOD\u00c9LISATION<\/strong><\/p>\n<p><strong><a href=\"http:\/\/gsonline.grupsa.com\/fr\/rotary-system\/planos-pdf-rs\/\"><img decoding=\"async\" class=\"alignnone wp-image-11334 size-full\" src=\"https:\/\/grupsa.com\/wp-content\/uploads\/2020\/02\/call.gif\" alt=\"\" width=\"30\" height=\"27\" \/><\/a>\u00a0 Plans PDF<\/strong><br \/>\n<strong><a href=\"http:\/\/gsonline.grupsa.com\/fr\/rotary-system\/planos-cad-rs\/\"><img decoding=\"async\" class=\"alignnone wp-image-11334 size-full\" src=\"https:\/\/grupsa.com\/wp-content\/uploads\/2020\/02\/call.gif\" alt=\"\" width=\"30\" height=\"27\" \/><\/a>\u00a0 Plans DWG<\/strong><br \/>\n<strong><a href=\"http:\/\/gsonline.grupsa.com\/fr\/rotary-system\/planos-bim\/\"><img decoding=\"async\" class=\"alignnone wp-image-11334 size-full\" src=\"https:\/\/grupsa.com\/wp-content\/uploads\/2020\/02\/call.gif\" alt=\"\" width=\"30\" height=\"27\" \/><\/a>\u00a0 Librairie BIM<\/strong><\/p>\n<\/div>\n\t\t<\/div><\/div><\/div><\/div><\/div>","protected":false},"excerpt":{"rendered":"<p>La gamme Rotary System se compose de Syst\u00e8mes de Portes Tournantes, en version manuelle ou [&hellip;]<\/p>\n","protected":false},"author":1,"featured_media":0,"parent":0,"menu_order":0,"comment_status":"closed","ping_status":"closed","template":"","meta":{"footnotes":""},"yoast_head":"<!-- This site is optimized with the Yoast SEO plugin v18.8 - https:\/\/yoast.com\/wordpress\/plugins\/seo\/ -->\n<title>Fabricants de portes tournantes automatiques, manuelles et \u00e9lectriques - Grupsa<\/title>\n<meta name=\"description\" content=\"Nous sommes fabricants de portes tournantes automatiques \u00e9lectriques et manuelles, con\u00e7ues pour s&#039;adapter aux installations \u00e0 fort trafic de personnes.\" \/>\n<meta name=\"robots\" content=\"index, follow, max-snippet:-1, max-image-preview:large, max-video-preview:-1\" \/>\n<link rel=\"canonical\" href=\"https:\/\/grupsa.com\/fr\/portes-tournantes\/\" \/>\n<meta property=\"og:locale\" content=\"fr_FR\" \/>\n<meta property=\"og:type\" content=\"article\" \/>\n<meta property=\"og:title\" content=\"Fabricants de portes tournantes automatiques, manuelles et \u00e9lectriques - Grupsa\" \/>\n<meta property=\"og:description\" content=\"Nous sommes fabricants de portes tournantes automatiques \u00e9lectriques et manuelles, con\u00e7ues pour s&#039;adapter aux installations \u00e0 fort trafic de personnes.\" \/>\n<meta property=\"og:url\" content=\"https:\/\/grupsa.com\/fr\/portes-tournantes\/\" \/>\n<meta property=\"og:site_name\" content=\"Grupsa\" \/>\n<meta property=\"article:modified_time\" content=\"2023-04-11T12:12:26+00:00\" \/>\n<meta property=\"og:image\" content=\"https:\/\/grupsa.com\/wp-content\/uploads\/2020\/02\/call.gif\" \/>\n<meta name=\"twitter:card\" content=\"summary_large_image\" \/>\n<meta name=\"twitter:label1\" content=\"Dur\u00e9e de lecture estim\u00e9e\" \/>\n\t<meta name=\"twitter:data1\" content=\"2 minutes\" \/>\n<script type=\"application\/ld+json\" class=\"yoast-schema-graph\">{\"@context\":\"https:\/\/schema.org\",\"@graph\":[{\"@type\":\"WebSite\",\"@id\":\"https:\/\/grupsa.com\/fr\/#website\",\"url\":\"https:\/\/grupsa.com\/fr\/\",\"name\":\"Grupsa\",\"description\":\"Accesos que conectan personas\",\"potentialAction\":[{\"@type\":\"SearchAction\",\"target\":{\"@type\":\"EntryPoint\",\"urlTemplate\":\"https:\/\/grupsa.com\/fr\/?s={search_term_string}\"},\"query-input\":\"required name=search_term_string\"}],\"inLanguage\":\"fr-FR\"},{\"@type\":\"ImageObject\",\"inLanguage\":\"fr-FR\",\"@id\":\"https:\/\/grupsa.com\/fr\/portes-tournantes\/#primaryimage\",\"url\":\"https:\/\/grupsa.com\/wp-content\/uploads\/2020\/02\/call.gif\",\"contentUrl\":\"https:\/\/grupsa.com\/wp-content\/uploads\/2020\/02\/call.gif\",\"width\":100,\"height\":93},{\"@type\":\"WebPage\",\"@id\":\"https:\/\/grupsa.com\/fr\/portes-tournantes\/#webpage\",\"url\":\"https:\/\/grupsa.com\/fr\/portes-tournantes\/\",\"name\":\"Fabricants de portes tournantes automatiques, manuelles et \u00e9lectriques - Grupsa\",\"isPartOf\":{\"@id\":\"https:\/\/grupsa.com\/fr\/#website\"},\"primaryImageOfPage\":{\"@id\":\"https:\/\/grupsa.com\/fr\/portes-tournantes\/#primaryimage\"},\"datePublished\":\"2019-07-17T14:57:02+00:00\",\"dateModified\":\"2023-04-11T12:12:26+00:00\",\"description\":\"Nous sommes fabricants de portes tournantes automatiques \u00e9lectriques et manuelles, con\u00e7ues pour s'adapter aux installations \u00e0 fort trafic de personnes.\",\"breadcrumb\":{\"@id\":\"https:\/\/grupsa.com\/fr\/portes-tournantes\/#breadcrumb\"},\"inLanguage\":\"fr-FR\",\"potentialAction\":[{\"@type\":\"ReadAction\",\"target\":[\"https:\/\/grupsa.com\/fr\/portes-tournantes\/\"]}]},{\"@type\":\"BreadcrumbList\",\"@id\":\"https:\/\/grupsa.com\/fr\/portes-tournantes\/#breadcrumb\",\"itemListElement\":[{\"@type\":\"ListItem\",\"position\":1,\"name\":\"Portada\",\"item\":\"https:\/\/grupsa.com\/fr\/\"},{\"@type\":\"ListItem\",\"position\":2,\"name\":\"Syst\u00e8mes de Portes Tournantes\"}]}]}<\/script>\n<!-- \/ Yoast SEO plugin. -->","yoast_head_json":{"title":"Fabricants de portes tournantes automatiques, manuelles et \u00e9lectriques - Grupsa","description":"Nous sommes fabricants de portes tournantes automatiques \u00e9lectriques et manuelles, con\u00e7ues pour s'adapter aux installations \u00e0 fort trafic de personnes.","robots":{"index":"index","follow":"follow","max-snippet":"max-snippet:-1","max-image-preview":"max-image-preview:large","max-video-preview":"max-video-preview:-1"},"canonical":"https:\/\/grupsa.com\/fr\/portes-tournantes\/","og_locale":"fr_FR","og_type":"article","og_title":"Fabricants de portes tournantes automatiques, manuelles et \u00e9lectriques - Grupsa","og_description":"Nous sommes fabricants de portes tournantes automatiques \u00e9lectriques et manuelles, con\u00e7ues pour s'adapter aux installations \u00e0 fort trafic de personnes.","og_url":"https:\/\/grupsa.com\/fr\/portes-tournantes\/","og_site_name":"Grupsa","article_modified_time":"2023-04-11T12:12:26+00:00","og_image":[{"url":"https:\/\/grupsa.com\/wp-content\/uploads\/2020\/02\/call.gif"}],"twitter_card":"summary_large_image","twitter_misc":{"Dur\u00e9e de lecture estim\u00e9e":"2 minutes"},"schema":{"@context":"https:\/\/schema.org","@graph":[{"@type":"WebSite","@id":"https:\/\/grupsa.com\/fr\/#website","url":"https:\/\/grupsa.com\/fr\/","name":"Grupsa","description":"Accesos que conectan personas","potentialAction":[{"@type":"SearchAction","target":{"@type":"EntryPoint","urlTemplate":"https:\/\/grupsa.com\/fr\/?s={search_term_string}"},"query-input":"required name=search_term_string"}],"inLanguage":"fr-FR"},{"@type":"ImageObject","inLanguage":"fr-FR","@id":"https:\/\/grupsa.com\/fr\/portes-tournantes\/#primaryimage","url":"https:\/\/grupsa.com\/wp-content\/uploads\/2020\/02\/call.gif","contentUrl":"https:\/\/grupsa.com\/wp-content\/uploads\/2020\/02\/call.gif","width":100,"height":93},{"@type":"WebPage","@id":"https:\/\/grupsa.com\/fr\/portes-tournantes\/#webpage","url":"https:\/\/grupsa.com\/fr\/portes-tournantes\/","name":"Fabricants de portes tournantes automatiques, manuelles et \u00e9lectriques - Grupsa","isPartOf":{"@id":"https:\/\/grupsa.com\/fr\/#website"},"primaryImageOfPage":{"@id":"https:\/\/grupsa.com\/fr\/portes-tournantes\/#primaryimage"},"datePublished":"2019-07-17T14:57:02+00:00","dateModified":"2023-04-11T12:12:26+00:00","description":"Nous sommes fabricants de portes tournantes automatiques \u00e9lectriques et manuelles, con\u00e7ues pour s'adapter aux installations \u00e0 fort trafic de personnes.","breadcrumb":{"@id":"https:\/\/grupsa.com\/fr\/portes-tournantes\/#breadcrumb"},"inLanguage":"fr-FR","potentialAction":[{"@type":"ReadAction","target":["https:\/\/grupsa.com\/fr\/portes-tournantes\/"]}]},{"@type":"BreadcrumbList","@id":"https:\/\/grupsa.com\/fr\/portes-tournantes\/#breadcrumb","itemListElement":[{"@type":"ListItem","position":1,"name":"Portada","item":"https:\/\/grupsa.com\/fr\/"},{"@type":"ListItem","position":2,"name":"Syst\u00e8mes de Portes Tournantes"}]}]}},"_links":{"self":[{"href":"https:\/\/grupsa.com\/fr\/wp-json\/wp\/v2\/pages\/10843"}],"collection":[{"href":"https:\/\/grupsa.com\/fr\/wp-json\/wp\/v2\/pages"}],"about":[{"href":"https:\/\/grupsa.com\/fr\/wp-json\/wp\/v2\/types\/page"}],"author":[{"embeddable":true,"href":"https:\/\/grupsa.com\/fr\/wp-json\/wp\/v2\/users\/1"}],"replies":[{"embeddable":true,"href":"https:\/\/grupsa.com\/fr\/wp-json\/wp\/v2\/comments?post=10843"}],"version-history":[{"count":17,"href":"https:\/\/grupsa.com\/fr\/wp-json\/wp\/v2\/pages\/10843\/revisions"}],"predecessor-version":[{"id":14300,"href":"https:\/\/grupsa.com\/fr\/wp-json\/wp\/v2\/pages\/10843\/revisions\/14300"}],"wp:attachment":[{"href":"https:\/\/grupsa.com\/fr\/wp-json\/wp\/v2\/media?parent=10843"}],"curies":[{"name":"wp","href":"https:\/\/api.w.org\/{rel}","templated":true}]}}