{"id":10816,"date":"2019-07-16T11:22:20","date_gmt":"2019-07-16T09:22:20","guid":{"rendered":"https:\/\/prueba.grupsa.com\/puertas-batientes-hermeticas\/"},"modified":"2020-02-26T13:59:21","modified_gmt":"2020-02-26T12:59:21","slug":"portes-hygieniques-battantes-et-pivotantes","status":"publish","type":"page","link":"https:\/\/grupsa.com\/fr\/portes-hygieniques-battantes-et-pivotantes\/","title":{"rendered":"Portes Battantes Herm\u00e9tiques"},"content":{"rendered":"<div id=\"pl-10816\"  class=\"panel-layout\" ><div id=\"pg-10816-0\"  class=\"panel-grid panel-no-style\" ><div id=\"pgc-10816-0-0\"  class=\"panel-grid-cell\" ><div id=\"panel-10816-0-0-0\" class=\"so-panel widget widget_themegrill_flash_image tg-widget tg-image-widget panel-first-child\" data-index=\"0\" ><div class=\"tg-image-block\">\r\n\t\t\t<img decoding=\"async\" src=\"https:\/\/grupsa.com\/wp-content\/uploads\/2020\/02\/Puertas-Batientes-1.jpg\" alt=\"\" \/>\r\n\t\t<\/div>\r\n<\/div><div id=\"panel-10816-0-0-1\" class=\"so-panel widget widget_themegrill_flash_heading tg-widget section-title-wrapper panel-last-child\" data-index=\"1\" ><div class=\"wow pulse flash_inherit_color panel-widget-style panel-widget-style-for-10816-0-0-1\" data-wow-offset=\"10\" data-wow-iteration=\"1\" >\t<div class=\"heading heading-left divider-without-icon heading-divider\">\r\n\t<h3 class=\"section-title\">Portes Hygi\u00e9niques Battantes et Pivotantes<\/h3>\r\n\t<div class=\"section-description\">Hospital System<\/div>\r\n<\/div>\r\n<\/div><\/div><\/div><\/div><div id=\"pg-10816-1\"  class=\"panel-grid panel-no-style\" ><div id=\"pgc-10816-1-0\"  class=\"panel-grid-cell\" ><div id=\"panel-10816-1-0-0\" class=\"so-panel widget widget_text panel-first-child panel-last-child\" data-index=\"2\" >\t\t\t<div class=\"textwidget\"><p>Les <strong>Portes Hygi\u00e9niques Battantes et Pivotantes de la gamme Hospital System<\/strong> permettent d\u2019acc\u00e9der aux blocs op\u00e9ratoires et aux zones critiques au moyen d\u2019un syst\u00e8me d\u2019ouverture manuel ou automatique. Ce sont des portes techniques avec un profil antibact\u00e9rien \u00e9lev\u00e9 et un design lisse et sans moulures.Traducci\u00f3n al Franc\u00e9s.<\/p>\n<ul>\n<li><strong>S\u00e9curit\u00e9 maximale<\/strong>, selon les certifications europ\u00e9ennes les plus exigeantes (UNE-EN 12207: 2000 Classe 4 et UNE-EN 16005-2003).<\/li>\n<li><strong>Protection en plomb<\/strong> en option, 1 \u00e0 4 mm.<\/li>\n<li>Large <strong>gamme de finitions<\/strong>: Acier Inoxydable, lamin\u00e9 \u00e0 haute pression (HPL) et verre.<\/li>\n<li>Plans disponibles en PDF, BIM et CAD<\/li>\n<\/ul>\n<p><strong>Sp\u00e9cifications Techniques<\/strong><\/p>\n<ul>\n<li>Disponible en un ou deux vantaux<\/li>\n<li>Largeur de passage libre standard de 800 \u00e0 1200 mm (un vantail) et de 1400 \u00e0 2200 mm (deux vantaux)<\/li>\n<li>Finitions en Acier Inoxydable, Panneau antibact\u00e9rien \u00e0 haute pression (HPL) et Verre 55\/1 avec des profils en aluminium anodis\u00e9 argent\u00e9, selon le mod\u00e8le.<\/li>\n<li>Vantail sans moulures et sans reliefs<\/li>\n<li>Disponible avec une protection en plomb de 1 \u00e0 4 mm (mod\u00e8le battant uniquement).<\/li>\n<li>Large gamme de dispositifs de s\u00e9curit\u00e9 et d\u2019activation<\/li>\n<li>Fen\u00eatre int\u00e9gr\u00e9e, avec store v\u00e9nitien, verre \u00e9lectropolaris\u00e9 et\/ou protection en plomb.<\/li>\n<li>Cadre de 90 x 135 mm en Acier Inoxydable<\/li>\n<li>Herm\u00e9ticit\u00e9 Classe 4 selon UNE-EN 12207<\/li>\n<li>Op\u00e9rateur AGB optionnel pour l\u2019ouverture automatique<\/li>\n<li>Conception et dimensions sp\u00e9ciales sur demande.<\/li>\n<\/ul>\n<\/div>\n\t\t<\/div><\/div><\/div><div id=\"pg-10816-2\"  class=\"panel-grid panel-no-style\" ><div id=\"pgc-10816-2-0\"  class=\"panel-grid-cell\" ><div id=\"panel-10816-2-0-0\" class=\"so-panel widget widget_text panel-first-child panel-last-child\" data-index=\"3\" ><div class=\"panel-widget-style panel-widget-style-for-10816-2-0-0\" ><h3 class=\"widget-title\">MODELS<\/h3>\t\t\t<div class=\"textwidget\"><\/div>\n\t\t<\/div><\/div><\/div><\/div><div id=\"pg-10816-3\"  class=\"panel-grid panel-has-style\" ><div data-overlay-opactity=\"1\" class=\"panel-row-style panel-row-style-for-10816-3\" ><div id=\"pgc-10816-3-0\"  class=\"panel-grid-cell\" ><div id=\"panel-10816-3-0-0\" class=\"so-panel widget widget_themegrill_flash_image tg-widget tg-image-widget panel-first-child\" data-index=\"4\" ><div class=\"tg-image-block\">\r\n\t\t\t<img decoding=\"async\" src=\"https:\/\/grupsa.com\/wp-content\/uploads\/2020\/02\/Puerta-batiente-HS-202-1.jpg\" alt=\"\" \/>\r\n\t\t<\/div>\r\n<\/div><div id=\"panel-10816-3-0-1\" class=\"so-panel widget widget_text panel-last-child\" data-index=\"5\" >\t\t\t<div class=\"textwidget\"><p><strong>Porte Battante HS-202B<\/strong><\/p>\n<\/div>\n\t\t<\/div><\/div><div id=\"pgc-10816-3-1\"  class=\"panel-grid-cell\" ><div id=\"panel-10816-3-1-0\" class=\"so-panel widget widget_themegrill_flash_image tg-widget tg-image-widget panel-first-child\" data-index=\"6\" ><div class=\"tg-image-block\">\r\n\t\t\t<img decoding=\"async\" src=\"https:\/\/grupsa.com\/wp-content\/uploads\/2020\/02\/Puerta-pivotante-HS-202P-1.jpg\" alt=\"\" \/>\r\n\t\t<\/div>\r\n<\/div><div id=\"panel-10816-3-1-1\" class=\"so-panel widget widget_text panel-last-child\" data-index=\"7\" >\t\t\t<div class=\"textwidget\"><p><strong>Porte Pivotante <\/strong><strong>HS-202P<\/strong><\/p>\n<\/div>\n\t\t<\/div><\/div><div id=\"pgc-10816-3-2\"  class=\"panel-grid-cell\" ><div id=\"panel-10816-3-2-0\" class=\"so-panel widget widget_themegrill_flash_image tg-widget tg-image-widget panel-first-child\" data-index=\"8\" ><div class=\"tg-image-block\">\r\n\t\t\t<img decoding=\"async\" src=\"https:\/\/grupsa.com\/wp-content\/uploads\/2020\/02\/Puerta-batiente-HS-402.jpg\" alt=\"\" \/>\r\n\t\t<\/div>\r\n<\/div><div id=\"panel-10816-3-2-1\" class=\"so-panel widget widget_text panel-last-child\" data-index=\"9\" >\t\t\t<div class=\"textwidget\"><p><strong>Porte Battante HS-402B<\/strong><\/p>\n<\/div>\n\t\t<\/div><\/div><\/div><\/div><div id=\"pg-10816-4\"  class=\"panel-grid panel-has-style\" ><div data-overlay-opactity=\"1\" class=\"panel-row-style panel-row-style-for-10816-4\" ><div id=\"pgc-10816-4-0\"  class=\"panel-grid-cell\" ><div id=\"panel-10816-4-0-0\" class=\"so-panel widget widget_themegrill_flash_icon tg-widget tg-icon-widget panel-first-child panel-last-child\" data-index=\"10\" ><ul class=\"tg-icons tg-icons--rectangular-rounded\">\r\n\t<li class=\"tg-icon-container\" style=\"font-size: 14px\">\r\n\t\t\t\t<a href=\"#\"\r\n\t\t\t\t<i class=\"fa fa-download\"><\/i>\r\n\t\t\t\t<\/a>\r\n\t\t\t<\/li>\r\n<\/ul>\r\n<\/div><\/div><div id=\"pgc-10816-4-1\"  class=\"panel-grid-cell\" ><div id=\"panel-10816-4-1-0\" class=\"so-panel widget widget_text panel-first-child panel-last-child\" data-index=\"11\" ><div class=\"panel-widget-style panel-widget-style-for-10816-4-1-0\" ><h3 class=\"widget-title\">T\u00c9L\u00c9CHARGEMENTS<\/h3>\t\t\t<div class=\"textwidget\"><\/div>\n\t\t<\/div><\/div><\/div><\/div><\/div><div id=\"pg-10816-5\"  class=\"panel-grid panel-has-style\" ><div data-overlay-opactity=\"1\" class=\"panel-row-style panel-row-style-for-10816-5\" ><div id=\"pgc-10816-5-0\"  class=\"panel-grid-cell\" ><div id=\"panel-10816-5-0-0\" class=\"so-panel widget widget_text panel-first-child panel-last-child\" data-index=\"12\" >\t\t\t<div class=\"textwidget\"><p><strong>DOCUMENTATION COMMERCIALE<\/strong><\/p>\n<p><strong><a href=\"https:\/\/tdrv.eu\/SfC\"><img decoding=\"async\" class=\"alignnone size-full wp-image-11334\" src=\"https:\/\/grupsa.com\/wp-content\/uploads\/2020\/02\/call.gif\" alt=\"\" width=\"30\" height=\"27\" \/><\/a>\u00a0Catalogue produit<\/strong><br \/>\n<strong><a href=\"https:\/\/tdrv.eu\/YWBem0\"><img decoding=\"async\" class=\"alignnone size-full wp-image-11334\" src=\"https:\/\/grupsa.com\/wp-content\/uploads\/2020\/02\/call.gif\" alt=\"\" width=\"30\" height=\"27\" \/><\/a>\u00a0H\u00f4pitaux et secteur de la sant\u00e9<\/strong><\/p>\n<\/div>\n\t\t<\/div><\/div><div id=\"pgc-10816-5-1\"  class=\"panel-grid-cell\" ><div id=\"panel-10816-5-1-0\" class=\"so-panel widget widget_text panel-first-child panel-last-child\" data-index=\"13\" >\t\t\t<div class=\"textwidget\"><div id=\"pgc-10773-5-1\" class=\"panel-grid-cell\">\n<div id=\"panel-10773-5-1-0\" class=\"so-panel widget widget_text panel-first-child panel-last-child\" data-index=\"13\">\n<div class=\"textwidget\">\n<p><strong>DOCUMENTATION TECHNIQUE<\/strong><\/p>\n<p><strong><a href=\"http:\/\/gsonline.grupsa.com\/fr\/hospital-system\/hojas-tecnicas-hs\/\"><img decoding=\"async\" class=\"alignnone size-full wp-image-11334\" src=\"https:\/\/grupsa.com\/wp-content\/uploads\/2020\/02\/call.gif\" alt=\"\" width=\"30\" height=\"27\" \/><\/a>\u00a0 Fiches techniques<\/strong><br \/>\n<strong><a href=\"http:\/\/gsonline.grupsa.com\/fr\/hospital-system\/specifications-techniques-hs\/\"><img decoding=\"async\" class=\"alignnone size-full wp-image-11334\" src=\"https:\/\/grupsa.com\/wp-content\/uploads\/2020\/02\/call.gif\" alt=\"\" width=\"30\" height=\"27\" \/><\/a>\u00a0 Sp\u00e9cifications descriptives<\/strong><br \/>\n<strong><a href=\"http:\/\/gsonline.grupsa.com\/fr\/hospital-system\/certificados-hs\/\"><img decoding=\"async\" class=\"alignnone size-full wp-image-11334\" src=\"https:\/\/grupsa.com\/wp-content\/uploads\/2020\/02\/call.gif\" alt=\"\" width=\"30\" height=\"27\" \/><\/a>\u00a0Certificates<\/strong><br \/>\n<strong><a href=\"http:\/\/gsonline.grupsa.com\/fr\/hospital-system\/manuales-tecnicos-hs\/\"><img decoding=\"async\" class=\"alignnone size-full wp-image-11334\" src=\"https:\/\/grupsa.com\/wp-content\/uploads\/2020\/02\/call.gif\" alt=\"\" width=\"30\" height=\"27\" \/><\/a>\u00a0 Manuels Techniques<\/strong><\/p>\n<\/div>\n<\/div>\n<\/div>\n<\/div>\n\t\t<\/div><\/div><div id=\"pgc-10816-5-2\"  class=\"panel-grid-cell\" ><div id=\"panel-10816-5-2-0\" class=\"so-panel widget widget_text panel-first-child panel-last-child\" data-index=\"14\" >\t\t\t<div class=\"textwidget\"><p><strong>ARCHITECTURE ET MOD\u00c9LISATION<\/strong><\/p>\n<p><strong><a href=\"http:\/\/gsonline.grupsa.com\/fr\/hospital-system\/planos-pdf-hs\/\"><img decoding=\"async\" class=\"alignnone size-full wp-image-11334\" src=\"https:\/\/grupsa.com\/wp-content\/uploads\/2020\/02\/call.gif\" alt=\"\" width=\"30\" height=\"27\" \/><\/a>\u00a0 Plans PDF<\/strong><br \/>\n<strong><a href=\"http:\/\/gsonline.grupsa.com\/fr\/hospital-system\/planos-cad-hs\/\"><img decoding=\"async\" class=\"alignnone size-full wp-image-11334\" src=\"https:\/\/grupsa.com\/wp-content\/uploads\/2020\/02\/call.gif\" alt=\"\" width=\"30\" height=\"27\" \/><\/a>\u00a0 Plans CAD<\/strong><br \/>\n<strong><a href=\"http:\/\/gsonline.grupsa.com\/fr\/hospital-system\/planos-bim-hs-2\/\"><img decoding=\"async\" class=\"alignnone size-full wp-image-11334\" src=\"https:\/\/grupsa.com\/wp-content\/uploads\/2020\/02\/call.gif\" alt=\"\" width=\"30\" height=\"27\" \/><\/a>\u00a0 L<b class=\"b5\">ibrairie BIM<\/b><\/strong><\/p>\n<\/div>\n\t\t<\/div><\/div><\/div><\/div><\/div>","protected":false},"excerpt":{"rendered":"<p>Les Portes Hygi\u00e9niques Battantes et Pivotantes de la gamme Hospital System permettent d\u2019acc\u00e9der aux blocs [&hellip;]<\/p>\n","protected":false},"author":1,"featured_media":0,"parent":0,"menu_order":2,"comment_status":"closed","ping_status":"closed","template":"","meta":{"footnotes":""},"yoast_head":"<!-- This site is optimized with the Yoast SEO plugin v18.8 - https:\/\/yoast.com\/wordpress\/plugins\/seo\/ -->\n<title>Portas Battantes Herm\u00e9tiques - Grupsa<\/title>\n<meta name=\"description\" content=\"Les Portes Hygi\u00e9niques Battantes et Pivotantes de la gamme Hospital System permettent d\u2019acc\u00e9der aux blocs op\u00e9ratoires et aux zones critiques.\" \/>\n<meta name=\"robots\" content=\"index, follow, max-snippet:-1, max-image-preview:large, max-video-preview:-1\" \/>\n<link rel=\"canonical\" href=\"https:\/\/grupsa.com\/fr\/portes-hygieniques-battantes-et-pivotantes\/\" \/>\n<meta property=\"og:locale\" content=\"fr_FR\" \/>\n<meta property=\"og:type\" content=\"article\" \/>\n<meta property=\"og:title\" content=\"Portas Battantes Herm\u00e9tiques - Grupsa\" \/>\n<meta property=\"og:description\" content=\"Les Portes Hygi\u00e9niques Battantes et Pivotantes de la gamme Hospital System permettent d\u2019acc\u00e9der aux blocs op\u00e9ratoires et aux zones critiques.\" \/>\n<meta property=\"og:url\" content=\"https:\/\/grupsa.com\/fr\/portes-hygieniques-battantes-et-pivotantes\/\" \/>\n<meta property=\"og:site_name\" content=\"Grupsa\" \/>\n<meta property=\"article:modified_time\" content=\"2020-02-26T12:59:21+00:00\" \/>\n<meta property=\"og:image\" content=\"https:\/\/grupsa.com\/wp-content\/uploads\/2020\/02\/call.gif\" \/>\n<meta name=\"twitter:card\" content=\"summary_large_image\" \/>\n<meta name=\"twitter:label1\" content=\"Dur\u00e9e de lecture estim\u00e9e\" \/>\n\t<meta name=\"twitter:data1\" content=\"2 minutes\" \/>\n<script type=\"application\/ld+json\" class=\"yoast-schema-graph\">{\"@context\":\"https:\/\/schema.org\",\"@graph\":[{\"@type\":\"WebSite\",\"@id\":\"https:\/\/grupsa.com\/fr\/#website\",\"url\":\"https:\/\/grupsa.com\/fr\/\",\"name\":\"Grupsa\",\"description\":\"Accesos que conectan personas\",\"potentialAction\":[{\"@type\":\"SearchAction\",\"target\":{\"@type\":\"EntryPoint\",\"urlTemplate\":\"https:\/\/grupsa.com\/fr\/?s={search_term_string}\"},\"query-input\":\"required name=search_term_string\"}],\"inLanguage\":\"fr-FR\"},{\"@type\":\"ImageObject\",\"inLanguage\":\"fr-FR\",\"@id\":\"https:\/\/grupsa.com\/fr\/portes-hygieniques-battantes-et-pivotantes\/#primaryimage\",\"url\":\"https:\/\/grupsa.com\/wp-content\/uploads\/2020\/02\/call.gif\",\"contentUrl\":\"https:\/\/grupsa.com\/wp-content\/uploads\/2020\/02\/call.gif\",\"width\":100,\"height\":93},{\"@type\":\"WebPage\",\"@id\":\"https:\/\/grupsa.com\/fr\/portes-hygieniques-battantes-et-pivotantes\/#webpage\",\"url\":\"https:\/\/grupsa.com\/fr\/portes-hygieniques-battantes-et-pivotantes\/\",\"name\":\"Portas Battantes Herm\u00e9tiques - Grupsa\",\"isPartOf\":{\"@id\":\"https:\/\/grupsa.com\/fr\/#website\"},\"primaryImageOfPage\":{\"@id\":\"https:\/\/grupsa.com\/fr\/portes-hygieniques-battantes-et-pivotantes\/#primaryimage\"},\"datePublished\":\"2019-07-16T09:22:20+00:00\",\"dateModified\":\"2020-02-26T12:59:21+00:00\",\"description\":\"Les Portes Hygi\u00e9niques Battantes et Pivotantes de la gamme Hospital System permettent d\u2019acc\u00e9der aux blocs op\u00e9ratoires et aux zones critiques.\",\"breadcrumb\":{\"@id\":\"https:\/\/grupsa.com\/fr\/portes-hygieniques-battantes-et-pivotantes\/#breadcrumb\"},\"inLanguage\":\"fr-FR\",\"potentialAction\":[{\"@type\":\"ReadAction\",\"target\":[\"https:\/\/grupsa.com\/fr\/portes-hygieniques-battantes-et-pivotantes\/\"]}]},{\"@type\":\"BreadcrumbList\",\"@id\":\"https:\/\/grupsa.com\/fr\/portes-hygieniques-battantes-et-pivotantes\/#breadcrumb\",\"itemListElement\":[{\"@type\":\"ListItem\",\"position\":1,\"name\":\"Portada\",\"item\":\"https:\/\/grupsa.com\/fr\/\"},{\"@type\":\"ListItem\",\"position\":2,\"name\":\"Portes Battantes Herm\u00e9tiques\"}]}]}<\/script>\n<!-- \/ Yoast SEO plugin. -->","yoast_head_json":{"title":"Portas Battantes Herm\u00e9tiques - Grupsa","description":"Les Portes Hygi\u00e9niques Battantes et Pivotantes de la gamme Hospital System permettent d\u2019acc\u00e9der aux blocs op\u00e9ratoires et aux zones critiques.","robots":{"index":"index","follow":"follow","max-snippet":"max-snippet:-1","max-image-preview":"max-image-preview:large","max-video-preview":"max-video-preview:-1"},"canonical":"https:\/\/grupsa.com\/fr\/portes-hygieniques-battantes-et-pivotantes\/","og_locale":"fr_FR","og_type":"article","og_title":"Portas Battantes Herm\u00e9tiques - Grupsa","og_description":"Les Portes Hygi\u00e9niques Battantes et Pivotantes de la gamme Hospital System permettent d\u2019acc\u00e9der aux blocs op\u00e9ratoires et aux zones critiques.","og_url":"https:\/\/grupsa.com\/fr\/portes-hygieniques-battantes-et-pivotantes\/","og_site_name":"Grupsa","article_modified_time":"2020-02-26T12:59:21+00:00","og_image":[{"url":"https:\/\/grupsa.com\/wp-content\/uploads\/2020\/02\/call.gif"}],"twitter_card":"summary_large_image","twitter_misc":{"Dur\u00e9e de lecture estim\u00e9e":"2 minutes"},"schema":{"@context":"https:\/\/schema.org","@graph":[{"@type":"WebSite","@id":"https:\/\/grupsa.com\/fr\/#website","url":"https:\/\/grupsa.com\/fr\/","name":"Grupsa","description":"Accesos que conectan personas","potentialAction":[{"@type":"SearchAction","target":{"@type":"EntryPoint","urlTemplate":"https:\/\/grupsa.com\/fr\/?s={search_term_string}"},"query-input":"required name=search_term_string"}],"inLanguage":"fr-FR"},{"@type":"ImageObject","inLanguage":"fr-FR","@id":"https:\/\/grupsa.com\/fr\/portes-hygieniques-battantes-et-pivotantes\/#primaryimage","url":"https:\/\/grupsa.com\/wp-content\/uploads\/2020\/02\/call.gif","contentUrl":"https:\/\/grupsa.com\/wp-content\/uploads\/2020\/02\/call.gif","width":100,"height":93},{"@type":"WebPage","@id":"https:\/\/grupsa.com\/fr\/portes-hygieniques-battantes-et-pivotantes\/#webpage","url":"https:\/\/grupsa.com\/fr\/portes-hygieniques-battantes-et-pivotantes\/","name":"Portas Battantes Herm\u00e9tiques - Grupsa","isPartOf":{"@id":"https:\/\/grupsa.com\/fr\/#website"},"primaryImageOfPage":{"@id":"https:\/\/grupsa.com\/fr\/portes-hygieniques-battantes-et-pivotantes\/#primaryimage"},"datePublished":"2019-07-16T09:22:20+00:00","dateModified":"2020-02-26T12:59:21+00:00","description":"Les Portes Hygi\u00e9niques Battantes et Pivotantes de la gamme Hospital System permettent d\u2019acc\u00e9der aux blocs op\u00e9ratoires et aux zones critiques.","breadcrumb":{"@id":"https:\/\/grupsa.com\/fr\/portes-hygieniques-battantes-et-pivotantes\/#breadcrumb"},"inLanguage":"fr-FR","potentialAction":[{"@type":"ReadAction","target":["https:\/\/grupsa.com\/fr\/portes-hygieniques-battantes-et-pivotantes\/"]}]},{"@type":"BreadcrumbList","@id":"https:\/\/grupsa.com\/fr\/portes-hygieniques-battantes-et-pivotantes\/#breadcrumb","itemListElement":[{"@type":"ListItem","position":1,"name":"Portada","item":"https:\/\/grupsa.com\/fr\/"},{"@type":"ListItem","position":2,"name":"Portes Battantes Herm\u00e9tiques"}]}]}},"_links":{"self":[{"href":"https:\/\/grupsa.com\/fr\/wp-json\/wp\/v2\/pages\/10816"}],"collection":[{"href":"https:\/\/grupsa.com\/fr\/wp-json\/wp\/v2\/pages"}],"about":[{"href":"https:\/\/grupsa.com\/fr\/wp-json\/wp\/v2\/types\/page"}],"author":[{"embeddable":true,"href":"https:\/\/grupsa.com\/fr\/wp-json\/wp\/v2\/users\/1"}],"replies":[{"embeddable":true,"href":"https:\/\/grupsa.com\/fr\/wp-json\/wp\/v2\/comments?post=10816"}],"version-history":[{"count":12,"href":"https:\/\/grupsa.com\/fr\/wp-json\/wp\/v2\/pages\/10816\/revisions"}],"predecessor-version":[{"id":12022,"href":"https:\/\/grupsa.com\/fr\/wp-json\/wp\/v2\/pages\/10816\/revisions\/12022"}],"wp:attachment":[{"href":"https:\/\/grupsa.com\/fr\/wp-json\/wp\/v2\/media?parent=10816"}],"curies":[{"name":"wp","href":"https:\/\/api.w.org\/{rel}","templated":true}]}}