{"id":10785,"date":"2019-06-19T12:58:37","date_gmt":"2019-06-19T10:58:37","guid":{"rendered":"https:\/\/prueba.grupsa.com\/sistemas-instalaciones-quirofanos-salasblancas\/"},"modified":"2023-04-11T14:09:23","modified_gmt":"2023-04-11T12:09:23","slug":"systemes-pour-salles-doperation-et-salles-blanches","status":"publish","type":"page","link":"https:\/\/grupsa.com\/fr\/systemes-pour-salles-doperation-et-salles-blanches\/","title":{"rendered":"Syst\u00e8mes pour Blocs Op\u00e9ratoires, USI et Salles Blanches"},"content":{"rendered":"<div id=\"pl-10785\"  class=\"panel-layout\" ><div id=\"pg-10785-0\"  class=\"panel-grid panel-has-style\" ><div data-overlay-opactity=\"1\" class=\"panel-row-style panel-row-style-for-10785-0\" ><div id=\"pgc-10785-0-0\"  class=\"panel-grid-cell\" ><div id=\"panel-10785-0-0-0\" class=\"so-panel widget widget_themegrill_flash_image tg-widget tg-image-widget panel-first-child\" data-index=\"0\" ><div class=\"tg-image-block\">\r\n\t\t\t<img decoding=\"async\" src=\"https:\/\/grupsa.com\/wp-content\/uploads\/2020\/02\/Hospital-System-2.jpg\" alt=\"Sistemas e instalaciones para bloque quir\u00fargico, UCI y salas blancas\" \/>\r\n\t\t<\/div>\r\n<\/div><div id=\"panel-10785-0-0-1\" class=\"so-panel widget widget_themegrill_flash_heading tg-widget section-title-wrapper\" data-index=\"1\" ><div class=\"wow pulse flash_inherit_color panel-widget-style panel-widget-style-for-10785-0-0-1\" data-wow-offset=\"10\" data-wow-iteration=\"1\" >\t<div class=\"heading heading-left divider-without-icon heading-divider\">\r\n\t<h3 class=\"section-title\">HOSPITAL SYSTEM<\/h3>\r\n\t<div class=\"section-description\">SYSTEMES ET INSTALLATIONS POUR BLOCS OP\u00c9RATOIRES ET SALLES BLANCHES<\/div>\r\n<\/div>\r\n<\/div><\/div><div id=\"panel-10785-0-0-2\" class=\"so-panel widget widget_sow-editor panel-last-child\" data-index=\"2\" ><div\n\t\t\t\n\t\t\tclass=\"so-widget-sow-editor so-widget-sow-editor-base\"\n\t\t\t\n\t\t>\n<div class=\"siteorigin-widget-tinymce textwidget\">\n\t<p>Hospital System est un large \u00e9ventail d\u2019\u00e9quipements et de syst\u00e8mes pour le bloc chirurgical et les unit\u00e9s d\u2019isolement, salles blanches et les zones critiques de l\u2019h\u00f4pital. Nos produits sont caract\u00e9ris\u00e9s par la qualit\u00e9 sup\u00e9rieure de la mati\u00e8re premi\u00e8re, l\u2019entretien r\u00e9duit et un nettoyage facile.<\/p>\n<p>Cette gamme de produits comprend :<\/p>\n<ul>\n<li><strong>Portes Herm\u00e9tiques (<\/strong>coulissantes, battantes et pivotantes) pour l\u2019acc\u00e8s aux <strong>Blocs op\u00e9ratoires, aux Zones Critiques et aux Salles Blanches<\/strong>, disponibles en diff\u00e9rents mat\u00e9riaux (Acier Inoxydable, Lamin\u00e9 Antibact\u00e9rien \u00e0 haute pression, HPL ou Vitr\u00e9) et options (avec protection r\u00e9sistance au feu, isolation sonore...).<\/li>\n<li><strong>Installations pour la zone chirurgicale<\/strong> (fen\u00eatres de guillotine, transfert pour le passage des mat\u00e9riels, transfert de patients, fen\u00eatres d\u2019observation, etc.).<\/li>\n<\/ul>\n<\/div>\n<\/div><\/div><\/div><\/div><\/div><div id=\"pg-10785-1\"  class=\"panel-grid panel-has-style\" ><div data-overlay-opactity=\"1\" class=\"panel-row-style panel-row-style-for-10785-1\" ><div id=\"pgc-10785-1-0\"  class=\"panel-grid-cell\" ><div id=\"panel-10785-1-0-0\" class=\"so-panel widget widget_sow-headline panel-first-child\" data-index=\"3\" ><div\n\t\t\t\n\t\t\tclass=\"so-widget-sow-headline so-widget-sow-headline-default-c5e0184768ae-10785 so-widget-fittext-wrapper\"\n\t\t\t data-fit-text-compressor=\"0.85\"\n\t\t><div class=\"sow-headline-container \">\n\t\t\t\t\t\t\t<h6 class=\"sow-headline\">\n\t\t\t\t\t\t\t\t\t\t\t\t\t<a href=\"https:\/\/grupsa.com\/puertas-correderas-hermeticas\/\" >\n\t\t\t\t\t\t\t\tPORTES HERM\u00c9TIQUES<\/a>\t\t\t\t\t\t<\/h6>\n\t\t\t\t\t\t\t\t\t\t\t<div class=\"decoration\">\n\t\t\t\t\t\t<div class=\"decoration-inside\"><\/div>\n\t\t\t\t\t<\/div>\n\t\t\t\t\t<\/div>\n<\/div><\/div><div id=\"panel-10785-1-0-1\" class=\"so-panel widget widget_media_image panel-last-child\" data-index=\"4\" ><img decoding=\"async\" width=\"300\" height=\"199\" src=\"https:\/\/grupsa.com\/wp-content\/uploads\/2020\/01\/sliding-1-300x199.jpg\" class=\"image wp-image-10494  attachment-medium size-medium\" alt=\"Puercas correderas para bloques quir\u00fargicos UCI y salas blancas\" style=\"max-width: 100%; height: auto;\" srcset=\"https:\/\/grupsa.com\/wp-content\/uploads\/2020\/01\/sliding-1-300x199.jpg 300w, https:\/\/grupsa.com\/wp-content\/uploads\/2020\/01\/sliding-1.jpg 400w\" sizes=\"(max-width: 300px) 100vw, 300px\" \/><\/div><\/div><div id=\"pgc-10785-1-1\"  class=\"panel-grid-cell\" ><div id=\"panel-10785-1-1-0\" class=\"so-panel widget widget_sow-headline panel-first-child\" data-index=\"5\" ><div\n\t\t\t\n\t\t\tclass=\"so-widget-sow-headline so-widget-sow-headline-default-c5e0184768ae-10785 so-widget-fittext-wrapper\"\n\t\t\t data-fit-text-compressor=\"0.85\"\n\t\t><div class=\"sow-headline-container \">\n\t\t\t\t\t\t\t<h6 class=\"sow-headline\">\n\t\t\t\t\t\t\t\t\t\t\t\t\t<a href=\"https:\/\/grupsa.com\/puertas-batientes-hermeticas\/\" >\n\t\t\t\t\t\t\t\tPORTES BATTANTES ET PIVOTANTES<\/a>\t\t\t\t\t\t<\/h6>\n\t\t\t\t\t\t\t\t\t\t\t<div class=\"decoration\">\n\t\t\t\t\t\t<div class=\"decoration-inside\"><\/div>\n\t\t\t\t\t<\/div>\n\t\t\t\t\t<\/div>\n<\/div><\/div><div id=\"panel-10785-1-1-1\" class=\"so-panel widget widget_media_image panel-last-child\" data-index=\"6\" ><img decoding=\"async\" width=\"300\" height=\"199\" src=\"https:\/\/grupsa.com\/wp-content\/uploads\/2020\/01\/batientes-swing-300x199.jpg\" class=\"image wp-image-10497  attachment-medium size-medium\" alt=\"\" style=\"max-width: 100%; height: auto;\" srcset=\"https:\/\/grupsa.com\/wp-content\/uploads\/2020\/01\/batientes-swing-300x199.jpg 300w, https:\/\/grupsa.com\/wp-content\/uploads\/2020\/01\/batientes-swing.jpg 400w\" sizes=\"(max-width: 300px) 100vw, 300px\" \/><\/div><\/div><div id=\"pgc-10785-1-2\"  class=\"panel-grid-cell\" ><div id=\"panel-10785-1-2-0\" class=\"so-panel widget widget_sow-headline panel-first-child\" data-index=\"7\" ><div\n\t\t\t\n\t\t\tclass=\"so-widget-sow-headline so-widget-sow-headline-default-c5e0184768ae-10785 so-widget-fittext-wrapper\"\n\t\t\t data-fit-text-compressor=\"0.85\"\n\t\t><div class=\"sow-headline-container \">\n\t\t\t\t\t\t\t<h6 class=\"sow-headline\">\n\t\t\t\t\t\t\t\t\t\t\t\t\t<a href=\"https:\/\/grupsa.com\/instalaciones-para-el-area-quirurgica\/\" target=\"_blank\" rel=\"noopener noreferrer\">\n\t\t\t\t\t\t\t\t\u00c9QUIPEMENT ZONE CHIRURGICALE<\/a>\t\t\t\t\t\t<\/h6>\n\t\t\t\t\t\t\t\t\t\t\t<div class=\"decoration\">\n\t\t\t\t\t\t<div class=\"decoration-inside\"><\/div>\n\t\t\t\t\t<\/div>\n\t\t\t\t\t<\/div>\n<\/div><\/div><div id=\"panel-10785-1-2-1\" class=\"so-panel widget widget_media_image panel-last-child\" data-index=\"8\" ><img decoding=\"async\" width=\"300\" height=\"199\" src=\"https:\/\/grupsa.com\/wp-content\/uploads\/2020\/01\/area-quirurgica-surgical-area-300x199.jpg\" class=\"image wp-image-10491  attachment-medium size-medium\" alt=\"\" style=\"max-width: 100%; height: auto;\" srcset=\"https:\/\/grupsa.com\/wp-content\/uploads\/2020\/01\/area-quirurgica-surgical-area-300x199.jpg 300w, https:\/\/grupsa.com\/wp-content\/uploads\/2020\/01\/area-quirurgica-surgical-area.jpg 400w\" sizes=\"(max-width: 300px) 100vw, 300px\" \/><\/div><\/div><\/div><\/div><div id=\"pg-10785-2\"  class=\"panel-grid panel-has-style\" ><div data-overlay-opactity=\"1\" class=\"panel-row-style panel-row-style-for-10785-2\" ><div id=\"pgc-10785-2-0\"  class=\"panel-grid-cell\" ><div id=\"panel-10785-2-0-0\" class=\"so-panel widget widget_text panel-first-child panel-last-child\" data-index=\"9\" >\t\t\t<div class=\"textwidget\"><p>Nos mod\u00e8les sont certifi\u00e9s par les r\u00e9glementations europ\u00e9ennes les plus exigeantes. Nos portes herm\u00e9tiques sont \u00e9quip\u00e9es du <strong>Certificat d\u2019herm\u00e9ticit\u00e9 de classe 4 EN 12207<\/strong> qui assure une enceinte herm\u00e9tique, ce qui permet d\u2019am\u00e9liorer le contr\u00f4le sur le diff\u00e9rentiel de pression entre l\u2019int\u00e9rieur et l\u2019ext\u00e9rieur des blocs op\u00e9ratoires ou des zones chirurgicales.<\/p>\n<\/div>\n\t\t<\/div><\/div><\/div><\/div><div id=\"pg-10785-3\"  class=\"panel-grid panel-has-style\" ><div class=\"panel-row-style panel-row-style-for-10785-3\" ><div id=\"pgc-10785-3-0\"  class=\"panel-grid-cell\" ><div id=\"panel-10785-3-0-0\" class=\"so-panel widget widget_themegrill_flash_image tg-widget tg-image-widget panel-first-child\" data-index=\"10\" ><div class=\"tg-image-block\">\r\n\t\t\t<img decoding=\"async\" src=\"https:\/\/grupsa.com\/wp-content\/uploads\/2020\/02\/HS-201-1.jpg\" alt=\"\" \/>\r\n\t\t<\/div>\r\n<\/div><div id=\"panel-10785-3-0-1\" class=\"so-panel widget widget_sow-editor panel-last-child\" data-index=\"11\" ><div\n\t\t\t\n\t\t\tclass=\"so-widget-sow-editor so-widget-sow-editor-base\"\n\t\t\t\n\t\t>\n<div class=\"siteorigin-widget-tinymce textwidget\">\n\t<p><strong>LABORATOIRES PHARMACEUTIQUES<\/strong><br \/>\nBOGOT\u00c1 (COLOMBIE)<\/p>\n<\/div>\n<\/div><\/div><\/div><div id=\"pgc-10785-3-1\"  class=\"panel-grid-cell\" ><div id=\"panel-10785-3-1-0\" class=\"so-panel widget widget_themegrill_flash_image tg-widget tg-image-widget panel-first-child\" data-index=\"12\" ><div class=\"tg-image-block\">\r\n\t\t\t<img decoding=\"async\" src=\"https:\/\/grupsa.com\/wp-content\/uploads\/2020\/02\/AHEPA-Hospital-1.jpg\" alt=\"\" \/>\r\n\t\t<\/div>\r\n<\/div><div id=\"panel-10785-3-1-1\" class=\"so-panel widget widget_sow-editor panel-last-child\" data-index=\"13\" ><div\n\t\t\t\n\t\t\tclass=\"so-widget-sow-editor so-widget-sow-editor-base\"\n\t\t\t\n\t\t>\n<div class=\"siteorigin-widget-tinymce textwidget\">\n\t<p><strong>H\u00d4PITAL UNIVERSITAIRE AHEPA<\/strong><br \/>\nTHESSALONIKI (GR\u00c8CE)<\/p>\n<\/div>\n<\/div><\/div><\/div><div id=\"pgc-10785-3-2\"  class=\"panel-grid-cell\" ><div id=\"panel-10785-3-2-0\" class=\"so-panel widget widget_themegrill_flash_image tg-widget tg-image-widget panel-first-child\" data-index=\"14\" ><div class=\"tg-image-block\">\r\n\t\t\t<img decoding=\"async\" src=\"https:\/\/grupsa.com\/wp-content\/uploads\/2020\/02\/Hospital-de-Valladolid-1.jpg\" alt=\"\" \/>\r\n\t\t<\/div>\r\n<\/div><div id=\"panel-10785-3-2-1\" class=\"so-panel widget widget_sow-editor panel-last-child\" data-index=\"15\" ><div\n\t\t\t\n\t\t\tclass=\"so-widget-sow-editor so-widget-sow-editor-base\"\n\t\t\t\n\t\t>\n<div class=\"siteorigin-widget-tinymce textwidget\">\n\t<p><strong>CENTRE HOSPITALIER UNIVERSITAIRE<\/strong><br \/>\nVALLADOLID (ESPAGNE)<\/p>\n<\/div>\n<\/div><\/div><\/div><\/div><\/div><div id=\"pg-10785-4\"  class=\"panel-grid panel-has-style\" ><div data-overlay-opactity=\"1\" class=\"panel-row-style panel-row-style-for-10785-4\" ><div id=\"pgc-10785-4-0\"  class=\"panel-grid-cell\" ><div id=\"panel-10785-4-0-0\" class=\"so-panel widget widget_themegrill_flash_icon tg-widget tg-icon-widget panel-first-child panel-last-child\" data-index=\"16\" ><ul class=\"tg-icons tg-icons--rectangular-rounded\">\r\n\t<li class=\"tg-icon-container\" style=\"font-size: 14px\">\r\n\t\t\t\t<a href=\"#\"\r\n\t\t\t\t<i class=\"fa fa-download\"><\/i>\r\n\t\t\t\t<\/a>\r\n\t\t\t<\/li>\r\n<\/ul>\r\n<\/div><\/div><div id=\"pgc-10785-4-1\"  class=\"panel-grid-cell\" ><div id=\"panel-10785-4-1-0\" class=\"so-panel widget widget_text panel-first-child panel-last-child\" data-index=\"17\" ><h3 class=\"widget-title\">T\u00c9L\u00c9CHARGEMENTS<\/h3>\t\t\t<div class=\"textwidget\"><\/div>\n\t\t<\/div><\/div><\/div><\/div><div id=\"pg-10785-5\"  class=\"panel-grid panel-has-style\" ><div data-overlay-opactity=\"1\" class=\"panel-row-style panel-row-style-for-10785-5\" ><div id=\"pgc-10785-5-0\"  class=\"panel-grid-cell\" ><div id=\"panel-10785-5-0-0\" class=\"so-panel widget widget_text panel-first-child panel-last-child\" data-index=\"18\" >\t\t\t<div class=\"textwidget\"><p><strong>DOCUMENTATION COMMERCIALE<\/strong><\/p>\n<p><strong><a href=\"https:\/\/tdrv.eu\/SfC\"><img decoding=\"async\" class=\"alignnone size-full wp-image-11334\" src=\"https:\/\/grupsa.com\/wp-content\/uploads\/2020\/02\/call.gif\" alt=\"\" width=\"30\" height=\"27\" \/><\/a>\u00a0Catalogue produit<\/strong><br \/>\n<strong><a href=\"https:\/\/tdrv.eu\/dVnD2o\"><img decoding=\"async\" class=\"alignnone wp-image-11334 size-full\" src=\"https:\/\/grupsa.com\/wp-content\/uploads\/2020\/02\/call.gif\" alt=\"\" width=\"30\" height=\"27\" \/><\/a> Soins Intensifs (USI)<\/strong><\/p>\n<\/div>\n\t\t<\/div><\/div><div id=\"pgc-10785-5-1\"  class=\"panel-grid-cell\" ><div id=\"panel-10785-5-1-0\" class=\"so-panel widget widget_text panel-first-child panel-last-child\" data-index=\"19\" >\t\t\t<div class=\"textwidget\"><p><strong>DOCUMENTATION TECHNIQUE<\/strong><\/p>\n<p><strong><a href=\"http:\/\/gsonline.grupsa.com\/fr\/hospital-system\/hojas-tecnicas-hs\/\"><img decoding=\"async\" class=\"alignnone size-full wp-image-11334\" src=\"https:\/\/grupsa.com\/wp-content\/uploads\/2020\/02\/call.gif\" alt=\"\" width=\"30\" height=\"27\" \/><\/a>\u00a0 Fiches techniques<\/strong><br \/>\n<strong><a href=\"http:\/\/gsonline.grupsa.com\/fr\/hospital-system\/specifications-techniques-hs\/\"><img decoding=\"async\" class=\"alignnone size-full wp-image-11334\" src=\"https:\/\/grupsa.com\/wp-content\/uploads\/2020\/02\/call.gif\" alt=\"\" width=\"30\" height=\"27\" \/><\/a>\u00a0 Sp\u00e9cifications descriptives<\/strong><br \/>\n<strong><a href=\"http:\/\/gsonline.grupsa.com\/fr\/hospital-system\/certificados-hs\/\"><img decoding=\"async\" class=\"alignnone size-full wp-image-11334\" src=\"https:\/\/grupsa.com\/wp-content\/uploads\/2020\/02\/call.gif\" alt=\"\" width=\"30\" height=\"27\" \/><\/a> Certificates<\/strong><br \/>\n<strong><a href=\"http:\/\/gsonline.grupsa.com\/fr\/hospital-system\/manuales-tecnicos-hs\/\"><img decoding=\"async\" class=\"alignnone size-full wp-image-11334\" src=\"https:\/\/grupsa.com\/wp-content\/uploads\/2020\/02\/call.gif\" alt=\"\" width=\"30\" height=\"27\" \/><\/a>\u00a0 Manuels Techniques<\/strong><\/p>\n<\/div>\n\t\t<\/div><\/div><div id=\"pgc-10785-5-2\"  class=\"panel-grid-cell\" ><div id=\"panel-10785-5-2-0\" class=\"so-panel widget widget_text panel-first-child panel-last-child\" data-index=\"20\" >\t\t\t<div class=\"textwidget\"><p><strong>ARCHITECTURE ET MOD\u00c9LISATION<\/strong><\/p>\n<p><strong><a href=\"http:\/\/gsonline.grupsa.com\/fr\/hospital-system\/planos-pdf-hs\/\"><img decoding=\"async\" class=\"alignnone size-full wp-image-11334\" src=\"https:\/\/grupsa.com\/wp-content\/uploads\/2020\/02\/call.gif\" alt=\"\" width=\"30\" height=\"27\" \/><\/a>\u00a0 Plans PDF<\/strong><br \/>\n<strong><a href=\"http:\/\/gsonline.grupsa.com\/fr\/hospital-system\/planos-cad-hs\/\"><img decoding=\"async\" class=\"alignnone size-full wp-image-11334\" src=\"https:\/\/grupsa.com\/wp-content\/uploads\/2020\/02\/call.gif\" alt=\"\" width=\"30\" height=\"27\" \/><\/a>\u00a0 Plans CAD<\/strong><br \/>\n<strong><a href=\"http:\/\/gsonline.grupsa.com\/fr\/hospital-system\/planos-bim-hs-2\/\"><img decoding=\"async\" class=\"alignnone size-full wp-image-11334\" src=\"https:\/\/grupsa.com\/wp-content\/uploads\/2020\/02\/call.gif\" alt=\"\" width=\"30\" height=\"27\" \/><\/a>\u00a0 L<b class=\"b5\">ibrairie BIM<\/b><\/strong><\/p>\n<\/div>\n\t\t<\/div><\/div><\/div><\/div><\/div>","protected":false},"excerpt":{"rendered":"<p>Hospital System est un large \u00e9ventail d\u2019\u00e9quipements et de syst\u00e8mes pour le bloc chirurgical et [&hellip;]<\/p>\n","protected":false},"author":1,"featured_media":0,"parent":0,"menu_order":2,"comment_status":"closed","ping_status":"closed","template":"","meta":{"footnotes":""},"yoast_head":"<!-- This site is optimized with the Yoast SEO plugin v18.8 - https:\/\/yoast.com\/wordpress\/plugins\/seo\/ -->\n<title>Fabrication et pose de syst\u00e8mes pour blocs op\u00e9ratoires, soins intensifs et zones propres - Grupsa<\/title>\n<meta name=\"description\" content=\"Fabricant et pose de bloc chirurgical. Syst\u00e8me hospitalier\u00a0: \u00e9quipements et syst\u00e8mes pour le bloc op\u00e9ratoire, les unit\u00e9s de soins intensifs et les zones critiques de l&#039;h\u00f4pital.\" \/>\n<meta name=\"robots\" content=\"index, follow, max-snippet:-1, max-image-preview:large, max-video-preview:-1\" \/>\n<link rel=\"canonical\" href=\"https:\/\/grupsa.com\/fr\/systemes-pour-salles-doperation-et-salles-blanches\/\" \/>\n<meta property=\"og:locale\" content=\"fr_FR\" \/>\n<meta property=\"og:type\" content=\"article\" \/>\n<meta property=\"og:title\" content=\"Fabrication et pose de syst\u00e8mes pour blocs op\u00e9ratoires, soins intensifs et zones propres - Grupsa\" \/>\n<meta property=\"og:description\" content=\"Fabricant et pose de bloc chirurgical. Syst\u00e8me hospitalier\u00a0: \u00e9quipements et syst\u00e8mes pour le bloc op\u00e9ratoire, les unit\u00e9s de soins intensifs et les zones critiques de l&#039;h\u00f4pital.\" \/>\n<meta property=\"og:url\" content=\"https:\/\/grupsa.com\/fr\/systemes-pour-salles-doperation-et-salles-blanches\/\" \/>\n<meta property=\"og:site_name\" content=\"Grupsa\" \/>\n<meta property=\"article:modified_time\" content=\"2023-04-11T12:09:23+00:00\" \/>\n<meta property=\"og:image\" content=\"https:\/\/grupsa.com\/wp-content\/uploads\/2020\/02\/call.gif\" \/>\n<meta name=\"twitter:card\" content=\"summary_large_image\" \/>\n<meta name=\"twitter:label1\" content=\"Dur\u00e9e de lecture estim\u00e9e\" \/>\n\t<meta name=\"twitter:data1\" content=\"3 minutes\" \/>\n<script type=\"application\/ld+json\" class=\"yoast-schema-graph\">{\"@context\":\"https:\/\/schema.org\",\"@graph\":[{\"@type\":\"WebSite\",\"@id\":\"https:\/\/grupsa.com\/fr\/#website\",\"url\":\"https:\/\/grupsa.com\/fr\/\",\"name\":\"Grupsa\",\"description\":\"Accesos que conectan personas\",\"potentialAction\":[{\"@type\":\"SearchAction\",\"target\":{\"@type\":\"EntryPoint\",\"urlTemplate\":\"https:\/\/grupsa.com\/fr\/?s={search_term_string}\"},\"query-input\":\"required name=search_term_string\"}],\"inLanguage\":\"fr-FR\"},{\"@type\":\"ImageObject\",\"inLanguage\":\"fr-FR\",\"@id\":\"https:\/\/grupsa.com\/fr\/systemes-pour-salles-doperation-et-salles-blanches\/#primaryimage\",\"url\":\"https:\/\/grupsa.com\/wp-content\/uploads\/2020\/02\/call.gif\",\"contentUrl\":\"https:\/\/grupsa.com\/wp-content\/uploads\/2020\/02\/call.gif\",\"width\":100,\"height\":93},{\"@type\":\"WebPage\",\"@id\":\"https:\/\/grupsa.com\/fr\/systemes-pour-salles-doperation-et-salles-blanches\/#webpage\",\"url\":\"https:\/\/grupsa.com\/fr\/systemes-pour-salles-doperation-et-salles-blanches\/\",\"name\":\"Fabrication et pose de syst\u00e8mes pour blocs op\u00e9ratoires, soins intensifs et zones propres - Grupsa\",\"isPartOf\":{\"@id\":\"https:\/\/grupsa.com\/fr\/#website\"},\"primaryImageOfPage\":{\"@id\":\"https:\/\/grupsa.com\/fr\/systemes-pour-salles-doperation-et-salles-blanches\/#primaryimage\"},\"datePublished\":\"2019-06-19T10:58:37+00:00\",\"dateModified\":\"2023-04-11T12:09:23+00:00\",\"description\":\"Fabricant et pose de bloc chirurgical. Syst\u00e8me hospitalier\u00a0: \u00e9quipements et syst\u00e8mes pour le bloc op\u00e9ratoire, les unit\u00e9s de soins intensifs et les zones critiques de l'h\u00f4pital.\",\"breadcrumb\":{\"@id\":\"https:\/\/grupsa.com\/fr\/systemes-pour-salles-doperation-et-salles-blanches\/#breadcrumb\"},\"inLanguage\":\"fr-FR\",\"potentialAction\":[{\"@type\":\"ReadAction\",\"target\":[\"https:\/\/grupsa.com\/fr\/systemes-pour-salles-doperation-et-salles-blanches\/\"]}]},{\"@type\":\"BreadcrumbList\",\"@id\":\"https:\/\/grupsa.com\/fr\/systemes-pour-salles-doperation-et-salles-blanches\/#breadcrumb\",\"itemListElement\":[{\"@type\":\"ListItem\",\"position\":1,\"name\":\"Portada\",\"item\":\"https:\/\/grupsa.com\/fr\/\"},{\"@type\":\"ListItem\",\"position\":2,\"name\":\"Syst\u00e8mes pour Blocs Op\u00e9ratoires, USI et Salles Blanches\"}]}]}<\/script>\n<!-- \/ Yoast SEO plugin. -->","yoast_head_json":{"title":"Fabrication et pose de syst\u00e8mes pour blocs op\u00e9ratoires, soins intensifs et zones propres - Grupsa","description":"Fabricant et pose de bloc chirurgical. Syst\u00e8me hospitalier\u00a0: \u00e9quipements et syst\u00e8mes pour le bloc op\u00e9ratoire, les unit\u00e9s de soins intensifs et les zones critiques de l'h\u00f4pital.","robots":{"index":"index","follow":"follow","max-snippet":"max-snippet:-1","max-image-preview":"max-image-preview:large","max-video-preview":"max-video-preview:-1"},"canonical":"https:\/\/grupsa.com\/fr\/systemes-pour-salles-doperation-et-salles-blanches\/","og_locale":"fr_FR","og_type":"article","og_title":"Fabrication et pose de syst\u00e8mes pour blocs op\u00e9ratoires, soins intensifs et zones propres - Grupsa","og_description":"Fabricant et pose de bloc chirurgical. Syst\u00e8me hospitalier\u00a0: \u00e9quipements et syst\u00e8mes pour le bloc op\u00e9ratoire, les unit\u00e9s de soins intensifs et les zones critiques de l'h\u00f4pital.","og_url":"https:\/\/grupsa.com\/fr\/systemes-pour-salles-doperation-et-salles-blanches\/","og_site_name":"Grupsa","article_modified_time":"2023-04-11T12:09:23+00:00","og_image":[{"url":"https:\/\/grupsa.com\/wp-content\/uploads\/2020\/02\/call.gif"}],"twitter_card":"summary_large_image","twitter_misc":{"Dur\u00e9e de lecture estim\u00e9e":"3 minutes"},"schema":{"@context":"https:\/\/schema.org","@graph":[{"@type":"WebSite","@id":"https:\/\/grupsa.com\/fr\/#website","url":"https:\/\/grupsa.com\/fr\/","name":"Grupsa","description":"Accesos que conectan personas","potentialAction":[{"@type":"SearchAction","target":{"@type":"EntryPoint","urlTemplate":"https:\/\/grupsa.com\/fr\/?s={search_term_string}"},"query-input":"required name=search_term_string"}],"inLanguage":"fr-FR"},{"@type":"ImageObject","inLanguage":"fr-FR","@id":"https:\/\/grupsa.com\/fr\/systemes-pour-salles-doperation-et-salles-blanches\/#primaryimage","url":"https:\/\/grupsa.com\/wp-content\/uploads\/2020\/02\/call.gif","contentUrl":"https:\/\/grupsa.com\/wp-content\/uploads\/2020\/02\/call.gif","width":100,"height":93},{"@type":"WebPage","@id":"https:\/\/grupsa.com\/fr\/systemes-pour-salles-doperation-et-salles-blanches\/#webpage","url":"https:\/\/grupsa.com\/fr\/systemes-pour-salles-doperation-et-salles-blanches\/","name":"Fabrication et pose de syst\u00e8mes pour blocs op\u00e9ratoires, soins intensifs et zones propres - Grupsa","isPartOf":{"@id":"https:\/\/grupsa.com\/fr\/#website"},"primaryImageOfPage":{"@id":"https:\/\/grupsa.com\/fr\/systemes-pour-salles-doperation-et-salles-blanches\/#primaryimage"},"datePublished":"2019-06-19T10:58:37+00:00","dateModified":"2023-04-11T12:09:23+00:00","description":"Fabricant et pose de bloc chirurgical. Syst\u00e8me hospitalier\u00a0: \u00e9quipements et syst\u00e8mes pour le bloc op\u00e9ratoire, les unit\u00e9s de soins intensifs et les zones critiques de l'h\u00f4pital.","breadcrumb":{"@id":"https:\/\/grupsa.com\/fr\/systemes-pour-salles-doperation-et-salles-blanches\/#breadcrumb"},"inLanguage":"fr-FR","potentialAction":[{"@type":"ReadAction","target":["https:\/\/grupsa.com\/fr\/systemes-pour-salles-doperation-et-salles-blanches\/"]}]},{"@type":"BreadcrumbList","@id":"https:\/\/grupsa.com\/fr\/systemes-pour-salles-doperation-et-salles-blanches\/#breadcrumb","itemListElement":[{"@type":"ListItem","position":1,"name":"Portada","item":"https:\/\/grupsa.com\/fr\/"},{"@type":"ListItem","position":2,"name":"Syst\u00e8mes pour Blocs Op\u00e9ratoires, USI et Salles Blanches"}]}]}},"_links":{"self":[{"href":"https:\/\/grupsa.com\/fr\/wp-json\/wp\/v2\/pages\/10785"}],"collection":[{"href":"https:\/\/grupsa.com\/fr\/wp-json\/wp\/v2\/pages"}],"about":[{"href":"https:\/\/grupsa.com\/fr\/wp-json\/wp\/v2\/types\/page"}],"author":[{"embeddable":true,"href":"https:\/\/grupsa.com\/fr\/wp-json\/wp\/v2\/users\/1"}],"replies":[{"embeddable":true,"href":"https:\/\/grupsa.com\/fr\/wp-json\/wp\/v2\/comments?post=10785"}],"version-history":[{"count":25,"href":"https:\/\/grupsa.com\/fr\/wp-json\/wp\/v2\/pages\/10785\/revisions"}],"predecessor-version":[{"id":14294,"href":"https:\/\/grupsa.com\/fr\/wp-json\/wp\/v2\/pages\/10785\/revisions\/14294"}],"wp:attachment":[{"href":"https:\/\/grupsa.com\/fr\/wp-json\/wp\/v2\/media?parent=10785"}],"curies":[{"name":"wp","href":"https:\/\/api.w.org\/{rel}","templated":true}]}}