{"id":10773,"date":"2019-07-10T16:23:19","date_gmt":"2019-07-10T14:23:19","guid":{"rendered":"https:\/\/prueba.grupsa.com\/puertas-correderas-hermeticas\/"},"modified":"2020-02-26T12:46:09","modified_gmt":"2020-02-26T11:46:09","slug":"portes-coulissantes-hermetiques","status":"publish","type":"page","link":"https:\/\/grupsa.com\/fr\/portes-coulissantes-hermetiques\/","title":{"rendered":"Portes Coulissantes A Fermeture Herm\u00e9tique"},"content":{"rendered":"<div id=\"pl-10773\"  class=\"panel-layout\" ><div id=\"pg-10773-0\"  class=\"panel-grid panel-no-style\" ><div id=\"pgc-10773-0-0\"  class=\"panel-grid-cell\" ><div id=\"panel-10773-0-0-0\" class=\"so-panel widget widget_themegrill_flash_image tg-widget tg-image-widget panel-first-child\" data-index=\"0\" ><div class=\"tg-image-block\">\r\n\t\t\t<img decoding=\"async\" src=\"https:\/\/grupsa.com\/wp-content\/uploads\/2020\/02\/Hospital-La-L\u00ednea.jpg\" alt=\"\" \/>\r\n\t\t<\/div>\r\n<\/div><div id=\"panel-10773-0-0-1\" class=\"so-panel widget widget_themegrill_flash_heading tg-widget section-title-wrapper panel-last-child\" data-index=\"1\" ><div class=\"wow pulse flash_inherit_color panel-widget-style panel-widget-style-for-10773-0-0-1\" data-wow-offset=\"10\" data-wow-iteration=\"1\" >\t<div class=\"heading heading-left divider-without-icon heading-divider\">\r\n\t<h3 class=\"section-title\">PORTES COULISSANTES \u00c0 FERMETURE HERM\u00c9TIQUE<\/h3>\r\n\t<div class=\"section-description\">Hospital System<\/div>\r\n<\/div>\r\n<\/div><\/div><\/div><\/div><div id=\"pg-10773-1\"  class=\"panel-grid panel-no-style\" ><div id=\"pgc-10773-1-0\"  class=\"panel-grid-cell\" ><div id=\"panel-10773-1-0-0\" class=\"so-panel widget widget_text panel-first-child panel-last-child\" data-index=\"2\" >\t\t\t<div class=\"textwidget\"><p>Les <strong>Portes Coulissantes \u00e0 Fermeture Herm\u00e9tique de la gamme Hospital System<\/strong> sont la solution int\u00e9grale pour les <strong>Blocs op\u00e9ratoires<\/strong> ou les Salles blanches, car elles maintiennent le diff\u00e9rentiel de pression entre l\u2019int\u00e9rieur et l\u2019ext\u00e9rieur de <a href=\"https:\/\/grupsa.com\/fr\/hopitaux-et-sante\/\">la salle d\u2019op\u00e9ration ou de la zone chirurgicale<\/a>. L\u2019option coulissante permet d\u2019obtenir une grande ouverture pour le passage du personnel soignant et des civi\u00e8res, jusqu\u2019\u00e0 1 m\u00e8tre et demi pour les portes d\u2019une vantail.<\/p>\n<p>Les portes herm\u00e9tiques Grupsa sont disponibles avec des finitions en trois mat\u00e9riaux (Acier Inoxydable, lamin\u00e9 antibact\u00e9rien \u00e0 haute pression, HPL et Vitr\u00e9) et la protection en plomb peut \u00eatre incorpor\u00e9e pour les salles d\u2019isolation radiologique ou sonore.<\/p>\n<ul>\n<li>S\u00e9curit\u00e9 maximale, conform\u00e9ment \u00e0 la <strong>R\u00e8glementation europ\u00e9enne<\/strong> (UNE-EN 12207 Classe 4 et UNE-EN 16005)<\/li>\n<li><strong>Design soign\u00e9 et Nettoyage facile<\/strong><\/li>\n<li>Formats pour <strong>Architectes<\/strong> disponibles : PDF, BIM et CAO<\/li>\n<\/ul>\n<p><strong>Sp\u00e9cifications techniques<\/strong><\/p>\n<ul>\n<li>Disponible en une ou deux vantaux<\/li>\n<li>Largeur de passage libre de 1200 \u00e0 1600 mm (une vantail) et 1600 \u00e0 2000 mm (deux vantaux)<\/li>\n<li>Finitions en acier inoxydable, HPL antibact\u00e9rien et verre.<\/li>\n<li>Disponible avec protection en plomb de 1 \u00e0 4 mm<\/li>\n<li>Large catalogue de dispositifs de s\u00e9curit\u00e9 et d\u2019activation<\/li>\n<li>Fen\u00eatre int\u00e9gr\u00e9e, avec store v\u00e9nitien, verre \u00e9lectro polaris\u00e9 et\/ou protection en plomb.<\/li>\n<li>Cadre en acier inoxydable<\/li>\n<li>Portes Herm\u00e9tiques Classe 4 selon UNE-EN 12207<\/li>\n<li>Conception et dimensions sp\u00e9ciales sur demande.<\/li>\n<\/ul>\n<\/div>\n\t\t<\/div><\/div><\/div><div id=\"pg-10773-2\"  class=\"panel-grid panel-no-style\" ><div id=\"pgc-10773-2-0\"  class=\"panel-grid-cell\" ><div id=\"panel-10773-2-0-0\" class=\"so-panel widget widget_text panel-first-child panel-last-child\" data-index=\"3\" ><div class=\"panel-widget-style panel-widget-style-for-10773-2-0-0\" ><h3 class=\"widget-title\">MODELS<\/h3>\t\t\t<div class=\"textwidget\"><\/div>\n\t\t<\/div><\/div><\/div><\/div><div id=\"pg-10773-3\"  class=\"panel-grid panel-has-style\" ><div data-overlay-opactity=\"1\" class=\"panel-row-style panel-row-style-for-10773-3\" ><div id=\"pgc-10773-3-0\"  class=\"panel-grid-cell\" ><div id=\"panel-10773-3-0-0\" class=\"so-panel widget widget_themegrill_flash_image tg-widget tg-image-widget panel-first-child\" data-index=\"4\" ><div class=\"tg-image-block\">\r\n\t\t\t<img decoding=\"async\" src=\"https:\/\/grupsa.com\/wp-content\/uploads\/2020\/02\/HS20145-1.jpg\" alt=\"\" \/>\r\n\t\t<\/div>\r\n<\/div><div id=\"panel-10773-3-0-1\" class=\"so-panel widget widget_text panel-last-child\" data-index=\"5\" >\t\t\t<div class=\"textwidget\"><p><strong>Porte Herm\u00e9tique HS-201<\/strong><\/p>\n<\/div>\n\t\t<\/div><\/div><div id=\"pgc-10773-3-1\"  class=\"panel-grid-cell\" ><div id=\"panel-10773-3-1-0\" class=\"so-panel widget widget_themegrill_flash_image tg-widget tg-image-widget panel-first-child\" data-index=\"6\" ><div class=\"tg-image-block\">\r\n\t\t\t<img decoding=\"async\" src=\"https:\/\/grupsa.com\/wp-content\/uploads\/2020\/02\/Rumania-Braila-Hospital.jpg\" alt=\"\" \/>\r\n\t\t<\/div>\r\n<\/div><div id=\"panel-10773-3-1-1\" class=\"so-panel widget widget_text panel-last-child\" data-index=\"7\" >\t\t\t<div class=\"textwidget\"><p><strong>Porte Herm\u00e9tique HS-401<\/strong><\/p>\n<\/div>\n\t\t<\/div><\/div><div id=\"pgc-10773-3-2\"  class=\"panel-grid-cell\" ><div id=\"panel-10773-3-2-0\" class=\"so-panel widget widget_themegrill_flash_image tg-widget tg-image-widget panel-first-child\" data-index=\"8\" ><div class=\"tg-image-block\">\r\n\t\t\t<img decoding=\"async\" src=\"https:\/\/grupsa.com\/wp-content\/uploads\/2020\/02\/CS-10-1.jpg\" alt=\"\" \/>\r\n\t\t<\/div>\r\n<\/div><div id=\"panel-10773-3-2-1\" class=\"so-panel widget widget_text panel-last-child\" data-index=\"9\" >\t\t\t<div class=\"textwidget\"><p><strong>Porte Herm\u00e9tique CS-10<\/strong><\/p>\n<\/div>\n\t\t<\/div><\/div><\/div><\/div><div id=\"pg-10773-4\"  class=\"panel-grid panel-has-style\" ><div data-overlay-opactity=\"1\" class=\"panel-row-style panel-row-style-for-10773-4\" ><div id=\"pgc-10773-4-0\"  class=\"panel-grid-cell\" ><div id=\"panel-10773-4-0-0\" class=\"so-panel widget widget_themegrill_flash_icon tg-widget tg-icon-widget panel-first-child panel-last-child\" data-index=\"10\" ><ul class=\"tg-icons tg-icons--rectangular-rounded\">\r\n\t<li class=\"tg-icon-container\" style=\"font-size: 14px\">\r\n\t\t\t\t<a href=\"#\"\r\n\t\t\t\t<i class=\"fa fa-download\"><\/i>\r\n\t\t\t\t<\/a>\r\n\t\t\t<\/li>\r\n<\/ul>\r\n<\/div><\/div><div id=\"pgc-10773-4-1\"  class=\"panel-grid-cell\" ><div id=\"panel-10773-4-1-0\" class=\"so-panel widget widget_text panel-first-child panel-last-child\" data-index=\"11\" ><div class=\"panel-widget-style panel-widget-style-for-10773-4-1-0\" ><h3 class=\"widget-title\">T\u00c9L\u00c9CHARGEMENTS<\/h3>\t\t\t<div class=\"textwidget\"><\/div>\n\t\t<\/div><\/div><\/div><\/div><\/div><div id=\"pg-10773-5\"  class=\"panel-grid panel-has-style\" ><div data-overlay-opactity=\"1\" class=\"panel-row-style panel-row-style-for-10773-5\" ><div id=\"pgc-10773-5-0\"  class=\"panel-grid-cell\" ><div id=\"panel-10773-5-0-0\" class=\"so-panel widget widget_text panel-first-child panel-last-child\" data-index=\"12\" >\t\t\t<div class=\"textwidget\"><div id=\"pgc-10785-5-0\" class=\"panel-grid-cell\">\n<div id=\"panel-10785-5-0-0\" class=\"so-panel widget widget_text panel-first-child panel-last-child\" data-index=\"20\">\n<div class=\"textwidget\">\n<p><strong>DOCUMENTATION COMMERCIALE<\/strong><\/p>\n<p><strong><a href=\"https:\/\/tdrv.eu\/SfC\"><img decoding=\"async\" class=\"alignnone size-full wp-image-11334\" src=\"https:\/\/grupsa.com\/wp-content\/uploads\/2020\/02\/call.gif\" alt=\"\" width=\"30\" height=\"27\" \/><\/a>\u00a0Catalogue produit<\/strong><br \/>\n<strong><a href=\"https:\/\/tdrv.eu\/YWBem0\"><img decoding=\"async\" class=\"alignnone size-full wp-image-11334\" src=\"https:\/\/grupsa.com\/wp-content\/uploads\/2020\/02\/call.gif\" alt=\"\" width=\"30\" height=\"27\" \/><\/a> H\u00f4pitaux et secteur de la sant\u00e9<\/strong><\/p>\n<\/div>\n<\/div>\n<\/div>\n<\/div>\n\t\t<\/div><\/div><div id=\"pgc-10773-5-1\"  class=\"panel-grid-cell\" ><div id=\"panel-10773-5-1-0\" class=\"so-panel widget widget_text panel-first-child panel-last-child\" data-index=\"13\" >\t\t\t<div class=\"textwidget\"><p><strong>DOCUMENTATION TECHNIQUE<\/strong><\/p>\n<p><strong><a href=\"http:\/\/gsonline.grupsa.com\/fr\/hospital-system\/hojas-tecnicas-hs\/\"><img decoding=\"async\" class=\"alignnone size-full wp-image-11334\" src=\"https:\/\/grupsa.com\/wp-content\/uploads\/2020\/02\/call.gif\" alt=\"\" width=\"30\" height=\"27\" \/><\/a>\u00a0 Fiches techniques<\/strong><br \/>\n<strong><a href=\"http:\/\/gsonline.grupsa.com\/fr\/hospital-system\/specifications-techniques-hs\/\"><img decoding=\"async\" class=\"alignnone size-full wp-image-11334\" src=\"https:\/\/grupsa.com\/wp-content\/uploads\/2020\/02\/call.gif\" alt=\"\" width=\"30\" height=\"27\" \/><\/a>\u00a0 Sp\u00e9cifications descriptives<\/strong><br \/>\n<strong><a href=\"http:\/\/gsonline.grupsa.com\/fr\/hospital-system\/certificados-hs\/\"><img decoding=\"async\" class=\"alignnone size-full wp-image-11334\" src=\"https:\/\/grupsa.com\/wp-content\/uploads\/2020\/02\/call.gif\" alt=\"\" width=\"30\" height=\"27\" \/><\/a>\u00a0Certificates<\/strong><br \/>\n<strong><a href=\"http:\/\/gsonline.grupsa.com\/fr\/hospital-system\/manuales-tecnicos-hs\/\"><img decoding=\"async\" class=\"alignnone size-full wp-image-11334\" src=\"https:\/\/grupsa.com\/wp-content\/uploads\/2020\/02\/call.gif\" alt=\"\" width=\"30\" height=\"27\" \/><\/a>\u00a0 Manuels Techniques<\/strong><\/p>\n<\/div>\n\t\t<\/div><\/div><div id=\"pgc-10773-5-2\"  class=\"panel-grid-cell\" ><div id=\"panel-10773-5-2-0\" class=\"so-panel widget widget_text panel-first-child panel-last-child\" data-index=\"14\" >\t\t\t<div class=\"textwidget\"><p><strong>ARCHITECTURE ET MOD\u00c9LISATION<\/strong><\/p>\n<p><strong><a href=\"http:\/\/gsonline.grupsa.com\/fr\/hospital-system\/planos-pdf-hs\/\"><img decoding=\"async\" class=\"alignnone size-full wp-image-11334\" src=\"https:\/\/grupsa.com\/wp-content\/uploads\/2020\/02\/call.gif\" alt=\"\" width=\"30\" height=\"27\" \/><\/a>\u00a0 Plans PDF<\/strong><br \/>\n<strong><a href=\"http:\/\/gsonline.grupsa.com\/fr\/hospital-system\/planos-cad-hs\/\"><img decoding=\"async\" class=\"alignnone size-full wp-image-11334\" src=\"https:\/\/grupsa.com\/wp-content\/uploads\/2020\/02\/call.gif\" alt=\"\" width=\"30\" height=\"27\" \/><\/a>\u00a0 Plans CAD<\/strong><br \/>\n<strong><a href=\"http:\/\/gsonline.grupsa.com\/fr\/hospital-system\/planos-bim-hs-2\/\"><img decoding=\"async\" class=\"alignnone size-full wp-image-11334\" src=\"https:\/\/grupsa.com\/wp-content\/uploads\/2020\/02\/call.gif\" alt=\"\" width=\"30\" height=\"27\" \/><\/a>\u00a0 L<b class=\"b5\">ibrairie BIM<\/b><\/strong><\/p>\n<\/div>\n\t\t<\/div><\/div><\/div><\/div><\/div>","protected":false},"excerpt":{"rendered":"<p>Les Portes Coulissantes \u00e0 Fermeture Herm\u00e9tique de la gamme Hospital System sont la solution int\u00e9grale [&hellip;]<\/p>\n","protected":false},"author":1,"featured_media":0,"parent":0,"menu_order":1,"comment_status":"closed","ping_status":"closed","template":"","meta":{"footnotes":""},"yoast_head":"<!-- This site is optimized with the Yoast SEO plugin v18.8 - https:\/\/yoast.com\/wordpress\/plugins\/seo\/ -->\n<title>Portes Coulissantes Herm\u00e9tiques - Grupsa<\/title>\n<meta name=\"description\" content=\"Les Portes Coulissantes Herm\u00e9tiques de la gamme Hospital System sont la solution int\u00e9grale pour les Blocs op\u00e9ratoires ou les Salles blanches.\" \/>\n<meta name=\"robots\" content=\"index, follow, max-snippet:-1, max-image-preview:large, max-video-preview:-1\" \/>\n<link rel=\"canonical\" href=\"https:\/\/grupsa.com\/fr\/portes-coulissantes-hermetiques\/\" \/>\n<meta property=\"og:locale\" content=\"fr_FR\" \/>\n<meta property=\"og:type\" content=\"article\" \/>\n<meta property=\"og:title\" content=\"Portes Coulissantes Herm\u00e9tiques - Grupsa\" \/>\n<meta property=\"og:description\" content=\"Les Portes Coulissantes Herm\u00e9tiques de la gamme Hospital System sont la solution int\u00e9grale pour les Blocs op\u00e9ratoires ou les Salles blanches.\" \/>\n<meta property=\"og:url\" content=\"https:\/\/grupsa.com\/fr\/portes-coulissantes-hermetiques\/\" \/>\n<meta property=\"og:site_name\" content=\"Grupsa\" \/>\n<meta property=\"article:modified_time\" content=\"2020-02-26T11:46:09+00:00\" \/>\n<meta property=\"og:image\" content=\"https:\/\/grupsa.com\/wp-content\/uploads\/2020\/02\/call.gif\" \/>\n<meta name=\"twitter:card\" content=\"summary_large_image\" \/>\n<meta name=\"twitter:label1\" content=\"Dur\u00e9e de lecture estim\u00e9e\" \/>\n\t<meta name=\"twitter:data1\" content=\"2 minutes\" \/>\n<script type=\"application\/ld+json\" class=\"yoast-schema-graph\">{\"@context\":\"https:\/\/schema.org\",\"@graph\":[{\"@type\":\"WebSite\",\"@id\":\"https:\/\/grupsa.com\/fr\/#website\",\"url\":\"https:\/\/grupsa.com\/fr\/\",\"name\":\"Grupsa\",\"description\":\"Accesos que conectan personas\",\"potentialAction\":[{\"@type\":\"SearchAction\",\"target\":{\"@type\":\"EntryPoint\",\"urlTemplate\":\"https:\/\/grupsa.com\/fr\/?s={search_term_string}\"},\"query-input\":\"required name=search_term_string\"}],\"inLanguage\":\"fr-FR\"},{\"@type\":\"ImageObject\",\"inLanguage\":\"fr-FR\",\"@id\":\"https:\/\/grupsa.com\/fr\/portes-coulissantes-hermetiques\/#primaryimage\",\"url\":\"https:\/\/grupsa.com\/wp-content\/uploads\/2020\/02\/call.gif\",\"contentUrl\":\"https:\/\/grupsa.com\/wp-content\/uploads\/2020\/02\/call.gif\",\"width\":100,\"height\":93},{\"@type\":\"WebPage\",\"@id\":\"https:\/\/grupsa.com\/fr\/portes-coulissantes-hermetiques\/#webpage\",\"url\":\"https:\/\/grupsa.com\/fr\/portes-coulissantes-hermetiques\/\",\"name\":\"Portes Coulissantes Herm\u00e9tiques - Grupsa\",\"isPartOf\":{\"@id\":\"https:\/\/grupsa.com\/fr\/#website\"},\"primaryImageOfPage\":{\"@id\":\"https:\/\/grupsa.com\/fr\/portes-coulissantes-hermetiques\/#primaryimage\"},\"datePublished\":\"2019-07-10T14:23:19+00:00\",\"dateModified\":\"2020-02-26T11:46:09+00:00\",\"description\":\"Les Portes Coulissantes Herm\u00e9tiques de la gamme Hospital System sont la solution int\u00e9grale pour les Blocs op\u00e9ratoires ou les Salles blanches.\",\"breadcrumb\":{\"@id\":\"https:\/\/grupsa.com\/fr\/portes-coulissantes-hermetiques\/#breadcrumb\"},\"inLanguage\":\"fr-FR\",\"potentialAction\":[{\"@type\":\"ReadAction\",\"target\":[\"https:\/\/grupsa.com\/fr\/portes-coulissantes-hermetiques\/\"]}]},{\"@type\":\"BreadcrumbList\",\"@id\":\"https:\/\/grupsa.com\/fr\/portes-coulissantes-hermetiques\/#breadcrumb\",\"itemListElement\":[{\"@type\":\"ListItem\",\"position\":1,\"name\":\"Portada\",\"item\":\"https:\/\/grupsa.com\/fr\/\"},{\"@type\":\"ListItem\",\"position\":2,\"name\":\"Portes Coulissantes A Fermeture Herm\u00e9tique\"}]}]}<\/script>\n<!-- \/ Yoast SEO plugin. -->","yoast_head_json":{"title":"Portes Coulissantes Herm\u00e9tiques - Grupsa","description":"Les Portes Coulissantes Herm\u00e9tiques de la gamme Hospital System sont la solution int\u00e9grale pour les Blocs op\u00e9ratoires ou les Salles blanches.","robots":{"index":"index","follow":"follow","max-snippet":"max-snippet:-1","max-image-preview":"max-image-preview:large","max-video-preview":"max-video-preview:-1"},"canonical":"https:\/\/grupsa.com\/fr\/portes-coulissantes-hermetiques\/","og_locale":"fr_FR","og_type":"article","og_title":"Portes Coulissantes Herm\u00e9tiques - Grupsa","og_description":"Les Portes Coulissantes Herm\u00e9tiques de la gamme Hospital System sont la solution int\u00e9grale pour les Blocs op\u00e9ratoires ou les Salles blanches.","og_url":"https:\/\/grupsa.com\/fr\/portes-coulissantes-hermetiques\/","og_site_name":"Grupsa","article_modified_time":"2020-02-26T11:46:09+00:00","og_image":[{"url":"https:\/\/grupsa.com\/wp-content\/uploads\/2020\/02\/call.gif"}],"twitter_card":"summary_large_image","twitter_misc":{"Dur\u00e9e de lecture estim\u00e9e":"2 minutes"},"schema":{"@context":"https:\/\/schema.org","@graph":[{"@type":"WebSite","@id":"https:\/\/grupsa.com\/fr\/#website","url":"https:\/\/grupsa.com\/fr\/","name":"Grupsa","description":"Accesos que conectan personas","potentialAction":[{"@type":"SearchAction","target":{"@type":"EntryPoint","urlTemplate":"https:\/\/grupsa.com\/fr\/?s={search_term_string}"},"query-input":"required name=search_term_string"}],"inLanguage":"fr-FR"},{"@type":"ImageObject","inLanguage":"fr-FR","@id":"https:\/\/grupsa.com\/fr\/portes-coulissantes-hermetiques\/#primaryimage","url":"https:\/\/grupsa.com\/wp-content\/uploads\/2020\/02\/call.gif","contentUrl":"https:\/\/grupsa.com\/wp-content\/uploads\/2020\/02\/call.gif","width":100,"height":93},{"@type":"WebPage","@id":"https:\/\/grupsa.com\/fr\/portes-coulissantes-hermetiques\/#webpage","url":"https:\/\/grupsa.com\/fr\/portes-coulissantes-hermetiques\/","name":"Portes Coulissantes Herm\u00e9tiques - Grupsa","isPartOf":{"@id":"https:\/\/grupsa.com\/fr\/#website"},"primaryImageOfPage":{"@id":"https:\/\/grupsa.com\/fr\/portes-coulissantes-hermetiques\/#primaryimage"},"datePublished":"2019-07-10T14:23:19+00:00","dateModified":"2020-02-26T11:46:09+00:00","description":"Les Portes Coulissantes Herm\u00e9tiques de la gamme Hospital System sont la solution int\u00e9grale pour les Blocs op\u00e9ratoires ou les Salles blanches.","breadcrumb":{"@id":"https:\/\/grupsa.com\/fr\/portes-coulissantes-hermetiques\/#breadcrumb"},"inLanguage":"fr-FR","potentialAction":[{"@type":"ReadAction","target":["https:\/\/grupsa.com\/fr\/portes-coulissantes-hermetiques\/"]}]},{"@type":"BreadcrumbList","@id":"https:\/\/grupsa.com\/fr\/portes-coulissantes-hermetiques\/#breadcrumb","itemListElement":[{"@type":"ListItem","position":1,"name":"Portada","item":"https:\/\/grupsa.com\/fr\/"},{"@type":"ListItem","position":2,"name":"Portes Coulissantes A Fermeture Herm\u00e9tique"}]}]}},"_links":{"self":[{"href":"https:\/\/grupsa.com\/fr\/wp-json\/wp\/v2\/pages\/10773"}],"collection":[{"href":"https:\/\/grupsa.com\/fr\/wp-json\/wp\/v2\/pages"}],"about":[{"href":"https:\/\/grupsa.com\/fr\/wp-json\/wp\/v2\/types\/page"}],"author":[{"embeddable":true,"href":"https:\/\/grupsa.com\/fr\/wp-json\/wp\/v2\/users\/1"}],"replies":[{"embeddable":true,"href":"https:\/\/grupsa.com\/fr\/wp-json\/wp\/v2\/comments?post=10773"}],"version-history":[{"count":17,"href":"https:\/\/grupsa.com\/fr\/wp-json\/wp\/v2\/pages\/10773\/revisions"}],"predecessor-version":[{"id":12013,"href":"https:\/\/grupsa.com\/fr\/wp-json\/wp\/v2\/pages\/10773\/revisions\/12013"}],"wp:attachment":[{"href":"https:\/\/grupsa.com\/fr\/wp-json\/wp\/v2\/media?parent=10773"}],"curies":[{"name":"wp","href":"https:\/\/api.w.org\/{rel}","templated":true}]}}