{"id":10747,"date":"2019-07-25T09:41:20","date_gmt":"2019-07-25T07:41:20","guid":{"rendered":"https:\/\/prueba.grupsa.com\/hoteles-restauracion\/"},"modified":"2023-04-11T14:17:19","modified_gmt":"2023-04-11T12:17:19","slug":"hotels-restaurants","status":"publish","type":"page","link":"https:\/\/grupsa.com\/fr\/hotels-restaurants\/","title":{"rendered":"H\u00f4tels, Restaurants et Hospitalit\u00e9"},"content":{"rendered":"<div id=\"pl-10747\"  class=\"panel-layout\" ><div id=\"pg-10747-0\"  class=\"panel-grid panel-has-style\" ><div data-overlay-opactity=\"1\" class=\"panel-row-style panel-row-style-for-10747-0\" ><div id=\"pgc-10747-0-0\"  class=\"panel-grid-cell\" ><div id=\"panel-10747-0-0-0\" class=\"so-panel widget widget_themegrill_flash_image tg-widget tg-image-widget panel-first-child\" data-index=\"0\" ><div class=\"tg-image-block\">\r\n\t\t\t<img decoding=\"async\" src=\"https:\/\/grupsa.com\/wp-content\/uploads\/2020\/02\/Portada-hoteles.jpg\" alt=\"Puertas autom\u00e1ticas para hoteles, restauraci\u00f3n y hosteler\u00eda\" \/>\r\n\t\t<\/div>\r\n<\/div><div id=\"panel-10747-0-0-1\" class=\"so-panel widget widget_themegrill_flash_heading tg-widget section-title-wrapper\" data-index=\"1\" ><div class=\"wow pulse flash_inherit_color panel-widget-style panel-widget-style-for-10747-0-0-1\" data-wow-offset=\"10\" data-wow-iteration=\"1\" >\t<div class=\"heading heading-left divider-without-icon heading-divider\">\r\n\t<h3 class=\"section-title\">H\u00f4tels, Restauration et H\u00f4tellerie<\/h3>\r\n\t<div class=\"section-description\">Acc\u00e8s esth\u00e9tiques et efficaces<\/div>\r\n<\/div>\r\n<\/div><\/div><div id=\"panel-10747-0-0-2\" class=\"so-panel widget widget_text\" data-index=\"2\" >\t\t\t<div class=\"textwidget\"><p>GRUPSA Door Systems propose de multiples solutions pour les acc\u00e8s pour les h\u00f4tels, les restaurants et le secteur h\u00f4telier. Nos produits sont con\u00e7us et fabriqu\u00e9s en Espagne pour r\u00e9pondre aux besoins de tout projet architectural: <strong><a href=\"https:\/\/grupsa.com\/fr\/portes-tournantes\/\">portes tournantes<\/a><\/strong>, <a href=\"https:\/\/grupsa.com\/fr\/portes-automatiques-vitrees\/\"><strong>portes coulissantes<\/strong><\/a> &#8230;<\/p>\n<p>Notre d\u00e9partement d&rsquo;ing\u00e9nierie technique vous offrira la meilleure solution adapt\u00e9e \u00e0 l&rsquo;esth\u00e9tique de votre b\u00e2timent, gr\u00e2ce \u00e0 notre vari\u00e9t\u00e9 de finitions et la haute personnalisation que nous vous proposons. Nos syst\u00e8mes sont la meilleure option sur le march\u00e9, en raison de leur durabilit\u00e9, de leur entretien r\u00e9duit et de leur longue dur\u00e9e de vie.<\/p>\n<\/div>\n\t\t<\/div><div id=\"panel-10747-0-0-3\" class=\"so-panel widget widget_themegrill_flash_separator tg-widget separator-wrapper panel-last-child\" data-index=\"3\" ><div class=\"panel-widget-style panel-widget-style-for-10747-0-0-3\" ><div style='margin-top:7px;margin-bottom:7px'  class=\"separator separator-center\">\r\n\t<div class='separator-inner' style='width:100px' ><\/div>\t\t<\/div>\r\n<\/div><\/div><\/div><\/div><\/div><div id=\"pg-10747-1\"  class=\"panel-grid panel-has-style\" ><div data-overlay-opactity=\"1\" class=\"panel-row-style panel-row-style-for-10747-1\" ><div id=\"pgc-10747-1-0\"  class=\"panel-grid-cell\" ><div id=\"panel-10747-1-0-0\" class=\"so-panel widget widget_themegrill_flash_image tg-widget tg-image-widget panel-first-child panel-last-child\" data-index=\"4\" ><div class=\"tg-image-block\">\r\n\t\t\t<img decoding=\"async\" src=\"https:\/\/grupsa.com\/wp-content\/uploads\/2020\/02\/Brochure-H\u00f4tels.png\" alt=\"\" \/>\r\n\t\t<\/div>\r\n<\/div><\/div><div id=\"pgc-10747-1-1\"  class=\"panel-grid-cell\" ><div id=\"panel-10747-1-1-0\" class=\"so-panel widget widget_text panel-first-child\" data-index=\"5\" ><div class=\"panel-widget-style panel-widget-style-for-10747-1-1-0\" >\t\t\t<div class=\"textwidget\"><p><strong>LES APPLICATIONS<\/strong><\/p>\n<p>Principaux acc\u00e8s esth\u00e9tiques et s\u00e9curis\u00e9s<br \/>\nEfficacit\u00e9 \u00e9nerg\u00e9tique<br \/>\nAcc\u00e8s secondaires et d&rsquo;urgence<br \/>\nSectorisation des zones<br \/>\nZones commerciales<br \/>\nEspaces de restauration<\/p>\n<\/div>\n\t\t<\/div><\/div><div id=\"panel-10747-1-1-1\" class=\"so-panel widget widget_sow-button panel-last-child\" data-index=\"6\" ><div\n\t\t\t\n\t\t\tclass=\"so-widget-sow-button so-widget-sow-button-atom-c0ef6a430664-10747\"\n\t\t\t\n\t\t><div class=\"ow-button-base ow-button-align-left\"\n>\n\t\t\t<a\n\t\t\t\t\thref=\"https:\/\/tdrv.eu\/xhZMH9\"\n\t\t\t\t\tclass=\"sowb-button ow-icon-placement-right ow-button-hover\" target=\"_blank\" rel=\"noopener noreferrer\" \t>\n\t\t<span>\n\t\t\t<span class=\"sow-icon-icomoon\" data-sow-icon=\"&#xe960;\"\n\t\tstyle=\"color: #ffffff\" \n\t\taria-hidden=\"true\"><\/span>\n\t\t\tBrochure\t\t<\/span>\n\t\t\t<\/a>\n\t<\/div>\n<\/div><\/div><\/div><\/div><\/div><div id=\"pg-10747-2\"  class=\"panel-grid panel-has-style\" ><div data-overlay-opactity=\"1\" class=\"panel-row-style panel-row-style-for-10747-2\" ><div id=\"pgc-10747-2-0\"  class=\"panel-grid-cell\" ><div id=\"panel-10747-2-0-0\" class=\"so-panel widget widget_themegrill_flash_image tg-widget tg-image-widget panel-first-child\" data-index=\"7\" ><div class=\"tg-image-block\">\r\n\t\t\t<img decoding=\"async\" src=\"https:\/\/grupsa.com\/wp-content\/uploads\/2020\/02\/NH-Hotel-Alicante.jpg\" alt=\"\" \/>\r\n\t\t<\/div>\r\n<\/div><div id=\"panel-10747-2-0-1\" class=\"so-panel widget widget_text panel-last-child\" data-index=\"8\" >\t\t\t<div class=\"textwidget\"><p><b>H\u00d4TEL NH<\/b><br \/>\nALICANTE (ESPAGNE)<\/p>\n<\/div>\n\t\t<\/div><\/div><div id=\"pgc-10747-2-1\"  class=\"panel-grid-cell\" ><div id=\"panel-10747-2-1-0\" class=\"so-panel widget widget_themegrill_flash_image tg-widget tg-image-widget panel-first-child\" data-index=\"9\" ><div class=\"tg-image-block\">\r\n\t\t\t<img decoding=\"async\" src=\"https:\/\/grupsa.com\/wp-content\/uploads\/2020\/02\/Hotel-Hilton-Colombia.jpg\" alt=\"\" \/>\r\n\t\t<\/div>\r\n<\/div><div id=\"panel-10747-2-1-1\" class=\"so-panel widget widget_text panel-last-child\" data-index=\"10\" >\t\t\t<div class=\"textwidget\"><p><b>H\u00d4TEL HILTON<\/b><br \/>\nBOGOT\u00c1 (COLOMBIE)<\/p>\n<\/div>\n\t\t<\/div><\/div><\/div><\/div><div id=\"pg-10747-3\"  class=\"panel-grid panel-no-style\" ><div id=\"pgc-10747-3-0\"  class=\"panel-grid-cell\" ><div id=\"panel-10747-3-0-0\" class=\"so-panel widget widget_text panel-first-child\" data-index=\"11\" ><div class=\"panel-widget-style panel-widget-style-for-10747-3-0-0\" ><h3 class=\"widget-title\">PROJETS DE R\u00c9F\u00c9RENCE<\/h3>\t\t\t<div class=\"textwidget\"><\/div>\n\t\t<\/div><\/div><div id=\"panel-10747-3-0-1\" class=\"so-panel widget widget_themegrill_flash_separator tg-widget separator-wrapper panel-last-child\" data-index=\"12\" ><div class=\"panel-widget-style panel-widget-style-for-10747-3-0-1\" ><div style='margin-top:1px;margin-bottom:1px'  class=\"separator separator-left\">\r\n\t<div class='separator-inner' style='width:35px' ><\/div>\t\t<\/div>\r\n<\/div><\/div><\/div><\/div><div id=\"pg-10747-4\"  class=\"panel-grid panel-has-style\" ><div data-overlay-opactity=\"1\" class=\"panel-row-style panel-row-style-for-10747-4\" ><div id=\"pgc-10747-4-0\"  class=\"panel-grid-cell\" ><div id=\"panel-10747-4-0-0\" class=\"so-panel widget widget_themegrill_flash_image tg-widget tg-image-widget panel-first-child\" data-index=\"13\" ><div class=\"tg-image-block\">\r\n\t\t\t<img decoding=\"async\" src=\"https:\/\/grupsa.com\/wp-content\/uploads\/2020\/02\/corinthia-hotel.jpg\" alt=\"\" \/>\r\n\t\t<\/div>\r\n<\/div><div id=\"panel-10747-4-0-1\" class=\"so-panel widget widget_text\" data-index=\"14\" ><div class=\"panel-widget-style panel-widget-style-for-10747-4-0-1\" >\t\t\t<div class=\"textwidget\"><p><b>H\u00d4TEL CORINTHIA<\/b><br \/>\nLONDRES<br \/>\nROYAUME-UNI<\/p>\n<\/div>\n\t\t<\/div><\/div><div id=\"panel-10747-4-0-2\" class=\"so-panel widget widget_sow-button panel-last-child\" data-index=\"15\" ><div\n\t\t\t\n\t\t\tclass=\"so-widget-sow-button so-widget-sow-button-atom-8c35d31a3108-10747\"\n\t\t\t\n\t\t><div class=\"ow-button-base ow-button-align-center\"\n>\n\t\t\t<a\n\t\t\t\t\thref=\"https:\/\/tdrv.eu\/3uruEB\"\n\t\t\t\t\tclass=\"sowb-button ow-icon-placement-right ow-button-hover\" target=\"_blank\" rel=\"noopener noreferrer\" \t>\n\t\t<span>\n\t\t\t\n\t\t\tVoir le projet\t\t<\/span>\n\t\t\t<\/a>\n\t<\/div>\n<\/div><\/div><\/div><div id=\"pgc-10747-4-1\"  class=\"panel-grid-cell panel-grid-cell-empty\" ><\/div><div id=\"pgc-10747-4-2\"  class=\"panel-grid-cell panel-grid-cell-empty panel-grid-cell-mobile-last\" ><\/div><div id=\"pgc-10747-4-3\"  class=\"panel-grid-cell panel-grid-cell-empty\" ><\/div><\/div><\/div><\/div>","protected":false},"excerpt":{"rendered":"<p>GRUPSA Door Systems propose de multiples solutions pour les acc\u00e8s pour les h\u00f4tels, les restaurants [&hellip;]<\/p>\n","protected":false},"author":1,"featured_media":0,"parent":0,"menu_order":0,"comment_status":"closed","ping_status":"closed","template":"","meta":{"footnotes":""},"yoast_head":"<!-- This site is optimized with the Yoast SEO plugin v18.8 - https:\/\/yoast.com\/wordpress\/plugins\/seo\/ -->\n<title>Portes automatiques pour h\u00f4tels, restaurants et hospitalit\u00e9 - Grupsa<\/title>\n<meta name=\"description\" content=\"Nous sommes fabricants de portes d&#039;acc\u00e8s automatiques, tournantes, coulissantes, etc., pour h\u00f4tels, h\u00f4tels et restaurants.\" \/>\n<meta name=\"robots\" content=\"index, follow, max-snippet:-1, max-image-preview:large, max-video-preview:-1\" \/>\n<link rel=\"canonical\" href=\"https:\/\/grupsa.com\/fr\/hotels-restaurants\/\" \/>\n<meta property=\"og:locale\" content=\"fr_FR\" \/>\n<meta property=\"og:type\" content=\"article\" \/>\n<meta property=\"og:title\" content=\"Portes automatiques pour h\u00f4tels, restaurants et hospitalit\u00e9 - Grupsa\" \/>\n<meta property=\"og:description\" content=\"Nous sommes fabricants de portes d&#039;acc\u00e8s automatiques, tournantes, coulissantes, etc., pour h\u00f4tels, h\u00f4tels et restaurants.\" \/>\n<meta property=\"og:url\" content=\"https:\/\/grupsa.com\/fr\/hotels-restaurants\/\" \/>\n<meta property=\"og:site_name\" content=\"Grupsa\" \/>\n<meta property=\"article:modified_time\" content=\"2023-04-11T12:17:19+00:00\" \/>\n<meta name=\"twitter:card\" content=\"summary_large_image\" \/>\n<meta name=\"twitter:label1\" content=\"Dur\u00e9e de lecture estim\u00e9e\" \/>\n\t<meta name=\"twitter:data1\" content=\"1 minute\" \/>\n<script type=\"application\/ld+json\" class=\"yoast-schema-graph\">{\"@context\":\"https:\/\/schema.org\",\"@graph\":[{\"@type\":\"WebSite\",\"@id\":\"https:\/\/grupsa.com\/fr\/#website\",\"url\":\"https:\/\/grupsa.com\/fr\/\",\"name\":\"Grupsa\",\"description\":\"Accesos que conectan personas\",\"potentialAction\":[{\"@type\":\"SearchAction\",\"target\":{\"@type\":\"EntryPoint\",\"urlTemplate\":\"https:\/\/grupsa.com\/fr\/?s={search_term_string}\"},\"query-input\":\"required name=search_term_string\"}],\"inLanguage\":\"fr-FR\"},{\"@type\":\"WebPage\",\"@id\":\"https:\/\/grupsa.com\/fr\/hotels-restaurants\/#webpage\",\"url\":\"https:\/\/grupsa.com\/fr\/hotels-restaurants\/\",\"name\":\"Portes automatiques pour h\u00f4tels, restaurants et hospitalit\u00e9 - Grupsa\",\"isPartOf\":{\"@id\":\"https:\/\/grupsa.com\/fr\/#website\"},\"datePublished\":\"2019-07-25T07:41:20+00:00\",\"dateModified\":\"2023-04-11T12:17:19+00:00\",\"description\":\"Nous sommes fabricants de portes d'acc\u00e8s automatiques, tournantes, coulissantes, etc., pour h\u00f4tels, h\u00f4tels et restaurants.\",\"breadcrumb\":{\"@id\":\"https:\/\/grupsa.com\/fr\/hotels-restaurants\/#breadcrumb\"},\"inLanguage\":\"fr-FR\",\"potentialAction\":[{\"@type\":\"ReadAction\",\"target\":[\"https:\/\/grupsa.com\/fr\/hotels-restaurants\/\"]}]},{\"@type\":\"BreadcrumbList\",\"@id\":\"https:\/\/grupsa.com\/fr\/hotels-restaurants\/#breadcrumb\",\"itemListElement\":[{\"@type\":\"ListItem\",\"position\":1,\"name\":\"Portada\",\"item\":\"https:\/\/grupsa.com\/fr\/\"},{\"@type\":\"ListItem\",\"position\":2,\"name\":\"H\u00f4tels, Restaurants et Hospitalit\u00e9\"}]}]}<\/script>\n<!-- \/ Yoast SEO plugin. -->","yoast_head_json":{"title":"Portes automatiques pour h\u00f4tels, restaurants et hospitalit\u00e9 - Grupsa","description":"Nous sommes fabricants de portes d'acc\u00e8s automatiques, tournantes, coulissantes, etc., pour h\u00f4tels, h\u00f4tels et restaurants.","robots":{"index":"index","follow":"follow","max-snippet":"max-snippet:-1","max-image-preview":"max-image-preview:large","max-video-preview":"max-video-preview:-1"},"canonical":"https:\/\/grupsa.com\/fr\/hotels-restaurants\/","og_locale":"fr_FR","og_type":"article","og_title":"Portes automatiques pour h\u00f4tels, restaurants et hospitalit\u00e9 - Grupsa","og_description":"Nous sommes fabricants de portes d'acc\u00e8s automatiques, tournantes, coulissantes, etc., pour h\u00f4tels, h\u00f4tels et restaurants.","og_url":"https:\/\/grupsa.com\/fr\/hotels-restaurants\/","og_site_name":"Grupsa","article_modified_time":"2023-04-11T12:17:19+00:00","twitter_card":"summary_large_image","twitter_misc":{"Dur\u00e9e de lecture estim\u00e9e":"1 minute"},"schema":{"@context":"https:\/\/schema.org","@graph":[{"@type":"WebSite","@id":"https:\/\/grupsa.com\/fr\/#website","url":"https:\/\/grupsa.com\/fr\/","name":"Grupsa","description":"Accesos que conectan personas","potentialAction":[{"@type":"SearchAction","target":{"@type":"EntryPoint","urlTemplate":"https:\/\/grupsa.com\/fr\/?s={search_term_string}"},"query-input":"required name=search_term_string"}],"inLanguage":"fr-FR"},{"@type":"WebPage","@id":"https:\/\/grupsa.com\/fr\/hotels-restaurants\/#webpage","url":"https:\/\/grupsa.com\/fr\/hotels-restaurants\/","name":"Portes automatiques pour h\u00f4tels, restaurants et hospitalit\u00e9 - Grupsa","isPartOf":{"@id":"https:\/\/grupsa.com\/fr\/#website"},"datePublished":"2019-07-25T07:41:20+00:00","dateModified":"2023-04-11T12:17:19+00:00","description":"Nous sommes fabricants de portes d'acc\u00e8s automatiques, tournantes, coulissantes, etc., pour h\u00f4tels, h\u00f4tels et restaurants.","breadcrumb":{"@id":"https:\/\/grupsa.com\/fr\/hotels-restaurants\/#breadcrumb"},"inLanguage":"fr-FR","potentialAction":[{"@type":"ReadAction","target":["https:\/\/grupsa.com\/fr\/hotels-restaurants\/"]}]},{"@type":"BreadcrumbList","@id":"https:\/\/grupsa.com\/fr\/hotels-restaurants\/#breadcrumb","itemListElement":[{"@type":"ListItem","position":1,"name":"Portada","item":"https:\/\/grupsa.com\/fr\/"},{"@type":"ListItem","position":2,"name":"H\u00f4tels, Restaurants et Hospitalit\u00e9"}]}]}},"_links":{"self":[{"href":"https:\/\/grupsa.com\/fr\/wp-json\/wp\/v2\/pages\/10747"}],"collection":[{"href":"https:\/\/grupsa.com\/fr\/wp-json\/wp\/v2\/pages"}],"about":[{"href":"https:\/\/grupsa.com\/fr\/wp-json\/wp\/v2\/types\/page"}],"author":[{"embeddable":true,"href":"https:\/\/grupsa.com\/fr\/wp-json\/wp\/v2\/users\/1"}],"replies":[{"embeddable":true,"href":"https:\/\/grupsa.com\/fr\/wp-json\/wp\/v2\/comments?post=10747"}],"version-history":[{"count":19,"href":"https:\/\/grupsa.com\/fr\/wp-json\/wp\/v2\/pages\/10747\/revisions"}],"predecessor-version":[{"id":14310,"href":"https:\/\/grupsa.com\/fr\/wp-json\/wp\/v2\/pages\/10747\/revisions\/14310"}],"wp:attachment":[{"href":"https:\/\/grupsa.com\/fr\/wp-json\/wp\/v2\/media?parent=10747"}],"curies":[{"name":"wp","href":"https:\/\/api.w.org\/{rel}","templated":true}]}}