{"id":10729,"date":"2019-06-19T15:35:28","date_gmt":"2019-06-19T13:35:28","guid":{"rendered":"https:\/\/prueba.grupsa.com\/quirofanos-modulares-clean-system\/"},"modified":"2023-04-11T14:08:12","modified_gmt":"2023-04-11T12:08:12","slug":"salles-operation-modulaires-clean-system","status":"publish","type":"page","link":"https:\/\/grupsa.com\/fr\/salles-operation-modulaires-clean-system\/","title":{"rendered":"Salles d&rsquo;operation et zones critiques modulaires"},"content":{"rendered":"<div id=\"pl-10729\"  class=\"panel-layout\" ><div id=\"pg-10729-0\"  class=\"panel-grid panel-no-style\" ><div id=\"pgc-10729-0-0\"  class=\"panel-grid-cell\" ><div id=\"panel-10729-0-0-0\" class=\"so-panel widget widget_themegrill_flash_image tg-widget tg-image-widget panel-first-child\" data-index=\"0\" ><div class=\"tg-image-block\">\r\n\t\t\t<img decoding=\"async\" src=\"https:\/\/grupsa.com\/wp-content\/uploads\/2020\/02\/Al-Zahra-Hospital-uae.jpg\" alt=\"Quir\u00f3fanos modulares\" \/>\r\n\t\t<\/div>\r\n<\/div><div id=\"panel-10729-0-0-1\" class=\"so-panel widget widget_themegrill_flash_heading tg-widget section-title-wrapper\" data-index=\"1\" ><div class=\"wow pulse flash_inherit_color panel-widget-style panel-widget-style-for-10729-0-0-1\" data-wow-offset=\"10\" data-wow-iteration=\"1\" >\t<div class=\"heading heading-left divider-without-icon heading-divider\">\r\n\t<h3 class=\"section-title\">Clean System<\/h3>\r\n\t<div class=\"section-description\">SALLES D\u2019OPERATION ET ZONES CRITIQUES MODULAIRES<\/div>\r\n<\/div>\r\n<\/div><\/div><div id=\"panel-10729-0-0-2\" class=\"so-panel widget widget_sow-editor panel-last-child\" data-index=\"2\" ><div\n\t\t\t\n\t\t\tclass=\"so-widget-sow-editor so-widget-sow-editor-base\"\n\t\t\t\n\t\t>\n<div class=\"siteorigin-widget-tinymce textwidget\">\n\t<p><strong>Clean System<\/strong> est notre syst\u00e8me de conception, de planification, de construction et d\u2019installation de <strong>Blocs op\u00e9ratoires Modulaires et Int\u00e9gr\u00e9s <\/strong>et zones critiques (<a href=\"https:\/\/grupsa.com\/fr\/hopitaux-et-sante\/\">Soins intensifs, USI, Zones Pr\u00e9anesth\u00e9siques, Couloirs Propres, Salles Blanches\u2026<\/a>) d\u2019une mani\u00e8re \u00e9volutive et personnalis\u00e9e avec les derni\u00e8res technologies dans l\u2019\u00e9quipement et la domotique.<\/p>\n<p>Notre syst\u00e8me permet l\u2019installation d\u2019une zone chirurgicale avec des temps d\u2019ex\u00e9cution r\u00e9duits tels qu\u2019une longue dur\u00e9e de vie, en raison de son faible co\u00fbt d\u2019entretien et d\u2019un acc\u00e8s facile et simple aux installations.<\/p>\n<p>Notre ligne <strong>Clean System <\/strong><strong>inclut:<\/strong><\/p>\n<ul>\n<li><strong>Sous-structure<\/strong> en acier galvanis\u00e9 \u00e0 haute r\u00e9sistance et durabilit\u00e9<\/li>\n<li><strong>Panneau lateral <\/strong>en acier inoxydable, stratifi\u00e9 antibact\u00e9rien \u00e0 haute pression (HPL) ou en verre.<\/li>\n<li><strong>Plafonds sous pression <\/strong><\/li>\n<li><strong>Portes coulissantes ou battantes avec fermeture herm\u00e9tique<\/strong> et vastes passages libres pour le personnel et les civi\u00e8res de notre gamme <strong>Hospital System<\/strong><\/li>\n<li><strong>Plancher de vinyle<\/strong> conducteur antid\u00e9rapant<\/li>\n<li><strong>Syst\u00e8me climatique<\/strong> compos\u00e9 de filtres HEPA (Flux Laminaire ou Flux Turbulent)<\/li>\n<li><strong>Protection radiologique<\/strong> pour les zones chirurgicales avec imagerie diagnostique<\/li>\n<li><strong>\u00c9clairage <\/strong>LED<\/li>\n<li>Syst\u00e8mes de <strong>contr\u00f4le et de domotique<\/strong><\/li>\n<\/ul>\n<\/div>\n<\/div><\/div><\/div><\/div><div id=\"pg-10729-1\"  class=\"panel-grid panel-has-style\" ><div class=\"panel-row-style panel-row-style-for-10729-1\" ><div id=\"pgc-10729-1-0\"  class=\"panel-grid-cell\" ><div id=\"panel-10729-1-0-0\" class=\"so-panel widget widget_themegrill_flash_image tg-widget tg-image-widget panel-first-child\" data-index=\"3\" ><div class=\"tg-image-block\">\r\n\t\t\t<img decoding=\"async\" src=\"https:\/\/grupsa.com\/wp-content\/uploads\/2020\/02\/Francia-Strasbourg-Hospital-IHI.jpg\" alt=\"Francia Strasbourg Hospital IHI Quir\u00f3fano modular\" \/>\r\n\t\t<\/div>\r\n<\/div><div id=\"panel-10729-1-0-1\" class=\"so-panel widget widget_sow-editor panel-last-child\" data-index=\"4\" ><div\n\t\t\t\n\t\t\tclass=\"so-widget-sow-editor so-widget-sow-editor-base\"\n\t\t\t\n\t\t>\n<div class=\"siteorigin-widget-tinymce textwidget\">\n\t<p><strong>IHU HOSPITAL<\/strong><br \/>\nSTRASBOURG (FRANCE)<\/p>\n<\/div>\n<\/div><\/div><\/div><div id=\"pgc-10729-1-1\"  class=\"panel-grid-cell\" ><div id=\"panel-10729-1-1-0\" class=\"so-panel widget widget_themegrill_flash_image tg-widget tg-image-widget panel-first-child\" data-index=\"5\" ><div class=\"tg-image-block\">\r\n\t\t\t<img decoding=\"async\" src=\"https:\/\/grupsa.com\/wp-content\/uploads\/2019\/07\/Hospital-Ovalle-chile.jpg\" alt=\"\" \/>\r\n\t\t<\/div>\r\n<\/div><div id=\"panel-10729-1-1-1\" class=\"so-panel widget widget_sow-editor panel-last-child\" data-index=\"6\" ><div\n\t\t\t\n\t\t\tclass=\"so-widget-sow-editor so-widget-sow-editor-base\"\n\t\t\t\n\t\t>\n<div class=\"siteorigin-widget-tinymce textwidget\">\n\t<p><strong>H\u00d4PITAL DR. TIRANO LANAS<\/strong><br \/>\nOVALLE (CHILE)<\/p>\n<\/div>\n<\/div><\/div><\/div><div id=\"pgc-10729-1-2\"  class=\"panel-grid-cell\" ><div id=\"panel-10729-1-2-0\" class=\"so-panel widget widget_themegrill_flash_image tg-widget tg-image-widget panel-first-child\" data-index=\"7\" ><div class=\"tg-image-block\">\r\n\t\t\t<img decoding=\"async\" src=\"https:\/\/grupsa.com\/wp-content\/uploads\/2020\/02\/UAE-MEDCARE-HOSPITAL-SHARJAH.jpg\" alt=\"Medcare Hospital Sharjah Quir\u00f3fanos modulares\" \/>\r\n\t\t<\/div>\r\n<\/div><div id=\"panel-10729-1-2-1\" class=\"so-panel widget widget_sow-editor panel-last-child\" data-index=\"8\" ><div\n\t\t\t\n\t\t\tclass=\"so-widget-sow-editor so-widget-sow-editor-base\"\n\t\t\t\n\t\t>\n<div class=\"siteorigin-widget-tinymce textwidget\">\n\t<p><strong>MEDCARE HOSPITAL&nbsp;<\/strong><br \/>\nSHARJAH (E.A.U.)<\/p>\n<\/div>\n<\/div><\/div><\/div><\/div><\/div><div id=\"pg-10729-2\"  class=\"panel-grid panel-has-style\" ><div data-overlay-opactity=\"1\" class=\"panel-row-style panel-row-style-for-10729-2\" ><div id=\"pgc-10729-2-0\"  class=\"panel-grid-cell\" ><div id=\"panel-10729-2-0-0\" class=\"so-panel widget widget_themegrill_flash_icon tg-widget tg-icon-widget panel-first-child panel-last-child\" data-index=\"9\" ><ul class=\"tg-icons tg-icons--rectangular-rounded\">\r\n\t<li class=\"tg-icon-container\" style=\"font-size: 14px\">\r\n\t\t\t\t<a href=\"#\"\r\n\t\t\t\t<i class=\"fa fa-download\"><\/i>\r\n\t\t\t\t<\/a>\r\n\t\t\t<\/li>\r\n<\/ul>\r\n<\/div><\/div><div id=\"pgc-10729-2-1\"  class=\"panel-grid-cell\" ><div id=\"panel-10729-2-1-0\" class=\"so-panel widget widget_text panel-first-child panel-last-child\" data-index=\"10\" ><h3 class=\"widget-title\">T\u00c9L\u00c9CHARGEMENTS<\/h3>\t\t\t<div class=\"textwidget\"><\/div>\n\t\t<\/div><\/div><\/div><\/div><div id=\"pg-10729-3\"  class=\"panel-grid panel-has-style\" ><div data-overlay-opactity=\"1\" class=\"panel-row-style panel-row-style-for-10729-3\" ><div id=\"pgc-10729-3-0\"  class=\"panel-grid-cell\" ><div id=\"panel-10729-3-0-0\" class=\"so-panel widget widget_sow-editor panel-first-child panel-last-child\" data-index=\"11\" ><div\n\t\t\t\n\t\t\tclass=\"so-widget-sow-editor so-widget-sow-editor-base\"\n\t\t\t\n\t\t>\n<div class=\"siteorigin-widget-tinymce textwidget\">\n\t<p><strong>DOCUMENTATION COMMERCIALE<\/strong><\/p>\n<p><strong><a href=\"https:\/\/tdrv.eu\/SFV2Dv\"><img decoding=\"async\" class=\"alignnone size-full wp-image-11334\" src=\"https:\/\/grupsa.com\/wp-content\/uploads\/2020\/02\/call.gif\" alt=\"\" width=\"30\" height=\"27\" \/><\/a> Catalogue produit<\/strong><br \/>\n<strong><a href=\"https:\/\/tdrv.eu\/YWBem0\"><img decoding=\"async\" class=\"alignnone size-full wp-image-11334\" src=\"https:\/\/grupsa.com\/wp-content\/uploads\/2020\/02\/call.gif\" alt=\"\" width=\"30\" height=\"27\" \/><\/a> H\u00f4pitaux et secteur de la sant\u00e9<\/strong><br \/>\n<strong><a href=\"https:\/\/tdrv.eu\/dVnD2o\"><img decoding=\"async\" class=\"alignnone wp-image-11334 size-full\" src=\"https:\/\/grupsa.com\/wp-content\/uploads\/2020\/02\/call.gif\" alt=\"\" width=\"30\" height=\"27\" \/><\/a> Soins Intensifs (USI)<\/strong><\/p>\n<\/div>\n<\/div><\/div><\/div><div id=\"pgc-10729-3-1\"  class=\"panel-grid-cell\" ><div id=\"panel-10729-3-1-0\" class=\"so-panel widget widget_sow-editor panel-first-child panel-last-child\" data-index=\"12\" ><div\n\t\t\t\n\t\t\tclass=\"so-widget-sow-editor so-widget-sow-editor-base\"\n\t\t\t\n\t\t>\n<div class=\"siteorigin-widget-tinymce textwidget\">\n\t<p><strong>DOCUMENTATION TECHNIQUE<\/strong><\/p>\n<p><strong><a href=\"http:\/\/gsonline.grupsa.com\/fr\/clean-system\/cs-technical-sheets\/\"><img decoding=\"async\" class=\"alignnone size-full wp-image-11334\" src=\"https:\/\/grupsa.com\/wp-content\/uploads\/2020\/02\/call.gif\" alt=\"\" width=\"30\" height=\"27\" \/><\/a>\u00a0 Fiches techniques<\/strong><br \/>\n<strong><a href=\"http:\/\/gsonline.grupsa.com\/fr\/clean-system\/specifications-techniques\/\"><img decoding=\"async\" class=\"alignnone size-full wp-image-11334\" src=\"https:\/\/grupsa.com\/wp-content\/uploads\/2020\/02\/call.gif\" alt=\"\" width=\"30\" height=\"27\" \/><\/a>\u00a0 Sp\u00e9cifications descriptives<\/strong><br \/>\n<strong><a href=\"http:\/\/gsonline.grupsa.com\/fr\/clean-system\/certificates\/\"><img decoding=\"async\" class=\"alignnone wp-image-11334 \" src=\"https:\/\/grupsa.com\/wp-content\/uploads\/2020\/02\/call.gif\" alt=\"\" width=\"29\" height=\"28\" \/><\/a>\u00a0 Certificates<\/strong><br \/>\n<strong><a href=\"http:\/\/gsonline.grupsa.com\/fr\/clean-system\/manuels-techniques\/\"><img decoding=\"async\" class=\"alignnone size-full wp-image-11334\" src=\"https:\/\/grupsa.com\/wp-content\/uploads\/2020\/02\/call.gif\" alt=\"\" width=\"30\" height=\"27\" \/><\/a>\u00a0 Manuels Techniques<\/strong><\/p>\n<\/div>\n<\/div><\/div><\/div><div id=\"pgc-10729-3-2\"  class=\"panel-grid-cell\" ><div id=\"panel-10729-3-2-0\" class=\"so-panel widget widget_sow-editor panel-first-child panel-last-child\" data-index=\"13\" ><div\n\t\t\t\n\t\t\tclass=\"so-widget-sow-editor so-widget-sow-editor-base\"\n\t\t\t\n\t\t>\n<div class=\"siteorigin-widget-tinymce textwidget\">\n\t<p><strong>ARCHITECTURE ET MOD\u00c9LISATION<\/strong><\/p>\n<p><strong><a href=\"http:\/\/gsonline.grupsa.com\/fr\/clean-system\/pdf-plans\/\" target=\"_blank\" rel=\"noopener\"><img decoding=\"async\" class=\"alignnone wp-image-10441\" src=\"https:\/\/prueba.grupsa.com\/wp-content\/uploads\/2020\/01\/call.gif\" alt=\"\" width=\"32\" height=\"31\" \/><\/a> <a href=\"http:\/\/gsonline.grupsa.com\/fr\/clean-system\/pdf-plans\/\"><img decoding=\"async\" class=\"alignnone size-full wp-image-11334\" src=\"https:\/\/grupsa.com\/wp-content\/uploads\/2020\/02\/call.gif\" alt=\"\" width=\"30\" height=\"27\" \/><\/a> Plans PDF<\/strong><\/p>\n<\/div>\n<\/div><\/div><\/div><\/div><\/div><\/div>","protected":false},"excerpt":{"rendered":"<p>Clean System est notre syst\u00e8me de conception, de planification, de construction et d\u2019installation de Blocs [&hellip;]<\/p>\n","protected":false},"author":1,"featured_media":0,"parent":0,"menu_order":1,"comment_status":"closed","ping_status":"closed","template":"","meta":{"footnotes":""},"yoast_head":"<!-- This site is optimized with the Yoast SEO plugin v18.8 - https:\/\/yoast.com\/wordpress\/plugins\/seo\/ -->\n<title>Blocs op\u00e9ratoires modulaires int\u00e9gr\u00e9s - Grupsa<\/title>\n<meta name=\"description\" content=\"Clean System est notre syst\u00e8me de conception, de planification, de construction et d&#039;installation pour les blocs op\u00e9ratoires modulaires et int\u00e9gr\u00e9s et les zones critiques.\" \/>\n<meta name=\"robots\" content=\"index, follow, max-snippet:-1, max-image-preview:large, max-video-preview:-1\" \/>\n<link rel=\"canonical\" href=\"https:\/\/grupsa.com\/fr\/salles-operation-modulaires-clean-system\/\" \/>\n<meta property=\"og:locale\" content=\"fr_FR\" \/>\n<meta property=\"og:type\" content=\"article\" \/>\n<meta property=\"og:title\" content=\"Blocs op\u00e9ratoires modulaires int\u00e9gr\u00e9s - Grupsa\" \/>\n<meta property=\"og:description\" content=\"Clean System est notre syst\u00e8me de conception, de planification, de construction et d&#039;installation pour les blocs op\u00e9ratoires modulaires et int\u00e9gr\u00e9s et les zones critiques.\" \/>\n<meta property=\"og:url\" content=\"https:\/\/grupsa.com\/fr\/salles-operation-modulaires-clean-system\/\" \/>\n<meta property=\"og:site_name\" content=\"Grupsa\" \/>\n<meta property=\"article:modified_time\" content=\"2023-04-11T12:08:12+00:00\" \/>\n<meta property=\"og:image\" content=\"https:\/\/grupsa.com\/wp-content\/uploads\/2020\/02\/call.gif\" \/>\n<meta name=\"twitter:card\" content=\"summary_large_image\" \/>\n<meta name=\"twitter:label1\" content=\"Dur\u00e9e de lecture estim\u00e9e\" \/>\n\t<meta name=\"twitter:data1\" content=\"3 minutes\" \/>\n<script type=\"application\/ld+json\" class=\"yoast-schema-graph\">{\"@context\":\"https:\/\/schema.org\",\"@graph\":[{\"@type\":\"WebSite\",\"@id\":\"https:\/\/grupsa.com\/fr\/#website\",\"url\":\"https:\/\/grupsa.com\/fr\/\",\"name\":\"Grupsa\",\"description\":\"Accesos que conectan personas\",\"potentialAction\":[{\"@type\":\"SearchAction\",\"target\":{\"@type\":\"EntryPoint\",\"urlTemplate\":\"https:\/\/grupsa.com\/fr\/?s={search_term_string}\"},\"query-input\":\"required name=search_term_string\"}],\"inLanguage\":\"fr-FR\"},{\"@type\":\"ImageObject\",\"inLanguage\":\"fr-FR\",\"@id\":\"https:\/\/grupsa.com\/fr\/salles-operation-modulaires-clean-system\/#primaryimage\",\"url\":\"https:\/\/grupsa.com\/wp-content\/uploads\/2020\/02\/call.gif\",\"contentUrl\":\"https:\/\/grupsa.com\/wp-content\/uploads\/2020\/02\/call.gif\",\"width\":100,\"height\":93},{\"@type\":\"WebPage\",\"@id\":\"https:\/\/grupsa.com\/fr\/salles-operation-modulaires-clean-system\/#webpage\",\"url\":\"https:\/\/grupsa.com\/fr\/salles-operation-modulaires-clean-system\/\",\"name\":\"Blocs op\u00e9ratoires modulaires int\u00e9gr\u00e9s - Grupsa\",\"isPartOf\":{\"@id\":\"https:\/\/grupsa.com\/fr\/#website\"},\"primaryImageOfPage\":{\"@id\":\"https:\/\/grupsa.com\/fr\/salles-operation-modulaires-clean-system\/#primaryimage\"},\"datePublished\":\"2019-06-19T13:35:28+00:00\",\"dateModified\":\"2023-04-11T12:08:12+00:00\",\"description\":\"Clean System est notre syst\u00e8me de conception, de planification, de construction et d'installation pour les blocs op\u00e9ratoires modulaires et int\u00e9gr\u00e9s et les zones critiques.\",\"breadcrumb\":{\"@id\":\"https:\/\/grupsa.com\/fr\/salles-operation-modulaires-clean-system\/#breadcrumb\"},\"inLanguage\":\"fr-FR\",\"potentialAction\":[{\"@type\":\"ReadAction\",\"target\":[\"https:\/\/grupsa.com\/fr\/salles-operation-modulaires-clean-system\/\"]}]},{\"@type\":\"BreadcrumbList\",\"@id\":\"https:\/\/grupsa.com\/fr\/salles-operation-modulaires-clean-system\/#breadcrumb\",\"itemListElement\":[{\"@type\":\"ListItem\",\"position\":1,\"name\":\"Portada\",\"item\":\"https:\/\/grupsa.com\/fr\/\"},{\"@type\":\"ListItem\",\"position\":2,\"name\":\"Salles d&#8217;operation et zones critiques modulaires\"}]}]}<\/script>\n<!-- \/ Yoast SEO plugin. -->","yoast_head_json":{"title":"Blocs op\u00e9ratoires modulaires int\u00e9gr\u00e9s - Grupsa","description":"Clean System est notre syst\u00e8me de conception, de planification, de construction et d'installation pour les blocs op\u00e9ratoires modulaires et int\u00e9gr\u00e9s et les zones critiques.","robots":{"index":"index","follow":"follow","max-snippet":"max-snippet:-1","max-image-preview":"max-image-preview:large","max-video-preview":"max-video-preview:-1"},"canonical":"https:\/\/grupsa.com\/fr\/salles-operation-modulaires-clean-system\/","og_locale":"fr_FR","og_type":"article","og_title":"Blocs op\u00e9ratoires modulaires int\u00e9gr\u00e9s - Grupsa","og_description":"Clean System est notre syst\u00e8me de conception, de planification, de construction et d'installation pour les blocs op\u00e9ratoires modulaires et int\u00e9gr\u00e9s et les zones critiques.","og_url":"https:\/\/grupsa.com\/fr\/salles-operation-modulaires-clean-system\/","og_site_name":"Grupsa","article_modified_time":"2023-04-11T12:08:12+00:00","og_image":[{"url":"https:\/\/grupsa.com\/wp-content\/uploads\/2020\/02\/call.gif"}],"twitter_card":"summary_large_image","twitter_misc":{"Dur\u00e9e de lecture estim\u00e9e":"3 minutes"},"schema":{"@context":"https:\/\/schema.org","@graph":[{"@type":"WebSite","@id":"https:\/\/grupsa.com\/fr\/#website","url":"https:\/\/grupsa.com\/fr\/","name":"Grupsa","description":"Accesos que conectan personas","potentialAction":[{"@type":"SearchAction","target":{"@type":"EntryPoint","urlTemplate":"https:\/\/grupsa.com\/fr\/?s={search_term_string}"},"query-input":"required name=search_term_string"}],"inLanguage":"fr-FR"},{"@type":"ImageObject","inLanguage":"fr-FR","@id":"https:\/\/grupsa.com\/fr\/salles-operation-modulaires-clean-system\/#primaryimage","url":"https:\/\/grupsa.com\/wp-content\/uploads\/2020\/02\/call.gif","contentUrl":"https:\/\/grupsa.com\/wp-content\/uploads\/2020\/02\/call.gif","width":100,"height":93},{"@type":"WebPage","@id":"https:\/\/grupsa.com\/fr\/salles-operation-modulaires-clean-system\/#webpage","url":"https:\/\/grupsa.com\/fr\/salles-operation-modulaires-clean-system\/","name":"Blocs op\u00e9ratoires modulaires int\u00e9gr\u00e9s - Grupsa","isPartOf":{"@id":"https:\/\/grupsa.com\/fr\/#website"},"primaryImageOfPage":{"@id":"https:\/\/grupsa.com\/fr\/salles-operation-modulaires-clean-system\/#primaryimage"},"datePublished":"2019-06-19T13:35:28+00:00","dateModified":"2023-04-11T12:08:12+00:00","description":"Clean System est notre syst\u00e8me de conception, de planification, de construction et d'installation pour les blocs op\u00e9ratoires modulaires et int\u00e9gr\u00e9s et les zones critiques.","breadcrumb":{"@id":"https:\/\/grupsa.com\/fr\/salles-operation-modulaires-clean-system\/#breadcrumb"},"inLanguage":"fr-FR","potentialAction":[{"@type":"ReadAction","target":["https:\/\/grupsa.com\/fr\/salles-operation-modulaires-clean-system\/"]}]},{"@type":"BreadcrumbList","@id":"https:\/\/grupsa.com\/fr\/salles-operation-modulaires-clean-system\/#breadcrumb","itemListElement":[{"@type":"ListItem","position":1,"name":"Portada","item":"https:\/\/grupsa.com\/fr\/"},{"@type":"ListItem","position":2,"name":"Salles d&#8217;operation et zones critiques modulaires"}]}]}},"_links":{"self":[{"href":"https:\/\/grupsa.com\/fr\/wp-json\/wp\/v2\/pages\/10729"}],"collection":[{"href":"https:\/\/grupsa.com\/fr\/wp-json\/wp\/v2\/pages"}],"about":[{"href":"https:\/\/grupsa.com\/fr\/wp-json\/wp\/v2\/types\/page"}],"author":[{"embeddable":true,"href":"https:\/\/grupsa.com\/fr\/wp-json\/wp\/v2\/users\/1"}],"replies":[{"embeddable":true,"href":"https:\/\/grupsa.com\/fr\/wp-json\/wp\/v2\/comments?post=10729"}],"version-history":[{"count":27,"href":"https:\/\/grupsa.com\/fr\/wp-json\/wp\/v2\/pages\/10729\/revisions"}],"predecessor-version":[{"id":14292,"href":"https:\/\/grupsa.com\/fr\/wp-json\/wp\/v2\/pages\/10729\/revisions\/14292"}],"wp:attachment":[{"href":"https:\/\/grupsa.com\/fr\/wp-json\/wp\/v2\/media?parent=10729"}],"curies":[{"name":"wp","href":"https:\/\/api.w.org\/{rel}","templated":true}]}}