{"id":10723,"date":"2020-02-11T16:55:07","date_gmt":"2020-02-11T15:55:07","guid":{"rendered":"https:\/\/prueba.grupsa.com\/?page_id=10723"},"modified":"2020-02-11T16:56:42","modified_gmt":"2020-02-11T15:56:42","slug":"contact","status":"publish","type":"page","link":"https:\/\/grupsa.com\/fr\/contact\/","title":{"rendered":"Contact"},"content":{"rendered":"<div id=\"pl-10723\"  class=\"panel-layout\" ><div id=\"pg-10723-0\"  class=\"panel-grid panel-no-style\" ><div id=\"pgc-10723-0-0\"  class=\"panel-grid-cell\" ><div id=\"panel-10723-0-0-0\" class=\"so-panel widget widget_themegrill_flash_image tg-widget tg-image-widget panel-first-child\" data-index=\"0\" ><div class=\"tg-image-block\">\r\n\t\t\t<img decoding=\"async\" src=\"https:\/\/prueba.grupsa.com\/wp-content\/uploads\/2019\/07\/Grupsa-Puerta-Giratoria.jpg\" alt=\"\" \/>\r\n\t\t<\/div>\r\n<\/div><div id=\"panel-10723-0-0-1\" class=\"so-panel widget widget_themegrill_flash_heading tg-widget section-title-wrapper\" data-index=\"1\" ><div class=\"wow pulse flash_inherit_color panel-widget-style panel-widget-style-for-10723-0-0-1\" data-wow-offset=\"10\" data-wow-iteration=\"1\" >\t<div class=\"heading heading-left divider-without-icon heading-divider\">\r\n\t<h3 class=\"section-title\">Contact<\/h3>\r\n\t<div class=\"section-description\">Grupsa Door System<\/div>\r\n<\/div>\r\n<\/div><\/div><div id=\"panel-10723-0-0-2\" class=\"so-panel widget widget_text panel-last-child\" data-index=\"2\" >\t\t\t<div class=\"textwidget\"><p><iframe frameborder=\"0\" style=\"height:1070px;width:97%;border:none;\" src='https:\/\/forms.zohopublic.eu\/grupsa\/form\/GrupsacomFR\/formperma\/pg6xcdi0g4qHEDyqgKYCBkbKqya0noSwmNtfHQ5yQq4'><\/iframe><\/p>\n<\/div>\n\t\t<\/div><\/div><\/div><\/div>","protected":false},"excerpt":{"rendered":"<p>Contact Grupsa Door System<\/p>\n","protected":false},"author":1,"featured_media":0,"parent":0,"menu_order":0,"comment_status":"closed","ping_status":"closed","template":"","meta":{"footnotes":""},"yoast_head":"<!-- This site is optimized with the Yoast SEO plugin v18.8 - https:\/\/yoast.com\/wordpress\/plugins\/seo\/ -->\n<title>Contact - Grupsa<\/title>\n<meta name=\"description\" content=\"Contactez-nous. Grupsa est une entreprise d\u00e9di\u00e9e \u00e0 la conception et \u00e0 la fabrication de portes automatiques pour h\u00f4pitaux, h\u00f4tels ...\" \/>\n<meta name=\"robots\" content=\"index, follow, max-snippet:-1, max-image-preview:large, max-video-preview:-1\" \/>\n<link rel=\"canonical\" href=\"https:\/\/grupsa.com\/fr\/contact\/\" \/>\n<meta property=\"og:locale\" content=\"fr_FR\" \/>\n<meta property=\"og:type\" content=\"article\" \/>\n<meta property=\"og:title\" content=\"Contact - Grupsa\" \/>\n<meta property=\"og:description\" content=\"Contactez-nous. Grupsa est une entreprise d\u00e9di\u00e9e \u00e0 la conception et \u00e0 la fabrication de portes automatiques pour h\u00f4pitaux, h\u00f4tels ...\" \/>\n<meta property=\"og:url\" content=\"https:\/\/grupsa.com\/fr\/contact\/\" \/>\n<meta property=\"og:site_name\" content=\"Grupsa\" \/>\n<meta property=\"article:modified_time\" content=\"2020-02-11T15:56:42+00:00\" \/>\n<meta name=\"twitter:card\" content=\"summary_large_image\" \/>\n<script type=\"application\/ld+json\" class=\"yoast-schema-graph\">{\"@context\":\"https:\/\/schema.org\",\"@graph\":[{\"@type\":\"WebSite\",\"@id\":\"https:\/\/grupsa.com\/fr\/#website\",\"url\":\"https:\/\/grupsa.com\/fr\/\",\"name\":\"Grupsa\",\"description\":\"Accesos que conectan personas\",\"potentialAction\":[{\"@type\":\"SearchAction\",\"target\":{\"@type\":\"EntryPoint\",\"urlTemplate\":\"https:\/\/grupsa.com\/fr\/?s={search_term_string}\"},\"query-input\":\"required name=search_term_string\"}],\"inLanguage\":\"fr-FR\"},{\"@type\":\"WebPage\",\"@id\":\"https:\/\/grupsa.com\/fr\/contact\/#webpage\",\"url\":\"https:\/\/grupsa.com\/fr\/contact\/\",\"name\":\"Contact - Grupsa\",\"isPartOf\":{\"@id\":\"https:\/\/grupsa.com\/fr\/#website\"},\"datePublished\":\"2020-02-11T15:55:07+00:00\",\"dateModified\":\"2020-02-11T15:56:42+00:00\",\"description\":\"Contactez-nous. Grupsa est une entreprise d\u00e9di\u00e9e \u00e0 la conception et \u00e0 la fabrication de portes automatiques pour h\u00f4pitaux, h\u00f4tels ...\",\"breadcrumb\":{\"@id\":\"https:\/\/grupsa.com\/fr\/contact\/#breadcrumb\"},\"inLanguage\":\"fr-FR\",\"potentialAction\":[{\"@type\":\"ReadAction\",\"target\":[\"https:\/\/grupsa.com\/fr\/contact\/\"]}]},{\"@type\":\"BreadcrumbList\",\"@id\":\"https:\/\/grupsa.com\/fr\/contact\/#breadcrumb\",\"itemListElement\":[{\"@type\":\"ListItem\",\"position\":1,\"name\":\"Portada\",\"item\":\"https:\/\/grupsa.com\/fr\/\"},{\"@type\":\"ListItem\",\"position\":2,\"name\":\"Contact\"}]}]}<\/script>\n<!-- \/ Yoast SEO plugin. -->","yoast_head_json":{"title":"Contact - Grupsa","description":"Contactez-nous. Grupsa est une entreprise d\u00e9di\u00e9e \u00e0 la conception et \u00e0 la fabrication de portes automatiques pour h\u00f4pitaux, h\u00f4tels ...","robots":{"index":"index","follow":"follow","max-snippet":"max-snippet:-1","max-image-preview":"max-image-preview:large","max-video-preview":"max-video-preview:-1"},"canonical":"https:\/\/grupsa.com\/fr\/contact\/","og_locale":"fr_FR","og_type":"article","og_title":"Contact - Grupsa","og_description":"Contactez-nous. Grupsa est une entreprise d\u00e9di\u00e9e \u00e0 la conception et \u00e0 la fabrication de portes automatiques pour h\u00f4pitaux, h\u00f4tels ...","og_url":"https:\/\/grupsa.com\/fr\/contact\/","og_site_name":"Grupsa","article_modified_time":"2020-02-11T15:56:42+00:00","twitter_card":"summary_large_image","schema":{"@context":"https:\/\/schema.org","@graph":[{"@type":"WebSite","@id":"https:\/\/grupsa.com\/fr\/#website","url":"https:\/\/grupsa.com\/fr\/","name":"Grupsa","description":"Accesos que conectan personas","potentialAction":[{"@type":"SearchAction","target":{"@type":"EntryPoint","urlTemplate":"https:\/\/grupsa.com\/fr\/?s={search_term_string}"},"query-input":"required name=search_term_string"}],"inLanguage":"fr-FR"},{"@type":"WebPage","@id":"https:\/\/grupsa.com\/fr\/contact\/#webpage","url":"https:\/\/grupsa.com\/fr\/contact\/","name":"Contact - Grupsa","isPartOf":{"@id":"https:\/\/grupsa.com\/fr\/#website"},"datePublished":"2020-02-11T15:55:07+00:00","dateModified":"2020-02-11T15:56:42+00:00","description":"Contactez-nous. Grupsa est une entreprise d\u00e9di\u00e9e \u00e0 la conception et \u00e0 la fabrication de portes automatiques pour h\u00f4pitaux, h\u00f4tels ...","breadcrumb":{"@id":"https:\/\/grupsa.com\/fr\/contact\/#breadcrumb"},"inLanguage":"fr-FR","potentialAction":[{"@type":"ReadAction","target":["https:\/\/grupsa.com\/fr\/contact\/"]}]},{"@type":"BreadcrumbList","@id":"https:\/\/grupsa.com\/fr\/contact\/#breadcrumb","itemListElement":[{"@type":"ListItem","position":1,"name":"Portada","item":"https:\/\/grupsa.com\/fr\/"},{"@type":"ListItem","position":2,"name":"Contact"}]}]}},"_links":{"self":[{"href":"https:\/\/grupsa.com\/fr\/wp-json\/wp\/v2\/pages\/10723"}],"collection":[{"href":"https:\/\/grupsa.com\/fr\/wp-json\/wp\/v2\/pages"}],"about":[{"href":"https:\/\/grupsa.com\/fr\/wp-json\/wp\/v2\/types\/page"}],"author":[{"embeddable":true,"href":"https:\/\/grupsa.com\/fr\/wp-json\/wp\/v2\/users\/1"}],"replies":[{"embeddable":true,"href":"https:\/\/grupsa.com\/fr\/wp-json\/wp\/v2\/comments?post=10723"}],"version-history":[{"count":3,"href":"https:\/\/grupsa.com\/fr\/wp-json\/wp\/v2\/pages\/10723\/revisions"}],"predecessor-version":[{"id":10726,"href":"https:\/\/grupsa.com\/fr\/wp-json\/wp\/v2\/pages\/10723\/revisions\/10726"}],"wp:attachment":[{"href":"https:\/\/grupsa.com\/fr\/wp-json\/wp\/v2\/media?parent=10723"}],"curies":[{"name":"wp","href":"https:\/\/api.w.org\/{rel}","templated":true}]}}